{"id":1053,"date":"2014-11-06T22:19:52","date_gmt":"2014-11-06T22:19:52","guid":{"rendered":"http:\/\/szkolenia-udt.pl\/?page_id=1053"},"modified":"2020-05-13T06:44:58","modified_gmt":"2020-05-13T06:44:58","slug":"angebot","status":"publish","type":"page","link":"https:\/\/szkolenia-udt.pl\/de\/oferta\/","title":{"rendered":"Preisliste"},"content":{"rendered":"<table border=\"1\" width=\"698\" cellspacing=\"0\" cellpadding=\"7\">\n<colgroup>\n<col width=\"470\" \/>\n<col width=\"51\" \/> <\/colgroup>\n<tbody>\n<tr>\n<td bgcolor=\"#bae8ff\" width=\"470\"><span style=\"color: #000000;\"><span style=\"text-decoration: underline;\">Gabelstaplerkurs<\/span> mit Austausch von Fl\u00fcssiggasflaschen - Kat. IIWJO<\/span><\/td>\n<td bgcolor=\"#bae8ff\" width=\"51\" rowspan=\"15\" style=\"vertical-align: middle;\">\n<p align=\"CENTER\">1) <a href=\"https:\/\/platformaedukacji.pl\/panel\/login\/registered.php\" rel=\"nofollow\">Anmelden \/ Bezahlen on-lin <\/a><\/p>\n<p align=\"CENTER\">2) <a href=\"tel:48504477077\">Preis erfragen unter Tel.<\/a><\/p>\n<p align=\"CENTER\">3) <span class=\"kontakttel\">Bitte um telefonischen Kontakt<\/span><\/p>\n<\/td>\n<\/tr>\n<tr>\n<td width=\"470\"><span style=\"color: #000000;\"><span style=\"text-decoration: underline;\">Spezialkurs f\u00fcr Gabelstapler <\/span>- Gabelstapler mit hochfahrbarer Fahrerkabine - cat IWJO<\/span><\/td>\n<\/tr>\n<tr>\n<td bgcolor=\"#bae8ff\" width=\"470\"><span style=\"color: #000000;\"><span style=\"text-decoration: underline;\"><a href=\"https:\/\/szkolenia-udt.pl\/de\/kursy\/uprawnienia-udt-tdt-wdt\/ladowarki-teleskopowe\/\">Kurs f\u00fcr Teleskoplader<\/a><\/span> - Qualifikation als Teleskopladerfahrer (Spezialgabelstapler mit variabler Reichweite) - Kat IWJO<\/span><\/td>\n<\/tr>\n<tr>\n<td width=\"470\"><span style=\"color: #000000;\"><span style=\"text-decoration: underline;\"><a href=\"https:\/\/szkolenia-udt.pl\/de\/kursy\/podesty-ruchome\/\">Kurs zum Betreiber einer mobilen Plattform<\/a><\/span> - mobil frei beweglich: Schere, gelenkig, teleskopisch, mobil - Kat. IP<\/span><\/td>\n<\/tr>\n<tr>\n<td bgcolor=\"#bae8ff\" width=\"470\"><span style=\"color: #000000;\"><span style=\"text-decoration: underline;\">Kurs f\u00fcr Hubarbeitsb\u00fchnenf\u00fchrer<\/span> \u2013 <a href=\"https:\/\/szkolenia-udt.pl\/de\/kursy\/podesty-ruchome\/obsluga-podestow-ruchomych\/\">Betrieb von mobilen Plattformen<\/a> fahrzeugmontiert - Kat. IP<\/span><\/td>\n<\/tr>\n<tr>\n<td width=\"470\"><span style=\"color: #000000;\"><span style=\"text-decoration: underline;\">Parcours f\u00fcr h\u00e4ngende, mastgest\u00fctzte und station\u00e4re Plattformen<\/span> - die keine Prozesslinie darstellen - CAT IIP<\/span><\/td>\n<\/tr>\n<tr>\n<td bgcolor=\"#bae8ff\" width=\"470\"><span style=\"color: #000000;\"><span style=\"text-decoration: underline;\">HDS-Kranf\u00fchrerlehrgang<\/span> - Betrieb von Mobil- und Mobilkr\u00e4nen auf HDS-Fahrgestellen - Kat. II\u00af<\/span><\/td>\n<\/tr>\n<tr>\n<td width=\"470\"><span style=\"color: #000000;\"><span style=\"text-decoration: underline;\"><a href=\"https:\/\/szkolenia-udt.pl\/de\/kursy\/suwnice\/\">Kurs zur Bedienung eines Br\u00fcckenkrans<\/a> und Hebezeuge und Winden<\/span> - gesteuert von der Arbeitsebene - Kategorie IIS<\/span><\/td>\n<\/tr>\n<tr>\n<td bgcolor=\"#bae8ff\" width=\"470\"><span style=\"color: #000000;\"><span style=\"text-decoration: underline;\">Kurs zur Bedienung von Hebezeugen und Winden<\/span> - F\u00fchrerschein f\u00fcr Hebezeuge und Winden, die von der Arbeitsebene aus gesteuert werden, einschlie\u00dflich CAT IIW wireless.<\/span><\/td>\n<\/tr>\n<tr>\n<td width=\"470\"><span style=\"color: #000000;\"><span style=\"text-decoration: underline;\">Kurs zur Bedienung eines station\u00e4ren Krans<\/span> - Berechtigung des Bedieners eines station\u00e4ren Krans - Werkstattkategorie II\u00af<\/span><\/td>\n<\/tr>\n<tr>\n<td bgcolor=\"#bae8ff\" width=\"470\"><span style=\"color: #000000;\"><span style=\"text-decoration: underline;\">Kurs f\u00fcr die Bedienung von G\u00fcter- und Personenkr\u00e4nen<\/span> - Betrieb von Lastenaufz\u00fcgen mit interner Kontrolle und Krankenhaus- oder Baukr\u00e4nen mit Pr\u00fcfung vor der UDT - ID und IID Berechtigungen.<\/span><\/td>\n<\/tr>\n<tr>\n<td width=\"470\"><span style=\"color: #000000;\"><span style=\"text-decoration: underline;\">Kurs f\u00fcr Mobilkranf\u00fchrer<\/span> - Betrieb von Autokr\u00e4nen<\/span><\/td>\n<\/tr>\n<tr>\n<td bgcolor=\"#bae8ff\" width=\"470\"><span style=\"color: #000000;\"><span style=\"text-decoration: underline;\">Kurs f\u00fcr Hochgeschwindigkeitskranf\u00fchrer <\/span>- IZ-Einstufung f\u00fcr Betreiber von drahtlos gesteuerten Kr\u00e4nen<\/span><\/td>\n<\/tr>\n<tr>\n<td width=\"470\"><span style=\"color: #000000;\"><span style=\"text-decoration: underline;\">Kurs f\u00fcr Turmdrehkranf\u00fchrer<\/span> - IZ-Berechtigung f\u00fcr Betreiber von Turmdrehkranen aller Art (Versicherungskosten im Preis der praktischen Kurse enthalten)<\/span><\/td>\n<\/tr>\n<tr>\n<td bgcolor=\"#bae8ff\" width=\"470\"><span style=\"color: #000000;\"><span style=\"text-decoration: underline;\">Instandhaltungskurs<\/span> - UDT-Genehmigungen f\u00fcr die Wartung, Reparatur und Instandhaltung von Materialtransportger\u00e4ten, die der Technischen \u00dcberwachung unterliegen, z. B. Gabelstapler, Kr\u00e4ne, Laufkr\u00e4ne, mobile Arbeitsb\u00fchnen und andere.<\/span><\/td>\n<\/tr>\n<\/tbody>\n<\/table>","protected":false},"excerpt":{"rendered":"<p>Kurs na w\u00f3zki wid\u0142owe podno\u015bnikowe z wymian\u0105 butli gazowych LPG &#8211; kat. IIWJO 1) zapisz si\u0119 \/ zap\u0142a\u0107 on-lin 2) zapytaj o cen\u0119 tel na infolinii 3) Popro\u015b o kontakt telefoniczny Kurs na w\u00f3zki wid\u0142owe specjalizowane &#8211; w\u00f3zki wid\u0142owe z kabin\u0105 unosz\u0105c\u0105 operatora &#8211; kat. IWJO Kurs na \u0142adowarki teleskopowe &#8211; uprawnienia na operatora \u0142adowarek [&hellip;]<\/p>\n","protected":false},"author":3,"featured_media":0,"parent":0,"menu_order":4,"comment_status":"closed","ping_status":"closed","template":"","meta":{"footnotes":""},"class_list":["post-1053","page","type-page","status-publish","hentry"],"aioseo_notices":[],"_links":{"self":[{"href":"https:\/\/szkolenia-udt.pl\/de\/wp-json\/wp\/v2\/pages\/1053","targetHints":{"allow":["GET"]}}],"collection":[{"href":"https:\/\/szkolenia-udt.pl\/de\/wp-json\/wp\/v2\/pages"}],"about":[{"href":"https:\/\/szkolenia-udt.pl\/de\/wp-json\/wp\/v2\/types\/page"}],"author":[{"embeddable":true,"href":"https:\/\/szkolenia-udt.pl\/de\/wp-json\/wp\/v2\/users\/3"}],"replies":[{"embeddable":true,"href":"https:\/\/szkolenia-udt.pl\/de\/wp-json\/wp\/v2\/comments?post=1053"}],"version-history":[{"count":18,"href":"https:\/\/szkolenia-udt.pl\/de\/wp-json\/wp\/v2\/pages\/1053\/revisions"}],"predecessor-version":[{"id":2162,"href":"https:\/\/szkolenia-udt.pl\/de\/wp-json\/wp\/v2\/pages\/1053\/revisions\/2162"}],"wp:attachment":[{"href":"https:\/\/szkolenia-udt.pl\/de\/wp-json\/wp\/v2\/media?parent=1053"}],"curies":[{"name":"wp","href":"https:\/\/api.w.org\/{rel}","templated":true}]}}