{"id":1116,"date":"2014-11-12T14:32:56","date_gmt":"2014-11-12T14:32:56","guid":{"rendered":"http:\/\/szkolenia-udt.pl\/?page_id=1116"},"modified":"2023-03-13T16:19:25","modified_gmt":"2023-03-13T15:19:25","slug":"hds","status":"publish","type":"page","link":"https:\/\/szkolenia-udt.pl\/de\/kursy\/hds\/","title":{"rendered":"HDS-Krane"},"content":{"rendered":"<h2>HDS-Hebezeugkurse - Warschau und ganz Polen<\/h2>\n<div style=\"float: left; padding-right: 10px;\"><div id=\"metaslider-id-1367\" style=\"max-width: 300px;\" class=\"ml-slider-3-108-0 metaslider metaslider-flex metaslider-1367 ml-slider ms-theme-default nav-hidden\" role=\"region\" aria-label=\"Kr\u00e4ne hds2\" data-height=\"225\" data-width=\"300\">\n    <div id=\"metaslider_container_1367\">\n        <div id=\"metaslider_1367\">\n            <ul class='slides'>\n                <li style=\"display: block; width: 100%;\" class=\"slide-1362 ms-image\" aria-roledescription=\"slide\" data-date=\"2015-07-10 10:33:37\" data-filename=\"reshds_wywrotka-dwustronna-zuraw.jpg\" data-slide-type=\"image\"><img loading=\"lazy\" decoding=\"async\" src=\"https:\/\/szkolenia-udt.pl\/wp-content\/uploads\/2015\/07\/reshds_wywrotka-dwustronna-zuraw.jpg\" height=\"225\" width=\"300\" alt=\"\" class=\"slider-1367 slide-1362 msDefaultImage\" \/><\/li>\n                <li style=\"display: none; width: 100%;\" class=\"slide-1364 ms-image\" aria-roledescription=\"slide\" data-date=\"2015-07-10 10:33:40\" data-filename=\"reshds_wywrotka-trojstronna-zuraw.jpg\" data-slide-type=\"image\"><img loading=\"lazy\" decoding=\"async\" src=\"https:\/\/szkolenia-udt.pl\/wp-content\/uploads\/2015\/07\/reshds_wywrotka-trojstronna-zuraw.jpg\" height=\"225\" width=\"300\" alt=\"\" class=\"slider-1367 slide-1364 msDefaultImage\" \/><\/li>\n                <li style=\"display: none; width: 100%;\" class=\"slide-1365 ms-image\" aria-roledescription=\"slide\" data-date=\"2015-07-10 10:33:41\" data-filename=\"reshds_zabudowa_skrzyniowa_z_zurawiem_hydraulicznym_VOLVO_6x2_2.jpg\" data-slide-type=\"image\"><img loading=\"lazy\" decoding=\"async\" src=\"https:\/\/szkolenia-udt.pl\/wp-content\/uploads\/2015\/07\/reshds_zabudowa_skrzyniowa_z_zurawiem_hydraulicznym_VOLVO_6x2_2.jpg\" height=\"225\" width=\"300\" alt=\"\" class=\"slider-1367 slide-1365 msDefaultImage\" \/><\/li>\n                <li style=\"display: none; width: 100%;\" class=\"slide-1363 ms-image\" aria-roledescription=\"slide\" data-date=\"2015-07-10 10:33:39\" data-filename=\"reshds_wywrotka-trojstronna-boczna-burta-zuraw.jpg\" data-slide-type=\"image\"><img loading=\"lazy\" decoding=\"async\" src=\"https:\/\/szkolenia-udt.pl\/wp-content\/uploads\/2015\/07\/reshds_wywrotka-trojstronna-boczna-burta-zuraw.jpg\" height=\"225\" width=\"300\" alt=\"\" class=\"slider-1367 slide-1363 msDefaultImage\" \/><\/li>\n                <li style=\"display: none; width: 100%;\" class=\"slide-1361 ms-image\" aria-roledescription=\"slide\" data-date=\"2015-07-10 10:33:36\" data-filename=\"reshds_wywrotka_trojstronna_W3F_Volvo_6x4_2.jpg\" data-slide-type=\"image\"><img loading=\"lazy\" decoding=\"async\" src=\"https:\/\/szkolenia-udt.pl\/wp-content\/uploads\/2015\/07\/reshds_wywrotka_trojstronna_W3F_Volvo_6x4_2.jpg\" height=\"225\" width=\"300\" alt=\"\" class=\"slider-1367 slide-1361 msDefaultImage\" \/><\/li>\n            <\/ul>\n        <\/div>\n        \n    <\/div>\n<\/div><\/div>\n<div class=\"wyjustuj\">\n<p><a href=\"https:\/\/szkolenia-udt.pl\/de\/o-firmie\/\">Schulungszentrum f\u00fcr OSO-Bediener<\/a> l\u00e4dt Sie zu einem HDS-Kurs ein - \u00fcber den hydraulischen Autokran. Mit diesem Kurs k\u00f6nnen Sie die HDS-Lizenz erwerben, die Sie f\u00fcr die Arbeit als hydraulischer Autokranf\u00fchrer ben\u00f6tigen. In unserem Zentrum k\u00f6nnen Sie F\u00e4higkeiten und Kenntnisse von Spezialisten auf Ihrem Gebiet erwerben. Unsere HDS-Kurse finden in ganz Polen statt - in der Hauptniederlassung in Warschau, in Au\u00dfenstellen und mit einem Drive-in zu Kunden in offener und geschlossener Form. Durch die Wahl unseres HDS-Kurses, <a href=\"https:\/\/szkolenia-udt.pl\/de\/oferta\/\">Preis<\/a> wird sicher auch Sie zufrieden stellen! Hydraulische Autokr\u00e4ne werden in der Regel f\u00fcr Be- und Entladearbeiten eingesetzt. Da sie auf Fahrzeuganh\u00e4ngern montiert sind, k\u00f6nnen Lasten mit ihnen ohne zus\u00e4tzliche Ausr\u00fcstung manipuliert werden. Autokr\u00e4ne heben Lasten von bis zu mehreren zehn Tonnen. F\u00fcr das F\u00fchren eines Krans ist eine HDS-Lizenz erforderlich, die vom Technischen \u00dcberwachungsverein nach bestandener Pr\u00fcfung erteilt wird.<br \/>\n<div style=\"width: 640px;\" class=\"wp-video\"><video id=\"video-1116-1\" width=\"640\" height=\"360\" poster=\"https:\/\/szkolenia-udt.pl\/wp-content\/uploads\/2023\/03\/okladka-hds-SZKOLENIA-UDT.PL-OSO-1.jpg\" preload=\"metadata\" controls=\"controls\"><source type=\"video\/mp4\" src=\"https:\/\/szkolenia-udt.pl\/wp-content\/uploads\/2023\/03\/ZURAW-PRZENOSNY-SZKOLENIA-UDT.pl-OSO.mp4?_=1\" \/><a href=\"https:\/\/szkolenia-udt.pl\/wp-content\/uploads\/2023\/03\/ZURAW-PRZENOSNY-SZKOLENIA-UDT.pl-OSO.mp4\">https:\/\/szkolenia-udt.pl\/wp-content\/uploads\/2023\/03\/ZURAW-PRZENOSNY-SZKOLENIA-UDT.pl-OSO.mp4<\/a><\/video><\/div>\n<h2 class=\"boldnagl\"><strong>Zweck der Ausbildung<\/strong><\/h2>\n<p>Der Lehrgang bef\u00e4higt den Teilnehmer zum Erwerb einer HDS-Lizenz. Dies berechtigt ihn zu T\u00e4tigkeiten wie dem Bedienen von HDS - hydraulischen Autokr\u00e4nen. In unserem Zentrum gew\u00e4hrleisten wir die h\u00f6chste Qualit\u00e4t der Ausbildung, und wenn Sie sich f\u00fcr unseren HDS-Kurs (Warschau und im ganzen Land) entscheiden, k\u00f6nnen Sie problemlos die erforderlichen HDS-Genehmigungen f\u00fcr die Arbeit als Operator erhalten.<\/p>\n<h3 class=\"boldnagl\"><strong>Programm<\/strong><\/h3>\n<p>Jeder HDS-Kurs wird auf der Grundlage der Anforderungen des Technischen \u00dcberwachungsvereins und der geltenden Rechtsvorschriften konzipiert. Es ist uns ein Anliegen, unsere Teilnehmer w\u00e4hrend des Kurses nicht nur mit den wichtigsten Vorschriften und Regeln des Kranbetriebs vertraut zu machen, sondern sie auch auf ihre Arbeit im Betrieb vorzubereiten - auf allt\u00e4gliche Aufgaben und unerwartete Situationen.<\/p>\n<p>Das Programm umfasst unter anderem folgende Aktivit\u00e4ten:<\/p>\n<ul>\n<li>Informationen zur technischen \u00dcberwachung<\/li>\n<li>Konstruktion von hydraulischen Autokr\u00e4nen<\/li>\n<li>Grundlegende Informationen \u00fcber die Funktionsweise des Ger\u00e4ts<\/li>\n<li>Verantwortlichkeiten des Ger\u00e4tebetreibers<\/li>\n<li>Gesundheit und Sicherheit des HDS-Bedieners<\/li>\n<li>praktischer Unterricht an Ger\u00e4ten<\/li>\n<\/ul>\n<p>Die Teilnehmer des Kurses erhalten alle notwendigen Studienunterlagen mit einer Liste der Themen, die in der Pr\u00fcfung vor der UDT-Pr\u00fcfungskommission vorkommen.<\/p>\n<div class=\"filmw\">\n<div class=\"responsive-youtube\"><iframe loading=\"lazy\" title=\"YouTube-Video-Player\" src=\"https:\/\/www.youtube.com\/embed\/UuGP6OQhl40\" width=\"560\" height=\"315\" frameborder=\"0\" allowfullscreen=\"allowfullscreen\"><\/iframe><\/div>\n<\/div>\n<h3 class=\"boldnagl\"><strong>HDS - Berechtigungen<\/strong><\/h3>\n<p>Die Pr\u00fcfung, die zur Erteilung der UDT-Lizenz f\u00fchrt, wird von Inspektoren durchgef\u00fchrt, die vom Technischen \u00dcberwachungsverein delegiert werden. Es handelt sich um eine Pr\u00fcfung, bei der sowohl die Kenntnisse als auch die F\u00e4higkeiten zur Bedienung des Ger\u00e4ts getestet werden. Nach erfolgreichem Abschluss der Pr\u00fcfung erh\u00e4lt der Pr\u00fcfling ein Zertifikat und eine Erlaubnis. Sie genehmigen den Betrieb aller Arten von HDS-Mobilkranen f\u00fcr alle Fabrikate und Eins\u00e4tze. Es ist auch m\u00f6glich, Dokumente in Fremdsprachen auszustellen.<\/p>\n<h2 class=\"boldnagl\"><strong>Anforderungen<\/strong><\/h2>\n<p>Der k\u00fcnftige HDS-Operator sollte die folgenden Anforderungen erf\u00fcllen:<\/p>\n<ul>\n<li>mindestens 18 Jahre alt<\/li>\n<li>mindestens Grundschulbildung<\/li>\n<li>keine \u00e4rztlich bescheinigte Kontraindikation f\u00fcr die Arbeit als Operator<\/li>\n<\/ul>\n<div style=\"float: right; padding-left: 10px;\"><div id=\"metaslider-id-1366\" style=\"max-width: 300px;\" class=\"ml-slider-3-108-0 metaslider metaslider-flex metaslider-1366 ml-slider ms-theme-default nav-hidden nav-hidden\" role=\"region\" aria-label=\"Kr\u00e4ne hds1\" data-height=\"225\" data-width=\"300\">\n    <div id=\"metaslider_container_1366\">\n        <div id=\"metaslider_1366\">\n            <ul class='slides'>\n                <li style=\"display: block; width: 100%;\" class=\"slide-1358 ms-image\" aria-roledescription=\"slide\" data-date=\"2015-07-10 10:33:34\" data-filename=\"reshds_wywrotka_trojstronna_W3F_4x2_1.jpg\" data-slide-type=\"image\"><img loading=\"lazy\" decoding=\"async\" src=\"https:\/\/szkolenia-udt.pl\/wp-content\/uploads\/2015\/07\/reshds_wywrotka_trojstronna_W3F_4x2_1.jpg\" height=\"225\" width=\"300\" alt=\"\" class=\"slider-1366 slide-1358 msDefaultImage\" \/><\/li>\n                <li style=\"display: none; width: 100%;\" class=\"slide-1356 ms-image\" aria-roledescription=\"slide\" data-date=\"2015-07-10 10:33:31\" data-filename=\"reshds_kipper_zuraw_hydrauliczny_10.jpg\" data-slide-type=\"image\"><img loading=\"lazy\" decoding=\"async\" src=\"https:\/\/szkolenia-udt.pl\/wp-content\/uploads\/2015\/07\/reshds_kipper_zuraw_hydrauliczny_10.jpg\" height=\"225\" width=\"300\" alt=\"\" class=\"slider-1366 slide-1356 msDefaultImage\" \/><\/li>\n                <li style=\"display: none; width: 100%;\" class=\"slide-1357 ms-image\" aria-roledescription=\"slide\" data-date=\"2015-07-10 10:33:32\" data-filename=\"reshds_man__crane_hiab_071_14_224_hds_2001_1_lgw.jpg\" data-slide-type=\"image\"><img loading=\"lazy\" decoding=\"async\" src=\"https:\/\/szkolenia-udt.pl\/wp-content\/uploads\/2015\/07\/reshds_man__crane_hiab_071_14_224_hds_2001_1_lgw.jpg\" height=\"225\" width=\"300\" alt=\"\" class=\"slider-1366 slide-1357 msDefaultImage\" \/><\/li>\n                <li style=\"display: none; width: 100%;\" class=\"slide-1359 ms-image\" aria-roledescription=\"slide\" data-date=\"2015-07-10 10:33:34\" data-filename=\"reshds_Wywrotka_trojstronna_W3F_IVECO_4x2.jpg\" data-slide-type=\"image\"><img loading=\"lazy\" decoding=\"async\" src=\"https:\/\/szkolenia-udt.pl\/wp-content\/uploads\/2015\/07\/reshds_Wywrotka_trojstronna_W3F_IVECO_4x2.jpg\" height=\"225\" width=\"300\" alt=\"\" class=\"slider-1366 slide-1359 msDefaultImage\" \/><\/li>\n                <li style=\"display: none; width: 100%;\" class=\"slide-1360 ms-image\" aria-roledescription=\"slide\" data-date=\"2015-07-10 10:33:35\" data-filename=\"reshds_Wywrotka_trojstronna_W3F_Mercedes_4x2_zuraw_2.jpg\" data-slide-type=\"image\"><img loading=\"lazy\" decoding=\"async\" src=\"https:\/\/szkolenia-udt.pl\/wp-content\/uploads\/2015\/07\/reshds_Wywrotka_trojstronna_W3F_Mercedes_4x2_zuraw_2.jpg\" height=\"225\" width=\"300\" alt=\"\" class=\"slider-1366 slide-1360 msDefaultImage\" \/><\/li>\n            <\/ul>\n        <\/div>\n        \n    <\/div>\n<\/div><\/div>\n<h2 class=\"boldnagl\"><strong>Preis<\/strong><\/h2>\n<p>Wenn Sie sich f\u00fcr einen HDS-Kurs anmelden m\u00f6chten, wird Sie der Preis in unserem Zentrum sicher zufrieden stellen. Die aktuellen Kosten k\u00f6nnen Sie auf unserer Website einsehen. Der Schulungspreis richtet sich nach der Anzahl der Teilnehmer. F\u00fcr gr\u00f6\u00dfere Gruppen bieten wir attraktive Rabatte an.<\/p>\n<h3 class=\"boldnagl\"><strong>Ort des Unterrichts<\/strong><\/h3>\n<p>Wir f\u00fchren den Unterricht an folgendem Ort durch: Warschau, Kr\u00f3l\u00f3w Polskich Stra\u00dfe 8, in unseren regionalen Niederlassungen und in ganz Polen mit Anreise zum Kunden. Auf unserer Website finden Sie bereits Informationen \u00fcber die aktuell stattfindenden offenen Kurse, die allen Interessierten zur Verf\u00fcgung stehen. Im Falle von geschlossenen Schulungen <a href=\"https:\/\/szkolenia-udt.pl\/de\/kontakt\/\">Bitte kontaktieren Sie<\/a> wenden Sie sich an unser Zentrum - wir werden Ihnen ein individuelles Angebot erstellen.<\/p>\n<p>Wenn Sie Fragen zu unseren Kursen haben, stehen wir Ihnen jederzeit zur Verf\u00fcgung. Wenn Sie Fragen haben, z\u00f6gern Sie nicht, uns telefonisch oder per E-Mail zu kontaktieren oder in unserem Zentrum vorbeizukommen, wo unsere Mitarbeiter Ihnen ein Angebot unterbreiten und ein Schulungsangebot erstellen.<\/p>\n<p>Das OSO Operator Training Centre l\u00e4dt Sie ein, an HDS-Schulungen in Warschau und ganz Polen teilzunehmen!<\/p>\n<\/div>","protected":false},"excerpt":{"rendered":"<p>Kursy podno\u015bniki HDS &#8211; Warszawa i ca\u0142a Polska O\u015brodek Szkolenia Operator\u00f3w OSO zaprasza na kurs HDS \u2013 na hydrauliczny d\u017awig samochodowy. Dzi\u0119ki niemu mog\u0105 uzyska\u0107 Pa\u0144stwo uprawnienia HDS potrzebne do pracy na stanowisku operatora hydraulicznych d\u017awig\u00f3w samochodowych. W naszym O\u015brodku mog\u0105 Pa\u0144stwo zdoby\u0107 umiej\u0119tno\u015bci i wiedz\u0119 od specjalist\u00f3w w swojej dziedzinie. Nasze kursy HDS prowadzimy [&hellip;]<\/p>\n","protected":false},"author":3,"featured_media":3425,"parent":22,"menu_order":20,"comment_status":"closed","ping_status":"closed","template":"","meta":{"footnotes":""},"class_list":["post-1116","page","type-page","status-publish","has-post-thumbnail","hentry"],"aioseo_notices":[],"_links":{"self":[{"href":"https:\/\/szkolenia-udt.pl\/de\/wp-json\/wp\/v2\/pages\/1116","targetHints":{"allow":["GET"]}}],"collection":[{"href":"https:\/\/szkolenia-udt.pl\/de\/wp-json\/wp\/v2\/pages"}],"about":[{"href":"https:\/\/szkolenia-udt.pl\/de\/wp-json\/wp\/v2\/types\/page"}],"author":[{"embeddable":true,"href":"https:\/\/szkolenia-udt.pl\/de\/wp-json\/wp\/v2\/users\/3"}],"replies":[{"embeddable":true,"href":"https:\/\/szkolenia-udt.pl\/de\/wp-json\/wp\/v2\/comments?post=1116"}],"version-history":[{"count":11,"href":"https:\/\/szkolenia-udt.pl\/de\/wp-json\/wp\/v2\/pages\/1116\/revisions"}],"predecessor-version":[{"id":4513,"href":"https:\/\/szkolenia-udt.pl\/de\/wp-json\/wp\/v2\/pages\/1116\/revisions\/4513"}],"up":[{"embeddable":true,"href":"https:\/\/szkolenia-udt.pl\/de\/wp-json\/wp\/v2\/pages\/22"}],"wp:featuredmedia":[{"embeddable":true,"href":"https:\/\/szkolenia-udt.pl\/de\/wp-json\/wp\/v2\/media\/3425"}],"wp:attachment":[{"href":"https:\/\/szkolenia-udt.pl\/de\/wp-json\/wp\/v2\/media?parent=1116"}],"curies":[{"name":"wp","href":"https:\/\/api.w.org\/{rel}","templated":true}]}}