{"id":1120,"date":"2014-11-12T14:41:09","date_gmt":"2014-11-12T14:41:09","guid":{"rendered":"http:\/\/szkolenia-udt.pl\/?page_id=1120"},"modified":"2021-06-27T22:22:51","modified_gmt":"2021-06-27T22:22:51","slug":"grundlegende-informationen-uber-hds-krane","status":"publish","type":"page","link":"https:\/\/szkolenia-udt.pl\/de\/kursy\/hds\/podstawowe-informacje-o-zurawiach-hds\/","title":{"rendered":"Grundlegende Informationen \u00fcber HDS-Kr\u00e4ne"},"content":{"rendered":"<div style=\"float: right; padding-right: 10px;\"><div id=\"metaslider-id-419\" style=\"max-width: 300px;\" class=\"ml-slider-3-108-0 metaslider metaslider-flex metaslider-419 ml-slider ms-theme-default nav-hidden\" role=\"region\" aria-label=\"Mobile Plattformen2\" data-height=\"225\" data-width=\"300\">\n    <div id=\"metaslider_container_419\">\n        <div id=\"metaslider_419\">\n            <ul class='slides'>\n                <li style=\"display: block; width: 100%;\" class=\"slide-1191 ms-image\" aria-roledescription=\"slide\" data-date=\"2014-11-17 19:52:58\" data-filename=\"podesty4a.jpg\" data-slide-type=\"image\"><img loading=\"lazy\" decoding=\"async\" src=\"https:\/\/szkolenia-udt.pl\/wp-content\/uploads\/2014\/11\/podesty4a.jpg\" height=\"225\" width=\"300\" alt=\"mobile Plattformen\" class=\"slider-419 slide-1191 msDefaultImage\" \/><\/li>\n                <li style=\"display: none; width: 100%;\" class=\"slide-1192 ms-image\" aria-roledescription=\"slide\" data-date=\"2014-11-17 19:52:59\" data-filename=\"podesty5a.jpg\" data-slide-type=\"image\"><img loading=\"lazy\" decoding=\"async\" src=\"https:\/\/szkolenia-udt.pl\/wp-content\/uploads\/2014\/11\/podesty5a.jpg\" height=\"225\" width=\"300\" alt=\"Udt-Ausbildung\" class=\"slider-419 slide-1192 msDefaultImage\" \/><\/li>\n                <li style=\"display: none; width: 100%;\" class=\"slide-1189 ms-image\" aria-roledescription=\"slide\" data-date=\"2014-11-17 19:52:57\" data-filename=\"podesty2a.jpg\" data-slide-type=\"image\"><img loading=\"lazy\" decoding=\"async\" src=\"https:\/\/szkolenia-udt.pl\/wp-content\/uploads\/2014\/11\/podesty2a.jpg\" height=\"225\" width=\"300\" alt=\"korbaufz\u00fcge warszawa\" class=\"slider-419 slide-1189 msDefaultImage\" \/><\/li>\n                <li style=\"display: none; width: 100%;\" class=\"slide-1190 ms-image\" aria-roledescription=\"slide\" data-date=\"2014-11-17 19:52:57\" data-filename=\"podesty3a.jpg\" data-slide-type=\"image\"><img loading=\"lazy\" decoding=\"async\" src=\"https:\/\/szkolenia-udt.pl\/wp-content\/uploads\/2014\/11\/podesty3a.jpg\" height=\"225\" width=\"300\" alt=\"ausbildung warszawa\" class=\"slider-419 slide-1190 msDefaultImage\" \/><\/li>\n                <li style=\"display: none; width: 100%;\" class=\"slide-1188 ms-image\" aria-roledescription=\"slide\" data-date=\"2014-11-17 19:52:56\" data-filename=\"podesty1a.jpg\" data-slide-type=\"image\"><img loading=\"lazy\" decoding=\"async\" src=\"https:\/\/szkolenia-udt.pl\/wp-content\/uploads\/2014\/11\/podesty1a.jpg\" height=\"225\" width=\"300\" alt=\"\" class=\"slider-419 slide-1188 msDefaultImage\" \/><\/li>\n            <\/ul>\n        <\/div>\n        \n    <\/div>\n<\/div><\/div>\n<div class=\"wyjustuj\">\n<p>Kr\u00e4ne sind Ger\u00e4te, die zum Be- und Entladen von Materialien bestimmt sind. Dazu geh\u00f6ren unter anderem: Winden, Hebezeuge, Kr\u00e4ne, Br\u00fcckenkr\u00e4ne und andere Ger\u00e4te. Eine wichtige Gruppe von Kr\u00e4nen sind Kr\u00e4ne, zu denen auch HDS-Kr\u00e4ne - hydraulische Autokr\u00e4ne - und Umschlagkr\u00e4ne geh\u00f6ren, f\u00fcr deren Betrieb eine Zulassung erforderlich ist. <a href=\"https:\/\/szkolenia-udt.pl\/de\/kursy\/hds\/\">HDS-Kurs<\/a>. Wenn Sie die Pr\u00fcfung vor der UDT-Kommission erfolgreich bestanden haben, wird Ihnen die HDS-Lizenz erteilt.<\/p>\n<h2 class=\"boldnagl\"><strong>Was ist ein Umschlagkran?<\/strong><\/h2>\n<p>Ein HDS-Hafenkran ist ein motorgetriebener Kran, der aus einer S\u00e4ule, die sich auf einer Basis dreht, und einem Auslegersystem, das auf der S\u00e4ule sitzt, besteht. Umschlagkr\u00e4ne sind auf Fahrzeugen oder Anh\u00e4ngern montiert und dienen der Durchf\u00fchrung von Lade- und Umschlagarbeiten.<\/p>\n<p>HDS-Umschlagkr\u00e4ne sind als Mobilkr\u00e4ne eingestuft und unterliegen den Vorschriften des Technischen \u00dcberwachungsvereins.<\/p>\n<h2 class=\"boldnagl\"><strong>Aufschl\u00fcsselung der strukturellen HDS-Anlegekr\u00e4ne<\/strong><\/h2>\n<p>HDS-Umschlagkr\u00e4ne werden in die folgenden Kategorien unterteilt:<\/p>\n<ul>\n<li>Allzweckkr\u00e4ne, bei denen der Aufbau starr auf dem Fahrgestell des Fahrzeugs montiert ist und der Ausleger in horizontaler Richtung rotiert und seine Ausladung variiert sowie in vertikaler Richtung Lasten hebt und senkt<\/li>\n<li>Holzladekr\u00e4ne - sind mit speziellen Greifern anstelle von Haken ausgestattet, die es erm\u00f6glichen, Holz zu heben<\/li>\n<li>Fahrzeug-Ladekrane hinter der Fahrerkabine<\/li>\n<li>Fahrzeuggetragene Heckladerkrane mit einem Lastentr\u00e4ger<\/li>\n<li>Ladekr\u00e4ne, die in der Mitte des Fahrzeugs montiert sind<\/li>\n<\/ul>\n<div style=\"float: left; padding-right: 10px;\"><div id=\"metaslider-id-684\" style=\"max-width: 300px;\" class=\"ml-slider-3-108-0 metaslider metaslider-flex metaslider-684 ml-slider ms-theme-default nav-hidden nav-hidden\" role=\"region\" aria-label=\"Manipulationsger\u00e4te\" data-height=\"225\" data-width=\"300\">\n    <div id=\"metaslider_container_684\">\n        <div id=\"metaslider_684\">\n            <ul class='slides'>\n                <li style=\"display: block; width: 100%;\" class=\"slide-686 ms-image\" aria-roledescription=\"slide\" data-date=\"2014-10-12 11:03:24\" data-filename=\"O\u015brodek-szkolenia-operator\u00f3w.jpg\" data-slide-type=\"image\"><img loading=\"lazy\" decoding=\"async\" src=\"https:\/\/szkolenia-udt.pl\/wp-content\/uploads\/2014\/10\/O\u015brodek-szkolenia-operator\u00f3w.jpg\" height=\"225\" width=\"300\" alt=\"\" class=\"slider-684 slide-686 msDefaultImage\" \/><div class=\"caption-wrap\"><div class=\"caption\">Etikett<\/div><\/div><\/li>\n                <li style=\"display: none; width: 100%;\" class=\"slide-687 ms-image\" aria-roledescription=\"slide\" data-date=\"2014-10-12 11:03:26\" data-filename=\"szkolenia-urz\u0105dzenia-manipulacji-kontenerami.jpg\" data-slide-type=\"image\"><img loading=\"lazy\" decoding=\"async\" src=\"https:\/\/szkolenia-udt.pl\/wp-content\/uploads\/2014\/10\/szkolenia-urz\u0105dzenia-manipulacji-kontenerami.jpg\" height=\"225\" width=\"300\" alt=\"Kurs \u00fcber Containerumschlagger\u00e4te\" class=\"slider-684 slide-687 msDefaultImage\" \/><\/li>\n                <li style=\"display: none; width: 100%;\" class=\"slide-685 ms-image\" aria-roledescription=\"slide\" data-date=\"2014-10-12 11:03:23\" data-filename=\"Kursy-urz\u0105dzenia-manipulacji-kontenerami.jpg\" data-slide-type=\"image\"><img loading=\"lazy\" decoding=\"async\" src=\"https:\/\/szkolenia-udt.pl\/wp-content\/uploads\/2014\/10\/Kursy-urz\u0105dzenia-manipulacji-kontenerami.jpg\" height=\"225\" width=\"300\" alt=\"Operator Training Centre Warschau\" class=\"slider-684 slide-685 msDefaultImage\" \/><\/li>\n                <li style=\"display: none; width: 100%;\" class=\"slide-688 ms-image\" aria-roledescription=\"slide\" data-date=\"2014-10-12 11:03:26\" data-filename=\"Zdj\u0119cie-manipulacja-kontenerami.jpg\" data-slide-type=\"image\"><img loading=\"lazy\" decoding=\"async\" src=\"https:\/\/szkolenia-udt.pl\/wp-content\/uploads\/2014\/10\/Zdj\u0119cie-manipulacja-kontenerami.jpg\" height=\"225\" width=\"300\" alt=\"Ausr\u00fcstung f\u00fcr den Containerumschlag\" class=\"slider-684 slide-688 msDefaultImage\" \/><\/li>\n                <li style=\"display: none; width: 100%;\" class=\"slide-689 ms-image\" aria-roledescription=\"slide\" data-date=\"2014-10-12 11:03:44\" data-filename=\"Szkolenia-oraz-kursy-zdj\u0119cie.jpg\" data-slide-type=\"image\"><img loading=\"lazy\" decoding=\"async\" src=\"https:\/\/szkolenia-udt.pl\/wp-content\/uploads\/2014\/10\/Szkolenia-oraz-kursy-zdj\u0119cie.jpg\" height=\"225\" width=\"300\" alt=\"\" class=\"slider-684 slide-689 msDefaultImage\" \/><\/li>\n            <\/ul>\n        <\/div>\n        \n    <\/div>\n<\/div><\/div>\n<p><strong>Strukturelle Komponenten eines HDS-Mobilkrans<\/strong><br \/>\nHafenkr\u00e4ne werden von vielen verschiedenen Marken hergestellt und unterscheiden sich daher in Bezug auf die verwendeten Bauteile. Alle Komponenten werden \u00fcber ein hydraulisches System gesteuert. Die standardisierten Konstruktionselemente eines jeden Hafenkrans sind:<\/p>\n<ul>\n<li>eine Reihe von St\u00fctzen - zur Stabilisierung des Ger\u00e4ts<\/li>\n<li>Basis-Set - befindet sich an der Basis des Krans<\/li>\n<li>S\u00e4ulensatz - vertikale Komponente des Krans, die auf dem Sockel montiert ist<\/li>\n<li>eine Reihe von Auslegern - ein verstellbares Element, an dem die Last befestigt wird<\/li>\n<\/ul>\n<p>Wenn Sie daran interessiert sind, ein HDS-Zertifikat zu erwerben, besuchen Sie bitte unsere <a href=\"https:\/\/szkolenia-udt.pl\/de\/o-firmie\/\">Zentrum<\/a> f\u00fcr den HDS-Kurs!<\/p>\n<\/div>","protected":false},"excerpt":{"rendered":"<p>D\u017awignice to urz\u0105dzenia, kt\u00f3re przeznaczone s\u0105 do za\u0142adunku i roz\u0142adunku materia\u0142\u00f3w. Zalicza si\u0119 do nich mi\u0119dzy innymi: wci\u0105garki, wci\u0105gniki, d\u017awigi, suwnice i inne urz\u0105dzenia. Wa\u017cn\u0105 grup\u0105 d\u017awignic s\u0105 \u017curawie, do kt\u00f3rych zalicza si\u0119 r\u00f3wnie\u017c \u017curawie typu HDS \u2013 hydrauliczne d\u017awigi samochodowe \u2013 \u017curawie prze\u0142adunkowe, do kt\u00f3rych obs\u0142ugi potrzebne jest zapisanie si\u0119 na kurs HDS. Po [&hellip;]<\/p>\n","protected":false},"author":3,"featured_media":0,"parent":1116,"menu_order":0,"comment_status":"closed","ping_status":"closed","template":"","meta":{"footnotes":""},"class_list":["post-1120","page","type-page","status-publish","hentry"],"aioseo_notices":[],"_links":{"self":[{"href":"https:\/\/szkolenia-udt.pl\/de\/wp-json\/wp\/v2\/pages\/1120","targetHints":{"allow":["GET"]}}],"collection":[{"href":"https:\/\/szkolenia-udt.pl\/de\/wp-json\/wp\/v2\/pages"}],"about":[{"href":"https:\/\/szkolenia-udt.pl\/de\/wp-json\/wp\/v2\/types\/page"}],"author":[{"embeddable":true,"href":"https:\/\/szkolenia-udt.pl\/de\/wp-json\/wp\/v2\/users\/3"}],"replies":[{"embeddable":true,"href":"https:\/\/szkolenia-udt.pl\/de\/wp-json\/wp\/v2\/comments?post=1120"}],"version-history":[{"count":4,"href":"https:\/\/szkolenia-udt.pl\/de\/wp-json\/wp\/v2\/pages\/1120\/revisions"}],"predecessor-version":[{"id":2238,"href":"https:\/\/szkolenia-udt.pl\/de\/wp-json\/wp\/v2\/pages\/1120\/revisions\/2238"}],"up":[{"embeddable":true,"href":"https:\/\/szkolenia-udt.pl\/de\/wp-json\/wp\/v2\/pages\/1116"}],"wp:attachment":[{"href":"https:\/\/szkolenia-udt.pl\/de\/wp-json\/wp\/v2\/media?parent=1120"}],"curies":[{"name":"wp","href":"https:\/\/api.w.org\/{rel}","templated":true}]}}