{"id":1124,"date":"2014-11-12T14:43:34","date_gmt":"2014-11-12T14:43:34","guid":{"rendered":"http:\/\/szkolenia-udt.pl\/?page_id=1124"},"modified":"2021-06-27T22:23:56","modified_gmt":"2021-06-27T22:23:56","slug":"schlingen-seile-und-haken-zur-verwendung-mit-hds","status":"publish","type":"page","link":"https:\/\/szkolenia-udt.pl\/de\/kursy\/hds\/zawiesia-liny-i-haki-stosowane-w-hds-ach\/","title":{"rendered":"Schlingen, Seile und Haken, die in HDS verwendet werden"},"content":{"rendered":"<div style=\"float: left; padding-right: 10px;\"><div id=\"metaslider-id-684\" style=\"max-width: 300px;\" class=\"ml-slider-3-107-0 metaslider metaslider-flex metaslider-684 ml-slider ms-theme-default nav-hidden\" role=\"region\" aria-label=\"Manipulationsger\u00e4te\" data-height=\"225\" data-width=\"300\">\n    <div id=\"metaslider_container_684\">\n        <div id=\"metaslider_684\">\n            <ul class='slides'>\n                <li style=\"display: block; width: 100%;\" class=\"slide-686 ms-image\" aria-roledescription=\"slide\" data-date=\"2014-10-12 11:03:24\" data-filename=\"O\u015brodek-szkolenia-operator\u00f3w.jpg\" data-slide-type=\"image\"><img loading=\"lazy\" decoding=\"async\" src=\"https:\/\/szkolenia-udt.pl\/wp-content\/uploads\/2014\/10\/O\u015brodek-szkolenia-operator\u00f3w.jpg\" height=\"225\" width=\"300\" alt=\"\" class=\"slider-684 slide-686 msDefaultImage\" \/><div class=\"caption-wrap\"><div class=\"caption\">Etikett<\/div><\/div><\/li>\n                <li style=\"display: none; width: 100%;\" class=\"slide-687 ms-image\" aria-roledescription=\"slide\" data-date=\"2014-10-12 11:03:26\" data-filename=\"szkolenia-urz\u0105dzenia-manipulacji-kontenerami.jpg\" data-slide-type=\"image\"><img loading=\"lazy\" decoding=\"async\" src=\"https:\/\/szkolenia-udt.pl\/wp-content\/uploads\/2014\/10\/szkolenia-urz\u0105dzenia-manipulacji-kontenerami.jpg\" height=\"225\" width=\"300\" alt=\"Kurs \u00fcber Containerumschlagger\u00e4te\" class=\"slider-684 slide-687 msDefaultImage\" \/><\/li>\n                <li style=\"display: none; width: 100%;\" class=\"slide-685 ms-image\" aria-roledescription=\"slide\" data-date=\"2014-10-12 11:03:23\" data-filename=\"Kursy-urz\u0105dzenia-manipulacji-kontenerami.jpg\" data-slide-type=\"image\"><img loading=\"lazy\" decoding=\"async\" src=\"https:\/\/szkolenia-udt.pl\/wp-content\/uploads\/2014\/10\/Kursy-urz\u0105dzenia-manipulacji-kontenerami.jpg\" height=\"225\" width=\"300\" alt=\"Operator Training Centre Warschau\" class=\"slider-684 slide-685 msDefaultImage\" \/><\/li>\n                <li style=\"display: none; width: 100%;\" class=\"slide-688 ms-image\" aria-roledescription=\"slide\" data-date=\"2014-10-12 11:03:26\" data-filename=\"Zdj\u0119cie-manipulacja-kontenerami.jpg\" data-slide-type=\"image\"><img loading=\"lazy\" decoding=\"async\" src=\"https:\/\/szkolenia-udt.pl\/wp-content\/uploads\/2014\/10\/Zdj\u0119cie-manipulacja-kontenerami.jpg\" height=\"225\" width=\"300\" alt=\"Ausr\u00fcstung f\u00fcr den Containerumschlag\" class=\"slider-684 slide-688 msDefaultImage\" \/><\/li>\n                <li style=\"display: none; width: 100%;\" class=\"slide-689 ms-image\" aria-roledescription=\"slide\" data-date=\"2014-10-12 11:03:44\" data-filename=\"Szkolenia-oraz-kursy-zdj\u0119cie.jpg\" data-slide-type=\"image\"><img loading=\"lazy\" decoding=\"async\" src=\"https:\/\/szkolenia-udt.pl\/wp-content\/uploads\/2014\/10\/Szkolenia-oraz-kursy-zdj\u0119cie.jpg\" height=\"225\" width=\"300\" alt=\"\" class=\"slider-684 slide-689 msDefaultImage\" \/><\/li>\n            <\/ul>\n        <\/div>\n        \n    <\/div>\n<\/div><\/div>\n<div class=\"wyjustuj\">\n<p>Jede <a href=\"https:\/\/szkolenia-udt.pl\/de\/kursy\/hds\/\">HDS-Kurs<\/a> Enth\u00e4lt Informationen \u00fcber die auf HDS verwendeten Schlingen, Seile und Haken. Diese Kenntnisse sind unerl\u00e4sslich, da sie von den UTD-Ausbildern bei der HDS-Lizenzpr\u00fcfung abgefragt werden. Wenn Sie Ihr HDS-Zertifikat erwerben m\u00f6chten, besuchen Sie bitte <a href=\"https:\/\/szkolenia-udt.pl\/de\/oferta\/\">Inanspruchnahme von Dienstleistungen<\/a> unser <a href=\"https:\/\/szkolenia-udt.pl\/de\/o-firmie\/\">Zentrum<\/a>Die HDS-Ausr\u00fcstung verwendet verschiedene Arten von Schlingen, Seilen und Haken zur Handhabung von Lasten. Auf diesen werden die Ladungen entsprechend gesichert, die dann mit dem Kran an anderer Stelle abgesetzt werden k\u00f6nnen. Bei der Verwendung von Schlingen, Seilen und Haken in HDS-Kr\u00e4nen ist es wichtig, dass sie in einwandfreiem Zustand sind, da sie sonst Unf\u00e4lle verursachen k\u00f6nnen.<\/p>\n<h2 class=\"boldnagl\"><strong>Seile<\/strong><\/h2>\n<p>HDS k\u00f6nnen mit Winden ausgestattet sein und Seile und Schlingen zur Ladungssicherung verwenden. Die in HDS verwendeten Seile m\u00fcssen bestimmte Anforderungen erf\u00fcllen - es sollten nur zugelassene Seile verwendet werden, die vom Hersteller f\u00fcr die Verwendung zugelassen sind. Beim Abwickeln sollte das Seil gerade, nicht gewellt und ohne erkennbare Sch\u00e4den sein. Die Verwendung von nicht gepr\u00fcften oder besch\u00e4digten Seilen ist verboten.<\/p>\n<h2 class=\"boldnagl\"><strong>Schlingen<\/strong><\/h2>\n<p>Im Allgemeinen ist es technisch nicht m\u00f6glich, eine Last direkt am Haken eines Krans zu befestigen. Daher werden Hilfsmittel verwendet - Schlingen sind die Hauptkomponente zur Sicherung der Ladung. Der HDS-Kurs behandelt auch Themen wie die Auswahl geeigneter Anschlagmittel. Anschlagmittel werden in Form von Stahlseilen, Faserseilen, Ketten oder Gurtb\u00e4ndern verwendet. Man unterscheidet zwischen einstr\u00e4ngigen, zweistr\u00e4ngigen, dreistr\u00e4ngigen, vierstr\u00e4ngigen oder geschlossenen Schlingen. Die Art und Weise, wie die Ladung an den Anschlagmitteln gesichert wird, h\u00e4ngt vom Gewicht der Ladung, der Lage ihres Schwerpunkts sowie von ihren Abmessungen, ihrer Form und ihrer Lage ab. Der Bediener muss sich vergewissern, dass die Anschlagmittel in gutem Zustand sind.<\/p>\n<h2 class=\"boldnagl\"><strong>H\u00e4kchen<\/strong><\/h2>\n<p>Haken sind die Arbeitselemente in der Konstruktion eines \u00dcberladebr\u00fccken-Krans, die dazu dienen, Lasten direkt an ihnen aufzuh\u00e4ngen oder indirekt mit Hilfe von Anschlagmitteln zu befestigen. Die Haken m\u00fcssen vor der Benutzung vom Bediener \u00fcberpr\u00fcft werden.<\/p>\n<\/div>","protected":false},"excerpt":{"rendered":"<p>Ka\u017cdy kurs HDS obejmuje informacje na temat stosowanych w HDS-ach zawiesi, lin oraz hak\u00f3w. To niezb\u0119dna wiedza do opanowania, poniewa\u017c pytaj\u0105 o ni\u0105 instruktorzy UTD podczas egzaminu na uprawnienia HDS. Zainteresowanych uzyskaniem uprawnienia HDS zapraszamy do skorzystania z us\u0142ug naszego O\u015brodka!W urz\u0105dzeniach HDS w celu manipulacji \u0142adunkami wykorzystuje si\u0119 r\u00f3\u017cnego rodzaju zawiesia, liny i haki. [&hellip;]<\/p>\n","protected":false},"author":3,"featured_media":0,"parent":1116,"menu_order":0,"comment_status":"closed","ping_status":"closed","template":"","meta":{"footnotes":""},"class_list":["post-1124","page","type-page","status-publish","hentry"],"aioseo_notices":[],"_links":{"self":[{"href":"https:\/\/szkolenia-udt.pl\/de\/wp-json\/wp\/v2\/pages\/1124","targetHints":{"allow":["GET"]}}],"collection":[{"href":"https:\/\/szkolenia-udt.pl\/de\/wp-json\/wp\/v2\/pages"}],"about":[{"href":"https:\/\/szkolenia-udt.pl\/de\/wp-json\/wp\/v2\/types\/page"}],"author":[{"embeddable":true,"href":"https:\/\/szkolenia-udt.pl\/de\/wp-json\/wp\/v2\/users\/3"}],"replies":[{"embeddable":true,"href":"https:\/\/szkolenia-udt.pl\/de\/wp-json\/wp\/v2\/comments?post=1124"}],"version-history":[{"count":4,"href":"https:\/\/szkolenia-udt.pl\/de\/wp-json\/wp\/v2\/pages\/1124\/revisions"}],"predecessor-version":[{"id":2239,"href":"https:\/\/szkolenia-udt.pl\/de\/wp-json\/wp\/v2\/pages\/1124\/revisions\/2239"}],"up":[{"embeddable":true,"href":"https:\/\/szkolenia-udt.pl\/de\/wp-json\/wp\/v2\/pages\/1116"}],"wp:attachment":[{"href":"https:\/\/szkolenia-udt.pl\/de\/wp-json\/wp\/v2\/media?parent=1124"}],"curies":[{"name":"wp","href":"https:\/\/api.w.org\/{rel}","templated":true}]}}