{"id":1127,"date":"2014-11-12T14:46:28","date_gmt":"2014-11-12T14:46:28","guid":{"rendered":"http:\/\/szkolenia-udt.pl\/?page_id=1127"},"modified":"2021-06-27T22:18:37","modified_gmt":"2021-06-27T22:18:37","slug":"verbotene-tatigkeiten-beim-betrieb-eines-hd-lift-krans","status":"publish","type":"page","link":"https:\/\/szkolenia-udt.pl\/de\/kursy\/hds\/czynnosci-zabronione-podczas-pracy-zurawiem-przeladunkowym-hds\/","title":{"rendered":"Verbotene T\u00e4tigkeiten bei Arbeiten mit HDS-Kranen"},"content":{"rendered":"<div style=\"float: left; padding-right: 10px;\"><div id=\"metaslider-id-408\" style=\"max-width: 300px;\" class=\"ml-slider-3-107-0 metaslider metaslider-flex metaslider-408 ml-slider ms-theme-default nav-hidden\" role=\"region\" aria-label=\"Mobile Plattformen1\" data-height=\"225\" data-width=\"300\">\n    <div id=\"metaslider_container_408\">\n        <div id=\"metaslider_408\">\n            <ul class='slides'>\n                <li style=\"display: block; width: 100%;\" class=\"slide-540 ms-image\" aria-roledescription=\"slide\" data-date=\"2014-10-11 16:42:06\" data-filename=\"170AETJL_BI_NRJ_045.jpg\" data-slide-type=\"image\"><img loading=\"lazy\" decoding=\"async\" src=\"https:\/\/szkolenia-udt.pl\/wp-content\/uploads\/2014\/10\/170AETJL_BI_NRJ_045.jpg\" height=\"225\" width=\"300\" alt=\"Kurse und Schulungen \" class=\"slider-408 slide-540 msDefaultImage\" \/><\/li>\n                <li style=\"display: none; width: 100%;\" class=\"slide-537 ms-image\" aria-roledescription=\"slide\" data-date=\"2014-10-11 16:38:05\" data-filename=\"3219.jpg\" data-slide-type=\"image\"><img loading=\"lazy\" decoding=\"async\" src=\"https:\/\/szkolenia-udt.pl\/wp-content\/uploads\/2014\/10\/3219.jpg\" height=\"225\" width=\"300\" alt=\"Kurs zur mobilen Plattform\" class=\"slider-408 slide-537 msDefaultImage\" \/><\/li>\n                <li style=\"display: none; width: 100%;\" class=\"slide-1172 ms-image\" aria-roledescription=\"slide\" data-date=\"2014-11-17 19:01:41\" data-filename=\"78XE_003a.jpg\" data-slide-type=\"image\"><img loading=\"lazy\" decoding=\"async\" src=\"https:\/\/szkolenia-udt.pl\/wp-content\/uploads\/2014\/11\/78XE_003a.jpg\" height=\"225\" width=\"300\" alt=\"ausbildung warszawa\" class=\"slider-408 slide-1172 msDefaultImage\" \/><\/li>\n                <li style=\"display: none; width: 100%;\" class=\"slide-1173 ms-image\" aria-roledescription=\"slide\" data-date=\"2014-11-17 19:01:41\" data-filename=\"80VJR_Evo_002a.jpg\" data-slide-type=\"image\"><img loading=\"lazy\" decoding=\"async\" src=\"https:\/\/szkolenia-udt.pl\/wp-content\/uploads\/2014\/11\/80VJR_Evo_002a.jpg\" height=\"225\" width=\"300\" alt=\"\" class=\"slider-408 slide-1173 msDefaultImage\" \/><\/li>\n                <li style=\"display: none; width: 100%;\" class=\"slide-1187 ms-image\" aria-roledescription=\"slide\" data-date=\"2014-11-17 19:45:05\" data-filename=\"60V_005a.jpg\" data-slide-type=\"image\"><img loading=\"lazy\" decoding=\"async\" src=\"https:\/\/szkolenia-udt.pl\/wp-content\/uploads\/2014\/11\/60V_005a.jpg\" height=\"225\" width=\"300\" alt=\"Aufz\u00fcge\" class=\"slider-408 slide-1187 msDefaultImage\" \/><\/li>\n            <\/ul>\n        <\/div>\n        \n    <\/div>\n<\/div><\/div>\n<div class=\"wyjustuj\">\n<p>Bei der Arbeit sollte der Bediener eines HDS-Umschlagkrans die Sicherheitsanforderungen und die Gesundheits- und Sicherheitsvorschriften beachten. Auf diese Weise kann er Unf\u00e4lle w\u00e4hrend der Arbeit vermeiden, die sowohl f\u00fcr ihn selbst als auch f\u00fcr die Umgebung - Lasten, Geb\u00e4ude, andere Personen im Arbeitsbereich des Ger\u00e4ts - eine Gefahr darstellen k\u00f6nnen. Durch einen Besuch <a href=\"https:\/\/szkolenia-udt.pl\/de\/kursy\/hds\/\">HDS-Kurs<\/a>Bei der Pr\u00fcfung vor der UDT-Kommission erh\u00e4lt der Teilnehmer stets ausreichende Kenntnisse \u00fcber den sicheren Umgang mit dem Kran, die die Grundlage f\u00fcr den Erwerb der HDS-Lizenz bilden.<\/p>\n<p><strong>T\u00e4tigkeiten, die bei der Arbeit mit einem Ladekran nicht ausgef\u00fchrt werden d\u00fcrfen:<\/strong><\/p>\n<ul>\n<li>Heben von Lasten mit unbekannten Parametern, einschlie\u00dflich des Hebens von Lasten ohne Kenntnis ihres Gewichts und von Lasten, die die zul\u00e4ssige Tragf\u00e4higkeit des Ger\u00e4ts \u00fcberschreiten<\/li>\n<li>Heben von Lasten, die fest mit dem Boden verbunden oder am Boden festgefroren sind<\/li>\n<li>Durchf\u00fchrung von Ladevorg\u00e4ngen, ohne dass die St\u00fctzen der \u00dcberladebr\u00fccke vorhanden sind<\/li>\n<li>Arbeiten mit einem nicht funktionierenden HDS-Kran<\/li>\n<li>Verwendung funktionsunf\u00e4higer Ger\u00e4te - Seile, Schlingen, Haken<\/li>\n<li>Arbeiten mit einem Kran, der nicht \u00fcber eine g\u00fcltige UDT-Entscheidung verf\u00fcgt, die seinen Betrieb erlaubt<\/li>\n<li>Arbeiten mit einem Kran, f\u00fcr den kein aktueller Eintrag im Wartungslogbuch vorliegt<\/li>\n<li>\u00dcbertragung von Lasten direkt \u00fcber Arbeitspl\u00e4tzen oder Personen<\/li>\n<li>Last\u00fcbertragung \u00fcber die Fahrerkabine<\/li>\n<li>Arbeiten auf ungeeignetem Terrain - zu schr\u00e4g oder auf B\u00f6den mit geringer Tragf\u00e4higkeit<\/li>\n<li>Arbeiten in der N\u00e4he von nicht angeschlossenen und nicht geerdeten Stromleitungen<\/li>\n<li>und andere T\u00e4tigkeiten, die mit einem Unfallrisiko verbunden sind<\/li>\n<\/ul>\n<p>Wenn das Ger\u00e4t nicht ordnungsgem\u00e4\u00df f\u00fcr den Betrieb vorbereitet ist, hat der Betreiber das Recht, den Betrieb zu verweigern. Er sollte seinen Vorgesetzten unverz\u00fcglich \u00fcber den Grund der Ablehnung informieren.<\/p>\n<p>Wenn Sie eine HDS-Lizenz erwerben m\u00f6chten, <a href=\"https:\/\/szkolenia-udt.pl\/de\/kontakt\/\">herzlich willkommen<\/a> zu profitieren von <a href=\"https:\/\/szkolenia-udt.pl\/de\/oferta\/\">Unser Angebot<\/a>. HDS-Kurs in unserem <a href=\"https:\/\/szkolenia-udt.pl\/de\/o-firmie\/\">Zentrum<\/a> ist ein umfangreiches Wissen im Bereich der Sicherheit, so dass Sie nach Abschluss des Kurses in der Lage sein werden, sicher als Hafenkranf\u00fchrer zu arbeiten.<\/p>\n<\/div>","protected":false},"excerpt":{"rendered":"<p>Podczas pracy operator \u017curawia prze\u0142adunkowego HDS powinien pami\u0119ta\u0107 o wymogach bezpiecze\u0144stwa i przepisach BHP. W ten spos\u00f3b jest w stanie zapobiega\u0107 wypadkom podczas pracy, kt\u00f3re mog\u0105 nie\u015b\u0107 zagro\u017cenie zar\u00f3wno dla niego samego, jak i dla otoczenia \u2013 \u0142adunk\u00f3w, budynk\u00f3w, innych os\u00f3b przebywaj\u0105cych w strefie pracy urz\u0105dzenia. Odbywaj\u0105c kurs HDS, jego uczestnik otrzymuje zawsze odpowiedni\u0105 wiedz\u0119 [&hellip;]<\/p>\n","protected":false},"author":3,"featured_media":0,"parent":1116,"menu_order":0,"comment_status":"closed","ping_status":"closed","template":"","meta":{"footnotes":""},"class_list":["post-1127","page","type-page","status-publish","hentry"],"aioseo_notices":[],"_links":{"self":[{"href":"https:\/\/szkolenia-udt.pl\/de\/wp-json\/wp\/v2\/pages\/1127","targetHints":{"allow":["GET"]}}],"collection":[{"href":"https:\/\/szkolenia-udt.pl\/de\/wp-json\/wp\/v2\/pages"}],"about":[{"href":"https:\/\/szkolenia-udt.pl\/de\/wp-json\/wp\/v2\/types\/page"}],"author":[{"embeddable":true,"href":"https:\/\/szkolenia-udt.pl\/de\/wp-json\/wp\/v2\/users\/3"}],"replies":[{"embeddable":true,"href":"https:\/\/szkolenia-udt.pl\/de\/wp-json\/wp\/v2\/comments?post=1127"}],"version-history":[{"count":4,"href":"https:\/\/szkolenia-udt.pl\/de\/wp-json\/wp\/v2\/pages\/1127\/revisions"}],"predecessor-version":[{"id":2235,"href":"https:\/\/szkolenia-udt.pl\/de\/wp-json\/wp\/v2\/pages\/1127\/revisions\/2235"}],"up":[{"embeddable":true,"href":"https:\/\/szkolenia-udt.pl\/de\/wp-json\/wp\/v2\/pages\/1116"}],"wp:attachment":[{"href":"https:\/\/szkolenia-udt.pl\/de\/wp-json\/wp\/v2\/media?parent=1127"}],"curies":[{"name":"wp","href":"https:\/\/api.w.org\/{rel}","templated":true}]}}