{"id":1131,"date":"2014-11-12T14:51:53","date_gmt":"2014-11-12T14:51:53","guid":{"rendered":"http:\/\/szkolenia-udt.pl\/?page_id=1131"},"modified":"2021-06-27T22:20:50","modified_gmt":"2021-06-27T22:20:50","slug":"aufgaben-des-bedieners-eines-hd-lifts","status":"publish","type":"page","link":"https:\/\/szkolenia-udt.pl\/de\/kursy\/hds\/obowiazki-operatora-zurawia-przeladunkowego-hds\/","title":{"rendered":"Verantwortlichkeiten des Bedieners des HDS-Umschlagkrans"},"content":{"rendered":"<div style=\"float: left; padding-right: 10px;\"><div id=\"metaslider-id-642\" style=\"max-width: 300px;\" class=\"ml-slider-3-107-0 metaslider metaslider-flex metaslider-642 ml-slider ms-theme-default nav-hidden\" role=\"region\" aria-label=\"Kr\u00e4ne\" data-height=\"225\" data-width=\"300\">\n    <div id=\"metaslider_container_642\">\n        <div id=\"metaslider_642\">\n            <ul class='slides'>\n                <li style=\"display: block; width: 100%;\" class=\"slide-647 ms-image\" aria-roledescription=\"slide\" data-date=\"2014-10-12 09:52:02\" data-filename=\"O\u015brodek-Szkolenia-Operator\u00f3w.jpg\" data-slide-type=\"image\"><img loading=\"lazy\" decoding=\"async\" src=\"https:\/\/szkolenia-udt.pl\/wp-content\/uploads\/2014\/10\/O\u015brodek-Szkolenia-Operator\u00f3w.jpg\" height=\"225\" width=\"300\" alt=\"\" class=\"slider-642 slide-647 msDefaultImage\" \/><\/li>\n                <li style=\"display: none; width: 100%;\" class=\"slide-649 ms-image\" aria-roledescription=\"slide\" data-date=\"2014-10-12 09:52:03\" data-filename=\"Szkolenie-d\u017awigi.jpg\" data-slide-type=\"image\"><img loading=\"lazy\" decoding=\"async\" src=\"https:\/\/szkolenia-udt.pl\/wp-content\/uploads\/2014\/10\/Szkolenie-d\u017awigi.jpg\" height=\"225\" width=\"300\" alt=\"Kranichkurs\" class=\"slider-642 slide-649 msDefaultImage\" \/><\/li>\n                <li style=\"display: none; width: 100%;\" class=\"slide-650 ms-image\" aria-roledescription=\"slide\" data-date=\"2014-10-12 09:52:03\" data-filename=\"Uprawnienia-UDT1.jpg\" data-slide-type=\"image\"><img loading=\"lazy\" decoding=\"async\" src=\"https:\/\/szkolenia-udt.pl\/wp-content\/uploads\/2014\/10\/Uprawnienia-UDT1.jpg\" height=\"225\" width=\"300\" alt=\"\" class=\"slider-642 slide-650 msDefaultImage\" \/><\/li>\n                <li style=\"display: none; width: 100%;\" class=\"slide-648 ms-image\" aria-roledescription=\"slide\" data-date=\"2014-10-12 09:52:02\" data-filename=\"szkolenia-d\u017awigi.jpg\" data-slide-type=\"image\"><img loading=\"lazy\" decoding=\"async\" src=\"https:\/\/szkolenia-udt.pl\/wp-content\/uploads\/2014\/10\/szkolenia-d\u017awigi.jpg\" height=\"225\" width=\"300\" alt=\"Ausbildungszentrum f\u00fcr Bediener\" class=\"slider-642 slide-648 msDefaultImage\" \/><\/li>\n                <li style=\"display: none; width: 100%;\" class=\"slide-651 ms-image\" aria-roledescription=\"slide\" data-date=\"2014-10-12 09:52:04\" data-filename=\"zdj\u0119cie-d\u017awig.jpg\" data-slide-type=\"image\"><img loading=\"lazy\" decoding=\"async\" src=\"https:\/\/szkolenia-udt.pl\/wp-content\/uploads\/2014\/10\/zdj\u0119cie-d\u017awig.jpg\" height=\"225\" width=\"300\" alt=\"Ausbildung zum Kranf\u00fchrer. UDT-Genehmigungen\" class=\"slider-642 slide-651 msDefaultImage\" \/><\/li>\n            <\/ul>\n        <\/div>\n        \n    <\/div>\n<\/div><\/div>\n<div class=\"wyjustuj\">\n<p>Der Bediener eines Umschlagkrans muss im Besitz der entsprechenden HDS-Lizenz sein. Sie werden an Personen vergeben, die Folgendes abgeschlossen haben <a href=\"https:\/\/szkolenia-udt.pl\/de\/kursy\/hds\/\">HDS-Kurs<\/a> und die Pr\u00fcfung vor der UDT-Kommission erfolgreich bestanden haben. Der Bediener des Ger\u00e4ts kann die Arbeit nicht sofort aufnehmen. Seine Aufgaben sind in solche unterteilt, die vor, w\u00e4hrend und nach der Arbeit zu erledigen sind - diese werden in jedem HDS-Kurs vermittelt.<\/p>\n<h2 class=\"boldnagl\"><strong>Arbeitsvorbereitende Pflichten<\/strong><\/h2>\n<ul>\n<li>Vertrautmachen mit der Dokumentation - technische und betriebliche Dokumentation und Betriebsanleitung des Krans, Freigabebescheinigung des Krans und Wartungsbuch; das Fehlen mindestens eines dieser Dokumente bedeutet, dass die Arbeiten nicht begonnen werden k\u00f6nnen<\/li>\n<li>t\u00e4gliche Wartung des Ger\u00e4ts gem\u00e4\u00df den Anweisungen des Herstellers - Sichtpr\u00fcfung des Ger\u00e4ts und \u00dcberpr\u00fcfung der Dichtheit der Bauteile, Funktion der hydraulischen Verriegelungen, Ausfahren der St\u00fctzen, \u00dcberpr\u00fcfung der Sicherheitseinrichtungen und Verriegelungen<\/li>\n<li>alle festgestellten Unregelm\u00e4\u00dfigkeiten sollten einem Vorgesetzten gemeldet werden<\/li>\n<\/ul>\n<h2 class=\"boldnagl\"><strong>Verantwortlichkeiten w\u00e4hrend der Arbeit<\/strong><\/h2>\n<ul>\n<li>\u00dcberpr\u00fcfung des Standorts und Bestimmung des Arbeitsbereichs des Krans<\/li>\n<li>Vorbereitung des Krans f\u00fcr die Ladearbeiten<\/li>\n<li>richtiges Anh\u00e4ngen und Sichern der Ladung<\/li>\n<li>st\u00e4ndige Beobachtung der Last und des Krans w\u00e4hrend der Arbeit sowie der Umgebung<\/li>\n<li>die zul\u00e4ssige Belastung des Krans im Auge zu behalten<\/li>\n<li>Einhaltung von Signalen und Schildern<\/li>\n<li>sofortiges Reagieren im Falle eines Notfalls oder eines drohenden Unfalls<\/li>\n<\/ul>\n<div style=\"float: right; padding-left: 10px;\"><div id=\"metaslider-id-584\" style=\"max-width: 300px;\" class=\"ml-slider-3-107-0 metaslider metaslider-flex metaslider-584 ml-slider ms-theme-default nav-hidden nav-hidden\" role=\"region\" aria-label=\"Konstruktion des Wagens\" data-height=\"225\" data-width=\"300\">\n    <div id=\"metaslider_container_584\">\n        <div id=\"metaslider_584\">\n            <ul class='slides'>\n                <li style=\"display: block; width: 100%;\" class=\"slide-586 ms-image\" aria-roledescription=\"slide\" data-date=\"2014-10-12 05:43:37\" data-filename=\"Kurs-na-w\u00f3zki-wid\u0142owe.jpg\" data-slide-type=\"image\"><img loading=\"lazy\" decoding=\"async\" src=\"https:\/\/szkolenia-udt.pl\/wp-content\/uploads\/2014\/10\/Kurs-na-w\u00f3zki-wid\u0142owe.jpg\" height=\"225\" width=\"300\" alt=\"Gabelstaplerkurs\" class=\"slider-584 slide-586 msDefaultImage\" \/><\/li>\n                <li style=\"display: none; width: 100%;\" class=\"slide-591 ms-image\" aria-roledescription=\"slide\" data-date=\"2014-10-12 05:43:41\" data-filename=\"Kursy-W\u00f3zki-wid\u0142owe.jpg\" data-slide-type=\"image\"><img loading=\"lazy\" decoding=\"async\" src=\"https:\/\/szkolenia-udt.pl\/wp-content\/uploads\/2014\/10\/Kursy-W\u00f3zki-wid\u0142owe.jpg\" height=\"225\" width=\"300\" alt=\"Kurs f\u00fcr Gabelstaplerfahrer\" class=\"slider-584 slide-591 msDefaultImage\" \/><\/li>\n                <li style=\"display: none; width: 100%;\" class=\"slide-596 ms-image\" aria-roledescription=\"slide\" data-date=\"2014-10-12 05:43:44\" data-filename=\"Szkolenie-W\u00f3zki-wid\u0142owe1.jpg\" data-slide-type=\"image\"><img loading=\"lazy\" decoding=\"async\" src=\"https:\/\/szkolenia-udt.pl\/wp-content\/uploads\/2014\/10\/Szkolenie-W\u00f3zki-wid\u0142owe1.jpg\" height=\"225\" width=\"300\" alt=\"\" class=\"slider-584 slide-596 msDefaultImage\" \/><\/li>\n                <li style=\"display: none; width: 100%;\" class=\"slide-685 ms-image\" aria-roledescription=\"slide\" data-date=\"2014-10-12 11:03:23\" data-filename=\"Kursy-urz\u0105dzenia-manipulacji-kontenerami.jpg\" data-slide-type=\"image\"><img loading=\"lazy\" decoding=\"async\" src=\"https:\/\/szkolenia-udt.pl\/wp-content\/uploads\/2014\/10\/Kursy-urz\u0105dzenia-manipulacji-kontenerami.jpg\" height=\"225\" width=\"300\" alt=\"Operator Training Centre Warschau\" class=\"slider-584 slide-685 msDefaultImage\" \/><\/li>\n                <li style=\"display: none; width: 100%;\" class=\"slide-679 ms-image\" aria-roledescription=\"slide\" data-date=\"2014-10-12 10:48:10\" data-filename=\"OSO-Warszawa2.jpg\" data-slide-type=\"image\"><img loading=\"lazy\" decoding=\"async\" src=\"https:\/\/szkolenia-udt.pl\/wp-content\/uploads\/2014\/10\/OSO-Warszawa2.jpg\" height=\"225\" width=\"300\" alt=\"\" class=\"slider-584 slide-679 msDefaultImage\" \/><\/li>\n            <\/ul>\n        <\/div>\n        \n    <\/div>\n<\/div><\/div>\n<h2 class=\"boldnagl\"><strong>Pflichten nach der Arbeit<\/strong><\/h2>\n<ul>\n<li>Einklappen des Krans in die Transportstellung<\/li>\n<li>Zusammenklappen der St\u00fctzen in die Transportstellung und deren Sicherung<\/li>\n<li>Pr\u00fcfung, ob die Lasten keine Gefahr darstellen<\/li>\n<li>Begleiten des Fahrzeugs zur Werkstatt<\/li>\n<li>Reinigung der Arbeitselemente von Schmutz<\/li>\n<li>Sicherung der Ausr\u00fcstung gegen die Benutzung durch ungeeignete Personen, die nicht HDS-qualifiziert sind<\/li>\n<li>Aush\u00e4ndigung von Dokumenten an eine befugte Person<\/li>\n<\/ul>\n<p>W\u00e4hrend des Dauerbetriebs des Krans sollte der Bediener dessen Zustand st\u00e4ndig \u00fcberwachen. Wenn Gefahren auftreten, muss sofort reagiert werden, um Unf\u00e4lle zu vermeiden. Durch die Einhaltung der oben genannten Regeln ist der Bediener in der Lage, sicher zu arbeiten und stellt somit keine Gefahr f\u00fcr sich selbst, andere Arbeitnehmer oder die Umwelt dar.<\/p>\n<\/div>","protected":false},"excerpt":{"rendered":"<p>Operator \u017curawia prze\u0142adunkowego musi posiada\u0107 odpowiednie uprawnienia HDS. Nadawane s\u0105 one osobom, kt\u00f3re zako\u0144czy\u0142y kurs HDS i pozytywnie zaliczy\u0142y egzamin przed komisj\u0105 UDT.Operator urz\u0105dzenia nie mo\u017ce przyst\u0105pi\u0107 do pracy od razu. Jego obowi\u0105zki dzieli si\u0119 na te do wykonania przed, w trakcie oraz po zako\u0144czeniu pracy \u2013 uczy o nich ka\u017cdy kurs HDS. Obowi\u0105zki przed [&hellip;]<\/p>\n","protected":false},"author":3,"featured_media":0,"parent":1116,"menu_order":0,"comment_status":"closed","ping_status":"closed","template":"","meta":{"footnotes":""},"class_list":["post-1131","page","type-page","status-publish","hentry"],"aioseo_notices":[],"_links":{"self":[{"href":"https:\/\/szkolenia-udt.pl\/de\/wp-json\/wp\/v2\/pages\/1131","targetHints":{"allow":["GET"]}}],"collection":[{"href":"https:\/\/szkolenia-udt.pl\/de\/wp-json\/wp\/v2\/pages"}],"about":[{"href":"https:\/\/szkolenia-udt.pl\/de\/wp-json\/wp\/v2\/types\/page"}],"author":[{"embeddable":true,"href":"https:\/\/szkolenia-udt.pl\/de\/wp-json\/wp\/v2\/users\/3"}],"replies":[{"embeddable":true,"href":"https:\/\/szkolenia-udt.pl\/de\/wp-json\/wp\/v2\/comments?post=1131"}],"version-history":[{"count":7,"href":"https:\/\/szkolenia-udt.pl\/de\/wp-json\/wp\/v2\/pages\/1131\/revisions"}],"predecessor-version":[{"id":2237,"href":"https:\/\/szkolenia-udt.pl\/de\/wp-json\/wp\/v2\/pages\/1131\/revisions\/2237"}],"up":[{"embeddable":true,"href":"https:\/\/szkolenia-udt.pl\/de\/wp-json\/wp\/v2\/pages\/1116"}],"wp:attachment":[{"href":"https:\/\/szkolenia-udt.pl\/de\/wp-json\/wp\/v2\/media?parent=1131"}],"curies":[{"name":"wp","href":"https:\/\/api.w.org\/{rel}","templated":true}]}}