{"id":1136,"date":"2014-11-12T14:56:24","date_gmt":"2014-11-12T14:56:24","guid":{"rendered":"http:\/\/szkolenia-udt.pl\/?page_id=1136"},"modified":"2021-07-19T22:12:56","modified_gmt":"2021-07-19T22:12:56","slug":"hds-krane","status":"publish","type":"page","link":"https:\/\/szkolenia-udt.pl\/de\/dzwignice\/zurawie-hds\/","title":{"rendered":"HDS-Krane"},"content":{"rendered":"<div style=\"float: left; padding-right: 10px;\"><div id=\"metaslider-id-642\" style=\"max-width: 300px;\" class=\"ml-slider-3-108-0 metaslider metaslider-flex metaslider-642 ml-slider ms-theme-default nav-hidden\" role=\"region\" aria-label=\"Kr\u00e4ne\" data-height=\"225\" data-width=\"300\">\n    <div id=\"metaslider_container_642\">\n        <div id=\"metaslider_642\">\n            <ul class='slides'>\n                <li style=\"display: block; width: 100%;\" class=\"slide-647 ms-image\" aria-roledescription=\"slide\" data-date=\"2014-10-12 09:52:02\" data-filename=\"O\u015brodek-Szkolenia-Operator\u00f3w.jpg\" data-slide-type=\"image\"><img loading=\"lazy\" decoding=\"async\" src=\"https:\/\/szkolenia-udt.pl\/wp-content\/uploads\/2014\/10\/O\u015brodek-Szkolenia-Operator\u00f3w.jpg\" height=\"225\" width=\"300\" alt=\"\" class=\"slider-642 slide-647 msDefaultImage\" \/><\/li>\n                <li style=\"display: none; width: 100%;\" class=\"slide-649 ms-image\" aria-roledescription=\"slide\" data-date=\"2014-10-12 09:52:03\" data-filename=\"Szkolenie-d\u017awigi.jpg\" data-slide-type=\"image\"><img loading=\"lazy\" decoding=\"async\" src=\"https:\/\/szkolenia-udt.pl\/wp-content\/uploads\/2014\/10\/Szkolenie-d\u017awigi.jpg\" height=\"225\" width=\"300\" alt=\"Kranichkurs\" class=\"slider-642 slide-649 msDefaultImage\" \/><\/li>\n                <li style=\"display: none; width: 100%;\" class=\"slide-650 ms-image\" aria-roledescription=\"slide\" data-date=\"2014-10-12 09:52:03\" data-filename=\"Uprawnienia-UDT1.jpg\" data-slide-type=\"image\"><img loading=\"lazy\" decoding=\"async\" src=\"https:\/\/szkolenia-udt.pl\/wp-content\/uploads\/2014\/10\/Uprawnienia-UDT1.jpg\" height=\"225\" width=\"300\" alt=\"\" class=\"slider-642 slide-650 msDefaultImage\" \/><\/li>\n                <li style=\"display: none; width: 100%;\" class=\"slide-648 ms-image\" aria-roledescription=\"slide\" data-date=\"2014-10-12 09:52:02\" data-filename=\"szkolenia-d\u017awigi.jpg\" data-slide-type=\"image\"><img loading=\"lazy\" decoding=\"async\" src=\"https:\/\/szkolenia-udt.pl\/wp-content\/uploads\/2014\/10\/szkolenia-d\u017awigi.jpg\" height=\"225\" width=\"300\" alt=\"Ausbildungszentrum f\u00fcr Bediener\" class=\"slider-642 slide-648 msDefaultImage\" \/><\/li>\n                <li style=\"display: none; width: 100%;\" class=\"slide-651 ms-image\" aria-roledescription=\"slide\" data-date=\"2014-10-12 09:52:04\" data-filename=\"zdj\u0119cie-d\u017awig.jpg\" data-slide-type=\"image\"><img loading=\"lazy\" decoding=\"async\" src=\"https:\/\/szkolenia-udt.pl\/wp-content\/uploads\/2014\/10\/zdj\u0119cie-d\u017awig.jpg\" height=\"225\" width=\"300\" alt=\"Ausbildung zum Kranf\u00fchrer. UDT-Genehmigungen\" class=\"slider-642 slide-651 msDefaultImage\" \/><\/li>\n            <\/ul>\n        <\/div>\n        \n    <\/div>\n<\/div><\/div>\n<div class=\"wyjustuj\">\n<p>Der hydraulische Autokran (HDS) ist ein Ger\u00e4t, das h\u00e4ufig bei Umschlagarbeiten eingesetzt wird. Der HDS ist ein Handhabungskran, der zur Kategorie der Krane geh\u00f6rt. Nach der Norm PN-EN 12999 ist ein Kran ein Kran, der mit einer Tragkonstruktion ausgestattet ist, die Bewegungen in der vertikalen Ebene als Heben und Senken der Last und in der horizontalen Ebene als Drehen der Konstruktion und Ver\u00e4nderung der Ausladung ausf\u00fchrt. Umschlagkr\u00e4ne - HDS-Kr\u00e4ne werden als kraftbetriebene Ger\u00e4te bezeichnet, die aus einer auf einer Basis drehbaren S\u00e4ule und einem Auslegersystem bestehen, das auf der S\u00e4ule sitzt. Die Umschlagkr\u00e4ne werden auf Anh\u00e4ngern oder direkt auf Fahrzeugen montiert. Diese Krane sind in der Gruppe der Mobilkrane enthalten und unterliegen dem Technischen \u00dcberwachungsverein.<\/p>\n<h2><strong>Krane werden in folgende Kategorien unterteilt:<\/strong><\/h2>\n<ul>\n<li>Allzweckkr\u00e4ne, die fest mit dem Fahrzeug verbunden sind<\/li>\n<li>Holzladekr\u00e4ne, die auch als \"Forstkr\u00e4ne\" bezeichnet werden<\/li>\n<li>auf dem Fahrzeug hinter der Fahrerkabine montierte Kr\u00e4ne<\/li>\n<li>auf dem Fahrzeug hinter der Ladefl\u00e4che montierte Kr\u00e4ne, am Heck des Fahrzeugs<\/li>\n<li>Kr\u00e4ne, die in der Mitte der Ladefl\u00e4che des Fahrzeugs montiert sind<\/li>\n<li>Kr\u00e4ne auf Anh\u00e4ngern<\/li>\n<li>Auf Traktoren montierte Kr\u00e4ne<\/li>\n<\/ul>\n<h2><strong>Die grundlegenden Komponenten f\u00fcr die Konstruktion eines Dockkrans sind:<\/strong><\/h2>\n<ul>\n<li>St\u00fctzen - die St\u00fctzen dienen der Stabilisierung des Ger\u00e4ts und dem Schutz vor Unf\u00e4llen<\/li>\n<li>Sockel - der Sockel ist das Bauteil, auf dem die S\u00e4ule des Ger\u00e4ts steht<\/li>\n<li>S\u00e4ulenmontage - das Auslegersystem des Krans ist an der S\u00e4ule befestigt und die horizontalen Bewegungen werden \u00fcber sie ausgef\u00fchrt - Drehung des Auslegersystems<\/li>\n<li>die Auslegereinheit - ein Bauteil, das manuell oder hydraulisch ausgefahren wird und die L\u00e4nge der Reichweite ver\u00e4ndert<\/li>\n<li>Zubeh\u00f6r - Schlingen, Seile, Haken zur Ladungssicherung<\/li>\n<\/ul>\n<p>Um einen Umschlagkran zu bedienen, muss der Bediener eine <a href=\"https:\/\/szkolenia-udt.pl\/de\/kursy\/hds\/\">HDS-Kurs<\/a> und HDS-Zulassungen, die nach Bestehen einer Pr\u00fcfung vor einem Ausschuss des Technischen \u00dcberwachungsvereins erteilt werden. Personen, die keine HDS-Lizenz besitzen, d\u00fcrfen das Ger\u00e4t nicht bedienen. Der HDS-Kurs besteht aus einem theoretischen und einem praktischen Teil, in denen die Teilnehmer lernen, wie man das Ger\u00e4t richtig bedient.<\/p>\n<\/div>","protected":false},"excerpt":{"rendered":"<p>HDS \u2013 hydrauliczny d\u017awig samochodowy to urz\u0105dzenie wykorzystywane powszechnie w pracach prze\u0142adunkowych. HDS to \u017curaw prze\u0142adunkowi zaliczany do kategorii d\u017awignic. Zgodnie z norm\u0105 PN-EN 12999 \u017curaw to d\u017awignica, kt\u00f3ra jest wyposa\u017cona w ustr\u00f3j no\u015bny wykonuj\u0105cy ruchy na p\u0142aszczy\u017anie pionowej jako ruchy podnoszenia i opuszczania \u0142adunku i poziomej jako ruchy obracania konstrukcji i zmiany wysi\u0119gu. \u017burawiami [&hellip;]<\/p>\n","protected":false},"author":3,"featured_media":647,"parent":69,"menu_order":0,"comment_status":"closed","ping_status":"closed","template":"","meta":{"footnotes":""},"class_list":["post-1136","page","type-page","status-publish","has-post-thumbnail","hentry"],"aioseo_notices":[],"_links":{"self":[{"href":"https:\/\/szkolenia-udt.pl\/de\/wp-json\/wp\/v2\/pages\/1136","targetHints":{"allow":["GET"]}}],"collection":[{"href":"https:\/\/szkolenia-udt.pl\/de\/wp-json\/wp\/v2\/pages"}],"about":[{"href":"https:\/\/szkolenia-udt.pl\/de\/wp-json\/wp\/v2\/types\/page"}],"author":[{"embeddable":true,"href":"https:\/\/szkolenia-udt.pl\/de\/wp-json\/wp\/v2\/users\/3"}],"replies":[{"embeddable":true,"href":"https:\/\/szkolenia-udt.pl\/de\/wp-json\/wp\/v2\/comments?post=1136"}],"version-history":[{"count":5,"href":"https:\/\/szkolenia-udt.pl\/de\/wp-json\/wp\/v2\/pages\/1136\/revisions"}],"predecessor-version":[{"id":2385,"href":"https:\/\/szkolenia-udt.pl\/de\/wp-json\/wp\/v2\/pages\/1136\/revisions\/2385"}],"up":[{"embeddable":true,"href":"https:\/\/szkolenia-udt.pl\/de\/wp-json\/wp\/v2\/pages\/69"}],"wp:featuredmedia":[{"embeddable":true,"href":"https:\/\/szkolenia-udt.pl\/de\/wp-json\/wp\/v2\/media\/647"}],"wp:attachment":[{"href":"https:\/\/szkolenia-udt.pl\/de\/wp-json\/wp\/v2\/media?parent=1136"}],"curies":[{"name":"wp","href":"https:\/\/api.w.org\/{rel}","templated":true}]}}