{"id":1148,"date":"2014-11-12T19:22:01","date_gmt":"2014-11-12T19:22:01","guid":{"rendered":"http:\/\/szkolenia-udt.pl\/?page_id=1148"},"modified":"2021-06-27T22:04:15","modified_gmt":"2021-06-27T22:04:15","slug":"udt-audit-schulung","status":"publish","type":"page","link":"https:\/\/szkolenia-udt.pl\/de\/kursy\/szkolenie-audytorskie-udt\/","title":{"rendered":"Auditschulung des Technischen \u00dcberwachungsamtes"},"content":{"rendered":"<div style=\"float: left; padding-right: 10px;\"><div id=\"metaslider-id-373\" style=\"max-width: 300px;\" class=\"ml-slider-3-107-0 metaslider metaslider-flex metaslider-373 ml-slider ms-theme-default nav-hidden\" role=\"region\" aria-label=\"\u00dcber das Unternehmen 2\" data-height=\"225\" data-width=\"300\">\n    <div id=\"metaslider_container_373\">\n        <div id=\"metaslider_373\">\n            <ul class='slides'>\n                <li style=\"display: block; width: 100%;\" class=\"slide-1109 ms-image\" aria-roledescription=\"slide\" data-date=\"2014-11-12 13:56:05\" data-filename=\"bizness3a.jpg\" data-slide-type=\"image\"><img loading=\"lazy\" decoding=\"async\" src=\"https:\/\/szkolenia-udt.pl\/wp-content\/uploads\/2014\/11\/bizness3a.jpg\" height=\"225\" width=\"300\" alt=\"Ausbildung\" class=\"slider-373 slide-1109 msDefaultImage\" \/><\/li>\n                <li style=\"display: none; width: 100%;\" class=\"slide-1106 ms-image\" aria-roledescription=\"slide\" data-date=\"2014-11-12 13:56:03\" data-filename=\"biznes5a.jpg\" data-slide-type=\"image\"><img loading=\"lazy\" decoding=\"async\" src=\"https:\/\/szkolenia-udt.pl\/wp-content\/uploads\/2014\/11\/biznes5a.jpg\" height=\"225\" width=\"300\" alt=\"Technische Pr\u00fcfstelle\" class=\"slider-373 slide-1106 msDefaultImage\" \/><\/li>\n                <li style=\"display: none; width: 100%;\" class=\"slide-1110 ms-image\" aria-roledescription=\"slide\" data-date=\"2014-11-12 14:04:12\" data-filename=\"meeting-2a.jpg\" data-slide-type=\"image\"><img loading=\"lazy\" decoding=\"async\" src=\"https:\/\/szkolenia-udt.pl\/wp-content\/uploads\/2014\/11\/meeting-2a.jpg\" height=\"225\" width=\"300\" alt=\"udt-Kurse\" class=\"slider-373 slide-1110 msDefaultImage\" \/><\/li>\n                <li style=\"display: none; width: 100%;\" class=\"slide-1199 ms-image\" aria-roledescription=\"slide\" data-date=\"2014-11-17 21:17:06\" data-filename=\"firma-5a.jpg\" data-slide-type=\"image\"><img loading=\"lazy\" decoding=\"async\" src=\"https:\/\/szkolenia-udt.pl\/wp-content\/uploads\/2014\/11\/firma-5a.jpg\" height=\"225\" width=\"300\" alt=\"Warschauer Gabelstapler\" class=\"slider-373 slide-1199 msDefaultImage\" \/><\/li>\n                <li style=\"display: none; width: 100%;\" class=\"slide-1196 ms-image\" aria-roledescription=\"slide\" data-date=\"2014-11-17 21:17:04\" data-filename=\"Firma-2a.jpg\" data-slide-type=\"image\"><img loading=\"lazy\" decoding=\"async\" src=\"https:\/\/szkolenia-udt.pl\/wp-content\/uploads\/2014\/11\/Firma-2a.jpg\" height=\"225\" width=\"300\" alt=\"\" class=\"slider-373 slide-1196 msDefaultImage\" \/><\/li>\n            <\/ul>\n        <\/div>\n        \n    <\/div>\n<\/div><\/div>\n<div class=\"wyjustuj\">\n<p>Wir m\u00f6chten Sie einladen, die UDT-Schulungen zu besuchen, die sich an Personen richten, die mit der \u00dcberwachung von technischen Anlagen befasst sind, die der technischen \u00dcberwachung unterliegen - alle Kontroll-, Wartungs- und Sicherheitsfachleute und andere technische Einheiten. Wenn Sie sich f\u00fcr unser Angebot entscheiden, k\u00f6nnen Sie sicher sein, dass der Unterricht von Ausbildern mit langj\u00e4hriger Berufserfahrung durchgef\u00fchrt wird und das gesamte f\u00fcr den Beruf erforderliche Wissen vermittelt.<\/p>\n<h2 class=\"boldnagl\"><strong>Zweck der Ausbildung<\/strong><\/h2>\n<p>Ziel der Schulung ist es, die Kenntnisse und F\u00e4higkeiten in Bezug auf die aktuellen nationalen technischen \u00dcberwachungsvorschriften, Richtlinien und Ausr\u00fcstungsnormen entsprechend den neuesten Entwicklungen zu aktualisieren.<\/p>\n<h2 class=\"boldnagl\"><strong>F\u00fcr wen?<\/strong><\/h2>\n<p>Die Schulung richtet sich an Personen, die Verantwortung f\u00fcr technische Ger\u00e4te tragen, die in Arbeits-, Service- und Produktionsprozessen, in der Verarbeitung und Lagerung eingesetzt werden, einschlie\u00dflich des Kontroll- und Wartungspersonals sowie der Spezialisten f\u00fcr technische und Sicherheitszellen.<\/p>\n<h2 class=\"boldnagl\"><strong>Ausbildungsprogramm<\/strong><\/h2>\n<p>Das von uns entwickelte Schulungsprogramm umfasst alle Schl\u00fcsselelemente, die erforderlich sind, um Ihr Wissen \u00fcber die Instandhaltung von UDT-pflichtigen Ger\u00e4ten auf den neuesten Stand zu bringen. Wir zeigen Ihnen, wie Sie die Informationen in Ihrer t\u00e4glichen Arbeit effektiv nutzen k\u00f6nnen.<\/p>\n<p>Ausbildungsrahmen:<\/p>\n<ul>\n<li>den aktuellen Stand der Gesetzgebung (Normen, Richtlinien und sektorale Vorschriften)<\/li>\n<li>Auslegung der Vorschriften<\/li>\n<li>am Arbeitsplatz angewandte Verfahren<\/li>\n<li>organisatorische und technische Ma\u00dfnahmen zur Risikominimierung<\/li>\n<li>Methodik zur Bewertung des Risikos einer gef\u00e4hrlichen Verletzung oder eines Unfalls<\/li>\n<li>Aufrechterhaltung des kontinuierlichen Betriebs und der Zuverl\u00e4ssigkeit der technischen Anlagen<\/li>\n<li>Analyse von Unf\u00e4llen und Zwischenf\u00e4llen<\/li>\n<li>praktische \u00dcbungen in Form von Workshops<\/li>\n<li>Podiumsdiskussion mit Experten<\/li>\n<\/ul>\n<p>Die Schulungen sind modular aufgebaut, so dass das Programm individuell auf die Bed\u00fcrfnisse des Kunden zugeschnitten werden kann. In den Workshops besteht die M\u00f6glichkeit, Probleme im Zusammenhang mit den Arbeitspl\u00e4tzen der Kunden zu l\u00f6sen und Verfahrensbeschreibungen und Checklisten zu erstellen.<\/p>\n<h2 class=\"boldnagl\"><strong>Preis der Ausbildung<\/strong><\/h2>\n<p>Der Preis f\u00fcr die Schulung wird individuell festgelegt - bitte kontaktieren Sie uns f\u00fcr ein individuelles Angebot. Die Schulungen werden an einem mit dem Kunden vereinbarten Ort durchgef\u00fchrt.<\/p>\n<h2 class=\"boldnagl\"><strong>\u00dcber uns<\/strong><\/h2>\n<p>Wir sind ein Ausbildungsunternehmen mit langj\u00e4hriger Erfahrung in unserem Bereich. Wir haben bereits Tausende von Menschen geschult und genie\u00dfen bei unseren Kunden ein hohes Vertrauen. Wir sind bestrebt, ein H\u00f6chstma\u00df an Service zu bieten, und hoffen, dass dies auch Ihren Erwartungen entspricht.<\/p>\n<p>Wenn Sie Fragen zu unserem Angebot haben, <a href=\"https:\/\/szkolenia-udt.pl\/de\/kontakt\/\">Bitte kontaktieren Sie uns<\/a> - wir kl\u00e4ren alle Ihre Zweifel.<\/p>\n<p>Wir laden Sie ein, die folgenden M\u00f6glichkeiten zu nutzen <a href=\"https:\/\/szkolenia-udt.pl\/de\/oferta\/\">unsere Dienstleistungen<\/a>!<\/p>\n<\/div>","protected":false},"excerpt":{"rendered":"<p>Zapraszamy na szkolenia audytorskie UDT przeznaczone dla os\u00f3b zajmuj\u0105cych si\u0119 nadzorem urz\u0105dze\u0144 technicznych, kt\u00f3re podlegaj\u0105 pod doz\u00f3r techniczny \u2013 wszystkich pracownik\u00f3w kontroli, utrzymania ruchu oraz specjalist\u00f3w bezpiecze\u0144stwa i innych kom\u00f3rek technicznych. Wybieraj\u0105c nasz\u0105 ofert\u0119, maj\u0105 Pa\u0144stwo pewno\u015b\u0107, \u017ce zaj\u0119cia b\u0119d\u0105 prowadzone przez instruktor\u00f3w z wieloletnim do\u015bwiadczeniem w swoim zawodzie i b\u0119d\u0105 obejmowa\u0142y kompletn\u0105 wiedz\u0119 potrzebn\u0105 [&hellip;]<\/p>\n","protected":false},"author":3,"featured_media":0,"parent":22,"menu_order":30,"comment_status":"closed","ping_status":"closed","template":"","meta":{"footnotes":""},"class_list":["post-1148","page","type-page","status-publish","hentry"],"aioseo_notices":[],"_links":{"self":[{"href":"https:\/\/szkolenia-udt.pl\/de\/wp-json\/wp\/v2\/pages\/1148","targetHints":{"allow":["GET"]}}],"collection":[{"href":"https:\/\/szkolenia-udt.pl\/de\/wp-json\/wp\/v2\/pages"}],"about":[{"href":"https:\/\/szkolenia-udt.pl\/de\/wp-json\/wp\/v2\/types\/page"}],"author":[{"embeddable":true,"href":"https:\/\/szkolenia-udt.pl\/de\/wp-json\/wp\/v2\/users\/3"}],"replies":[{"embeddable":true,"href":"https:\/\/szkolenia-udt.pl\/de\/wp-json\/wp\/v2\/comments?post=1148"}],"version-history":[{"count":11,"href":"https:\/\/szkolenia-udt.pl\/de\/wp-json\/wp\/v2\/pages\/1148\/revisions"}],"predecessor-version":[{"id":2224,"href":"https:\/\/szkolenia-udt.pl\/de\/wp-json\/wp\/v2\/pages\/1148\/revisions\/2224"}],"up":[{"embeddable":true,"href":"https:\/\/szkolenia-udt.pl\/de\/wp-json\/wp\/v2\/pages\/22"}],"wp:attachment":[{"href":"https:\/\/szkolenia-udt.pl\/de\/wp-json\/wp\/v2\/media?parent=1148"}],"curies":[{"name":"wp","href":"https:\/\/api.w.org\/{rel}","templated":true}]}}