{"id":1153,"date":"2014-11-12T19:25:11","date_gmt":"2014-11-12T19:25:11","guid":{"rendered":"http:\/\/szkolenia-udt.pl\/?page_id=1153"},"modified":"2022-10-21T15:46:08","modified_gmt":"2022-10-21T13:46:08","slug":"ambulant","status":"publish","type":"page","link":"https:\/\/szkolenia-udt.pl\/de\/kursy\/lotnictwo\/ambulifty\/","title":{"rendered":"Ambulantes Training"},"content":{"rendered":"<div style=\"float: left; padding-right: 10px;\"><div id=\"metaslider-id-1328\" style=\"max-width: 300px;\" class=\"ml-slider-3-107-0 metaslider metaslider-flex metaslider-1328 ml-slider ms-theme-default nav-hidden\" role=\"region\" aria-label=\"ambu\" data-height=\"225\" data-width=\"300\">\n    <div id=\"metaslider_container_1328\">\n        <div id=\"metaslider_1328\">\n            <ul class='slides'>\n                <li style=\"display: block; width: 100%;\" class=\"slide-1350 ms-image\" aria-roledescription=\"slide\" data-date=\"2015-07-10 09:17:39\" data-filename=\"resSideBull-PRM_Ambulift_docked_7252.jpg\" data-slide-type=\"image\"><img loading=\"lazy\" decoding=\"async\" src=\"https:\/\/szkolenia-udt.pl\/wp-content\/uploads\/2015\/07\/resSideBull-PRM_Ambulift_docked_7252.jpg\" height=\"225\" width=\"300\" alt=\"\" class=\"slider-1328 slide-1350 msDefaultImage\" \/><\/li>\n                <li style=\"display: none; width: 100%;\" class=\"slide-1348 ms-image\" aria-roledescription=\"slide\" data-date=\"2015-07-10 09:17:38\" data-filename=\"resambulift-DSCN0928.jpg\" data-slide-type=\"image\"><img loading=\"lazy\" decoding=\"async\" src=\"https:\/\/szkolenia-udt.pl\/wp-content\/uploads\/2015\/07\/resambulift-DSCN0928.jpg\" height=\"225\" width=\"300\" alt=\"\" class=\"slider-1328 slide-1348 msDefaultImage\" \/><\/li>\n                <li style=\"display: none; width: 100%;\" class=\"slide-1349 ms-image\" aria-roledescription=\"slide\" data-date=\"2015-07-10 09:17:38\" data-filename=\"resAviogei_Ambulift_EAU_1500.jpg\" data-slide-type=\"image\"><img loading=\"lazy\" decoding=\"async\" src=\"https:\/\/szkolenia-udt.pl\/wp-content\/uploads\/2015\/07\/resAviogei_Ambulift_EAU_1500.jpg\" height=\"225\" width=\"300\" alt=\"\" class=\"slider-1328 slide-1349 msDefaultImage\" \/><\/li>\n                <li style=\"display: none; width: 100%;\" class=\"slide-1347 ms-image\" aria-roledescription=\"slide\" data-date=\"2015-07-10 09:17:37\" data-filename=\"resambulift-DSC_0332.jpg\" data-slide-type=\"image\"><img loading=\"lazy\" decoding=\"async\" src=\"https:\/\/szkolenia-udt.pl\/wp-content\/uploads\/2015\/07\/resambulift-DSC_0332.jpg\" height=\"225\" width=\"300\" alt=\"\" class=\"slider-1328 slide-1347 msDefaultImage\" \/><\/li>\n            <\/ul>\n        <\/div>\n        \n    <\/div>\n<\/div><\/div>\n<div class=\"wyjustuj\">\n<p>Wir laden Sie zu unseren Ambulift-Operator-Schulungen ein - unsere Schulungen umfassen ein breites Spektrum an Kenntnissen und Fertigkeiten, die darauf abzielen, den sicheren Umgang mit Menschen mit Behinderungen beim Ein- und Aussteigen aus Flugzeugen zu erlernen.<\/p>\n<h2 class=\"boldnagl\"><strong>Zweck der Ausbildung<\/strong><\/h2>\n<p>Die Luftfahrtunternehmen sind verpflichtet, die EU-Verordnung 1107\/2006 vom 5. Juli 2006 \u00fcber die Rechte von Flugg\u00e4sten mit Behinderungen oder eingeschr\u00e4nkter Mobilit\u00e4t einzuhalten. Das Flughafenpersonal sollte darauf vorbereitet sein, Menschen mit Behinderungen zu helfen.<\/p>\n<p>Das Hauptziel der Schulung ist es, zu lernen, wie man behinderten Menschen, die einen Rollstuhl benutzen, beim Ein- und Aussteigen richtig hilft und wie man Rollst\u00fchle und andere Mobilit\u00e4tshilfen sicher an Bord von Flugzeugen bringt.<\/p>\n<h3 class=\"boldnagl\"><strong>Programm<\/strong><\/h3>\n<p>Die Ausbildung zum Ambuliftfahrer umfasst theoretisches Wissen und praktische \u00dcbungen. W\u00e4hrend des Kurses erhalten die Teilnehmer Informationen dar\u00fcber, wie sie Menschen mit Behinderungen beim Ein- und Aussteigen sicher und legal helfen k\u00f6nnen. Die Ausbildung schlie\u00dft mit einer Pr\u00fcfung vor einer Kommission des Technischen \u00dcberwachungsvereins ab.<\/p>\n<h3 class=\"boldnagl\"><strong>Preis der Ausbildung<\/strong><\/h3>\n<p>Der Preis f\u00fcr die Schulung von Krankenfahrern wird individuell festgelegt - bitte kontaktieren Sie uns f\u00fcr ein individuelles Angebot. Wir f\u00fchren die Schulungen an einem mit dem Kunden vereinbarten Ort durch.<\/p>\n<h3 class=\"boldnagl\"><strong>\u00dcber uns<\/strong><\/h3>\n<p>Wir sind ein Ausbildungsunternehmen mit langj\u00e4hriger Erfahrung in unserem Bereich. Wir haben bereits Tausende von Menschen geschult und genie\u00dfen bei unseren Kunden ein hohes Vertrauen. Wir sind bestrebt, ein H\u00f6chstma\u00df an Service zu bieten, und hoffen, dass dies auch Ihren Erwartungen entspricht.<\/p>\n<p>Wenn Sie Fragen zu unserem Angebot haben, <a href=\"https:\/\/szkolenia-udt.pl\/de\/kontakt\/\">Bitte kontaktieren Sie uns<\/a> - wir kl\u00e4ren alle Ihre Zweifel.<\/p>\n<p>Wir laden Sie ein, die folgenden M\u00f6glichkeiten zu nutzen <a href=\"https:\/\/szkolenia-udt.pl\/de\/oferta\/\">unsere Dienstleistungen<\/a>!<\/p>\n<\/div>","protected":false},"excerpt":{"rendered":"<p>Zapraszamy Pa\u0144stwa na szkolenia dla operator\u00f3w ambulift\u00f3w \u2013 nasze szkolenie obejmuje szerok\u0105 wiedz\u0119 i umiej\u0119tno\u015bci, kt\u00f3rych celem jest nauka bezpiecznej obs\u0142ugi os\u00f3b niepe\u0142nosprawnych przy wsiadaniu i wysiadaniu z samolot\u00f3w. Cel szkolenia Przewo\u017anicy lotniczy s\u0105 zobowi\u0105zani do stosowania si\u0119 do rozporz\u0105dzenia UE nr 1107\/2006 z dnia 5 lipca 2006 o prawach pasa\u017cer\u00f3w niepe\u0142nosprawnych i o ograniczonej [&hellip;]<\/p>\n","protected":false},"author":3,"featured_media":3418,"parent":1288,"menu_order":40,"comment_status":"closed","ping_status":"closed","template":"","meta":{"footnotes":""},"class_list":["post-1153","page","type-page","status-publish","has-post-thumbnail","hentry"],"aioseo_notices":[],"_links":{"self":[{"href":"https:\/\/szkolenia-udt.pl\/de\/wp-json\/wp\/v2\/pages\/1153","targetHints":{"allow":["GET"]}}],"collection":[{"href":"https:\/\/szkolenia-udt.pl\/de\/wp-json\/wp\/v2\/pages"}],"about":[{"href":"https:\/\/szkolenia-udt.pl\/de\/wp-json\/wp\/v2\/types\/page"}],"author":[{"embeddable":true,"href":"https:\/\/szkolenia-udt.pl\/de\/wp-json\/wp\/v2\/users\/3"}],"replies":[{"embeddable":true,"href":"https:\/\/szkolenia-udt.pl\/de\/wp-json\/wp\/v2\/comments?post=1153"}],"version-history":[{"count":9,"href":"https:\/\/szkolenia-udt.pl\/de\/wp-json\/wp\/v2\/pages\/1153\/revisions"}],"predecessor-version":[{"id":2376,"href":"https:\/\/szkolenia-udt.pl\/de\/wp-json\/wp\/v2\/pages\/1153\/revisions\/2376"}],"up":[{"embeddable":true,"href":"https:\/\/szkolenia-udt.pl\/de\/wp-json\/wp\/v2\/pages\/1288"}],"wp:featuredmedia":[{"embeddable":true,"href":"https:\/\/szkolenia-udt.pl\/de\/wp-json\/wp\/v2\/media\/3418"}],"wp:attachment":[{"href":"https:\/\/szkolenia-udt.pl\/de\/wp-json\/wp\/v2\/media?parent=1153"}],"curies":[{"name":"wp","href":"https:\/\/api.w.org\/{rel}","templated":true}]}}