{"id":1288,"date":"2015-03-30T19:33:45","date_gmt":"2015-03-30T19:33:45","guid":{"rendered":"http:\/\/szkolenia-udt.pl\/?page_id=1288"},"modified":"2016-07-05T19:07:02","modified_gmt":"2016-07-05T19:07:02","slug":"luftfahrt","status":"publish","type":"page","link":"https:\/\/szkolenia-udt.pl\/de\/kursy\/lotnictwo\/","title":{"rendered":"Flugzeug"},"content":{"rendered":"<h3>Ausbildung in der Luftfahrt<\/h3>\n<div style=\"float: left; padding-right: 10px;\"><div id=\"metaslider-id-1308\" style=\"max-width: 300px;\" class=\"ml-slider-3-108-0 metaslider metaslider-flex metaslider-1308 ml-slider ms-theme-default nav-hidden\" role=\"region\" aria-label=\"Flugzeug\" data-height=\"225\" data-width=\"300\">\n    <div id=\"metaslider_container_1308\">\n        <div id=\"metaslider_1308\">\n            <ul class='slides'>\n                <li style=\"display: block; width: 100%;\" class=\"slide-1309 ms-image\" aria-roledescription=\"slide\" data-date=\"2015-03-30 20:44:59\" data-filename=\"trans-2.jpg\" data-slide-type=\"image\"><img loading=\"lazy\" decoding=\"async\" src=\"https:\/\/szkolenia-udt.pl\/wp-content\/uploads\/2015\/03\/trans-2.jpg\" height=\"225\" width=\"300\" alt=\"\" class=\"slider-1308 slide-1309 msDefaultImage\" \/><\/li>\n                <li style=\"display: none; width: 100%;\" class=\"slide-1310 ms-image\" aria-roledescription=\"slide\" data-date=\"2015-03-30 20:45:00\" data-filename=\"odladz-3.jpg\" data-slide-type=\"image\"><img loading=\"lazy\" decoding=\"async\" src=\"https:\/\/szkolenia-udt.pl\/wp-content\/uploads\/2015\/03\/odladz-3.jpg\" height=\"225\" width=\"300\" alt=\"\" class=\"slider-1308 slide-1310 msDefaultImage\" \/><\/li>\n                <li style=\"display: none; width: 100%;\" class=\"slide-1311 ms-image\" aria-roledescription=\"slide\" data-date=\"2015-03-30 20:45:01\" data-filename=\"odladz-1.jpg\" data-slide-type=\"image\"><img loading=\"lazy\" decoding=\"async\" src=\"https:\/\/szkolenia-udt.pl\/wp-content\/uploads\/2015\/03\/odladz-1.jpg\" height=\"225\" width=\"300\" alt=\"\" class=\"slider-1308 slide-1311 msDefaultImage\" \/><\/li>\n                <li style=\"display: none; width: 100%;\" class=\"slide-1312 ms-image\" aria-roledescription=\"slide\" data-date=\"2015-03-30 20:45:02\" data-filename=\"ambu-2.jpg\" data-slide-type=\"image\"><img loading=\"lazy\" decoding=\"async\" src=\"https:\/\/szkolenia-udt.pl\/wp-content\/uploads\/2015\/03\/ambu-2.jpg\" height=\"225\" width=\"300\" alt=\"\" class=\"slider-1308 slide-1312 msDefaultImage\" \/><\/li>\n                <li style=\"display: none; width: 100%;\" class=\"slide-1314 ms-image\" aria-roledescription=\"slide\" data-date=\"2015-03-30 20:45:54\" data-filename=\"ambu-1.jpg\" data-slide-type=\"image\"><img loading=\"lazy\" decoding=\"async\" src=\"https:\/\/szkolenia-udt.pl\/wp-content\/uploads\/2015\/03\/ambu-1.jpg\" height=\"225\" width=\"300\" alt=\"\" class=\"slider-1308 slide-1314 msDefaultImage\" \/><\/li>\n            <\/ul>\n        <\/div>\n        \n    <\/div>\n<\/div><\/div>\n<div class=\"wyjustuj\">Wir laden Sie ein zur Teilnahme an Luftfahrtschulungen bei <a href=\"https:\/\/szkolenia-udt.pl\/de\/o-firmie\/\">Schulungszentrum f\u00fcr Bediener<\/a> OSO. Dank unseres Angebots k\u00f6nnen Sie sich die notwendigen Kenntnisse und F\u00e4higkeiten aneignen, um am Flughafen als Flugbegleiter zu arbeiten. Im Laufe des Unterrichts erlernen die Teilnehmer die Bedienung von Ger\u00e4ten wie Enteisungsmaschinen, Ambulanzfahrzeugen oder Transportern, die auf Flugh\u00e4fen eingesetzt werden und f\u00fcr die entsprechende Genehmigungen erforderlich sind.wir bieten Ihnen eine professionelle Ausbildung f\u00fcr Luftfahrtpersonal, die in enger Zusammenarbeit mit den besten Fachleuten auf ihrem Gebiet entwickelt wurde. Das Kursprogramm entspricht den aktuellen gesetzlichen Anforderungen und erm\u00f6glicht es Ihnen, sich mit der Theorie und Praxis der Bedienung von Flughafen-GSE (Ground Support Equipment) gr\u00fcndlich vertraut zu machen.<\/p>\n<p><strong>Unser Bildungsangebot umfasst:<\/strong><\/p>\n<ul>\n<li><a href=\"\/de\/kurse\/luftfahrt\/ambulant\/\">Kurse f\u00fcr Krankenfahrst\u00fchle<\/a><\/li>\n<li><a href=\"\/de\/kurse\/luftfahrt\/container-und-palettentransporter\/\">Kurse f\u00fcr Container- und Palettentransporter<\/a><\/li>\n<li><a href=\"\/de\/kurse\/luftfahrt\/enteisungsmaschinen\/\">Kurse f\u00fcr Enteisungsmaschinen<\/a><\/li>\n<\/ul>\n<p>Nach Abschluss der Kurse und erfolgreichem Bestehen der Pr\u00fcfungen erhalten die Teilnehmer die entsprechenden Zertifikate, die sie berechtigen, sich f\u00fcr Stellen als Bodenpersonal an Flugh\u00e4fen zu bewerben. <a href=\"https:\/\/szkolenia-udt.pl\/de\/kontakt\/\">Sie sind herzlich eingeladen<\/a> zur Kenntnis zu nehmen <a href=\"https:\/\/szkolenia-udt.pl\/de\/oferta\/\">vollst\u00e4ndiges Angebot<\/a> unsere Kurse f\u00fcr Flughafenpersonal!<\/p>\n<\/div>","protected":false},"excerpt":{"rendered":"<p>Szkolenia dla lotnictwa Zapraszamy na szkolenia dla lotnictwa do O\u015brodka Szkolenia Operator\u00f3w OSO. Dzi\u0119ki naszej ofercie mog\u0105 Pa\u0144stwo zdoby\u0107 potrzebn\u0105 wiedz\u0119 oraz umiej\u0119tno\u015bci do pracy na porcie lotniczym jako pracownik obs\u0142ugi naziemnej \u2013 p\u0142ytowej. Podczas lekcji kursanci ucz\u0105 si\u0119 obs\u0142ugi urz\u0105dze\u0144 takich jak odladzarki, ambulifty czy transportery stosowanych na portach lotniczych, kt\u00f3re wymagaj\u0105 do tego [&hellip;]<\/p>\n","protected":false},"author":3,"featured_media":0,"parent":22,"menu_order":0,"comment_status":"closed","ping_status":"closed","template":"","meta":{"footnotes":""},"class_list":["post-1288","page","type-page","status-publish","hentry"],"aioseo_notices":[],"_links":{"self":[{"href":"https:\/\/szkolenia-udt.pl\/de\/wp-json\/wp\/v2\/pages\/1288","targetHints":{"allow":["GET"]}}],"collection":[{"href":"https:\/\/szkolenia-udt.pl\/de\/wp-json\/wp\/v2\/pages"}],"about":[{"href":"https:\/\/szkolenia-udt.pl\/de\/wp-json\/wp\/v2\/types\/page"}],"author":[{"embeddable":true,"href":"https:\/\/szkolenia-udt.pl\/de\/wp-json\/wp\/v2\/users\/3"}],"replies":[{"embeddable":true,"href":"https:\/\/szkolenia-udt.pl\/de\/wp-json\/wp\/v2\/comments?post=1288"}],"version-history":[{"count":15,"href":"https:\/\/szkolenia-udt.pl\/de\/wp-json\/wp\/v2\/pages\/1288\/revisions"}],"predecessor-version":[{"id":1593,"href":"https:\/\/szkolenia-udt.pl\/de\/wp-json\/wp\/v2\/pages\/1288\/revisions\/1593"}],"up":[{"embeddable":true,"href":"https:\/\/szkolenia-udt.pl\/de\/wp-json\/wp\/v2\/pages\/22"}],"wp:attachment":[{"href":"https:\/\/szkolenia-udt.pl\/de\/wp-json\/wp\/v2\/media?parent=1288"}],"curies":[{"name":"wp","href":"https:\/\/api.w.org\/{rel}","templated":true}]}}