{"id":1298,"date":"2015-03-30T19:45:04","date_gmt":"2015-03-30T19:45:04","guid":{"rendered":"http:\/\/szkolenia-udt.pl\/?page_id=1298"},"modified":"2022-10-21T15:59:10","modified_gmt":"2022-10-21T13:59:10","slug":"container-und-palettentransporter","status":"publish","type":"page","link":"https:\/\/szkolenia-udt.pl\/de\/kursy\/lotnictwo\/transportery-kontenerow-i-palet\/","title":{"rendered":"Container- und Palettentransporter"},"content":{"rendered":"<h3>Ausr\u00fcstung f\u00fcr die Verladung von Containern in Flugzeuge<\/h3>\n<div style=\"float: left; padding-right: 10px;\"><div id=\"metaslider-id-1315\" style=\"max-width: 300px;\" class=\"ml-slider-3-108-0 metaslider metaslider-flex metaslider-1315 ml-slider ms-theme-default nav-hidden\" role=\"region\" aria-label=\"Transporter\" data-height=\"225\" data-width=\"300\">\n    <div id=\"metaslider_container_1315\">\n        <div id=\"metaslider_1315\">\n            <ul class='slides'>\n                <li style=\"display: block; width: 100%;\" class=\"slide-1316 ms-image\" aria-roledescription=\"slide\" data-date=\"2015-03-30 20:46:34\" data-filename=\"trans-4.jpg\" data-slide-type=\"image\"><img loading=\"lazy\" decoding=\"async\" src=\"https:\/\/szkolenia-udt.pl\/wp-content\/uploads\/2015\/03\/trans-4.jpg\" height=\"225\" width=\"300\" alt=\"\" class=\"slider-1315 slide-1316 msDefaultImage\" \/><\/li>\n                <li style=\"display: none; width: 100%;\" class=\"slide-1317 ms-image\" aria-roledescription=\"slide\" data-date=\"2015-03-30 20:46:35\" data-filename=\"trans-3.jpg\" data-slide-type=\"image\"><img loading=\"lazy\" decoding=\"async\" src=\"https:\/\/szkolenia-udt.pl\/wp-content\/uploads\/2015\/03\/trans-3.jpg\" height=\"225\" width=\"300\" alt=\"\" class=\"slider-1315 slide-1317 msDefaultImage\" \/><\/li>\n                <li style=\"display: none; width: 100%;\" class=\"slide-1318 ms-image\" aria-roledescription=\"slide\" data-date=\"2015-03-30 20:46:36\" data-filename=\"trans-21.jpg\" data-slide-type=\"image\"><img loading=\"lazy\" decoding=\"async\" src=\"https:\/\/szkolenia-udt.pl\/wp-content\/uploads\/2015\/03\/trans-21.jpg\" height=\"225\" width=\"300\" alt=\"\" class=\"slider-1315 slide-1318 msDefaultImage\" \/><\/li>\n                <li style=\"display: none; width: 100%;\" class=\"slide-1319 ms-image\" aria-roledescription=\"slide\" data-date=\"2015-03-30 20:46:38\" data-filename=\"trans-1.png\" data-slide-type=\"image\"><img loading=\"lazy\" decoding=\"async\" src=\"https:\/\/szkolenia-udt.pl\/wp-content\/uploads\/2015\/03\/trans-1.png\" height=\"225\" width=\"300\" alt=\"\" class=\"slider-1315 slide-1319 msDefaultImage\" \/><\/li>\n            <\/ul>\n        <\/div>\n        \n    <\/div>\n<\/div><\/div>\n<div class=\"wyjustuj\">\n<p>W <a href=\"https:\/\/szkolenia-udt.pl\/de\/o-firmie\/\">Schulungszentrum f\u00fcr Bediener<\/a> OSO bietet Ihnen eine professionelle Schulung f\u00fcr Container- und Palettentransporter, die auf Flugh\u00e4fen eingesetzt werden. Ausnutzung der Vorteile <a href=\"https:\/\/szkolenia-udt.pl\/de\/oferta\/\">Unser Angebot<\/a> Transporter sind Ladeplattformen, die so konstruiert sind, dass Container und Paletten auf ihnen be- und entladen werden k\u00f6nnen. Sie werden auf vielen Flugh\u00e4fen der Welt zur Abfertigung von Fracht und anderen Flugzeugen eingesetzt. Die Transportger\u00e4te sind in erster Linie als mobile Scherenhebeb\u00fchnen oder Doppelplattformhebeb\u00fchnen konzipiert, die an die Abmessungen des Flugzeugs angepasst sind und die Handhabung von Fracht - Gep\u00e4ck, Container- und Palettentransporte - erleichtern.<\/p>\n<p>W\u00e4hrend des Kurses erhalten die Teilnehmer ein breites theoretisches Wissen \u00fcber den Betrieb von F\u00f6rderanlagen, wobei der Schwerpunkt auf Gesundheits- und Sicherheitsfragen liegt, und nehmen an folgenden Aktivit\u00e4ten teil<br \/>\nPraktische Kurse, in denen Sie lernen, wie man die Ger\u00e4te benutzt. Die von uns angebotenen Flughafenschulungen wurden mit erfahrenen und kompetenten Fachleuten auf ihrem Gebiet und auf der Grundlage der aktuellen Gesetzgebung entwickelt.<\/p>\n<p><a href=\"https:\/\/szkolenia-udt.pl\/de\/kontakt\/\">Wir laden Sie ein, unser Angebot zu w\u00e4hlen!<\/a><\/p>\n<\/div>","protected":false},"excerpt":{"rendered":"<p>Urz\u0105dzenia do za\u0142adunku kontener\u00f3w na statki powietrznych W O\u015brodku Szkolenia Operator\u00f3w OSO oferujemy Pa\u0144stwu profesjonalne szkolenia na transportery kontener\u00f3w i palet stosowane na portach lotniczych. Skorzystanie z naszej oferty to dobry wyb\u00f3r \u2013 nauka od specjalist\u00f3w w swojej dziedzinie w atrakcyjnych cenach.Transportery to platformy cargo, kt\u00f3re zosta\u0142y zaprojektowane tak, aby mo\u017cna by\u0142o za\u0142adowywa\u0107 i roz\u0142adowywa\u0107 [&hellip;]<\/p>\n","protected":false},"author":3,"featured_media":3420,"parent":1288,"menu_order":0,"comment_status":"closed","ping_status":"closed","template":"","meta":{"footnotes":""},"class_list":["post-1298","page","type-page","status-publish","has-post-thumbnail","hentry"],"aioseo_notices":[],"_links":{"self":[{"href":"https:\/\/szkolenia-udt.pl\/de\/wp-json\/wp\/v2\/pages\/1298","targetHints":{"allow":["GET"]}}],"collection":[{"href":"https:\/\/szkolenia-udt.pl\/de\/wp-json\/wp\/v2\/pages"}],"about":[{"href":"https:\/\/szkolenia-udt.pl\/de\/wp-json\/wp\/v2\/types\/page"}],"author":[{"embeddable":true,"href":"https:\/\/szkolenia-udt.pl\/de\/wp-json\/wp\/v2\/users\/3"}],"replies":[{"embeddable":true,"href":"https:\/\/szkolenia-udt.pl\/de\/wp-json\/wp\/v2\/comments?post=1298"}],"version-history":[{"count":10,"href":"https:\/\/szkolenia-udt.pl\/de\/wp-json\/wp\/v2\/pages\/1298\/revisions"}],"predecessor-version":[{"id":3421,"href":"https:\/\/szkolenia-udt.pl\/de\/wp-json\/wp\/v2\/pages\/1298\/revisions\/3421"}],"up":[{"embeddable":true,"href":"https:\/\/szkolenia-udt.pl\/de\/wp-json\/wp\/v2\/pages\/1288"}],"wp:featuredmedia":[{"embeddable":true,"href":"https:\/\/szkolenia-udt.pl\/de\/wp-json\/wp\/v2\/media\/3420"}],"wp:attachment":[{"href":"https:\/\/szkolenia-udt.pl\/de\/wp-json\/wp\/v2\/media?parent=1298"}],"curies":[{"name":"wp","href":"https:\/\/api.w.org\/{rel}","templated":true}]}}