{"id":1305,"date":"2015-03-30T19:50:34","date_gmt":"2015-03-30T19:50:34","guid":{"rendered":"http:\/\/szkolenia-udt.pl\/?page_id=1305"},"modified":"2022-10-21T15:42:55","modified_gmt":"2022-10-21T13:42:55","slug":"enteisungsmaschinen","status":"publish","type":"page","link":"https:\/\/szkolenia-udt.pl\/de\/kursy\/lotnictwo\/odladzarki\/","title":{"rendered":"Kurse \u00fcber Enteiser"},"content":{"rendered":"<div style=\"float: left; padding-right: 10px;\"><div id=\"metaslider-id-1321\" style=\"max-width: 300px;\" class=\"ml-slider-3-107-0 metaslider metaslider-flex metaslider-1321 ml-slider ms-theme-default nav-hidden\" role=\"region\" aria-label=\"Enteisungsmaschinen\" data-height=\"225\" data-width=\"300\">\n    <div id=\"metaslider_container_1321\">\n        <div id=\"metaslider_1321\">\n            <ul class='slides'>\n                <li style=\"display: block; width: 100%;\" class=\"slide-1375 ms-image\" aria-roledescription=\"slide\" data-date=\"2015-07-10 13:24:51\" data-filename=\"resodladzarki_spraying-on-wing-of-plane.jpg\" data-slide-type=\"image\"><img loading=\"lazy\" decoding=\"async\" src=\"https:\/\/szkolenia-udt.pl\/wp-content\/uploads\/2015\/07\/resodladzarki_spraying-on-wing-of-plane.jpg\" height=\"225\" width=\"300\" alt=\"\" class=\"slider-1321 slide-1375 msDefaultImage\" \/><\/li>\n                <li style=\"display: none; width: 100%;\" class=\"slide-1374 ms-image\" aria-roledescription=\"slide\" data-date=\"2015-07-10 13:24:50\" data-filename=\"resodladzarki_KLM-deicing.jpg\" data-slide-type=\"image\"><img loading=\"lazy\" decoding=\"async\" src=\"https:\/\/szkolenia-udt.pl\/wp-content\/uploads\/2015\/07\/resodladzarki_KLM-deicing.jpg\" height=\"225\" width=\"300\" alt=\"\" class=\"slider-1321 slide-1374 msDefaultImage\" \/><\/li>\n                <li style=\"display: none; width: 100%;\" class=\"slide-1372 ms-image\" aria-roledescription=\"slide\" data-date=\"2015-07-10 13:24:49\" data-filename=\"resodladzarki_8465882939_2d4d48b966_b.jpg\" data-slide-type=\"image\"><img loading=\"lazy\" decoding=\"async\" src=\"https:\/\/szkolenia-udt.pl\/wp-content\/uploads\/2015\/07\/resodladzarki_8465882939_2d4d48b966_b.jpg\" height=\"225\" width=\"300\" alt=\"\" class=\"slider-1321 slide-1372 msDefaultImage\" \/><\/li>\n                <li style=\"display: none; width: 100%;\" class=\"slide-1373 ms-image\" aria-roledescription=\"slide\" data-date=\"2015-07-10 13:24:49\" data-filename=\"resodladzarki_Delicing__3__23.jpg\" data-slide-type=\"image\"><img loading=\"lazy\" decoding=\"async\" src=\"https:\/\/szkolenia-udt.pl\/wp-content\/uploads\/2015\/07\/resodladzarki_Delicing__3__23.jpg\" height=\"225\" width=\"300\" alt=\"\" class=\"slider-1321 slide-1373 msDefaultImage\" \/><\/li>\n                <li style=\"display: none; width: 100%;\" class=\"slide-1371 ms-image\" aria-roledescription=\"slide\" data-date=\"2015-07-10 13:24:48\" data-filename=\"resodladzarki_101217-airplane-deicing-hmed-901a.jpg\" data-slide-type=\"image\"><img loading=\"lazy\" decoding=\"async\" src=\"https:\/\/szkolenia-udt.pl\/wp-content\/uploads\/2015\/07\/resodladzarki_101217-airplane-deicing-hmed-901a.jpg\" height=\"225\" width=\"300\" alt=\"\" class=\"slider-1321 slide-1371 msDefaultImage\" \/><\/li>\n                <li style=\"display: none; width: 100%;\" class=\"slide-1370 ms-image\" aria-roledescription=\"slide\" data-date=\"2015-07-10 13:24:46\" data-filename=\"resodladzarki_34t9vl0.jpg\" data-slide-type=\"image\"><img loading=\"lazy\" decoding=\"async\" src=\"https:\/\/szkolenia-udt.pl\/wp-content\/uploads\/2015\/07\/resodladzarki_34t9vl0.jpg\" height=\"225\" width=\"300\" alt=\"\" class=\"slider-1321 slide-1370 msDefaultImage\" \/><\/li>\n            <\/ul>\n        <\/div>\n        \n    <\/div>\n<\/div><\/div>\n<div class=\"wyjustuj\">\n<p><a href=\"https:\/\/szkolenia-udt.pl\/de\/o-firmie\/\">Schulungszentrum f\u00fcr OSO-Bediener<\/a> l\u00e4dt Sie zu den Enteisungskursen ein, die wir f\u00fcr diejenigen anbieten, die die entsprechende Zertifizierung f\u00fcr die Bedienung dieser Art von Ger\u00e4ten auf Flugh\u00e4fen erwerben m\u00f6chten. Sie haben die Aufgabe, die durch das gefrorene Eis entstandene Schicht von der Oberfl\u00e4che des Flugzeugs zu entfernen und es anschlie\u00dfend vor weiterer Eisbildung zu sch\u00fctzen. Die Enteisung erfolgt vor dem Start des Flugzeugs auf der Rollbahn. Sie besteht darin, dass die Oberfl\u00e4che des Flugzeugs von einem Mitarbeiter in einer Hebeb\u00fchne mit einer Mischung aus Glykol und Wasser bei der entsprechenden Temperatur bespr\u00fcht wird. Die Bedienung der Hebeb\u00fchnen liegt in der Verantwortung von qualifiziertem Personal, das \u00fcber eine entsprechende Genehmigung verf\u00fcgen muss.<\/p>\n<p>In den Kursen erhalten die Teilnehmer umfassende theoretische Kenntnisse \u00fcber den Betrieb von Enteisungsanlagen, die Grunds\u00e4tze der Sicherheit und des Gesundheitsschutzes und nehmen auch an praktischen Aktivit\u00e4ten teil.<\/p>\n<p>Verf\u00fcgbar in unserem Zentrum <a href=\"https:\/\/szkolenia-udt.pl\/de\/kursy\/lotnictwo\/\">Ausbildung f\u00fcr Flugpersonal<\/a> Flughafenabfertigung wurden unter Mitwirkung erfahrener Fachleute auf ihrem Gebiet und auf der Grundlage der geltenden Rechtsvorschriften entwickelt.<\/p>\n<p>Wir laden Sie ein, die folgenden M\u00f6glichkeiten zu nutzen <a href=\"https:\/\/szkolenia-udt.pl\/de\/oferta\/\">Unser Angebot<\/a>!<\/p>\n<\/div>","protected":false},"excerpt":{"rendered":"<p>O\u015brodek Szkolenia Operator\u00f3w OSO zaprasza na kursy na odladzarki oferowane przez nas dla os\u00f3b chc\u0105cych uzyska\u0107 odpowiednie uprawnienia do obs\u0142ugi urz\u0105dze\u0144 tego rodzaju na portach lotniczych.Odladzarki to urz\u0105dzenia przeznaczone do odladzania samolot\u00f3w. Ich celem jest usuwanie z powierzchni samolotu warstwy stworzonej przez przymarzni\u0119ty l\u00f3d, a nast\u0119pnie ich zabezpieczenie przed powstaniem kolejnego oblodzenia. Odladzanie jest prowadzone [&hellip;]<\/p>\n","protected":false},"author":3,"featured_media":3416,"parent":1288,"menu_order":0,"comment_status":"closed","ping_status":"closed","template":"","meta":{"footnotes":""},"class_list":["post-1305","page","type-page","status-publish","has-post-thumbnail","hentry"],"aioseo_notices":[],"_links":{"self":[{"href":"https:\/\/szkolenia-udt.pl\/de\/wp-json\/wp\/v2\/pages\/1305","targetHints":{"allow":["GET"]}}],"collection":[{"href":"https:\/\/szkolenia-udt.pl\/de\/wp-json\/wp\/v2\/pages"}],"about":[{"href":"https:\/\/szkolenia-udt.pl\/de\/wp-json\/wp\/v2\/types\/page"}],"author":[{"embeddable":true,"href":"https:\/\/szkolenia-udt.pl\/de\/wp-json\/wp\/v2\/users\/3"}],"replies":[{"embeddable":true,"href":"https:\/\/szkolenia-udt.pl\/de\/wp-json\/wp\/v2\/comments?post=1305"}],"version-history":[{"count":6,"href":"https:\/\/szkolenia-udt.pl\/de\/wp-json\/wp\/v2\/pages\/1305\/revisions"}],"predecessor-version":[{"id":3417,"href":"https:\/\/szkolenia-udt.pl\/de\/wp-json\/wp\/v2\/pages\/1305\/revisions\/3417"}],"up":[{"embeddable":true,"href":"https:\/\/szkolenia-udt.pl\/de\/wp-json\/wp\/v2\/pages\/1288"}],"wp:featuredmedia":[{"embeddable":true,"href":"https:\/\/szkolenia-udt.pl\/de\/wp-json\/wp\/v2\/media\/3416"}],"wp:attachment":[{"href":"https:\/\/szkolenia-udt.pl\/de\/wp-json\/wp\/v2\/media?parent=1305"}],"curies":[{"name":"wp","href":"https:\/\/api.w.org\/{rel}","templated":true}]}}