{"id":1558,"date":"2016-07-04T19:26:40","date_gmt":"2016-07-04T19:26:40","guid":{"rendered":"http:\/\/szkolenia-udt.pl\/?page_id=1558"},"modified":"2023-12-11T00:53:55","modified_gmt":"2023-12-10T23:53:55","slug":"uber-das-unternehmen","status":"publish","type":"page","link":"https:\/\/szkolenia-udt.pl\/de\/o-firmie\/","title":{"rendered":"\u00dcber uns"},"content":{"rendered":"<div style=\"float: left; padding-right: 10px;\"><div id=\"metaslider-id-373\" style=\"max-width: 300px;\" class=\"ml-slider-3-108-0 metaslider metaslider-flex metaslider-373 ml-slider ms-theme-default nav-hidden\" role=\"region\" aria-label=\"\u00dcber das Unternehmen 2\" data-height=\"225\" data-width=\"300\">\n    <div id=\"metaslider_container_373\">\n        <div id=\"metaslider_373\">\n            <ul class='slides'>\n                <li style=\"display: block; width: 100%;\" class=\"slide-1109 ms-image\" aria-roledescription=\"slide\" data-date=\"2014-11-12 13:56:05\" data-filename=\"bizness3a.jpg\" data-slide-type=\"image\"><img loading=\"lazy\" decoding=\"async\" src=\"https:\/\/szkolenia-udt.pl\/wp-content\/uploads\/2014\/11\/bizness3a.jpg\" height=\"225\" width=\"300\" alt=\"Ausbildung\" class=\"slider-373 slide-1109 msDefaultImage\" \/><\/li>\n                <li style=\"display: none; width: 100%;\" class=\"slide-1106 ms-image\" aria-roledescription=\"slide\" data-date=\"2014-11-12 13:56:03\" data-filename=\"biznes5a.jpg\" data-slide-type=\"image\"><img loading=\"lazy\" decoding=\"async\" src=\"https:\/\/szkolenia-udt.pl\/wp-content\/uploads\/2014\/11\/biznes5a.jpg\" height=\"225\" width=\"300\" alt=\"Technische Pr\u00fcfstelle\" class=\"slider-373 slide-1106 msDefaultImage\" \/><\/li>\n                <li style=\"display: none; width: 100%;\" class=\"slide-1110 ms-image\" aria-roledescription=\"slide\" data-date=\"2014-11-12 14:04:12\" data-filename=\"meeting-2a.jpg\" data-slide-type=\"image\"><img loading=\"lazy\" decoding=\"async\" src=\"https:\/\/szkolenia-udt.pl\/wp-content\/uploads\/2014\/11\/meeting-2a.jpg\" height=\"225\" width=\"300\" alt=\"udt-Kurse\" class=\"slider-373 slide-1110 msDefaultImage\" \/><\/li>\n                <li style=\"display: none; width: 100%;\" class=\"slide-1199 ms-image\" aria-roledescription=\"slide\" data-date=\"2014-11-17 21:17:06\" data-filename=\"firma-5a.jpg\" data-slide-type=\"image\"><img loading=\"lazy\" decoding=\"async\" src=\"https:\/\/szkolenia-udt.pl\/wp-content\/uploads\/2014\/11\/firma-5a.jpg\" height=\"225\" width=\"300\" alt=\"Warschauer Gabelstapler\" class=\"slider-373 slide-1199 msDefaultImage\" \/><\/li>\n                <li style=\"display: none; width: 100%;\" class=\"slide-1196 ms-image\" aria-roledescription=\"slide\" data-date=\"2014-11-17 21:17:04\" data-filename=\"Firma-2a.jpg\" data-slide-type=\"image\"><img loading=\"lazy\" decoding=\"async\" src=\"https:\/\/szkolenia-udt.pl\/wp-content\/uploads\/2014\/11\/Firma-2a.jpg\" height=\"225\" width=\"300\" alt=\"\" class=\"slider-373 slide-1196 msDefaultImage\" \/><\/li>\n            <\/ul>\n        <\/div>\n        \n    <\/div>\n<\/div><\/div>\n<div class=\"wyjustuj\">\n<p>Das OSO Operator Training Centre ist seit mehr als 15 Jahren in Betrieb, aber unsere Erfahrung reicht mehr als 20 Jahre zur\u00fcck. Wir bieten umfassende Schulungsdienste f\u00fcr verschiedene Berufsgruppen an. Unser Angebot umfasst u.a. <a href=\"https:\/\/szkolenia-udt.pl\/de\/kursy\/szkolenie-audytorskie-udt\/\">UDT-Ausbildung<\/a>, <a href=\"https:\/\/szkolenia-udt.pl\/de\/kursy\/sep-g1-g2-g3\/g1\/\">G1<\/a>, <a href=\"https:\/\/szkolenia-udt.pl\/de\/kursy\/sep-g1-g2-g3\/g2\/\">G2<\/a>, <a href=\"https:\/\/szkolenia-udt.pl\/de\/kursy\/sep-g1-g2-g3\/g3\/\">G3<\/a>HDS, au\u00dferdem Ausbildung in Arbeitsschutz, Brandbek\u00e4mpfung und Erster Hilfe. Dar\u00fcber hinaus sind wir auf Dienstleistungen im Bereich Gesundheit, Sicherheit und Brandschutz f\u00fcr Unternehmen spezialisiert.<\/p>\n<p>Unser Hauptziel ist es, unseren Kunden Schulungsdienstleistungen von h\u00f6chster Qualit\u00e4t zu bieten. Unser Zentrum besteht aus Ausbildern mit langj\u00e4hriger Erfahrung, qualifizierten Methodikern und anderen Personen, denen die Qualit\u00e4t der Ausbildung und die Zufriedenheit der Teilnehmer in allen unseren Zentren am Herzen liegt. Unseren Umfragen zufolge w\u00fcrden 98%-Teilnehmer unsere Kurse auf jeden Fall weiter empfehlen.<\/p>\n<p>Wir arbeiten mit Institutionen wie dem Amt f\u00fcr technische \u00dcberwachung und dem Verband der polnischen Elektriker zusammen. Gemeinsam mit ihren Experten erstellen wir Lehrpl\u00e4ne und f\u00fchren Pr\u00fcfungen f\u00fcr Lizenzen durch. Wir sind bestrebt, auf hohem Niveau zu unterrichten. Deshalb achten wir auch auf die Ausstattung unserer Schulungsr\u00e4ume, auf eine moderne Einrichtung und legen gro\u00dfen Wert auf die Praxis - sowohl unser theoretischer Unterricht als auch die \u00dcbungen werden mit handlungsorientierten Methoden durchgef\u00fchrt.<\/p>\n<h2 class=\"boldnagl\"><strong>Warum CSOs?<\/strong><\/h2>\n<p>Wir verf\u00fcgen \u00fcber langj\u00e4hrige Erfahrung und arbeiten mit den besten Ausbildern im ganzen Land zusammen. Im Unterricht setzen wir innovative, aktivierende Lehrmethoden ein. Die Programme unserer Kurse basieren auf den neuesten Vorschriften, u. a. des Amtes f\u00fcr technische \u00dcberwachung, des Verbandes der polnischen Elektriker und anderer Branchenverb\u00e4nde. Wir bilden effektiv aus - wir zeichnen uns durch die h\u00f6chste Erfolgsquote bei Pr\u00fcfungen aus. Wir bieten auch erschwingliche Preise.<\/p>\n<h2 class=\"boldnagl\"><strong>Wo werden wir ausgebildet?<\/strong><\/h2>\n<p>Wir f\u00fchren unsere Schulungen in erster Linie in Warschau durch, wo sich unsere Hauptniederlassung befindet, aber wir sind auch an anderen Orten in ganz Polen verf\u00fcgbar. Wir bieten Schulungen in St\u00e4dten wie Krak\u00f3w, \u0141\u00f3d\u017a, Wroc\u0142aw, Pozna\u0144, Gda\u0144sk, Gdynia, Szczecin, Bydgoszcz, Lublin, Katowice und Bielsko-Bia\u0142a an. Dar\u00fcber hinaus bieten wir Schulungen unter Ausschluss der \u00d6ffentlichkeit an, die an einem im Voraus mit dem Kunden vereinbarten Ort stattfinden.<\/p>\n<p>Unser Hauptsitz befindet sich in Warschau, wo professionell eingerichtete Unterrichtsr\u00e4ume auf die Teilnehmer warten. Sie sind auch herzlich eingeladen, unsere Filialen in Krakau, Kattowitz und Bielsko-Biala zu besuchen.<\/p>\n<div style=\"float: left; padding-right: 10px;\"><div id=\"metaslider-id-372\" style=\"max-width: 300px;\" class=\"ml-slider-3-108-0 metaslider metaslider-flex metaslider-372 ml-slider ms-theme-default nav-hidden nav-hidden\" role=\"region\" aria-label=\"\u00fcber das Unternehmen\" data-height=\"225\" data-width=\"300\">\n    <div id=\"metaslider_container_372\">\n        <div id=\"metaslider_372\">\n            <ul class='slides'>\n                <li style=\"display: block; width: 100%;\" class=\"slide-1108 ms-image\" aria-roledescription=\"slide\" data-date=\"2014-11-12 13:56:05\" data-filename=\"bizness2a.jpg\" data-slide-type=\"image\"><img loading=\"lazy\" decoding=\"async\" src=\"https:\/\/szkolenia-udt.pl\/wp-content\/uploads\/2014\/11\/bizness2a.jpg\" height=\"225\" width=\"300\" alt=\"warschau udt-kurse\" class=\"slider-372 slide-1108 msDefaultImage\" \/><\/li>\n                <li style=\"display: none; width: 100%;\" class=\"slide-1111 ms-image\" aria-roledescription=\"slide\" data-date=\"2014-11-12 14:04:13\" data-filename=\"meeting2.jpg\" data-slide-type=\"image\"><img loading=\"lazy\" decoding=\"async\" src=\"https:\/\/szkolenia-udt.pl\/wp-content\/uploads\/2014\/11\/meeting2.jpg\" height=\"225\" width=\"300\" alt=\"oso warschau\" class=\"slider-372 slide-1111 msDefaultImage\" \/><\/li>\n                <li style=\"display: none; width: 100%;\" class=\"slide-1198 ms-image\" aria-roledescription=\"slide\" data-date=\"2014-11-17 21:17:05\" data-filename=\"firma-4a.jpg\" data-slide-type=\"image\"><img loading=\"lazy\" decoding=\"async\" src=\"https:\/\/szkolenia-udt.pl\/wp-content\/uploads\/2014\/11\/firma-4a.jpg\" height=\"225\" width=\"300\" alt=\"Ausbildung\" class=\"slider-372 slide-1198 msDefaultImage\" \/><\/li>\n                <li style=\"display: none; width: 100%;\" class=\"slide-1197 ms-image\" aria-roledescription=\"slide\" data-date=\"2014-11-17 21:17:05\" data-filename=\"firma-3a.jpg\" data-slide-type=\"image\"><img loading=\"lazy\" decoding=\"async\" src=\"https:\/\/szkolenia-udt.pl\/wp-content\/uploads\/2014\/11\/firma-3a.jpg\" height=\"225\" width=\"300\" alt=\"Gabelstaplerfahrer\" class=\"slider-372 slide-1197 msDefaultImage\" \/><\/li>\n                <li style=\"display: none; width: 100%;\" class=\"slide-1195 ms-image\" aria-roledescription=\"slide\" data-date=\"2014-11-17 21:17:03\" data-filename=\"firma-1a.jpg\" data-slide-type=\"image\"><img loading=\"lazy\" decoding=\"async\" src=\"https:\/\/szkolenia-udt.pl\/wp-content\/uploads\/2014\/11\/firma-1a.jpg\" height=\"225\" width=\"300\" alt=\"\" class=\"slider-372 slide-1195 msDefaultImage\" \/><\/li>\n            <\/ul>\n        <\/div>\n        \n    <\/div>\n<\/div><\/div>\n<div class=\"wyjustuj\">\n<p>Wir orientieren uns an den Bed\u00fcrfnissen unserer Kunden. Wenn Sie also professionelle Hilfe bei der Schulung der Mitarbeiter Ihres Unternehmens ben\u00f6tigen oder einfach Ihre Position auf dem Arbeitsmarkt verbessern wollen, sollten Sie sich jetzt unser Angebot ansehen, einen passenden Termin w\u00e4hlen und sich oder Ihre Mitarbeiter f\u00fcr einen Kurs anmelden. Wenn Sie Fragen haben, stehen wir Ihnen jederzeit zur Verf\u00fcgung - rufen Sie uns an, schreiben Sie uns eine E-Mail oder besuchen Sie eine unserer Filialen. Das OSO Operator Training Centre ist eine nicht-\u00f6ffentliche Bildungseinrichtung, die im Register der nicht-\u00f6ffentlichen Schulen und Einrichtungen der Stadt Warschau eingetragen ist.<\/p>\n<p>Wenn Sie Fragen zu unseren Dienstleistungen haben, stehen wir Ihnen jederzeit zur Verf\u00fcgung - bitte z\u00f6gern Sie nicht, uns zu kontaktieren. Werfen Sie einen Blick auf unser komplettes Schulungsangebot auf unserer Website und entscheiden Sie sich f\u00fcr unsere Dienste!<\/p>\n<p>Wir laden Sie herzlich ein, unsere Dienste in Anspruch zu nehmen!<br \/>\nTeam des CSO Operator Training Centre<\/p>\n<\/div>\n<\/div>","protected":false},"excerpt":{"rendered":"<p>O\u015brodek Szkolenia Operator\u00f3w OSO dzia\u0142a od ponad 15 lat, ale nasze do\u015bwiadczenie si\u0119ga ponad 20 lat wstecz. Zajmujemy si\u0119 \u015bwiadczeniem kompleksowych us\u0142ug szkoleniowych dla r\u00f3\u017cnych grup zawodowych. W naszej ofercie znajduj\u0105 si\u0119 mi\u0119dzy innymi szkolenia UDT, G1, G2, G3, HDS, tak\u017ce szkolenia BHP, PPO\u017b oraz pierwszej pomocy przedmedycznej. Dodatkowo nasz\u0105 specjalno\u015bci\u0105 s\u0105 us\u0142ugi BHP i [&hellip;]<\/p>\n","protected":false},"author":3,"featured_media":0,"parent":0,"menu_order":0,"comment_status":"closed","ping_status":"closed","template":"","meta":{"footnotes":""},"class_list":["post-1558","page","type-page","status-publish","hentry"],"aioseo_notices":[],"_links":{"self":[{"href":"https:\/\/szkolenia-udt.pl\/de\/wp-json\/wp\/v2\/pages\/1558","targetHints":{"allow":["GET"]}}],"collection":[{"href":"https:\/\/szkolenia-udt.pl\/de\/wp-json\/wp\/v2\/pages"}],"about":[{"href":"https:\/\/szkolenia-udt.pl\/de\/wp-json\/wp\/v2\/types\/page"}],"author":[{"embeddable":true,"href":"https:\/\/szkolenia-udt.pl\/de\/wp-json\/wp\/v2\/users\/3"}],"replies":[{"embeddable":true,"href":"https:\/\/szkolenia-udt.pl\/de\/wp-json\/wp\/v2\/comments?post=1558"}],"version-history":[{"count":5,"href":"https:\/\/szkolenia-udt.pl\/de\/wp-json\/wp\/v2\/pages\/1558\/revisions"}],"predecessor-version":[{"id":2901,"href":"https:\/\/szkolenia-udt.pl\/de\/wp-json\/wp\/v2\/pages\/1558\/revisions\/2901"}],"wp:attachment":[{"href":"https:\/\/szkolenia-udt.pl\/de\/wp-json\/wp\/v2\/media?parent=1558"}],"curies":[{"name":"wp","href":"https:\/\/api.w.org\/{rel}","templated":true}]}}