{"id":1841,"date":"2016-10-11T20:42:45","date_gmt":"2016-10-11T20:42:45","guid":{"rendered":"http:\/\/szkolenia-udt.pl\/?page_id=1841"},"modified":"2021-07-19T21:57:05","modified_gmt":"2021-07-19T21:57:05","slug":"kompressoren","status":"publish","type":"page","link":"https:\/\/szkolenia-udt.pl\/de\/kursy\/sprezarki\/","title":{"rendered":"Kompressoren"},"content":{"rendered":"<h2 class=\"boldnagl\">AUSBILDUNG F\u00dcR KOMPRESSOREN<\/h2>\n<p>Wir empfehlen Ihnen, sich f\u00fcr eine professionelle Kompressorenschulung anzumelden. Unser <a href=\"https:\/\/szkolenia-udt.pl\/de\/o-firmie\/\">Zentrum<\/a> ist eine Kombination aus hochwertigem Service und spezialisierter Ausbildung, die Ihnen hilft, die gew\u00fcnschte berufliche Qualifikation zu erlangen.<\/p>\n<h3 class=\"boldnagl\">ZWECK DER AUSBILDUNG<\/h3>\n<p>Im Rahmen der Berufsausbildung bieten wir professionelle Kurse an, in denen jeder Teilnehmer die Bedienung der folgenden Ger\u00e4te erlernen kann:<\/p>\n<ul>\n<li>Kompressoren,<\/li>\n<li>Kompressoren,<\/li>\n<li>Lutscher,<\/li>\n<li>Gebl\u00e4se,<\/li>\n<li>Druckluftsysteme.<\/li>\n<\/ul>\n<p>Wir bieten praktische und theoretische Kurse an, in denen Sie F\u00e4higkeiten im Zusammenhang mit dem Betrieb und der \u00dcberwachung von Anlagen erwerben k\u00f6nnen.<br \/>\nAm Ende des Kurses hat jeder Teilnehmer die M\u00f6glichkeit, eine Berufspr\u00fcfung vor einem Pr\u00fcfungsausschuss abzulegen. Das erhaltene Zertifikat ist 5 Jahre lang g\u00fcltig, danach muss die Qualifikation erneuert werden.<\/p>\n<h3 class=\"boldnagl\">TEILNEHMER<\/h3>\n<p>Teilnehmen kann jeder, der \u00fcber 18 Jahre alt ist und mindestens \u00fcber einen Grundschulabschluss verf\u00fcgt.<\/p>\n<h3 class=\"boldnagl\">VORTEILE DER BERUFLICHEN BILDUNG<\/h3>\n<p>W\u00e4hrend des Kurses kann jeder Teilnehmer die wichtigsten Rechtsvorschriften, die den Betrieb von Ger\u00e4ten und Anlagen regeln, im Detail kennen lernen, ebenso wie die Einteilung von Kompressoren und deren verschiedene Typen. Dazu geh\u00f6ren auch Kenntnisse und Fertigkeiten f\u00fcr die Bedienung der Anlage in der An- und Abfahrphase sowie die Kenntnis der Konstruktions- und Funktionsprinzipien. Der Kurs umfasst auch Lektionen in Arbeitsschutz und Brandsicherheit.<br \/>\nWir ermutigen Sie, sich anzumelden f\u00fcr <a href=\"https:\/\/szkolenia-udt.pl\/de\/kursy\/\">unsere Ausbildungskurse<\/a> an Kompressoren und zur <a href=\"https:\/\/szkolenia-udt.pl\/de\/kontakt\/\">Telefon- oder E-Mail-Kontakt<\/a>.<\/p>","protected":false},"excerpt":{"rendered":"<p>SZKOLENIA NA SPR\u0118\u017bARKI Zach\u0119camy do zapisania si\u0119 na profesjonalne szkolenie obs\u0142ugi spr\u0119\u017carek. Nasz o\u015brodek to po\u0142\u0105czenie najwy\u017cszej jako\u015bci obs\u0142ugi oraz specjalistyczna edukacja, dzi\u0119ki kt\u00f3rej mo\u017cna zyska\u0107 upragnione uprawnienia zawodowe. CEL SZKOLENIA W ramach procesu edukacji zawodowej zapewniamy profesjonalne zaj\u0119cia, na kt\u00f3rych ka\u017cdy uczestnik mo\u017ce si\u0119 nauczy\u0107 obs\u0142ugiwa\u0107 nast\u0119puj\u0105ce urz\u0105dzenia: spr\u0119\u017carki, kompresory, ssawy, dmuchawy, instalacje spr\u0119\u017conego [&hellip;]<\/p>\n","protected":false},"author":3,"featured_media":0,"parent":22,"menu_order":0,"comment_status":"closed","ping_status":"closed","template":"","meta":{"footnotes":""},"class_list":["post-1841","page","type-page","status-publish","hentry"],"aioseo_notices":[],"_links":{"self":[{"href":"https:\/\/szkolenia-udt.pl\/de\/wp-json\/wp\/v2\/pages\/1841","targetHints":{"allow":["GET"]}}],"collection":[{"href":"https:\/\/szkolenia-udt.pl\/de\/wp-json\/wp\/v2\/pages"}],"about":[{"href":"https:\/\/szkolenia-udt.pl\/de\/wp-json\/wp\/v2\/types\/page"}],"author":[{"embeddable":true,"href":"https:\/\/szkolenia-udt.pl\/de\/wp-json\/wp\/v2\/users\/3"}],"replies":[{"embeddable":true,"href":"https:\/\/szkolenia-udt.pl\/de\/wp-json\/wp\/v2\/comments?post=1841"}],"version-history":[{"count":6,"href":"https:\/\/szkolenia-udt.pl\/de\/wp-json\/wp\/v2\/pages\/1841\/revisions"}],"predecessor-version":[{"id":2379,"href":"https:\/\/szkolenia-udt.pl\/de\/wp-json\/wp\/v2\/pages\/1841\/revisions\/2379"}],"up":[{"embeddable":true,"href":"https:\/\/szkolenia-udt.pl\/de\/wp-json\/wp\/v2\/pages\/22"}],"wp:attachment":[{"href":"https:\/\/szkolenia-udt.pl\/de\/wp-json\/wp\/v2\/media?parent=1841"}],"curies":[{"name":"wp","href":"https:\/\/api.w.org\/{rel}","templated":true}]}}