{"id":1853,"date":"2017-06-15T17:03:26","date_gmt":"2017-06-15T17:03:26","guid":{"rendered":"http:\/\/szkolenia-udt.pl\/?page_id=1853"},"modified":"2026-03-04T12:10:29","modified_gmt":"2026-03-04T11:10:29","slug":"lichtwellenleiter-schweisen","status":"publish","type":"page","link":"https:\/\/szkolenia-udt.pl\/de\/kursy\/spawanie-swiatlowodow\/","title":{"rendered":"Schwei\u00dfen von Lichtwellenleitern"},"content":{"rendered":"<h2>Kurs zum Schwei\u00dfen von Lichtwellenleitern<\/h2>\n<div class=\"wyjustuj\">\n<p><a href=\"https:\/\/szkolenia-udt.pl\/wp-content\/uploads\/2021\/07\/Projekt-bez-tytulu-34.jpg\"><img loading=\"lazy\" decoding=\"async\" class=\"wp-image-2386 size-medium alignleft\" src=\"https:\/\/szkolenia-udt.pl\/wp-content\/uploads\/2021\/07\/Projekt-bez-tytulu-34-300x251.jpg\" alt=\"\" width=\"300\" height=\"251\" srcset=\"https:\/\/szkolenia-udt.pl\/wp-content\/uploads\/2021\/07\/Projekt-bez-tytulu-34-300x251.jpg 300w, https:\/\/szkolenia-udt.pl\/wp-content\/uploads\/2021\/07\/Projekt-bez-tytulu-34-768x644.jpg 768w, https:\/\/szkolenia-udt.pl\/wp-content\/uploads\/2021\/07\/Projekt-bez-tytulu-34.jpg 940w\" sizes=\"auto, (max-width: 300px) 100vw, 300px\" \/><\/a>Wir laden Sie herzlich ein, sich f\u00fcr einen Glasfaserschwei\u00dfkurs bei OSO anzumelden! Wir sind ein Ausbildungsunternehmen mit langj\u00e4hriger Erfahrung, das seinen Kunden professionelle Dienstleistungen zu erschwinglichen Preisen anbietet!<\/p>\n<p>Berufe wie das Glasfaserschwei\u00dfen erfordern eine angemessene theoretische und praktische Ausbildung. Da heutzutage immer h\u00e4ufiger Glasfaserkabel verlegt werden, ist es bei der Arbeitssuche sehr hilfreich, wenn man wei\u00df, wie man ein Glasfaserschwei\u00dfger\u00e4t bedient.<\/p>\n<h3><strong>Zweck der Ausbildung<\/strong><\/h3>\n<p>F\u00fcr diejenigen, die mit dem Schwei\u00dfen von Glasfasern beginnen wollen, ist ein Kurs in diesem Bereich die beste Wahl. Der Lehrgang befasst sich mit der Theorie und Praxis der Bedienung eines Ger\u00e4ts wie einer Glasfaserschwei\u00dfmaschine und der Herstellung von Splei\u00dfen. Sie lernen, wie ein Glasfaserschwei\u00dfger\u00e4t funktioniert, wie es zu bedienen ist und wie man Glasfaserkabel vorbereitet und fertigstellt.<\/p>\n<h3><strong>Die Schulungsthemen umfassen haupts\u00e4chlich:<\/strong><\/h3>\n<ul>\n<li>Arten von Lichtwellenleitern und ihre Parameter<\/li>\n<li>faseroptische steckverbinder und ihre arten und anwendungen<\/li>\n<li>Vorbereitung von Glasfaserkabeln und Zubeh\u00f6r zum Schwei\u00dfen<\/li>\n<li>Bedienung der Lichtwellenleiter-Schwei\u00dfmaschine<\/li>\n<li>Faseroptisches Schwei\u00dfen<\/li>\n<li>Kontrollmessungen<\/li>\n<li>Gesundheits- und Sicherheitsvorschriften am Arbeitsplatz<\/li>\n<\/ul>\n<div style=\"width: 640px;\" class=\"wp-video\"><video id=\"video-1853-1\" width=\"640\" height=\"360\" poster=\"https:\/\/szkolenia-udt.pl\/wp-content\/uploads\/2023\/03\/okladka-spawacz-swiatlowodow-OSO.jpg\" preload=\"metadata\" controls=\"controls\"><source type=\"video\/mp4\" src=\"https:\/\/szkolenia-udt.pl\/wp-content\/uploads\/2023\/03\/spawacz-swiatlowodow-SZKOLENIA-UDT.PL-OSO.mp4?_=1\" \/><a href=\"https:\/\/szkolenia-udt.pl\/wp-content\/uploads\/2023\/03\/spawacz-swiatlowodow-SZKOLENIA-UDT.PL-OSO.mp4\">https:\/\/szkolenia-udt.pl\/wp-content\/uploads\/2023\/03\/spawacz-swiatlowodow-SZKOLENIA-UDT.PL-OSO.mp4<\/a><\/video><\/div>\n<p>\u00a0<\/p>\n<\/div>\n\n\n<h2 class=\"wp-block-heading\"><strong>Berechtigungen<\/strong><\/h2>\n\n\n\n<p>Nach der Ausbildung k\u00f6nnen Sie einen Schwei\u00dferschein erwerben, der durch eine entsprechende Bescheinigung best\u00e4tigt wird.<\/p>\n\n\n\n<h2 class=\"wp-block-heading\"><strong>Preis<\/strong><\/h2>\n\n\n\n<p>Wenn Sie sich f\u00fcr einen Kurs im Glasfaserschwei\u00dfen interessieren, ist der Preis in unserem Zentrum sehr attraktiv. Wir bieten auch attraktive Rabatte f\u00fcr gr\u00f6\u00dfere Gruppen. Die Preise entnehmen Sie bitte der Preisliste oder kontaktieren Sie uns.<\/p>\n\n\n\n<h2 class=\"wp-block-heading\"><strong>Wo sind wir t\u00e4tig?<\/strong><\/h2>\n\n\n\n<p>F\u00fcr Schwei\u00dfkurse laden wir Sie in unsere landesweit t\u00e4tigen Zentren ein. Wir k\u00f6nnen auch zu Kunden im ganzen Land reisen, um geschlossene Schulungen durchzuf\u00fchren.<\/p>\n\n\n\n<p>Sollten Sie weitere Fragen haben, z\u00f6gern Sie bitte nicht, uns zu kontaktieren. Unsere Mitarbeiter werden sie umfassend beantworten.<\/p>\n\n\n\n<h2 class=\"wp-block-heading\">Internationale Zertifikate<\/h2>\n\n\n\n<p>Der Kurs CFOS\/S Fibre Optic Welding ist Teil eines internationalen Zertifizierungsprogramms zum Erwerb praktischer F\u00e4higkeiten und eines angesehenen Zertifikats in der Glasfaserindustrie.<\/p>\n\n\n\n<h3 class=\"wp-block-heading\">CFOT - Zertifizierter Lichtwellenleitertechniker<\/h3>\n\n\n\n<p>Grundzertifikat f\u00fcr Lichtwellenleitertechniker - Installation, Grundschwei\u00dfen und Messung.<\/p>\n\n\n\n<h3 class=\"wp-block-heading\">CFOS\/O - Au\u00dferhalb der Anlage<\/h3>\n\n\n\n<p>Spezialisiert auf den Bau und die Wartung von Freiluftnetzen in der Erde, in Kan\u00e4len und auf Masten.<\/p>\n\n\n\n<h3 class=\"wp-block-heading\">CFOS\/S - Splei\u00dfen<\/h3>\n\n\n\n<p>Praktisches Faserschwei\u00dfen, Verbindungsvorbereitung und -schutz, Qualit\u00e4tskontrolle der Schwei\u00dfn\u00e4hte.<\/p>\n\n\n\n<h3 class=\"wp-block-heading\">CFOS\/T - Pr\u00fcfung<\/h3>\n\n\n\n<p>Messung und Diagnose von Glasfasernetzen, OTDR-Betrieb und Ergebnisprotokollierung.<\/p>","protected":false},"excerpt":{"rendered":"<p>Kurs spawania \u015bwiat\u0142owod\u00f3w Zapraszamy serdecznie na kurs spawacza \u015bwiat\u0142owod\u00f3w do OSO!Zapraszamy do zapisania si\u0119 na kurs spawania \u015bwiat\u0142owod\u00f3w w naszym O\u015brodku Szkolenia Operator\u00f3w. Jeste\u015bmy firm\u0105 szkoleniow\u0105 z wieloletnim do\u015bwiadczeniem, kt\u00f3ra zapewnia swoim klientom profesjonalne us\u0142ugi w przyst\u0119pnych cenach! Prace takie jak spawanie \u015bwiat\u0142owod\u00f3w wymaga odpowiedniego przygotowania teoretycznego i praktycznego. Obecnie, gdy kable \u015bwiat\u0142owodowe k\u0142adzione s\u0105 [&hellip;]<\/p>\n","protected":false},"author":3,"featured_media":2386,"parent":22,"menu_order":0,"comment_status":"closed","ping_status":"closed","template":"","meta":{"footnotes":""},"class_list":["post-1853","page","type-page","status-publish","has-post-thumbnail","hentry"],"aioseo_notices":[],"_links":{"self":[{"href":"https:\/\/szkolenia-udt.pl\/de\/wp-json\/wp\/v2\/pages\/1853","targetHints":{"allow":["GET"]}}],"collection":[{"href":"https:\/\/szkolenia-udt.pl\/de\/wp-json\/wp\/v2\/pages"}],"about":[{"href":"https:\/\/szkolenia-udt.pl\/de\/wp-json\/wp\/v2\/types\/page"}],"author":[{"embeddable":true,"href":"https:\/\/szkolenia-udt.pl\/de\/wp-json\/wp\/v2\/users\/3"}],"replies":[{"embeddable":true,"href":"https:\/\/szkolenia-udt.pl\/de\/wp-json\/wp\/v2\/comments?post=1853"}],"version-history":[{"count":10,"href":"https:\/\/szkolenia-udt.pl\/de\/wp-json\/wp\/v2\/pages\/1853\/revisions"}],"predecessor-version":[{"id":5792,"href":"https:\/\/szkolenia-udt.pl\/de\/wp-json\/wp\/v2\/pages\/1853\/revisions\/5792"}],"up":[{"embeddable":true,"href":"https:\/\/szkolenia-udt.pl\/de\/wp-json\/wp\/v2\/pages\/22"}],"wp:featuredmedia":[{"embeddable":true,"href":"https:\/\/szkolenia-udt.pl\/de\/wp-json\/wp\/v2\/media\/2386"}],"wp:attachment":[{"href":"https:\/\/szkolenia-udt.pl\/de\/wp-json\/wp\/v2\/media?parent=1853"}],"curies":[{"name":"wp","href":"https:\/\/api.w.org\/{rel}","templated":true}]}}