{"id":1874,"date":"2017-10-02T23:22:55","date_gmt":"2017-10-02T23:22:55","guid":{"rendered":"http:\/\/szkolenia-udt.pl\/?page_id=1874"},"modified":"2023-03-13T16:11:09","modified_gmt":"2023-03-13T15:11:09","slug":"arbeiten-in-grosen-hohen","status":"publish","type":"page","link":"https:\/\/szkolenia-udt.pl\/de\/kursy\/prace-wysokosciowe\/","title":{"rendered":"Arbeiten in der H\u00f6he"},"content":{"rendered":"<h2 class=\"\"><img loading=\"lazy\" decoding=\"async\" class=\"size-medium wp-image-2578 alignleft\" src=\"https:\/\/szkolenia-udt.pl\/wp-content\/uploads\/2021\/11\/pracawysok-300x200.jpg\" alt=\"\" width=\"300\" height=\"200\" srcset=\"https:\/\/szkolenia-udt.pl\/wp-content\/uploads\/2021\/11\/pracawysok-300x200.jpg 300w, https:\/\/szkolenia-udt.pl\/wp-content\/uploads\/2021\/11\/pracawysok-1024x681.jpg 1024w, https:\/\/szkolenia-udt.pl\/wp-content\/uploads\/2021\/11\/pracawysok-768x511.jpg 768w, https:\/\/szkolenia-udt.pl\/wp-content\/uploads\/2021\/11\/pracawysok-1536x1022.jpg 1536w, https:\/\/szkolenia-udt.pl\/wp-content\/uploads\/2021\/11\/pracawysok.jpg 1551w\" sizes=\"auto, (max-width: 300px) 100vw, 300px\" \/>Kurs in Bergsteigen - Arbeiten in der H\u00f6he<\/h2>\n<div class=\"wyjustuj\">\n<p>Nehmen Sie an einem Kurs zum Thema Bergsteigen - H\u00f6henarbeit im Operators Training Centre teil! Unser Zentrum bietet einen Kurs f\u00fcr H\u00f6henarbeiten an, der sich an Personen richtet, die Arbeiten in der H\u00f6he ausf\u00fchren m\u00f6chten, f\u00fcr die sie eine entsprechende H\u00f6henqualifikation ben\u00f6tigen. Mit dem Zertifikat f\u00fcr H\u00f6henarbeiten k\u00f6nnen Sie eine Stelle als Industriekletterer antreten.<\/p>\n<h3 class=\"boldnagl\"><strong>Wir bieten H\u00f6henkurse in zwei Kategorien an:<\/strong><\/h3>\n<ul>\n<li>seilunterst\u00fctzter Zugang - erm\u00f6glicht die Verwendung von Seilen zum Sichern und f\u00fcr den Auf- und Abstieg von einer Baustelle, einschlie\u00dflich Querungen<\/li>\n<li>Bauzugang - erm\u00f6glicht sicheres Arbeiten auf Ger\u00fcsten, Leitern, Plattformen und anderen Bauelementen, wenn Sie auf eine Baustelle klettern m\u00fcssen<\/li>\n<\/ul>\n<p>Durch die Teilnahme an unserer Schulung ist es m\u00f6glich, Genehmigungen f\u00fcr Arbeiten wie Baumf\u00e4llungen in der H\u00f6he, Baumschnitt, Dachreparaturen, Dachanstriche, Fensterreinigung in der H\u00f6he, Schneer\u00e4umung von D\u00e4chern, Installationsarbeiten, z. B. die Anbringung von Werbung und andere Arbeiten zu erhalten. <a href=\"https:\/\/szkolenia-udt.pl\/de\/kursy\/prace-wysokosciowe\/ochrona-przed-upadkiem\/\">Arbeiten in gro\u00dfen H\u00f6hen<\/a>.<\/p>\n<h3 class=\"boldnagl\"><strong>W\u00e4hrend des Kurses erhalten die Teilnehmer Informationen zu den folgenden Bereichen:<\/strong><\/h3>\n<ul>\n<li>Gesundheits- und Sicherheitsanforderungen und gesetzliche Vorschriften f\u00fcr Arbeiten in der H\u00f6he<\/li>\n<li>Merkmale der Arbeit in der H\u00f6he<\/li>\n<li>Risiken bei der Bergsteigerarbeit<\/li>\n<li>Grunds\u00e4tze f\u00fcr die Auswahl, den Einsatz und die Kontrolle der Ausr\u00fcstung<\/li>\n<li>Grunds\u00e4tze der individuellen und kollektiven Sicherung<\/li>\n<li>praktische Fertigkeiten f\u00fcr Arbeiten in der H\u00f6he<\/li>\n<li>Rettungstechniken<\/li>\n<\/ul>\n<p>Nach Abschluss des Kurses erhalten die Teilnehmer ein entsprechendes Zertifikat, das f\u00fcr einen Zeitraum von drei Jahren zum Arbeiten in der H\u00f6he berechtigt. Nach dieser Zeit muss ein Auffrischungskurs absolviert werden.<\/p>\n<div class=\"filmw\">\n<div class=\"responsive-youtube\"><iframe loading=\"lazy\" title=\"YouTube-Video-Player\" src=\"https:\/\/www.youtube.com\/embed\/QcT4h2Z50M0\" width=\"560\" height=\"315\" frameborder=\"0\" allowfullscreen=\"allowfullscreen\"><\/iframe><\/div>\n<\/div>\n<h2 class=\"boldnagl\"><strong>Anforderungen<\/strong><\/h2>\n<p>Um sich f\u00fcr einen H\u00f6henkurs anzumelden, m\u00fcssen Sie die folgenden Voraussetzungen erf\u00fcllen:<\/p>\n<ul>\n<li>mindestens 18 Jahre alt sein<\/li>\n<li>mindestens Grundschulbildung<\/li>\n<li>keine Kontraindikationen f\u00fcr die Arbeit in dieser Position<\/li>\n<\/ul>\n<div style=\"width: 640px;\" class=\"wp-video\"><video id=\"video-1874-1\" width=\"640\" height=\"360\" poster=\"https:\/\/szkolenia-udt.pl\/wp-content\/uploads\/2023\/03\/okladka-alpinista-OSO.jpg\" preload=\"metadata\" controls=\"controls\"><source type=\"video\/mp4\" src=\"https:\/\/szkolenia-udt.pl\/wp-content\/uploads\/2023\/03\/wspinacz-SZKOLENIA-UDT.PL-OSO.mp4?_=1\" \/><a href=\"https:\/\/szkolenia-udt.pl\/wp-content\/uploads\/2023\/03\/wspinacz-SZKOLENIA-UDT.PL-OSO.mp4\">https:\/\/szkolenia-udt.pl\/wp-content\/uploads\/2023\/03\/wspinacz-SZKOLENIA-UDT.PL-OSO.mp4<\/a><\/video><\/div>\n<h2 class=\"boldnagl\"><strong>Preis<\/strong><\/h2>\n<p>Preis pro <a href=\"https:\/\/szkolenia-udt.pl\/de\/kursy\/prace-wysokosciowe\/prace-alpinistyczne-szkolenie-praktyczne\/\">Bergsteigerkurs<\/a> in unserem Zentrum ist sehr attraktiv - Sie zahlen bei uns weniger als bei unseren Mitbewerbern. Wir bieten attraktive Rabatte f\u00fcr Gruppen. Bitte sehen Sie sich die Preisliste auf unserer Website an oder fragen Sie nach <a href=\"https:\/\/szkolenia-udt.pl\/de\/kontakt\/\">Kontaktaufnahme mit uns<\/a> \u00fcber das Formular.<\/p>\n<h2 class=\"boldnagl\"><strong>Wo sind wir t\u00e4tig?<\/strong><\/h2>\n<p>Genaue Informationen \u00fcber die Orte, an denen die Kurse stattfinden, finden Sie in dem auf unserer Website ver\u00f6ffentlichten Zeitplan.<\/p>\n<p>Wenn Sie weitere Fragen zu unseren Dienstleistungen haben, z\u00f6gern Sie bitte nicht, uns zu kontaktieren. Wir werden so schnell wie m\u00f6glich antworten.<\/p>\n<p>Wir f\u00f6rdern die Verwendung von <a href=\"https:\/\/szkolenia-udt.pl\/de\/oferta\/\">Unser Angebot<\/a> Ausbildung!<\/p>\n<\/div>","protected":false},"excerpt":{"rendered":"<p>Kurs na prace alpinistyczne \u2013 wysoko\u015bciowe Zach\u0119camy do wzi\u0119cia udzia\u0142u w kursie na prace alpinistyczne \u2013 wysoko\u015bciowe w O\u015brodku Szkolenia Operator\u00f3w! Nasz O\u015brodek prowadzi kurs wysoko\u015bciowy przeznaczony dla os\u00f3b chc\u0105cych wykonywa\u0107 prace na wysoko\u015bci, do czego potrzebne s\u0105 odpowiednie uprawnienia wysoko\u015bciowe. Poprzez uprawnienia do prac na wysoko\u015bci mo\u017cna podj\u0105\u0107 prac\u0119 w charakterze alpinisty przemys\u0142owego. Prowadzimy [&hellip;]<\/p>\n","protected":false},"author":3,"featured_media":2578,"parent":22,"menu_order":0,"comment_status":"closed","ping_status":"closed","template":"","meta":{"footnotes":""},"class_list":["post-1874","page","type-page","status-publish","has-post-thumbnail","hentry"],"aioseo_notices":[],"_links":{"self":[{"href":"https:\/\/szkolenia-udt.pl\/de\/wp-json\/wp\/v2\/pages\/1874","targetHints":{"allow":["GET"]}}],"collection":[{"href":"https:\/\/szkolenia-udt.pl\/de\/wp-json\/wp\/v2\/pages"}],"about":[{"href":"https:\/\/szkolenia-udt.pl\/de\/wp-json\/wp\/v2\/types\/page"}],"author":[{"embeddable":true,"href":"https:\/\/szkolenia-udt.pl\/de\/wp-json\/wp\/v2\/users\/3"}],"replies":[{"embeddable":true,"href":"https:\/\/szkolenia-udt.pl\/de\/wp-json\/wp\/v2\/comments?post=1874"}],"version-history":[{"count":13,"href":"https:\/\/szkolenia-udt.pl\/de\/wp-json\/wp\/v2\/pages\/1874\/revisions"}],"predecessor-version":[{"id":4507,"href":"https:\/\/szkolenia-udt.pl\/de\/wp-json\/wp\/v2\/pages\/1874\/revisions\/4507"}],"up":[{"embeddable":true,"href":"https:\/\/szkolenia-udt.pl\/de\/wp-json\/wp\/v2\/pages\/22"}],"wp:featuredmedia":[{"embeddable":true,"href":"https:\/\/szkolenia-udt.pl\/de\/wp-json\/wp\/v2\/media\/2578"}],"wp:attachment":[{"href":"https:\/\/szkolenia-udt.pl\/de\/wp-json\/wp\/v2\/media?parent=1874"}],"curies":[{"name":"wp","href":"https:\/\/api.w.org\/{rel}","templated":true}]}}