{"id":1895,"date":"2017-12-06T15:39:54","date_gmt":"2017-12-06T15:39:54","guid":{"rendered":"http:\/\/szkolenia-udt.pl\/?page_id=1895"},"modified":"2023-12-11T01:01:39","modified_gmt":"2023-12-11T00:01:39","slug":"sep-g1-g2-g3","status":"publish","type":"page","link":"https:\/\/szkolenia-udt.pl\/de\/kursy\/sep-g1-g2-g3\/","title":{"rendered":"Willkommen zu den G1, G2, G3 Schulungen - Warschau"},"content":{"rendered":"<h2 class=\"boldnagl\">G1, G2, G3 Schulungen - Warschau und ganz Polen<\/h2>\n<div class=\"sliderpage\"><div id=\"metaslider-id-1940\" style=\"max-width: 300px;\" class=\"ml-slider-3-108-0 metaslider metaslider-flex metaslider-1940 ml-slider ms-theme-default nav-hidden\" role=\"region\" aria-label=\"sep\" data-height=\"225\" data-width=\"300\">\n    <div id=\"metaslider_container_1940\">\n        <div id=\"metaslider_1940\">\n            <ul class='slides'>\n                <li style=\"display: block; width: 100%;\" class=\"slide-2001 ms-image\" aria-roledescription=\"slide\" data-date=\"2017-12-29 10:30:02\" data-filename=\"SEP_blog2-1-1030x686-300x225.jpg\" data-slide-type=\"image\"><img loading=\"lazy\" decoding=\"async\" src=\"https:\/\/szkolenia-udt.pl\/wp-content\/uploads\/2017\/12\/SEP_blog2-1-1030x686-300x225.jpg\" height=\"225\" width=\"300\" alt=\"\" class=\"slider-1940 slide-2001 msDefaultImage\" \/><\/li>\n            <\/ul>\n        <\/div>\n        \n    <\/div>\n<\/div><\/div>\n<p>Sie k\u00f6nnen gerne an Fortbildungskursen zur Vorbereitung auf Pr\u00fcfungen vor einem Gremium Ihrer Wahl teilnehmen, z. B: <a href=\"https:\/\/szkolenia-udt.pl\/de\/kursy\/sep-g1-g2-g3\/komisje-certyfikujace-sep-pse-simp-sitps\/\">GEIER<\/a>PSE, SIMP, SITPS im Operator Training Centre! Wir bieten umfassende und professionelle Kurse in Warschau und anderen St\u00e4dten Polens an. Wenn Sie als Elektriker\/in arbeiten wollen, der\/die sich mit Gas- oder Heizungsinstallationen, -netzen und -ger\u00e4ten befasst, m\u00fcssen Sie eine entsprechende Qualifikationsbest\u00e4tigung haben.<\/p>\n<h3 class=\"boldnagl\">Wir bieten Nachhilfeunterricht in den folgenden Kategorien an:<\/h3>\n<ul>\n<li><a href=\"https:\/\/szkolenia-udt.pl\/de\/kursy\/sep-g1-g2-g3\/g1\/\">Elektrische Ausbildung - G1<\/a> - elektrische Ausr\u00fcstungen, Anlagen und Netze<\/li>\n<li><a href=\"https:\/\/szkolenia-udt.pl\/de\/kursy\/sep-g1-g2-g3\/g2\/\">Thermische Ausbildung - G2<\/a> - Heizungsanlagen, -installationen und -netze<\/li>\n<li><a href=\"https:\/\/szkolenia-udt.pl\/de\/kursy\/sep-g1-g2-g3\/g3\/\">Gasausbildung - G3<\/a> - Gasanlagen, Installationen und Netze<\/li>\n<\/ul>\n<p>Die Kurse richten sich an Aufsichts- und Betriebspersonal, das w\u00e4hrend des Kurses angemessene Kenntnisse \u00fcber die Vorschriften und Anforderungen f\u00fcr elektrische, thermische und gasbetriebene Ger\u00e4te und Anlagen erwirbt.<\/p>\n<h3 class=\"boldnagl\">Zweck der Ausbildung<\/h3>\n<p>Dieser Kurs bereitet Sie auf die Pr\u00fcfungen G1, G2 und G3 vor und bef\u00e4higt Sie, mit elektrischen, thermischen oder gasf\u00f6rmigen Ger\u00e4ten, Anlagen und Netzen zu arbeiten, sei es als Aufsicht oder als Betreiber.<\/p>\n<h3 class=\"boldnagl\">Berechtigungen<\/h3>\n<p>Jeder Kurs schlie\u00dft mit einer Pr\u00fcfung ab. Wenn der Teilnehmer die Pr\u00fcfung besteht, erh\u00e4lt er die entsprechenden Unterlagen, die ihm die Qualifikation f\u00fcr die betreffende Stelle bescheinigen. Die Bef\u00e4higungsnachweise sind f\u00fcr einen Zeitraum von f\u00fcnf Jahren ab dem Datum ihrer Ausstellung g\u00fcltig. Sie werden auch als elektrotechnische Bef\u00e4higungsnachweise oder Bef\u00e4higungsnachweise bis 1 kV bezeichnet.<\/p>\n<h3 class=\"boldnagl\">Anforderungen<\/h3>\n<p>Wer an der Ausbildung teilnehmen m\u00f6chte, sollte die folgenden Voraussetzungen erf\u00fcllen:<\/p>\n<ul>\n<li>mindestens 18 Jahre alt<\/li>\n<li>Mindestgrundschulbildung<\/li>\n<\/ul>\n<h3 class=\"boldnagl\">Preis<\/h3>\n<p>Wenn Sie sich f\u00fcr einen Kurs in unserem Zentrum anmelden m\u00f6chten, bieten wir Ihnen sehr attraktive Preise. Eine aktuelle Liste der Preise finden Sie auf unserer Website oder unter der angegebenen Telefonnummer. F\u00fcr gr\u00f6\u00dfere Gruppen haben wir attraktive Rabatte vorbereitet.<\/p>\n<h3 class=\"boldnagl\">Ort des Unterrichts<\/h3>\n<p>Wir bieten Schulungen in ganz Polen an, unter anderem in Warschau, sowie in unseren regionalen Niederlassungen. Wir f\u00fchren auch geschlossene Kurse f\u00fcr organisierte Gruppen durch, bei denen wir in der Lage sind, zum vereinbarten Ort zu reisen.<\/p>\n<p>Sollten Sie weitere Fragen haben, z\u00f6gern Sie bitte nicht, uns zu kontaktieren. Wir versorgen Sie mit allen notwendigen Informationen.<\/p>\n<p>Das OSO Operator Training Centre l\u00e4dt Sie zu Schulungskursen ein - in Warschau und in ganz Polen!<\/p>","protected":false},"excerpt":{"rendered":"<p>Szkolenia G1, G2, G3 \u2013 Warszawa i ca\u0142a Polska Zapraszamy na szkolenia przygotowuj\u0105ce do egzamin\u00f3w przed komisj\u0105 wybran\u0105 przez kursanta np.: SEP, PSE, SIMP, SITPS w O\u015brodku Szkolenia Operator\u00f3w! Zajmujemy si\u0119 kompleksowym i profesjonalnym prowadzeniem kurs\u00f3w w Warszawie oraz w innych miastach w Polsce. Gdy chcesz pracowa\u0107 w zawodzie elektryka, zajmowa\u0107 si\u0119 prac\u0105 z instalacjami, [&hellip;]<\/p>\n","protected":false},"author":3,"featured_media":5320,"parent":22,"menu_order":0,"comment_status":"closed","ping_status":"closed","template":"","meta":{"footnotes":""},"class_list":["post-1895","page","type-page","status-publish","has-post-thumbnail","hentry"],"aioseo_notices":[],"_links":{"self":[{"href":"https:\/\/szkolenia-udt.pl\/de\/wp-json\/wp\/v2\/pages\/1895","targetHints":{"allow":["GET"]}}],"collection":[{"href":"https:\/\/szkolenia-udt.pl\/de\/wp-json\/wp\/v2\/pages"}],"about":[{"href":"https:\/\/szkolenia-udt.pl\/de\/wp-json\/wp\/v2\/types\/page"}],"author":[{"embeddable":true,"href":"https:\/\/szkolenia-udt.pl\/de\/wp-json\/wp\/v2\/users\/3"}],"replies":[{"embeddable":true,"href":"https:\/\/szkolenia-udt.pl\/de\/wp-json\/wp\/v2\/comments?post=1895"}],"version-history":[{"count":10,"href":"https:\/\/szkolenia-udt.pl\/de\/wp-json\/wp\/v2\/pages\/1895\/revisions"}],"predecessor-version":[{"id":2899,"href":"https:\/\/szkolenia-udt.pl\/de\/wp-json\/wp\/v2\/pages\/1895\/revisions\/2899"}],"up":[{"embeddable":true,"href":"https:\/\/szkolenia-udt.pl\/de\/wp-json\/wp\/v2\/pages\/22"}],"wp:featuredmedia":[{"embeddable":true,"href":"https:\/\/szkolenia-udt.pl\/de\/wp-json\/wp\/v2\/media\/5320"}],"wp:attachment":[{"href":"https:\/\/szkolenia-udt.pl\/de\/wp-json\/wp\/v2\/media?parent=1895"}],"curies":[{"name":"wp","href":"https:\/\/api.w.org\/{rel}","templated":true}]}}