{"id":1897,"date":"2017-12-06T15:44:11","date_gmt":"2017-12-06T15:44:11","guid":{"rendered":"http:\/\/szkolenia-udt.pl\/?page_id=1897"},"modified":"2022-06-13T12:07:08","modified_gmt":"2022-06-13T10:07:08","slug":"g1","status":"publish","type":"page","link":"https:\/\/szkolenia-udt.pl\/de\/kursy\/sep-g1-g2-g3\/g1\/","title":{"rendered":"Willkommen beim G1-Kurs - Warschau"},"content":{"rendered":"<h2 class=\"boldnagl\">G1-Schulungen - Warschau und ganz Polen<\/h2>\n<div class=\"sliderpage\"><div id=\"metaslider-id-1951\" style=\"max-width: 300px;\" class=\"ml-slider-3-108-0 metaslider metaslider-flex metaslider-1951 ml-slider ms-theme-default nav-hidden\" role=\"region\" aria-label=\"sep-g1\" data-height=\"225\" data-width=\"300\">\n    <div id=\"metaslider_container_1951\">\n        <div id=\"metaslider_1951\">\n            <ul class='slides'>\n                <li style=\"display: block; width: 100%;\" class=\"slide-2003 ms-image\" aria-roledescription=\"slide\" data-date=\"2017-12-29 10:31:03\" data-filename=\"SEP_4-1030x687-300x225.jpg\" data-slide-type=\"image\"><img loading=\"lazy\" decoding=\"async\" src=\"https:\/\/szkolenia-udt.pl\/wp-content\/uploads\/2017\/12\/SEP_4-1030x687-300x225.jpg\" height=\"225\" width=\"300\" alt=\"\" class=\"slider-1951 slide-2003 msDefaultImage\" \/><\/li>\n            <\/ul>\n        <\/div>\n        \n    <\/div>\n<\/div><\/div>\n<p><a href=\"https:\/\/szkolenia-udt.pl\/de\/o-firmie\/\">Schulungszentrum f\u00fcr OSO-Bediener<\/a> l\u00e4dt Sie zur Teilnahme an einem Kurs ein, der Sie auf die Pr\u00fcfungen der Kategorie G1 f\u00fcr elektrische Betriebsmittel, Anlagen und Netze vorbereitet. Der Kurs bereitet Sie auf die Pr\u00fcfung und auf Ihre T\u00e4tigkeit als Elektrofachkraft f\u00fcr die \u00dcberwachung und den Betrieb von Ger\u00e4ten, Anlagen und Netzen der Gruppe 1 bis 1 kV und dar\u00fcber vor.<\/p>\n<h2 class=\"boldnagl\">Zweck der Ausbildung<\/h2>\n<p>Ziel des Lehrgangs ist es, die Auszubildenden auf die Pr\u00fcfung und den Erwerb eines Bef\u00e4higungsnachweises in ihrem gew\u00e4hlten Bereich vorzubereiten. Das Spektrum der angebotenen T\u00e4tigkeiten umfasst: Betrieb, Wartung, Reparatur, Montage und <a href=\"https:\/\/szkolenia-udt.pl\/de\/kursy\/sep-g1-g2-g3\/prace-kontrolno-pomiarowe\/\">Kontroll- und Messarbeiten<\/a>.<\/p>\n<h2 class=\"boldnagl\">G1-Inhaber k\u00f6nnen Arbeiten in den folgenden Bereichen ausf\u00fchren:<\/h2>\n<ul>\n<li>Erzeugungsanlagen, die an das nationale Stromnetz angeschlossen sind, unabh\u00e4ngig von der Nennspannung<\/li>\n<li>elektrische Ger\u00e4te, Anlagen und Netze mit einer Spannung von 1 kV oder weniger<\/li>\n<li>Ger\u00e4te, Anlagen und Netze mit einer Nennspannung \u00fcber 1 kV<\/li>\n<li>Stromerzeugungsaggregate mit einer Leistung von mehr als 50 kW<\/li>\n<li>elektrothermische Ger\u00e4te<\/li>\n<li>Elektrolyseger\u00e4te<\/li>\n<li>elektrische Stra\u00dfenbeleuchtungsnetze<\/li>\n<li>elektrische Oberleitung<\/li>\n<li>explosionsgesch\u00fctzte elektrische Betriebsmittel<\/li>\n<li>Kontroll- und Messger\u00e4te sowie automatische Kontroll- und Schutzger\u00e4te und -anlagen f\u00fcr die oben genannten Ger\u00e4te und Anlagen<\/li>\n<\/ul>\n<h2 class=\"boldnagl\">Berechtigungen<\/h2>\n<p>Der Bef\u00e4higungsnachweis, die so genannte elektrotechnische Qualifikation, wird nach bestandener Pr\u00fcfung vor einem vom Auszubildenden gew\u00e4hlten Gremium erteilt, z. B.: <a href=\"https:\/\/szkolenia-udt.pl\/de\/kursy\/sep-g1-g2-g3\/komisje-certyfikujace-sep-pse-simp-sitps\/\">GEIER<\/a>, PSE, SIMP, SITPS. Die G\u00fcltigkeitsdauer des Abschlusses betr\u00e4gt 5 Jahre.<\/p>\n<h2 class=\"boldnagl\">Anforderungen<\/h2>\n<p>Der G1-Schulungskurs richtet sich an Personen, die die folgenden Anforderungen erf\u00fcllen:<\/p>\n<ul>\n<li>mindestens 18 Jahre alt<\/li>\n<li>Mindestgrundschulbildung<\/li>\n<\/ul>\n<h2 class=\"boldnagl\">Preis<\/h2>\n<ul>\n<li>Kurse finden t\u00e4glich statt<\/li>\n<li>Kosten f\u00fcr die Schulung selbst 90 PLN,<\/li>\n<li>Kosten der Ausbildung mit Pr\u00fcfung 303 PLN<\/li>\n<\/ul>\n<h2 class=\"boldnagl\">Ort des Unterrichts<\/h2>\n<p>Der Unterricht wird in der Stadt Warschau und an anderen Orten in ganz Polen in regionalen CSO-Einrichtungen durchgef\u00fchrt. Wir bieten auch Schulungen unter Ausschluss der \u00d6ffentlichkeit entsprechend den Kundenanforderungen an.<\/p>\n<p>Wenn Sie weitere Fragen haben, k\u00f6nnen Sie sich gerne an uns wenden. <a href=\"https:\/\/szkolenia-udt.pl\/de\/kontakt\/\">Kontaktaufnahme mit uns<\/a> um eine Antwort zu erhalten.<\/p>\n<p>Das OSO Operator Training Centre l\u00e4dt Sie zu Schulungen f\u00fcr elektrische Qualifikationen bis zu 1kV ein - in Warschau und in ganz Polen!<\/p>","protected":false},"excerpt":{"rendered":"<p>Szkolenia G1 \u2013 Warszawa i ca\u0142a Polska O\u015brodek Szkolenia Operator\u00f3w OSO zaprasza do skorzystania z kursu przygotowuj\u0105ce do egzamin\u00f3w w kategorii G1 na urz\u0105dzenia, instalacje i sieci elektroenergetyczne. Zaj\u0119cia przygotowuj\u0105 do egzaminu oraz pracy na stanowisku elektryka w zakresie dozoru i eksploatacji urz\u0105dze\u0144, instalacji oraz sieci zaliczanych do grupy 1 do i powy\u017cej 1 kV. [&hellip;]<\/p>\n","protected":false},"author":3,"featured_media":2002,"parent":1895,"menu_order":0,"comment_status":"closed","ping_status":"closed","template":"","meta":{"footnotes":""},"class_list":["post-1897","page","type-page","status-publish","has-post-thumbnail","hentry"],"aioseo_notices":[],"_links":{"self":[{"href":"https:\/\/szkolenia-udt.pl\/de\/wp-json\/wp\/v2\/pages\/1897","targetHints":{"allow":["GET"]}}],"collection":[{"href":"https:\/\/szkolenia-udt.pl\/de\/wp-json\/wp\/v2\/pages"}],"about":[{"href":"https:\/\/szkolenia-udt.pl\/de\/wp-json\/wp\/v2\/types\/page"}],"author":[{"embeddable":true,"href":"https:\/\/szkolenia-udt.pl\/de\/wp-json\/wp\/v2\/users\/3"}],"replies":[{"embeddable":true,"href":"https:\/\/szkolenia-udt.pl\/de\/wp-json\/wp\/v2\/comments?post=1897"}],"version-history":[{"count":9,"href":"https:\/\/szkolenia-udt.pl\/de\/wp-json\/wp\/v2\/pages\/1897\/revisions"}],"predecessor-version":[{"id":2897,"href":"https:\/\/szkolenia-udt.pl\/de\/wp-json\/wp\/v2\/pages\/1897\/revisions\/2897"}],"up":[{"embeddable":true,"href":"https:\/\/szkolenia-udt.pl\/de\/wp-json\/wp\/v2\/pages\/1895"}],"wp:featuredmedia":[{"embeddable":true,"href":"https:\/\/szkolenia-udt.pl\/de\/wp-json\/wp\/v2\/media\/2002"}],"wp:attachment":[{"href":"https:\/\/szkolenia-udt.pl\/de\/wp-json\/wp\/v2\/media?parent=1897"}],"curies":[{"name":"wp","href":"https:\/\/api.w.org\/{rel}","templated":true}]}}