{"id":1899,"date":"2017-12-06T15:46:28","date_gmt":"2017-12-06T15:46:28","guid":{"rendered":"http:\/\/szkolenia-udt.pl\/?page_id=1899"},"modified":"2022-06-13T12:07:25","modified_gmt":"2022-06-13T10:07:25","slug":"g2","status":"publish","type":"page","link":"https:\/\/szkolenia-udt.pl\/de\/kursy\/sep-g1-g2-g3\/g2\/","title":{"rendered":"Melden Sie sich f\u00fcr den G2-Kurs - Warschau an"},"content":{"rendered":"<div style=\"float: left; padding-right: 10px;\"><div id=\"metaslider-id-1958\" style=\"max-width: 300px;\" class=\"ml-slider-3-108-0 metaslider metaslider-flex metaslider-1958 ml-slider ms-theme-default nav-hidden\" role=\"region\" aria-label=\"sep-g2\" data-height=\"225\" data-width=\"300\">\n    <div id=\"metaslider_container_1958\">\n        <div id=\"metaslider_1958\">\n            <ul class='slides'>\n                <li style=\"display: block; width: 100%;\" class=\"slide-2005 ms-image\" aria-roledescription=\"slide\" data-date=\"2017-12-29 10:39:49\" data-filename=\"GAZ1-236x177.jpg\" data-slide-type=\"image\"><img loading=\"lazy\" decoding=\"async\" src=\"https:\/\/szkolenia-udt.pl\/wp-content\/uploads\/2017\/12\/GAZ1-236x177.jpg\" height=\"225\" width=\"300\" alt=\"\" class=\"slider-1958 slide-2005 msDefaultImage\" \/><\/li>\n            <\/ul>\n        <\/div>\n        \n    <\/div>\n<\/div><\/div>\n<h2 class=\"boldnagl\"><strong>G2-Schulungen - Warschau und ganz Polen <\/strong><\/h2>\n<p><a href=\"https:\/\/szkolenia-udt.pl\/de\/o-firmie\/\">Schulungszentrum f\u00fcr OSO-Bediener<\/a> l\u00e4dt Sie ein, sich f\u00fcr den G2-W\u00e4rmekurs f\u00fcr thermische Ger\u00e4te, Anlagen und Netze anzumelden. Der Kurs bereitet Sie darauf vor, die Pr\u00fcfung der Gruppe 2 f\u00fcr die \u00dcberwachung und den Betrieb von Ger\u00e4ten, Anlagen und Netzen abzulegen.<\/p>\n<p class=\"boldnagl\"><strong>Zweck der Ausbildung<\/strong><br \/>\nDer Kurs richtet sich an Personen, die eine Qualifikation f\u00fcr den Betrieb und die \u00dcberwachung von Ger\u00e4ten der Kategorie G2 erwerben m\u00f6chten. Der Kurs bereitet auf Pr\u00fcfungen vor einer Kommission nach Wahl des Teilnehmers vor, z. B: <a href=\"https:\/\/szkolenia-udt.pl\/de\/kursy\/sep-g1-g2-g3\/komisje-certyfikujace-sep-pse-simp-sitps\/\">GEIER<\/a>PSE, SIMP, SITPS enth\u00e4lt Informationen \u00fcber die Konstruktion und den Betrieb von Anlagen, Kontroll- und Messger\u00e4ten, Arbeitsschutzvorschriften und gesetzliche Bestimmungen.<\/p>\n<p><strong>G2-Inhaber k\u00f6nnen Arbeiten in den folgenden Bereichen durchf\u00fchren: <\/strong><\/p>\n<ul>\n<li>Dampf- und Wasserkessel, die mit festen, fl\u00fcssigen und gasf\u00f6rmigen Brennstoffen befeuert werden, mit einer Leistung von mehr als 50 kW, einschlie\u00dflich Hilfseinrichtungen<\/li>\n<li>L\u00fcftungs-, Klima- und K\u00e4lteanlagen \u00fcber 50 kW<\/li>\n<li>Kraftstofflager, Lager- und Entladeeinrichtungen mit einer Lagerkapazit\u00e4t von mehr als 100 Mg<\/li>\n<li>Dampf- und Wasserturbinen mit einer Leistung von mehr als 50 kW, einschlie\u00dflich Hilfseinrichtungen<\/li>\n<li>Kompressoren \u00fcber 20 kW und Druckluft- und Industriegasanlagen<\/li>\n<li>Heizungsnetze und -anlagen, einschlie\u00dflich Zusatzeinrichtungen, mit einer W\u00e4rme\u00fcbertragung von mehr als 50 kW<\/li>\n<li>industrielle Dampf- und Hei\u00dfwasserverbrauchseinheiten mit einer Leistung von mehr als 50 kW<\/li>\n<li>Pumpen, Absauganlagen, Ventilatoren und Gebl\u00e4se mit einer Leistung von mehr als 50 kW<\/li>\n<li>Industrie\u00f6fen \u00fcber 50 kW<\/li>\n<li>Kontroll- und Messger\u00e4te sowie automatische Kontroll- und Schutzger\u00e4te und -anlagen f\u00fcr die oben genannten Ger\u00e4te und Anlagen<\/li>\n<\/ul>\n<h2 class=\"boldnagl\"><strong>Berechtigungen <\/strong><\/h2>\n<p>Ein Bef\u00e4higungsnachweis, d. h. ein F\u00fchrerschein der Gruppe G2, wird nach Bestehen einer Pr\u00fcfung erworben. Die Qualifikation bleibt 5 Jahre lang g\u00fcltig.<\/p>\n<h2 class=\"boldnagl\"><strong>Anforderungen <\/strong><\/h2>\n<p>Der G2-Kurs richtet sich an Personen, die die folgenden Anforderungen erf\u00fcllen:<\/p>\n<ul>\n<li>mindestens 18 Jahre alt<\/li>\n<li>Mindestgrundschulbildung<\/li>\n<\/ul>\n<h3 class=\"boldnagl\"><strong>Preis <\/strong><\/h3>\n<p>Wenn es um Anspr\u00fcche geht, <a href=\"https:\/\/szkolenia-udt.pl\/de\/oferta\/\">Preis<\/a> in unserem CSO-Zentrum ist wettbewerbsf\u00e4hig. Genaue Informationen zu den Kosten finden Sie auf unserer Website. Wir ermutigen Sie auch, uns f\u00fcr weitere Informationen zu kontaktieren.<\/p>\n<h3 class=\"boldnagl\"><strong>Ort des Unterrichts <\/strong><\/h3>\n<p>Wir f\u00fchren Schulungen in der Stadt Warschau sowie an OSO-Standorten in Polen durch. Wir bieten auch Schulungen unter Ausschluss der \u00d6ffentlichkeit zu einem mit dem Kunden vereinbarten Zeitpunkt und Ort an.<\/p>\n<p>Sollten Sie weitere Fragen haben, wenden Sie sich bitte an <a href=\"https:\/\/szkolenia-udt.pl\/de\/kontakt\/\">Kontaktaufnahme mit uns<\/a> per E-Mail oder Telefon. Wir werden alle Ihre Fragen umfassend beantworten.<\/p>\n<p>Das OSO Operator Training Centre l\u00e4dt Sie zu Schulungskursen ein - in Warschau und in ganz Polen!<\/p>","protected":false},"excerpt":{"rendered":"<p>Szkolenia G2 \u2013 Warszawa i ca\u0142a Polska O\u015brodek Szkolenia Operator\u00f3w OSO zaprasza do zapisania si\u0119 na szkolenie cieplne G2 dla urz\u0105dze\u0144, instalacji i sieci cieplnych. Zaj\u0119cia przygotowuj\u0105 do podej\u015bcia do egzaminu w zakresie dozoru i eksploatacji urz\u0105dze\u0144, instalacji oraz sieci w grupie 2. Cel szkolenia Zaj\u0119cia skierowane s\u0105 do os\u00f3b pragn\u0105cych uzyska\u0107 kwalifikacje do pracy [&hellip;]<\/p>\n","protected":false},"author":3,"featured_media":2004,"parent":1895,"menu_order":0,"comment_status":"closed","ping_status":"closed","template":"","meta":{"footnotes":""},"class_list":["post-1899","page","type-page","status-publish","has-post-thumbnail","hentry"],"aioseo_notices":[],"_links":{"self":[{"href":"https:\/\/szkolenia-udt.pl\/de\/wp-json\/wp\/v2\/pages\/1899","targetHints":{"allow":["GET"]}}],"collection":[{"href":"https:\/\/szkolenia-udt.pl\/de\/wp-json\/wp\/v2\/pages"}],"about":[{"href":"https:\/\/szkolenia-udt.pl\/de\/wp-json\/wp\/v2\/types\/page"}],"author":[{"embeddable":true,"href":"https:\/\/szkolenia-udt.pl\/de\/wp-json\/wp\/v2\/users\/3"}],"replies":[{"embeddable":true,"href":"https:\/\/szkolenia-udt.pl\/de\/wp-json\/wp\/v2\/comments?post=1899"}],"version-history":[{"count":7,"href":"https:\/\/szkolenia-udt.pl\/de\/wp-json\/wp\/v2\/pages\/1899\/revisions"}],"predecessor-version":[{"id":2895,"href":"https:\/\/szkolenia-udt.pl\/de\/wp-json\/wp\/v2\/pages\/1899\/revisions\/2895"}],"up":[{"embeddable":true,"href":"https:\/\/szkolenia-udt.pl\/de\/wp-json\/wp\/v2\/pages\/1895"}],"wp:featuredmedia":[{"embeddable":true,"href":"https:\/\/szkolenia-udt.pl\/de\/wp-json\/wp\/v2\/media\/2004"}],"wp:attachment":[{"href":"https:\/\/szkolenia-udt.pl\/de\/wp-json\/wp\/v2\/media?parent=1899"}],"curies":[{"name":"wp","href":"https:\/\/api.w.org\/{rel}","templated":true}]}}