{"id":1901,"date":"2017-12-06T15:49:02","date_gmt":"2017-12-06T15:49:02","guid":{"rendered":"http:\/\/szkolenia-udt.pl\/?page_id=1901"},"modified":"2022-06-13T11:46:13","modified_gmt":"2022-06-13T09:46:13","slug":"g3","status":"publish","type":"page","link":"https:\/\/szkolenia-udt.pl\/de\/kursy\/sep-g1-g2-g3\/g3\/","title":{"rendered":"Willkommen bei G3 training - Warschau"},"content":{"rendered":"<div style=\"float: left; padding-right: 10px;\"><div id=\"metaslider-id-1966\" style=\"max-width: 300px;\" class=\"ml-slider-3-107-0 metaslider metaslider-flex metaslider-1966 ml-slider ms-theme-default nav-hidden\" role=\"region\" aria-label=\"sep-g3\" data-height=\"325\" data-width=\"300\">\n    <div id=\"metaslider_container_1966\">\n        <div id=\"metaslider_1966\">\n            <ul class='slides'>\n                <li style=\"display: block; width: 100%;\" class=\"slide-2007 ms-image\" aria-roledescription=\"slide\" data-date=\"2017-12-29 11:07:03\" data-filename=\"g3-5-213x230.jpg\" data-slide-type=\"image\"><img loading=\"lazy\" decoding=\"async\" src=\"https:\/\/szkolenia-udt.pl\/wp-content\/uploads\/2017\/12\/g3-5-213x230.jpg\" height=\"325\" width=\"300\" alt=\"\" class=\"slider-1966 slide-2007 msDefaultImage\" \/><\/li>\n            <\/ul>\n        <\/div>\n        \n    <\/div>\n<\/div><\/div>\n<h2 class=\"boldnagl\"><strong>G3-Schulungen - Warschau und ganz Polen <\/strong><\/h2>\n<p>Wir empfehlen Ihnen, sich f\u00fcr einen Kurs zur Vorbereitung auf die Pr\u00fcfungen vor den Aussch\u00fcssen anzumelden <a href=\"https:\/\/szkolenia-udt.pl\/de\/kursy\/sep-g1-g2-g3\/komisje-certyfikujace-sep-pse-simp-sitps\/\">GEIER<\/a>PSE, SIMP, SITPS in der Kategorie G3 im CSO Operator Training Centre! Der Unterricht wird von unseren Fachleuten erteilt und bereitet Sie auf eine T\u00e4tigkeit im Bereich der \u00dcberwachung und des Betriebs von Ger\u00e4ten, Anlagen und Netzen der Gruppe 3 vor.<\/p>\n<h2 class=\"boldnagl\"><strong>Zweck der Ausbildung <\/strong><\/h2>\n<p>Das Ziel des Kurses <a href=\"https:\/\/szkolenia-udt.pl\/de\/kursy\/sep-g1-g2-g3\/g1\/\">G1<\/a> soll die Teilnehmer umfassend auf die Pr\u00fcfung zur Erlangung ihrer Gaslizenzen f\u00fcr den Betrieb und die \u00dcberwachung vorbereiten, je nach gew\u00e4hlter Option.<\/p>\n<p><strong>G3-Inhaber d\u00fcrfen folgende T\u00e4tigkeiten aus\u00fcben <\/strong><\/p>\n<ul>\n<li>Arbeiten in den folgenden Bereichen:<\/li>\n<li>Anlagen f\u00fcr die Herstellung von gasf\u00f6rmigen Brennstoffen, Gasgeneratoren<\/li>\n<li>Gasger\u00e4te und -anlagen mit einem Druck \u00fcber 5 kPa<\/li>\n<li>Gasger\u00e4te und -anlagen mit einem Druck von h\u00f6chstens 5 kPa<\/li>\n<li>Anlagen zur Verarbeitung und Aufbereitung von Gaskraftstoffen, Anlagen zur Zersetzung von Gaskraftstoffen, Erdgasverarbeitungsanlagen, Gasreinigungsanlagen, Anlagen zur Expansion und Abf\u00fcllung von Fl\u00fcssiggas (LPG), Entstickungsanlagen, Mischanlagen<\/li>\n<li>Lagereinrichtungen f\u00fcr gasf\u00f6rmige Brennstoffe<\/li>\n<li>Gasturbinen<\/li>\n<li>Gasverteilungsnetze mit einem Druck von h\u00f6chstens 0,5 MPa (Gasleitungen und Druckminderungsstellen, Tankstellen)<\/li>\n<li>Gas\u00fcbertragungsnetze mit einem Druck von \u00fcber 0,5 MPa (Gaspipelines, Gasstationen, Gasverdichterstationen)<\/li>\n<li>industrielle Gasverbrauchseinrichtungen mit einer Leistung \u00fcber 50 kW<\/li>\n<li>Kontroll- und Messger\u00e4te sowie automatische Kontroll- und Schutzger\u00e4te und -anlagen f\u00fcr die oben genannten Ger\u00e4te und Anlagen<\/li>\n<\/ul>\n<h2 class=\"boldnagl\"><strong>Berechtigungen <\/strong><\/h2>\n<p>Die Gaslizenz, der Bef\u00e4higungsnachweis f\u00fcr die Gruppe G3, wird nach bestandener Pr\u00fcfung erworben. Die Lizenz ist 5 Jahre lang g\u00fcltig.<\/p>\n<h2 class=\"boldnagl\"><strong>Anforderungen <\/strong><\/h2>\n<p>Der G3-Kurs ist offen f\u00fcr alle, die:<\/p>\n<ul>\n<li>mindestens 18 Jahre alt<\/li>\n<li>Mindestgrundschulbildung<\/li>\n<\/ul>\n<h3 class=\"boldnagl\"><strong>Preis <\/strong><\/h3>\n<p>Wenn Sie bef\u00e4higt werden wollen , <a href=\"https:\/\/szkolenia-udt.pl\/de\/oferta\/\">Preis<\/a> in unserem Zentrum ist sehr attraktiv und wettbewerbsf\u00e4hig. Informationen zu den Kosten finden Sie auf unserer Website oder erhalten Sie unter der angegebenen Telefonnummer. F\u00fcr die Untersuchung wird eine zus\u00e4tzliche Geb\u00fchr erhoben.<\/p>\n<h3 class=\"boldnagl\"><strong>Ort des Unterrichts <\/strong><\/h3>\n<p>Der Unterricht wird in Warschau und an anderen Orten in Polen organisiert, wo es regionale CSO-Zentren gibt. Wir k\u00f6nnen auch geschlossenen Unterricht an einem vorher vereinbarten Ort und Datum organisieren.<\/p>\n<p>Sollten Sie weitere Fragen haben <a href=\"https:\/\/szkolenia-udt.pl\/de\/kontakt\/\">Bitte kontaktieren Sie uns<\/a> mit unseren Spezialisten.<\/p>\n<p>Das OSO Operator Training Centre l\u00e4dt Sie zu einem Kurs der Kategorie G3 ein - in Warschau und in ganz Polen!<\/p>","protected":false},"excerpt":{"rendered":"<p>Szkolenia G3 \u2013 Warszawa i ca\u0142a Polska Zach\u0119camy do zapisania si\u0119 na kurs przygotowuj\u0105ce do egzamin\u00f3w przed komisjami SEP, PSE, SIMP, SITPS w kategorii G3 w O\u015brodku Szkolenia Operator\u00f3w OSO! Prowadzone przez naszych ekspert\u00f3w zaj\u0119cia przygotowuj\u0105 do podj\u0119cia pracy w zakresie dozoru i eksploatacji urz\u0105dze\u0144, instalacji oraz sieci w grupie 3. Cel szkolenia Celem kursu [&hellip;]<\/p>\n","protected":false},"author":3,"featured_media":2006,"parent":1895,"menu_order":0,"comment_status":"closed","ping_status":"closed","template":"","meta":{"footnotes":""},"class_list":["post-1901","page","type-page","status-publish","has-post-thumbnail","hentry"],"aioseo_notices":[],"_links":{"self":[{"href":"https:\/\/szkolenia-udt.pl\/de\/wp-json\/wp\/v2\/pages\/1901","targetHints":{"allow":["GET"]}}],"collection":[{"href":"https:\/\/szkolenia-udt.pl\/de\/wp-json\/wp\/v2\/pages"}],"about":[{"href":"https:\/\/szkolenia-udt.pl\/de\/wp-json\/wp\/v2\/types\/page"}],"author":[{"embeddable":true,"href":"https:\/\/szkolenia-udt.pl\/de\/wp-json\/wp\/v2\/users\/3"}],"replies":[{"embeddable":true,"href":"https:\/\/szkolenia-udt.pl\/de\/wp-json\/wp\/v2\/comments?post=1901"}],"version-history":[{"count":7,"href":"https:\/\/szkolenia-udt.pl\/de\/wp-json\/wp\/v2\/pages\/1901\/revisions"}],"predecessor-version":[{"id":2892,"href":"https:\/\/szkolenia-udt.pl\/de\/wp-json\/wp\/v2\/pages\/1901\/revisions\/2892"}],"up":[{"embeddable":true,"href":"https:\/\/szkolenia-udt.pl\/de\/wp-json\/wp\/v2\/pages\/1895"}],"wp:featuredmedia":[{"embeddable":true,"href":"https:\/\/szkolenia-udt.pl\/de\/wp-json\/wp\/v2\/media\/2006"}],"wp:attachment":[{"href":"https:\/\/szkolenia-udt.pl\/de\/wp-json\/wp\/v2\/media?parent=1901"}],"curies":[{"name":"wp","href":"https:\/\/api.w.org\/{rel}","templated":true}]}}