{"id":1903,"date":"2017-12-06T15:50:24","date_gmt":"2017-12-06T15:50:24","guid":{"rendered":"http:\/\/szkolenia-udt.pl\/?page_id=1903"},"modified":"2022-06-13T11:54:26","modified_gmt":"2022-06-13T09:54:26","slug":"zertifizierungsausschusse-sep-pse-simp-sitps","status":"publish","type":"page","link":"https:\/\/szkolenia-udt.pl\/de\/kursy\/sep-g1-g2-g3\/komisje-certyfikujace-sep-pse-simp-sitps\/","title":{"rendered":"Zertifizierungsaussch\u00fcsse: SEP, PSE, SIMP, SITPS"},"content":{"rendered":"<div style=\"float: left; padding-right: 10px;\"><div id=\"metaslider-id-1974\" style=\"max-width: 450px;\" class=\"ml-slider-3-107-0 metaslider metaslider-flex metaslider-1974 ml-slider ms-theme-default nav-hidden\" role=\"region\" aria-label=\"com-sep\" data-height=\"400\" data-width=\"450\">\n    <div id=\"metaslider_container_1974\">\n        <div id=\"metaslider_1974\">\n            <ul class='slides'>\n                <li style=\"display: block; width: 100%;\" class=\"slide-2009 ms-image\" aria-roledescription=\"slide\" data-date=\"2017-12-29 11:08:48\" data-filename=\"images-3-217x192.jpg\" data-slide-type=\"image\"><img loading=\"lazy\" decoding=\"async\" src=\"https:\/\/szkolenia-udt.pl\/wp-content\/uploads\/2017\/12\/images-3-217x192.jpg\" height=\"400\" width=\"450\" alt=\"\" class=\"slider-1974 slide-2009 msDefaultImage\" \/><\/li>\n            <\/ul>\n        <\/div>\n        \n    <\/div>\n<\/div><\/div>\n<h2 class=\"boldnagl\"><strong>SEP, PSE, SIMP, SITPS - von der ERO zugelassene Zertifizierungsaussch\u00fcsse <\/strong><\/h2>\n<p>Es ist \u00fcblich, Kurse, die die entsprechende Qualifikation f\u00fcr Strom-, W\u00e4rme- und Gasanlagen, -installationen und -netze vermitteln, als \"SEP-Kurse\" zu bezeichnen. Ebenso wird die \"SEP-Pr\u00fcfung\" auch als Zertifizierungspr\u00fcfung bezeichnet. In Wirklichkeit kann sie aber auch vor anderen Zertifizierungsstellen abgelegt werden.<\/p>\n<p>Die Energieregulierungsbeh\u00f6rde (URE) ist die zentrale Verwaltungsstelle, die den polnischen Energiemarkt reguliert. Die URE genehmigt die Pr\u00fcfungskommissionen, vor denen die als SEP bezeichneten Pr\u00fcfungen abgelegt werden k\u00f6nnen. Derzeit ist es m\u00f6glich, neben der SEP auch vor Aussch\u00fcssen anderer Verb\u00e4nde zu sitzen.<\/p>\n<h2 class=\"boldnagl\"><strong>Zertifizierungsstellen, vor denen die Pr\u00fcfung abgelegt werden kann: <\/strong><\/h2>\n<ul>\n<li>SEP - Verband der polnischen Elektroingenieure<\/li>\n<li>PSE - Polnischer Verband f\u00fcr Elektroinstallation<\/li>\n<li>SIMP - Gesellschaft der polnischen Maschinenbauingenieure<\/li>\n<li>SITPS oder SITSpo\u017c - Gesellschaft von Ingenieuren und Technikern der Lebensmittelindustrie<\/li>\n<\/ul>\n<p>Die Gesellschaft Polnischer Elektriker, kurz SEP, ist der bekannteste Verband, <a href=\"https:\/\/szkolenia-udt.pl\/de\/kursy\/sep-g1-g2-g3\/egzamin-sep-pse-simp-sitps\/\">vor denen die Pr\u00fcfungen durchgef\u00fchrt werden<\/a>Sie k\u00f6nnen sich aber auch an die oben genannten Verb\u00e4nde und andere von der Energieregulierungsbeh\u00f6rde eingerichtete Stellen wenden.<\/p>","protected":false},"excerpt":{"rendered":"<p>SEP, PSE, SIMP, SITPS \u2013 komisje certyfikuj\u0105ce zatwierdzone przez URE Przyj\u0119\u0142o si\u0119 m\u00f3wi\u0107, \u017ce kursy nadaj\u0105ce odpowiednie potwierdzenie kwalifikacji dla urz\u0105dze\u0144, instalacji i sieci energetycznych, cieplnych i gazowych okre\u015blane s\u0105 jako &#8222;kursy SEP&#8221;. Podobnie jako &#8222;egzamin SEP&#8221; okre\u015bla si\u0119 te\u017c egzamin na uprawnienia. W rzeczywisto\u015bci jednak mo\u017cna zdawa\u0107 go tak\u017ce przed innymi komisjami certyfikuj\u0105cymi. Urz\u0105d [&hellip;]<\/p>\n","protected":false},"author":3,"featured_media":2008,"parent":1895,"menu_order":0,"comment_status":"closed","ping_status":"closed","template":"","meta":{"footnotes":""},"class_list":["post-1903","page","type-page","status-publish","has-post-thumbnail","hentry"],"aioseo_notices":[],"_links":{"self":[{"href":"https:\/\/szkolenia-udt.pl\/de\/wp-json\/wp\/v2\/pages\/1903","targetHints":{"allow":["GET"]}}],"collection":[{"href":"https:\/\/szkolenia-udt.pl\/de\/wp-json\/wp\/v2\/pages"}],"about":[{"href":"https:\/\/szkolenia-udt.pl\/de\/wp-json\/wp\/v2\/types\/page"}],"author":[{"embeddable":true,"href":"https:\/\/szkolenia-udt.pl\/de\/wp-json\/wp\/v2\/users\/3"}],"replies":[{"embeddable":true,"href":"https:\/\/szkolenia-udt.pl\/de\/wp-json\/wp\/v2\/comments?post=1903"}],"version-history":[{"count":5,"href":"https:\/\/szkolenia-udt.pl\/de\/wp-json\/wp\/v2\/pages\/1903\/revisions"}],"predecessor-version":[{"id":2894,"href":"https:\/\/szkolenia-udt.pl\/de\/wp-json\/wp\/v2\/pages\/1903\/revisions\/2894"}],"up":[{"embeddable":true,"href":"https:\/\/szkolenia-udt.pl\/de\/wp-json\/wp\/v2\/pages\/1895"}],"wp:featuredmedia":[{"embeddable":true,"href":"https:\/\/szkolenia-udt.pl\/de\/wp-json\/wp\/v2\/media\/2008"}],"wp:attachment":[{"href":"https:\/\/szkolenia-udt.pl\/de\/wp-json\/wp\/v2\/media?parent=1903"}],"curies":[{"name":"wp","href":"https:\/\/api.w.org\/{rel}","templated":true}]}}