{"id":1905,"date":"2017-12-06T15:51:23","date_gmt":"2017-12-06T15:51:23","guid":{"rendered":"http:\/\/szkolenia-udt.pl\/?page_id=1905"},"modified":"2022-06-13T11:20:39","modified_gmt":"2022-06-13T09:20:39","slug":"sep-pse-simp-sitps-prufung","status":"publish","type":"page","link":"https:\/\/szkolenia-udt.pl\/de\/kursy\/sep-g1-g2-g3\/egzamin-sep-pse-simp-sitps\/","title":{"rendered":"Wie funktioniert die Pr\u00fcfung G1, G2, G3, PSE, SIMP, SITPS?"},"content":{"rendered":"<div style=\"float: left; padding-right: 10px;\"><div id=\"metaslider-id-1940\" style=\"max-width: 300px;\" class=\"ml-slider-3-107-0 metaslider metaslider-flex metaslider-1940 ml-slider ms-theme-default nav-hidden\" role=\"region\" aria-label=\"sep\" data-height=\"225\" data-width=\"300\">\n    <div id=\"metaslider_container_1940\">\n        <div id=\"metaslider_1940\">\n            <ul class='slides'>\n                <li style=\"display: block; width: 100%;\" class=\"slide-2001 ms-image\" aria-roledescription=\"slide\" data-date=\"2017-12-29 10:30:02\" data-filename=\"SEP_blog2-1-1030x686-300x225.jpg\" data-slide-type=\"image\"><img loading=\"lazy\" decoding=\"async\" src=\"https:\/\/szkolenia-udt.pl\/wp-content\/uploads\/2017\/12\/SEP_blog2-1-1030x686-300x225.jpg\" height=\"225\" width=\"300\" alt=\"\" class=\"slider-1940 slide-2001 msDefaultImage\" \/><\/li>\n            <\/ul>\n        <\/div>\n        \n    <\/div>\n<\/div><\/div>\n<h2 class=\"boldnagl\"><strong>Pr\u00fcfung G1, G2, G3, PSE, SIMP, SITPS <\/strong><\/h2>\n<p>Um f\u00fcr die Durchf\u00fchrung von Arbeiten zum Betrieb und zur \u00dcberwachung von elektrischen, thermischen und gasbetriebenen Ger\u00e4ten, Anlagen und Netzen qualifiziert zu sein, muss man eine Pr\u00fcfung ablegen.<\/p>\n<h3 class=\"boldnagl\"><strong>Zertifizierungsaussch\u00fcsse<\/strong><\/h3>\n<p>Diese Pr\u00fcfung, die auch als \"SEP-Pr\u00fcfung\" bezeichnet wird, wird jedoch nicht nur vor dem Verband der polnischen Elektriker abgelegt, der am weitesten verbreitet ist.<\/p>\n<p>Die Zertifizierung wird auch von anderen Aussch\u00fcssen durchgef\u00fchrt, die von der Energieregulierungsbeh\u00f6rde (ERO) zugelassen sind, darunter der Polnische Verband der Elektroinstallateure (PSE), der Verband der polnischen Maschinenbauingenieure (SIMP) und der Verband der Ingenieure und Techniker der Lebensmittelindustrie (SITPS oder SITSpo\u017c).<\/p>\n<h2 class=\"boldnagl\"><strong>Wie l\u00e4uft die Pr\u00fcfung?<\/strong><\/h2>\n<p>Die Rechtsgrundlage f\u00fcr die Durchf\u00fchrung der Pr\u00fcfung zur Erlangung der Lizenz ist die Verordnung des Ministers f\u00fcr Wirtschaft, Arbeit und Sozialpolitik vom 28. April 2003, je nach den Anlagen, Ausr\u00fcstungen und Netzen f\u00fcr Strom, Energie oder Gas.<\/p>\n<p>Sie besagt, dass die Pr\u00fcfung von einem Pr\u00fcfungsteam aus mindestens drei Personen durchgef\u00fchrt wird, die vom Vorsitzenden des Verwaltungsrats ernannt werden. Die Pr\u00fcfung ist m\u00fcndlich und pr\u00fcft die Kenntnisse des Bewerbers in dem gew\u00e4hlten Bereich - entweder Aufsichts- oder Betriebsfunktionen.<\/p>\n<p>Die Pr\u00fcfungsfragen betreffen u. a. Vorschriften, Grunds\u00e4tze f\u00fcr den sicheren Betrieb von Ger\u00e4ten, Anlagen und Netzen, Grunds\u00e4tze f\u00fcr die Durchf\u00fchrung von Inspektions- und Messarbeiten, Notfallanweisungen, Grunds\u00e4tze f\u00fcr die Entsorgung der Energie von an das Netz angeschlossenen Ger\u00e4ten.<\/p>","protected":false},"excerpt":{"rendered":"<p>Egzamin G1, G2, G3, PSE, SIMP, SITPS W celu uzyskania odpowiednich uprawnie\u0144 do prowadzenia prac dotycz\u0105cych eksploatacji i dozoru urz\u0105dze\u0144, instalacji oraz sieci elektroenergetycznych, cieplnych i gazowych konieczne jest pozytywne zaliczenie egzaminu. Komisje certyfikuj\u0105ce Egzamin ten, kt\u00f3ry okre\u015blany jest te\u017c jako &#8222;egzamin SEP&#8221;, prowadzony jest jednak nie tylko przed Stowarzyszeniem Elektryk\u00f3w Polskich, kt\u00f3re jest najbardziej [&hellip;]<\/p>\n","protected":false},"author":3,"featured_media":2000,"parent":1895,"menu_order":0,"comment_status":"closed","ping_status":"closed","template":"","meta":{"footnotes":""},"class_list":["post-1905","page","type-page","status-publish","has-post-thumbnail","hentry"],"aioseo_notices":[],"_links":{"self":[{"href":"https:\/\/szkolenia-udt.pl\/de\/wp-json\/wp\/v2\/pages\/1905","targetHints":{"allow":["GET"]}}],"collection":[{"href":"https:\/\/szkolenia-udt.pl\/de\/wp-json\/wp\/v2\/pages"}],"about":[{"href":"https:\/\/szkolenia-udt.pl\/de\/wp-json\/wp\/v2\/types\/page"}],"author":[{"embeddable":true,"href":"https:\/\/szkolenia-udt.pl\/de\/wp-json\/wp\/v2\/users\/3"}],"replies":[{"embeddable":true,"href":"https:\/\/szkolenia-udt.pl\/de\/wp-json\/wp\/v2\/comments?post=1905"}],"version-history":[{"count":5,"href":"https:\/\/szkolenia-udt.pl\/de\/wp-json\/wp\/v2\/pages\/1905\/revisions"}],"predecessor-version":[{"id":2887,"href":"https:\/\/szkolenia-udt.pl\/de\/wp-json\/wp\/v2\/pages\/1905\/revisions\/2887"}],"up":[{"embeddable":true,"href":"https:\/\/szkolenia-udt.pl\/de\/wp-json\/wp\/v2\/pages\/1895"}],"wp:featuredmedia":[{"embeddable":true,"href":"https:\/\/szkolenia-udt.pl\/de\/wp-json\/wp\/v2\/media\/2000"}],"wp:attachment":[{"href":"https:\/\/szkolenia-udt.pl\/de\/wp-json\/wp\/v2\/media?parent=1905"}],"curies":[{"name":"wp","href":"https:\/\/api.w.org\/{rel}","templated":true}]}}