{"id":2087,"date":"2019-12-18T15:52:31","date_gmt":"2019-12-18T15:52:31","guid":{"rendered":"https:\/\/szkolenia-udt.pl\/?page_id=2087"},"modified":"2022-06-20T21:59:44","modified_gmt":"2022-06-20T19:59:44","slug":"udt-lizenzkategorien","status":"publish","type":"page","link":"https:\/\/szkolenia-udt.pl\/de\/uprawnienia-udt\/kategorie-uprawnien-udt\/","title":{"rendered":"Berechtigungskategorien"},"content":{"rendered":"<div style=\"float: left; padding-right: 10px;\"><div id=\"metaslider-id-373\" style=\"max-width: 300px;\" class=\"ml-slider-3-107-0 metaslider metaslider-flex metaslider-373 ml-slider ms-theme-default nav-hidden\" role=\"region\" aria-label=\"\u00dcber das Unternehmen 2\" data-height=\"225\" data-width=\"300\">\n    <div id=\"metaslider_container_373\">\n        <div id=\"metaslider_373\">\n            <ul class='slides'>\n                <li style=\"display: block; width: 100%;\" class=\"slide-1109 ms-image\" aria-roledescription=\"slide\" data-date=\"2014-11-12 13:56:05\" data-filename=\"bizness3a.jpg\" data-slide-type=\"image\"><img loading=\"lazy\" decoding=\"async\" src=\"https:\/\/szkolenia-udt.pl\/wp-content\/uploads\/2014\/11\/bizness3a.jpg\" height=\"225\" width=\"300\" alt=\"Ausbildung\" class=\"slider-373 slide-1109 msDefaultImage\" \/><\/li>\n                <li style=\"display: none; width: 100%;\" class=\"slide-1106 ms-image\" aria-roledescription=\"slide\" data-date=\"2014-11-12 13:56:03\" data-filename=\"biznes5a.jpg\" data-slide-type=\"image\"><img loading=\"lazy\" decoding=\"async\" src=\"https:\/\/szkolenia-udt.pl\/wp-content\/uploads\/2014\/11\/biznes5a.jpg\" height=\"225\" width=\"300\" alt=\"Technische Pr\u00fcfstelle\" class=\"slider-373 slide-1106 msDefaultImage\" \/><\/li>\n                <li style=\"display: none; width: 100%;\" class=\"slide-1110 ms-image\" aria-roledescription=\"slide\" data-date=\"2014-11-12 14:04:12\" data-filename=\"meeting-2a.jpg\" data-slide-type=\"image\"><img loading=\"lazy\" decoding=\"async\" src=\"https:\/\/szkolenia-udt.pl\/wp-content\/uploads\/2014\/11\/meeting-2a.jpg\" height=\"225\" width=\"300\" alt=\"udt-Kurse\" class=\"slider-373 slide-1110 msDefaultImage\" \/><\/li>\n                <li style=\"display: none; width: 100%;\" class=\"slide-1199 ms-image\" aria-roledescription=\"slide\" data-date=\"2014-11-17 21:17:06\" data-filename=\"firma-5a.jpg\" data-slide-type=\"image\"><img loading=\"lazy\" decoding=\"async\" src=\"https:\/\/szkolenia-udt.pl\/wp-content\/uploads\/2014\/11\/firma-5a.jpg\" height=\"225\" width=\"300\" alt=\"Warschauer Gabelstapler\" class=\"slider-373 slide-1199 msDefaultImage\" \/><\/li>\n                <li style=\"display: none; width: 100%;\" class=\"slide-1196 ms-image\" aria-roledescription=\"slide\" data-date=\"2014-11-17 21:17:04\" data-filename=\"Firma-2a.jpg\" data-slide-type=\"image\"><img loading=\"lazy\" decoding=\"async\" src=\"https:\/\/szkolenia-udt.pl\/wp-content\/uploads\/2014\/11\/Firma-2a.jpg\" height=\"225\" width=\"300\" alt=\"\" class=\"slider-373 slide-1196 msDefaultImage\" \/><\/li>\n            <\/ul>\n        <\/div>\n        \n    <\/div>\n<\/div><\/div>\n<div class=\"wyjustuj\">\n<p>Auf dieser Seite finden Sie eine detaillierte Liste der Ger\u00e4te, f\u00fcr die eine UDT-Lizenz erforderlich ist. Dabei handelt es sich um Ger\u00e4te, die der technischen \u00dcberwachung unterliegen und f\u00fcr deren Betrieb eine Grundausbildung und eine Pr\u00fcfung vor einem Ausschuss des Technischen \u00dcberwachungsvereins erforderlich sind. Wenn Sie sich f\u00fcr unser Personalentwicklungszentrum entscheiden, k\u00f6nnen Sie UDT-Zulassungen in dem Bereich Ihrer Wahl erwerben. Wir bieten eine umfassende Ausbildung zu erschwinglichen Preisen, und unsere Lehrmethoden f\u00fchren dazu, dass praktisch alle Kursteilnehmer ihre Pr\u00fcfungen beim ersten Versuch bestehen. Wir bieten erschwingliche Kurspreise, und da wir mit dem Amt zusammenarbeiten, werden die Pr\u00fcfungen zu f\u00fcr unsere Kunden g\u00fcnstigen Zeiten organisiert. Weitere Informationen \u00fcber UDT-Berechtigungen und technische Ger\u00e4te, die der technischen \u00dcberwachung unterliegen, finden Sie auf unserer Website <a href=\"http:\/\/www.udt.gov.pl\" target=\"_blank\" rel=\"noopener noreferrer\">http:\/\/www.udt.gov.pl<\/a>. Wenn Sie Fragen haben zu <a href=\"https:\/\/szkolenia-udt.pl\/de\/oferta\/\">unsere Dienstleistungen<\/a> oder einen Kurs buchen m\u00f6chten, besuchen Sie bitte <a href=\"https:\/\/szkolenia-udt.pl\/de\/kontakt\/\">Kontaktieren Sie uns<\/a> - wir werden so schnell wie m\u00f6glich antworten!<\/p>\n<\/div>\n<div style=\"width: 100%;overflow: auto;\">\n<table>\n<tbody>\n<tr>\n<th style=\"text-align: center;\" colspan=\"3\">SERVICE<\/th>\n<\/tr>\n<tr>\n<td colspan=\"2\">Arten von technischen Anlagen, f\u00fcr deren Betrieb eine durch einen Bef\u00e4higungsnachweis bescheinigte Qualifikation erforderlich ist<\/td>\n<td>G\u00fcltigkeitsdauer der Bef\u00e4higungsnachweise (in Jahren)<\/td>\n<\/tr>\n<tr>\n<td rowspan=\"2\">Winden und Hebezeuge<\/td>\n<td>Hebezeuge und Winden f\u00fcr allgemeine Zwecke<\/td>\n<td>10<\/td>\n<\/tr>\n<tr>\n<td>Hebezeuge und Winden f\u00fcr allgemeine und spezielle Zwecke<\/td>\n<td>5<\/td>\n<\/tr>\n<tr>\n<td rowspan=\"2\">Kr\u00e4ne<\/td>\n<td>Krane, Hebezeuge und Winden f\u00fcr allgemeine Zwecke<\/td>\n<td>10<\/td>\n<\/tr>\n<tr>\n<td>Krane, Hebezeuge und Winden f\u00fcr allgemeine und spezielle Zwecke<\/td>\n<td>5<\/td>\n<\/tr>\n<tr>\n<td rowspan=\"8\">Kr\u00e4ne<\/td>\n<td>Station\u00e4re Krane<\/td>\n<td>10<\/td>\n<\/tr>\n<tr>\n<td>Mobile und tragbare Krane<br \/>\n(berechtigt zum F\u00fchren von Mobil- und Mobilkranen sowie station\u00e4ren Kranen)<\/td>\n<td>10<\/td>\n<\/tr>\n<tr>\n<td>Mobile Kr\u00e4ne<br \/>\n(genehmigt den Betrieb von mobilen, mobilen und tragbaren Kr\u00e4nen und station\u00e4ren Kr\u00e4nen)<\/td>\n<td>5<\/td>\n<\/tr>\n<tr>\n<td>Schienengebundene Krane<\/td>\n<td>5<\/td>\n<\/tr>\n<tr>\n<td>Turm- und Hochgeschwindigkeitskr\u00e4ne<br \/>\n(Berechtigung zum Betrieb von Turm- und Hochgeschwindigkeitskranen sowie schienengebundenen Kranen)<\/td>\n<td>5<\/td>\n<\/tr>\n<tr>\n<td>Eisenbahn- und Bordkr\u00e4ne<\/td>\n<td>5<\/td>\n<\/tr>\n<tr>\n<td>Deckkr\u00e4ne<\/td>\n<td>5<\/td>\n<\/tr>\n<tr>\n<td>Schwimmende Kr\u00e4ne<br \/>\n(berechtigt zur Bedienung von Schwimmkr\u00e4nen und Deckskr\u00e4nen)<\/td>\n<td>5<\/td>\n<\/tr>\n<tr>\n<td>Regalbedienger\u00e4te<\/td>\n<td>Regalbedienger\u00e4te<\/td>\n<td>10<\/td>\n<\/tr>\n<tr>\n<td>Lastenaufz\u00fcge<\/td>\n<td>Lastenaufz\u00fcge<\/td>\n<td>10<\/td>\n<\/tr>\n<tr>\n<td>Schiffshebewerke<\/td>\n<td>Schiffshebewerke<\/td>\n<td>10<\/td>\n<\/tr>\n<tr>\n<td rowspan=\"5\">Mobile Plattformen<\/td>\n<td>Station\u00e4re mobile Plattformen<\/td>\n<td>10<\/td>\n<\/tr>\n<tr>\n<td>Aufgeh\u00e4ngte mobile Plattformen<br \/>\n(Genehmigung zum Betrieb von H\u00e4ngeb\u00fchnen und ortsfesten Arbeitsb\u00fchnen)<\/td>\n<td>10<\/td>\n<\/tr>\n<tr>\n<td>Mastgest\u00fctzte mobile Plattformen<br \/>\n(berechtigt zum Betrieb von Masten und festen Zugangsplattformen)<\/td>\n<td>10<\/td>\n<\/tr>\n<tr>\n<td>Mobile Hebeb\u00fchnen<\/td>\n<td>5<\/td>\n<\/tr>\n<tr>\n<td>Plattformen auf Schienenfahrzeugen<\/td>\n<td>10<\/td>\n<\/tr>\n<tr>\n<td rowspan=\"2\">Gabelstapler<\/td>\n<td>Motorisierte Stapler mit Ausleger und motorisierte Stapler mit Bediener, die mit der Last angehoben werden<br \/>\n(berechtigt Sie auch zum Betrieb aller anderen <a href=\"https:\/\/szkolenia-udt.pl\/de\/kursy\/wozki-widlowe\/budowa-wozka-jezdniowego\/\">Gabelstapler<\/a> kraftbet\u00e4tigte Hebezeuge)<\/td>\n<td>5<\/td>\n<\/tr>\n<tr>\n<td>Kraftbetriebene Stapler mit mechanischem Hubmechanismus, ausgenommen Schubmaststapler und Portalstapler<\/td>\n<td>10<\/td>\n<\/tr>\n<tr>\n<td rowspan=\"2\">Kr\u00e4ne<\/td>\n<td>Baukr\u00e4ne<br \/>\n(genehmigt den Betrieb von Geb\u00e4udeaufz\u00fcgen, Lasten- und Personenaufz\u00fcgen)<\/td>\n<td>10<\/td>\n<\/tr>\n<tr>\n<td>Haus- und Krankenhauskr\u00e4ne und Personenaufz\u00fcge<br \/>\n(erlaubt den Betrieb von Lasten- und Personenaufz\u00fcgen mit interner Steuerung und Krankenhausaufz\u00fcgen ohne Kabinenlaststeuerung)<\/td>\n<td>10<\/td>\n<\/tr>\n<tr>\n<td>Seilkrane<\/td>\n<td>Seilkrane<\/td>\n<td>10<\/td>\n<\/tr>\n<tr>\n<td>Ausr\u00fcstung f\u00fcr den Containerumschlag<\/td>\n<td>Technische Ausr\u00fcstung zum Bewegen von Containern bei Umladungen<\/td>\n<td>10<\/td>\n<\/tr>\n<tr>\n<td>Stapler<\/td>\n<td>Gleisbaumaschinen<\/td>\n<td>10<\/td>\n<\/tr>\n<tr>\n<td rowspan=\"6\">Seilbahnen<\/td>\n<td>G\u00fcterseilbahnen<\/td>\n<td>10<\/td>\n<\/tr>\n<tr>\n<td>Einseilige Personenz\u00fcge mit abgekoppelten St\u00fchlen<\/td>\n<td>5<\/td>\n<\/tr>\n<tr>\n<td>Einseilumlaufbahnen mit Sesselliften oder Gondeln mit gekoppelten Fahrzeugen<\/td>\n<td>5<\/td>\n<\/tr>\n<tr>\n<td>Personenseilbahnen Mehrseilumlaufbahnen mit gezogenen Fahrzeugen<\/td>\n<td>5<\/td>\n<\/tr>\n<tr>\n<td>Einseil- oder Zweileitungs-Luftseilbahnen<\/td>\n<td>5<\/td>\n<\/tr>\n<tr>\n<td>Fahrgast-Seilbahnen<\/td>\n<td>5<\/td>\n<\/tr>\n<tr>\n<td rowspan=\"4\">Aufz\u00fcge f\u00fcr die Bef\u00f6rderung von Personen zu touristischen und sportlichen Zwecken<\/td>\n<td>F\u00fcr Skifahrer, die sich auf Schnee oder festem Untergrund mit hoher oder niedriger Seilf\u00fchrung, gest\u00fctzt oder freitragend, von der Plattform oder vom Maschinenraum aus gesteuert, bewegen<\/td>\n<td>5<\/td>\n<\/tr>\n<tr>\n<td>Multiseile f\u00fcr Wasserskil\u00e4ufer mit hoher Seilf\u00fchrung mit kreisf\u00f6rmiger Bewegung<\/td>\n<td>5<\/td>\n<\/tr>\n<tr>\n<td>Doppelt gest\u00fctzt f\u00fcr Wasserskifahrer mit hoher oder niedriger Seilf\u00fchrung mit reversibler oder kreisf\u00f6rmiger Bewegung<\/td>\n<td>5<\/td>\n<\/tr>\n<tr>\n<td>Schwerkraftrutschen Fahrzeuglifte Rodellifte einschlie\u00dflich der Infrastruktur f\u00fcr die Abfahrtsstrecke<\/td>\n<td>5<\/td>\n<\/tr>\n<tr>\n<td rowspan=\"2\">Plattformen und mobile Plattformen mit Antriebsaggregaten in F\u00e4hrh\u00e4fen<\/td>\n<td>Mobile Plattformen mit Antriebseinheiten in F\u00e4hrh\u00e4fen<\/td>\n<td>10<\/td>\n<\/tr>\n<tr>\n<td>Bewegliche Plattformen mit Antriebseinheiten in Binnenf\u00e4hrh\u00e4fen<\/td>\n<td>10<\/td>\n<\/tr>\n<tr>\n<td>Tragbare Tanks<\/td>\n<td>F\u00fcllen von ortsbeweglichen Druckbeh\u00e4ltern \u00fcber 350 cm3<\/td>\n<td>10<\/td>\n<\/tr>\n<tr>\n<td rowspan=\"3\"><a href=\"https:\/\/szkolenia-udt.pl\/de\/kursy\/uprawnienia-udt-tdt-wdt\/uno-tdt\/\">Ausr\u00fcstung zum F\u00fcllen und Entleeren von Tanks<\/a> Transport f\u00fcr gef\u00e4hrliche G\u00fcter<\/td>\n<td>Ausr\u00fcstung zum Bef\u00fcllen und Entleeren von Transporttanks f\u00fcr gef\u00e4hrliche Stoffe der Klasse....... nach ADR \/ RID \/ ADN<\/td>\n<td>5<\/td>\n<\/tr>\n<tr>\n<td>Ausr\u00fcstung zum Bef\u00fcllen und Entleeren von Transporttanks f\u00fcr gef\u00e4hrliche Stoffe der Klassen........ nach ADR \/ RID \/ ADN<\/td>\n<td><\/td>\n<\/tr>\n<tr>\n<td>IMDG-Gef\u00e4hrliche G\u00fcter Hafenverladearme<\/td>\n<td>5<\/td>\n<\/tr>\n<tr>\n<td rowspan=\"2\">Ausr\u00fcstung zum F\u00fcllen und Entleeren von Transporttanks f\u00fcr nicht gef\u00e4hrliche Stoffe<\/td>\n<td>Ger\u00e4te zum F\u00fcllen und Entleeren von Transporttanks f\u00fcr nicht gef\u00e4hrliche Stoffe, die unter Druck gef\u00fcllt, entleert oder transportiert werden<\/td>\n<td>10<\/td>\n<\/tr>\n<tr>\n<td>Hafenverladearme f\u00fcr nicht gef\u00e4hrliche G\u00fcter<\/td>\n<td>10<\/td>\n<\/tr>\n<tr>\n<td rowspan=\"4\">Beh\u00e4lter f\u00fcr verfl\u00fcssigtes oder verdichtetes Gas zur Versorgung von Verbrennungsmotoren in Fahrzeugen<\/td>\n<td>Bef\u00fcllung von LPG-Tanks, die in die Kraftstoffversorgungssysteme von Binnenschiffen und -fahrzeugen eingebaut sind<\/td>\n<td>10<\/td>\n<\/tr>\n<tr>\n<td>Bef\u00fcllung von CNG-Tanks, die in die Versorgungssysteme von Binnenschiffen und Fahrzeugen eingebaut sind<\/td>\n<td>10<\/td>\n<\/tr>\n<tr>\n<td>Bef\u00fcllung von LNG-Tanks f\u00fcr den Antrieb von Binnenschiffen und -fahrzeugen<\/td>\n<td>10<\/td>\n<\/tr>\n<tr>\n<td>Bef\u00fcllung von Wasserstoffbeh\u00e4ltern, die in die Energieversorgung von Binnenfahrzeugen und -schiffen eingebaut sind<\/td>\n<td>10<\/td>\n<\/tr>\n<tr>\n<td>Dampfkessel mit einem Volumen von mehr als 2 dm3 zur Erzeugung von Dampf aus Fl\u00fcssigkeiten unter Nutzung der aus dem Brennstoff durch eine exotherme Reaktion gewonnenen W\u00e4rme<\/td>\n<td>Dampfkessel<\/td>\n<td>5<\/td>\n<\/tr>\n<tr>\n<td>Winden zum Bewegen von Waggons auf Schienen<\/td>\n<td>Winden zum Bewegen von Waggons auf Schienen<\/td>\n<td>10<\/td>\n<\/tr>\n<tr>\n<td rowspan=\"12\">Be- und Entladen oder Umsetzen von Ausr\u00fcstung in Umschlaganlagen<\/td>\n<td>Waggon-Entlader<\/td>\n<td>10<\/td>\n<\/tr>\n<tr>\n<td>Schiffsentlader<\/td>\n<td>10<\/td>\n<\/tr>\n<tr>\n<td>Triebwagenkipper<\/td>\n<td>10<\/td>\n<\/tr>\n<tr>\n<td>Belader, einschlie\u00dflich Schiffsbelader<\/td>\n<td>10<\/td>\n<\/tr>\n<tr>\n<td>Heavers<\/td>\n<td>10<\/td>\n<\/tr>\n<tr>\n<td>Heap-Lader<\/td>\n<td>10<\/td>\n<\/tr>\n<tr>\n<td>H\u00e4ngegurtf\u00f6rderer<\/td>\n<td>10<\/td>\n<\/tr>\n<tr>\n<td>Futterautomaten<\/td>\n<td>10<\/td>\n<\/tr>\n<tr>\n<td>F\u00f6rderer<\/td>\n<td>10<\/td>\n<\/tr>\n<tr>\n<td>Skilifte<\/td>\n<td>10<\/td>\n<\/tr>\n<tr>\n<td>Pneumatische F\u00f6rderanlagen f\u00fcr Sch\u00fcttg\u00fcter<\/td>\n<td>10<\/td>\n<\/tr>\n<tr>\n<td>Haufenlader und Beschicker<\/td>\n<td>10<\/td>\n<\/tr>\n<tr>\n<td rowspan=\"8\">Spezialausr\u00fcstung, die der milit\u00e4rtechnischen Aufsicht unterliegt<\/td>\n<td>Tragbare Druckbeh\u00e4lter von Luftfahrzeugen, Schiffen und Kampffahrzeugen der Streitkr\u00e4fte der Republik Polen - in Bezug auf ihre Bef\u00fcllung<\/td>\n<td>10<\/td>\n<\/tr>\n<tr>\n<td>Bef\u00fcllungsanlagen f\u00fcr R\u00fcstungsg\u00fcter und milit\u00e4rische Ausr\u00fcstung<\/td>\n<td>10<\/td>\n<\/tr>\n<tr>\n<td>Feldpipelines f\u00fcr den Transport von fl\u00fcssigen Brennstoffen<\/td>\n<td>10<\/td>\n<\/tr>\n<tr>\n<td>Be- und Entladeeinrichtungen f\u00fcr Milit\u00e4rbr\u00fccken<\/td>\n<td>10<\/td>\n<\/tr>\n<tr>\n<td>Mechanische Ausr\u00fcstung zum Be- und Entladen von Raketen<\/td>\n<td>10<\/td>\n<\/tr>\n<tr>\n<td>Mechanische Ladevorrichtungen f\u00fcr Torpedos<\/td>\n<td>10<\/td>\n<\/tr>\n<tr>\n<td>Fallschirmsprung-Trainingsger\u00e4te<\/td>\n<td>10<\/td>\n<\/tr>\n<tr>\n<td>Winden zur Bef\u00f6rderung von Personen oder gef\u00e4hrlichen Lasten, die in Flugzeugen, Schiffen, Kampffahrzeugen und Fahrzeugen der Streitkr\u00e4fte der Republik Polen eingesetzt werden<\/td>\n<td>10<\/td>\n<\/tr>\n<\/tbody>\n<\/table>\n<\/div>","protected":false},"excerpt":{"rendered":"<p>Na tej stronie znajdziesz szczeg\u00f3\u0142owy wykaz urz\u0105dze\u0144, do kt\u00f3rych obs\u0142ugi potrzebne s\u0105 uprawnienia UDT. S\u0105 to urz\u0105dzenia podlegaj\u0105ce dozorowi technicznemu i wymagaj\u0105ce pocz\u0105tkowego przeszkolenia do obs\u0142ugi oraz zdania egzaminu przed komisj\u0105 Urz\u0119du Dozoru Technicznego. Wybieraj\u0105c nasz O\u015brodek Doskonalenia Kadr, mo\u017cesz uzyska\u0107 uprawnienia UDT w wybranym przez siebie zakresie. Zapewniamy kompleksowe przeszkolenie w przyst\u0119pnych cenach, a [&hellip;]<\/p>\n","protected":false},"author":3,"featured_media":0,"parent":37,"menu_order":0,"comment_status":"closed","ping_status":"closed","template":"","meta":{"footnotes":""},"class_list":["post-2087","page","type-page","status-publish","hentry"],"aioseo_notices":[],"_links":{"self":[{"href":"https:\/\/szkolenia-udt.pl\/de\/wp-json\/wp\/v2\/pages\/2087","targetHints":{"allow":["GET"]}}],"collection":[{"href":"https:\/\/szkolenia-udt.pl\/de\/wp-json\/wp\/v2\/pages"}],"about":[{"href":"https:\/\/szkolenia-udt.pl\/de\/wp-json\/wp\/v2\/types\/page"}],"author":[{"embeddable":true,"href":"https:\/\/szkolenia-udt.pl\/de\/wp-json\/wp\/v2\/users\/3"}],"replies":[{"embeddable":true,"href":"https:\/\/szkolenia-udt.pl\/de\/wp-json\/wp\/v2\/comments?post=2087"}],"version-history":[{"count":8,"href":"https:\/\/szkolenia-udt.pl\/de\/wp-json\/wp\/v2\/pages\/2087\/revisions"}],"predecessor-version":[{"id":2911,"href":"https:\/\/szkolenia-udt.pl\/de\/wp-json\/wp\/v2\/pages\/2087\/revisions\/2911"}],"up":[{"embeddable":true,"href":"https:\/\/szkolenia-udt.pl\/de\/wp-json\/wp\/v2\/pages\/37"}],"wp:attachment":[{"href":"https:\/\/szkolenia-udt.pl\/de\/wp-json\/wp\/v2\/media?parent=2087"}],"curies":[{"name":"wp","href":"https:\/\/api.w.org\/{rel}","templated":true}]}}