{"id":2115,"date":"2020-03-20T19:24:15","date_gmt":"2020-03-20T19:24:15","guid":{"rendered":"https:\/\/szkolenia-udt.pl\/?page_id=2115"},"modified":"2024-10-23T12:39:19","modified_gmt":"2024-10-23T10:39:19","slug":"e-raten","status":"publish","type":"page","link":"https:\/\/szkolenia-udt.pl\/de\/e-kursy\/","title":{"rendered":"UDT \/ G1, G2, G3 \/ BHP-Lizenzen und das Coronavirus? - MIT UNS JA! Online-Kurse OSO!"},"content":{"rendered":"<p style=\"text-align: center;\"><strong>Damen und Herren,<\/strong><\/p>\n<p>CSO setzt Bildung um #BHP #UDT #TDT #G1, <a href=\"https:\/\/szkolenia-udt.pl\/de\/kursy\/sep-g1-g2-g3\/g2\/\">G2<\/a>, <a href=\"https:\/\/szkolenia-udt.pl\/de\/kursy\/sep-g1-g2-g3\/g3\/\">G3<\/a> mit Hilfe moderner Technologien und des Internets in Form von Online-E-Learning und Webinaren - Audio-Video-\u00dcbertragung in Echtzeit.<\/p>\n<p>Unsere E-Kurse #UDT #TDT #G1, G2, G3 #BHP und #Heights im Bauzugang, sowie f\u00fcr #Hooks oder #Sygnalists sind verf\u00fcgbar unter<\/p>\n<p>Sobald die Schulung bestellt ist:<\/p>\n<ol>\n<li>Sie erhalten einen Zugang in Form eines Logins und eines Passworts, um sich in den Konferenzraum im <a href=\"\/\/testy-udt.edu.pl\/\" rel=\"nofollow\">strefa.edu.pl.<\/a><\/li>\n<li>Der Dozent h\u00e4lt den Unterricht per Fernzugriff \"live\" ab und setzt dabei aktivit\u00e4tsbasierte Methoden ein, um die Teilnehmer zu schulen, u. a. durch Vortr\u00e4ge, Aufgaben, Quiz und Diskussionen sowie Umfragen\/Tests.<\/li>\n<li>Nach der Schulung testet er die Kenntnisse der Teilnehmer entweder m\u00fcndlich oder mit Hilfe eines elektronischen Tests.<\/li>\n<\/ol>\n<div>\n<div style=\"float: right;\"><\/div>\n<div><img loading=\"lazy\" decoding=\"async\" width=\"300\" height=\"168\" class=\"alignnone size-medium wp-image-2126\" style=\"max-width: 250px;\" src=\"https:\/\/szkolenia-udt.pl\/wp-content\/uploads\/2020\/03\/foto2-300x168.jpg\" alt=\"&quot;\/\" srcset=\"https:\/\/szkolenia-udt.pl\/wp-content\/uploads\/2020\/03\/foto2-300x168.jpg 300w, https:\/\/szkolenia-udt.pl\/wp-content\/uploads\/2020\/03\/foto2.jpg 656w\" sizes=\"auto, (max-width: 300px) 100vw, 300px\" \/><\/div>\n<\/div>\n<p><a href=\"\/\/testy-udt.edu.pl\/\" rel=\"nofollow\">zone.edu.pl<\/a>\u00a0ist nicht nur der Zugang zu Materialien, Schulungsvideos und dem UDT-Testgenerator, sondern auch zu virtuellen R\u00e4umen, um mit dem Ausbilder in Kontakt zu treten. Jeder Teilnehmer greift zu einem vereinbarten Zeitpunkt auf die Schulung zu, indem er sich in unser System einloggt, z. B. mit einem Tablet oder Laptop am Arbeitsplatz oder zu Hause.<\/p>\n<p>Das System erm\u00f6glicht es Ausbildern, PPTX\/PDF-Multimedia-Pr\u00e4sentationen, Filmprojektionen und Audio-\/Video\u00fcbertragungen in Echtzeit anzubieten - Webinare.<\/p>\n<div>Das Zentrum bietet auch Online-Schulungen in Form von Webinaren f\u00fcr eine organisierte Gruppe von Personen in deren B\u00fcros und R\u00e4umen beim Kunden an. Die Mindestvoraussetzung ist eine stabile Internetverbindung, ein Projektor oder Fernseher und ein Computer, z. B. ein Laptop mit externen Lautsprechern (ein Videokonferenzset kann gemietet\/geliefert werden).<\/div>\n<div style=\"float: right;\"><img loading=\"lazy\" decoding=\"async\" class=\"alignnone size-medium wp-image-2123\" src=\"https:\/\/szkolenia-udt.pl\/wp-content\/uploads\/2020\/03\/ekurs-300x169.jpg\" alt=\"\" width=\"300\" height=\"169\" srcset=\"https:\/\/szkolenia-udt.pl\/wp-content\/uploads\/2020\/03\/ekurs-300x169.jpg 300w, https:\/\/szkolenia-udt.pl\/wp-content\/uploads\/2020\/03\/ekurs.jpg 622w\" sizes=\"auto, (max-width: 300px) 100vw, 300px\" \/><\/div>\n<p>Wenn eine Nachfrage nach der Organisation von praktischen Kursen besteht, organisiert das Zentrum solche Kurse und UDT, TDT Pr\u00fcfungen. <a href=\"https:\/\/szkolenia-udt.pl\/de\/kursy\/sep-g1-g2-g3\/komisje-certyfikujace-sep-pse-simp-sitps\/\">GEIER<\/a>die von externen Qualifikationsaussch\u00fcssen in den Lehr- und Lerneinrichtungen des Zentrums und in den R\u00e4umlichkeiten des Kunden durchgef\u00fchrt werden. Der Unterricht kann f\u00fcr jeden Teilnehmer einzeln oder in kleinen Gruppen von 3 bis 8 Personen durchgef\u00fchrt werden.<\/p>\n<p>Die oben genannten L\u00f6sungen basieren auf einem Unterricht, der sich auf Aktivierungsmethoden st\u00fctzt, w\u00e4hrend eine solche Form gleichzeitig die Ausbildungszeit verk\u00fcrzt, indem sie unter anderem zu theoretischen Gruppentrainingseinheiten pendelt. Die oben vorgestellten Methoden minimieren auch wirksam die gesch\u00e4ftlichen und beruflichen Risiken.<\/p>\n<p>Wir freuen uns auf die Zusammenarbeit mit Ihnen.<\/p>\n<div class=\"kontakt-txt\">EINSCHREIBUNG: <span style=\"font-size: 28px;\">+48 504 477 077<\/span><\/div>\n<p><span style=\"font-size: 26px;\">WIR BIETEN SCHULUNGEN AN IN:<\/span><\/p>\n<ul>\n<li>SEP:\n<ul>\n<li>G-1 (Elektrotechnik)<\/li>\n<li>G-2 (W\u00e4rme, Kompressoren)<\/li>\n<li>G-3 (Gase)<\/li>\n<li>Pr\u00fcf- und Messarbeiten an elektrischen Ger\u00e4ten und Anlagen<\/li>\n<\/ul>\n<\/li>\n<li>Gabelstapler\n<ul>\n<li>Aufzug (Service)<\/li>\n<li>Hochregal \/ Elektrisch<\/li>\n<li>Verbrennungsmotor mit LPG Zylinderwechsel (Service)<\/li>\n<li>Heben des Bedieners mit der Last (Handhabung)<\/li>\n<li>mit variabler Verl\u00e4ngerung (Betrieb)<\/li>\n<li>Gabelstapler (Wartung)<\/li>\n<\/ul>\n<\/li>\n<li>Teleskoplader, Manitou, (Betrieb)<\/li>\n<li>mobile Plattformen (Betrieb)\n<ul>\n<li>Scherenhebeb\u00fchnen und Freilaufb\u00fchnen (Betrieb)<\/li>\n<li>mobile Plattformen Spinnen (Betreiber)<\/li>\n<li>Hubarbeitsb\u00fchnen, LKW-Arbeitsb\u00fchnen (Service)<\/li>\n<li>Scherenarbeitsb\u00fchne, Auslegerarbeitsb\u00fchne MEWP ISO 18878 (Handhabung)<\/li>\n<li>H\u00e4ngen (Dienstleistung)<\/li>\n<li>station\u00e4r<\/li>\n<li>Mast<\/li>\n<li>UDT Ger\u00e4tewart<\/li>\n<li>Hubarbeitsb\u00fchnen (Wartung)<\/li>\n<li>Verladung, einschlie\u00dflich Personenbef\u00f6rderung (Wartung)<\/li>\n<li>Station\u00e4r, Pendel und Mast (Wartung)<\/li>\n<li>auf Schienenfahrzeugen (Instandhaltung)<\/li>\n<li>auf Schienenfahrzeugen (Betrieb)<\/li>\n<\/ul>\n<\/li>\n<li>Ausr\u00fcstung f\u00fcr Behinderte (Wartung)<\/li>\n<li><a href=\"https:\/\/szkolenia-udt.pl\/de\/kursy\/prace-wysokosciowe\/\">Hochgebirgskurs<\/a> (Bergsteigen), darunter: Industriekletterer; H\u00f6hentraining Stufe 1; Seilzugangstraining; <span style=\"display:none;\">IRATA-Anspr\u00fcche<\/span><\/li>\n<li>H\u00f6henschulung: Umgang mit Auffanggurten\/ Sicherheitsgurten\/ Arbeiten in der H\u00f6he Umgang mit pers\u00f6nlicher Schutzausr\u00fcstung<\/li>\n<li>Kr\u00e4ne:\n<ul>\n<li>gesteuert von der Arbeitsebene und von der Kabine aus f\u00fcr den allgemeinen\/speziellen Einsatz (Betrieb)<\/li>\n<li>allgemeine und\/oder spezielle Zwecke (Wartung)<\/li>\n<\/ul>\n<\/li>\n<li>allgemeine und\/oder spezielle Winden und Winden, die von der Arbeitsebene und der Kabine aus gesteuert werden (Handhabung)<\/li>\n<li>Winden und Hebezeuge f\u00fcr allgemeine und\/oder spezielle Zwecke (Wartung)<\/li>\n<li>Kr\u00e4ne:\n<ul>\n<li>Turm (Dienstleistung)<\/li>\n<li>T\u00fcrme (Wartung)<\/li>\n<li>Selbstfahrend \/ Kr\u00e4ne (Umschlag)<\/li>\n<li>Kr\u00e4ne (allgemeine Bezeichnung) - Mobilkr\u00e4ne (Handhabung)<\/li>\n<li>selbstfahrend \/ Kr\u00e4ne (Wartung)<\/li>\n<li>Mobiler HDS (Handhabung)<\/li>\n<li>Mobiler HDS (Wartung)<\/li>\n<li>station\u00e4r (Dienstleistung)<\/li>\n<li>station\u00e4r (Wartung)<\/li>\n<li>Eisenbahnen und auf Schienenfahrzeugen (Betrieb)<\/li>\n<li>Schiene (Betrieb)<\/li>\n<li>Eisenbahnen und auf Schienenfahrzeugen (Instandhaltung)<\/li>\n<li>Schiffbau und Hafen (Wartung)<\/li>\n<li>an Bord (Wartung)<\/li>\n<li>schwimmend (Wartung)<\/li>\n<li>on-board (Betrieb)<\/li>\n<li>schwimmend (Handhabung)<\/li>\n<\/ul>\n<\/li>\n<li>UNO - Ausr\u00fcstung zum F\u00fcllen und Entleeren von Transporttanks f\u00fcr gef\u00e4hrliche G\u00fcter<\/li>\n<li>Schwei\u00dfen und Schwei\u00dfen von Kunststoffen (nach ISO13067, Elektroschwei\u00dfen und Stumpfschwei\u00dfen)<\/li>\n<li>Haken, Signalmann (sicherer Betrieb von Anschlagmitteln)<\/li>\n<li>Hakenaufh\u00e4nger<\/li>\n<li>Signalgeber\/Schleuderer (Bankman) Haken-Signalgeber<\/li>\n<li>Lager-Regalbedienger\u00e4te (Wartung)<\/li>\n<li>Lager-Regalbedienger\u00e4te (Betrieb)<\/li>\n<li>G\u00fcteraufz\u00fcge (Dienstleistung)<\/li>\n<li>Lastenaufz\u00fcge (Wartung)<\/li>\n<li>Schiffshebewerke<\/li>\n<li>Hebezeuge zum Heben von Lasten, einschlie\u00dflich Fahrzeugen (Wartung)<\/li>\n<li>Hebeb\u00f6cke f\u00fcr Schienenfahrzeuge (Wartung)<\/li>\n<li>fahrzeugmontierte Hebevorrichtungen, einschlie\u00dflich Verschiebevorrichtungen und Nivelliervorrichtungen zum Aufh\u00e4ngen und Einstellen der Oberleitung (Wartung)<\/li>\n<li>Schiffshebewerke<\/li>\n<li>Containerumschlagger\u00e4te - Reachstacker, Kalmry<\/li>\n<li>Kr\u00e4ne:\n<ul>\n<li>Konstruktion (Aufz\u00fcge) (Betrieb)<\/li>\n<li>Personenverkehr, G\u00fcterverkehr (Aufz\u00fcge) (Service)<\/li>\n<li>elektrisch betriebene Personen- und G\u00fcterfahrzeuge (Wartung)<\/li>\n<li>Personen- und Lastkraftwagen mit hydraulischem Antrieb (Wartung)<\/li>\n<li>Konstruktion (Wartung)<\/li>\n<\/ul>\n<\/li>\n<li>Acetyl-Sauerstoff-, Plasma- und Elektrobrennerschneiden<\/li>\n<li>Schwei\u00dfen<\/li>\n<li>L\u00f6ten (Schwei\u00dfverfahren)<\/li>\n<li>Schwei\u00dfen von Lichtwellenleitern<\/li>\n<li>Sandmaler<\/li>\n<li>Ger\u00fcstbauer<\/li>\n<li>Bagger<\/li>\n<li>TDT<\/li>\n<li>UDT<\/li>\n<li>Schlepper zum Bewegen von Waggons auf Schienen<\/li>\n<li>Be- und Entladen oder Umladen von Ger\u00e4ten (Bedienung\/Wartung) in Umschlaganlagen<\/li>\n<li>Druckger\u00e4te - Ortsbewegliche Beh\u00e4lter - Flaschen (Sauerstoff, Stickstoff, Argon, Wasserstoff, Luft)<\/li>\n<li>Inspektionen von Anschlagmitteln, Inspektionen von Anschlagmitteln<\/li>\n<li>Schulungen zu Gesundheit und Sicherheit\n<ul>\n<li>f\u00fcr Arbeitnehmer<\/li>\n<li>f\u00fcr Ingenieure und technisches Personal<\/li>\n<li>f\u00fcr neu eingestellte Mitarbeiter<\/li>\n<li>f\u00fcr Personen, die gef\u00e4hrliche Arbeiten ausf\u00fchren<\/li>\n<li>f\u00fcr Verwaltungs- und B\u00fcropersonal<\/li>\n<li>f\u00fcr Arbeitgeber und F\u00fchrungskr\u00e4fte<\/li>\n<li>f\u00fcr den Dienst f\u00fcr Gesundheit und Sicherheit am Arbeitsplatz<\/li>\n<\/ul>\n<\/li>\n<li>arbeitsrechtlicher Schutz<\/li>\n<li>Erste Hilfe<\/li>\n<li>Feuer<\/li>\n<li>HACCP<\/li>\n<\/ul>","protected":false},"excerpt":{"rendered":"<p>Szanowni Pa\u0144stwo, OSO wdra\u017ca edukacj\u0119 #BHP #UDT #TDT #G1, G2, G3 przy wykorzystaniu nowoczesnej technologii i Internetu, w formie on-line czyli e-learningu oraz webinari\u00f3w &#8211; transmisji audio-wideo w czasie rzeczywistym. Nasze E-Kursy #UDT\u00a0 #TDT #G1, G2, G3 \u00a0#BHP oraz #Wysoko\u015bciowe w dost\u0119pie budowlanym, a tak\u017ce dla #Hakowych czy #Sygnalist\u00f3w s\u0105 dost\u0119pne na stronie Po zam\u00f3wieniu [&hellip;]<\/p>\n","protected":false},"author":3,"featured_media":0,"parent":0,"menu_order":0,"comment_status":"closed","ping_status":"closed","template":"","meta":{"footnotes":""},"class_list":["post-2115","page","type-page","status-publish","hentry"],"aioseo_notices":[],"_links":{"self":[{"href":"https:\/\/szkolenia-udt.pl\/de\/wp-json\/wp\/v2\/pages\/2115","targetHints":{"allow":["GET"]}}],"collection":[{"href":"https:\/\/szkolenia-udt.pl\/de\/wp-json\/wp\/v2\/pages"}],"about":[{"href":"https:\/\/szkolenia-udt.pl\/de\/wp-json\/wp\/v2\/types\/page"}],"author":[{"embeddable":true,"href":"https:\/\/szkolenia-udt.pl\/de\/wp-json\/wp\/v2\/users\/3"}],"replies":[{"embeddable":true,"href":"https:\/\/szkolenia-udt.pl\/de\/wp-json\/wp\/v2\/comments?post=2115"}],"version-history":[{"count":33,"href":"https:\/\/szkolenia-udt.pl\/de\/wp-json\/wp\/v2\/pages\/2115\/revisions"}],"predecessor-version":[{"id":5634,"href":"https:\/\/szkolenia-udt.pl\/de\/wp-json\/wp\/v2\/pages\/2115\/revisions\/5634"}],"wp:attachment":[{"href":"https:\/\/szkolenia-udt.pl\/de\/wp-json\/wp\/v2\/media?parent=2115"}],"curies":[{"name":"wp","href":"https:\/\/api.w.org\/{rel}","templated":true}]}}