{"id":22,"date":"2014-10-07T16:01:41","date_gmt":"2014-10-07T16:01:41","guid":{"rendered":"http:\/\/szkolenia-udt.pl\/?page_id=22"},"modified":"2023-12-11T00:58:30","modified_gmt":"2023-12-10T23:58:30","slug":"kurse","status":"publish","type":"page","link":"https:\/\/szkolenia-udt.pl\/de\/kursy\/","title":{"rendered":"Kurse"},"content":{"rendered":"<h2>Schulung der technischen Inspektion im OSO-Zentrum<\/h2>\n<div style=\"float: left; padding-right: 10px;\"><div id=\"metaslider-id-519\" style=\"max-width: 300px;\" class=\"ml-slider-3-107-0 metaslider metaslider-flex metaslider-519 ml-slider ms-theme-default nav-hidden\" role=\"region\" aria-label=\"Kurse\" data-height=\"225\" data-width=\"300\">\n    <div id=\"metaslider_container_519\">\n        <div id=\"metaslider_519\">\n            <ul class='slides'>\n                <li style=\"display: block; width: 100%;\" class=\"slide-521 ms-image\" aria-roledescription=\"slide\" data-date=\"2014-10-11 11:25:53\" data-filename=\"MC30_001-300x225.jpg\" data-slide-type=\"image\"><img loading=\"lazy\" decoding=\"async\" src=\"https:\/\/szkolenia-udt.pl\/wp-content\/uploads\/2014\/10\/MC30_001-300x225.jpg\" height=\"225\" width=\"300\" alt=\"Schulungszentrum f\u00fcr Bediener\" class=\"slider-519 slide-521 msDefaultImage\" \/><\/li>\n                <li style=\"display: none; width: 100%;\" class=\"slide-524 ms-image\" aria-roledescription=\"slide\" data-date=\"2014-10-11 16:22:29\" data-filename=\"D\u017awig-kursy.jpg\" data-slide-type=\"image\"><img loading=\"lazy\" decoding=\"async\" src=\"https:\/\/szkolenia-udt.pl\/wp-content\/uploads\/2014\/10\/D\u017awig-kursy.jpg\" height=\"225\" width=\"300\" alt=\"Kran\" class=\"slider-519 slide-524 msDefaultImage\" \/><\/li>\n                <li style=\"display: none; width: 100%;\" class=\"slide-1172 ms-image\" aria-roledescription=\"slide\" data-date=\"2014-11-17 19:01:41\" data-filename=\"78XE_003a.jpg\" data-slide-type=\"image\"><img loading=\"lazy\" decoding=\"async\" src=\"https:\/\/szkolenia-udt.pl\/wp-content\/uploads\/2014\/11\/78XE_003a.jpg\" height=\"225\" width=\"300\" alt=\"ausbildung warszawa\" class=\"slider-519 slide-1172 msDefaultImage\" \/><\/li>\n                <li style=\"display: none; width: 100%;\" class=\"slide-525 ms-image\" aria-roledescription=\"slide\" data-date=\"2014-10-11 16:22:32\" data-filename=\"suwnica-kursy-warszawa.jpg\" data-slide-type=\"image\"><img loading=\"lazy\" decoding=\"async\" src=\"https:\/\/szkolenia-udt.pl\/wp-content\/uploads\/2014\/10\/suwnica-kursy-warszawa.jpg\" height=\"225\" width=\"300\" alt=\"Kurse und Schulungen\" class=\"slider-519 slide-525 msDefaultImage\" \/><\/li>\n                <li style=\"display: none; width: 100%;\" class=\"slide-700 ms-image\" aria-roledescription=\"slide\" data-date=\"2014-10-12 11:29:18\" data-filename=\"Kursy-oraz-szkolenia-uprawnienia-udt.jpg\" data-slide-type=\"image\"><img loading=\"lazy\" decoding=\"async\" src=\"https:\/\/szkolenia-udt.pl\/wp-content\/uploads\/2014\/10\/Kursy-oraz-szkolenia-uprawnienia-udt.jpg\" height=\"225\" width=\"300\" alt=\"Udt-Ausbildung\" class=\"slider-519 slide-700 msDefaultImage\" \/><\/li>\n            <\/ul>\n        <\/div>\n        \n    <\/div>\n<\/div><\/div>\n<div class=\"wyjustuj\">\n<p>Seit mehr als einem Dutzend Jahren bilden wir Mitarbeiter in Polen professionell aus. Dank uns k\u00f6nnen Sie die UDT-Zulassung erwerben und eine T\u00e4tigkeit als Maschinenf\u00fchrer aufnehmen, f\u00fcr die eine solche Zulassung erforderlich ist. Unsere Kurse richten sich an alle, die eine umfassende Unterst\u00fctzung bei der Verbesserung ihrer Qualifikationen suchen.<\/p>\n<p><strong>Unser Produktsortiment umfasst:<\/strong><\/p>\n<ul>\n<li>Kurs f\u00fcr mobile Plattformen der Kategorien I P und II P<\/li>\n<li>Gabelstaplerfahrerlehrgang der Kategorie I WJO, II WJO, III WJO<\/li>\n<li><a href=\"https:\/\/szkolenia-udt.pl\/de\/kursy\/suwnice\/\">Kranbahn<\/a> in den Kategorien I S und II S<\/li>\n<li><a href=\"https:\/\/szkolenia-udt.pl\/de\/kursy\/hds\/\">HDS-Kurs<\/a> f\u00fcr UDT-Anspr\u00fcche<\/li>\n<\/ul>\n<p>Dar\u00fcber hinaus bietet unser OSO-Zentrum Kurse in den Bereichen Arbeitsschutz, Brandbek\u00e4mpfung, Erste Hilfe, ADR, Fahrzeugdiagnose, Stellwerker, Kranf\u00fchrer und TDT-Bef\u00fcller an.<\/p>\n<p>Der Unterricht wird von qualifizierten Ausbildern und auf der Grundlage von Programmen erteilt, die in Zusammenarbeit mit den Zertifizierungsstellen, die die Zertifikate ausstellen, und mit Hilfe unserer Methodiker entwickelt wurden. Wir achten darauf, dass wir nicht nur Wissen vermitteln, sondern unsere Schulungen sind gespickt mit praktischen \u00dcbungen, die das Gelernte festigen. So erreichen wir eine so hohe Erfolgsquote und gleichzeitig eine hohe Teilnehmerzufriedenheit.<\/p>\n<p>Die Preise f\u00fcr Schulungsdienstleistungen h\u00e4ngen von der Anzahl der Teilnehmer ab. Bei gr\u00f6\u00dferen Gruppen gew\u00e4hren wir stets attraktive Preisnachl\u00e4sse und erm\u00f6glichen Verhandlungen, daher fragen Sie bitte nach <a href=\"https:\/\/szkolenia-udt.pl\/de\/kontakt\/\">Kontaktaufnahme mit uns<\/a>f\u00fcr weitere Informationen zu den Preisen - wir erstellen Ihnen ein individuelles Angebot.<\/p>\n<div style=\"float: left; padding-right: 10px;\"><div id=\"metaslider-id-528\" style=\"max-width: 300px;\" class=\"ml-slider-3-107-0 metaslider metaslider-flex metaslider-528 ml-slider ms-theme-default nav-hidden nav-hidden\" role=\"region\" aria-label=\"Kurse2\" data-height=\"225\" data-width=\"300\">\n    <div id=\"metaslider_container_528\">\n        <div id=\"metaslider_528\">\n            <ul class='slides'>\n                <li style=\"display: block; width: 100%;\" class=\"slide-530 ms-image\" aria-roledescription=\"slide\" data-date=\"2014-10-11 16:30:32\" data-filename=\"4678st1hjuffalicranes.jpg\" data-slide-type=\"image\"><img loading=\"lazy\" decoding=\"async\" src=\"https:\/\/szkolenia-udt.pl\/wp-content\/uploads\/2014\/10\/4678st1hjuffalicranes.jpg\" height=\"225\" width=\"300\" alt=\"Kurse und Schulungen\" class=\"slider-528 slide-530 msDefaultImage\" \/><\/li>\n                <li style=\"display: none; width: 100%;\" class=\"slide-531 ms-image\" aria-roledescription=\"slide\" data-date=\"2014-10-11 16:31:01\" data-filename=\"Marketing-Image-Big-Yellow-Crane2.jpg\" data-slide-type=\"image\"><img loading=\"lazy\" decoding=\"async\" src=\"https:\/\/szkolenia-udt.pl\/wp-content\/uploads\/2014\/10\/Marketing-Image-Big-Yellow-Crane2.jpg\" height=\"225\" width=\"300\" alt=\"Teleskoplader\" class=\"slider-528 slide-531 msDefaultImage\" \/><\/li>\n                <li style=\"display: none; width: 100%;\" class=\"slide-1202 ms-image\" aria-roledescription=\"slide\" data-date=\"2014-11-17 21:26:13\" data-filename=\"podnosnik-kosz1a.jpg\" data-slide-type=\"image\"><img loading=\"lazy\" decoding=\"async\" src=\"https:\/\/szkolenia-udt.pl\/wp-content\/uploads\/2014\/11\/podnosnik-kosz1a.jpg\" height=\"225\" width=\"300\" alt=\"\" class=\"slider-528 slide-1202 msDefaultImage\" \/><\/li>\n                <li style=\"display: none; width: 100%;\" class=\"slide-1203 ms-image\" aria-roledescription=\"slide\" data-date=\"2014-11-17 21:31:14\" data-filename=\"wozki1a.jpg\" data-slide-type=\"image\"><img loading=\"lazy\" decoding=\"async\" src=\"https:\/\/szkolenia-udt.pl\/wp-content\/uploads\/2014\/11\/wozki1a.jpg\" height=\"225\" width=\"300\" alt=\"\" class=\"slider-528 slide-1203 msDefaultImage\" \/><\/li>\n                <li style=\"display: none; width: 100%;\" class=\"slide-1211 ms-image\" aria-roledescription=\"slide\" data-date=\"2014-11-17 21:42:16\" data-filename=\"suw3a.jpg\" data-slide-type=\"image\"><img loading=\"lazy\" decoding=\"async\" src=\"https:\/\/szkolenia-udt.pl\/wp-content\/uploads\/2014\/11\/suw3a.jpg\" height=\"225\" width=\"300\" alt=\"\" class=\"slider-528 slide-1211 msDefaultImage\" \/><\/li>\n            <\/ul>\n        <\/div>\n        \n    <\/div>\n<\/div><\/div>\n<p>Wir organisieren Kurse in offener Form - sie werden nach dem auf unserer Website ver\u00f6ffentlichten Zeitplan durchgef\u00fchrt - sowie in geschlossener Form - f\u00fcr organisierte Gruppen, die von Arbeitgebern oder Institutionen vermittelt werden. Geschlossene Kurse k\u00f6nnen individuell auf die Bed\u00fcrfnisse der Kunden zugeschnitten werden, je nach den Anforderungen des Arbeitsplatzes.<\/p>\n<p>Wir ermutigen Sie, Folgendes zu w\u00e4hlen <a href=\"https:\/\/szkolenia-udt.pl\/de\/oferta\/\">unsere Dienstleistungen<\/a>!<\/p>\n<\/div>","protected":false},"excerpt":{"rendered":"<p>Szkolenia UDT w O\u015brodku OSO Od kilkunastu lat zajmujemy si\u0119 profesjonalnym szkoleniem pracownik\u00f3w na terenie Polski. Dzi\u0119ki nam mo\u017cesz uzyska\u0107 uprawnienia UDT (Urz\u0119du Dozoru Technicznego) i zacz\u0105\u0107 pracowa\u0107 na stanowisku operatora maszyn wymagaj\u0105cych tego rodzaju uprawnie\u0144. Nasze zaj\u0119cia skierowane s\u0105 do wszystkich os\u00f3b, kt\u00f3re poszukuj\u0105 kompleksowej pomocy w podnoszeniu swoich kwalifikacji. W naszej ofercie znajduj\u0105 [&hellip;]<\/p>\n","protected":false},"author":3,"featured_media":0,"parent":0,"menu_order":2,"comment_status":"closed","ping_status":"closed","template":"template-podkategorie.php","meta":{"footnotes":""},"class_list":["post-22","page","type-page","status-publish","hentry"],"aioseo_notices":[],"_links":{"self":[{"href":"https:\/\/szkolenia-udt.pl\/de\/wp-json\/wp\/v2\/pages\/22","targetHints":{"allow":["GET"]}}],"collection":[{"href":"https:\/\/szkolenia-udt.pl\/de\/wp-json\/wp\/v2\/pages"}],"about":[{"href":"https:\/\/szkolenia-udt.pl\/de\/wp-json\/wp\/v2\/types\/page"}],"author":[{"embeddable":true,"href":"https:\/\/szkolenia-udt.pl\/de\/wp-json\/wp\/v2\/users\/3"}],"replies":[{"embeddable":true,"href":"https:\/\/szkolenia-udt.pl\/de\/wp-json\/wp\/v2\/comments?post=22"}],"version-history":[{"count":37,"href":"https:\/\/szkolenia-udt.pl\/de\/wp-json\/wp\/v2\/pages\/22\/revisions"}],"predecessor-version":[{"id":2575,"href":"https:\/\/szkolenia-udt.pl\/de\/wp-json\/wp\/v2\/pages\/22\/revisions\/2575"}],"wp:attachment":[{"href":"https:\/\/szkolenia-udt.pl\/de\/wp-json\/wp\/v2\/media?parent=22"}],"curies":[{"name":"wp","href":"https:\/\/api.w.org\/{rel}","templated":true}]}}