{"id":231,"date":"2014-10-08T17:04:53","date_gmt":"2014-10-08T17:04:53","guid":{"rendered":"http:\/\/szkolenia-udt.pl\/?page_id=231"},"modified":"2022-09-01T22:07:21","modified_gmt":"2022-09-01T20:07:21","slug":"fahren-eines-gabelstaplers","status":"publish","type":"page","link":"https:\/\/szkolenia-udt.pl\/de\/kursy\/wozki-widlowe\/kierowanie-wozkami-jezdniowymi\/","title":{"rendered":"Lkw-Fahrer"},"content":{"rendered":"<div style=\"float: left; padding-right: 10px;\"><div id=\"metaslider-id-396\" style=\"max-width: 300px;\" class=\"ml-slider-3-108-0 metaslider metaslider-flex metaslider-396 ml-slider ms-theme-default nav-hidden\" role=\"region\" aria-label=\"Gabelstapler\" data-height=\"225\" data-width=\"300\">\n    <div id=\"metaslider_container_396\">\n        <div id=\"metaslider_396\">\n            <ul class='slides'>\n                <li style=\"display: block; width: 100%;\" class=\"slide-400 ms-image\" aria-roledescription=\"slide\" data-date=\"2014-10-10 12:07:59\" data-filename=\"6260676228_3a0fdacf7d_o.jpg\" data-slide-type=\"image\"><img loading=\"lazy\" decoding=\"async\" src=\"https:\/\/szkolenia-udt.pl\/wp-content\/uploads\/2014\/10\/6260676228_3a0fdacf7d_o.jpg\" height=\"225\" width=\"300\" alt=\"Gabelstapler\" class=\"slider-396 slide-400 msDefaultImage\" \/><\/li>\n                <li style=\"display: none; width: 100%;\" class=\"slide-577 ms-image\" aria-roledescription=\"slide\" data-date=\"2014-10-12 05:27:57\" data-filename=\"Szkolenia-w\u00f3zki-wid\u0142owe.jpg\" data-slide-type=\"image\"><img loading=\"lazy\" decoding=\"async\" src=\"https:\/\/szkolenia-udt.pl\/wp-content\/uploads\/2014\/10\/Szkolenia-w\u00f3zki-wid\u0142owe.jpg\" height=\"225\" width=\"300\" alt=\"Gabelstapler-Ausbildung\" class=\"slider-396 slide-577 msDefaultImage\" \/><\/li>\n                <li style=\"display: none; width: 100%;\" class=\"slide-578 ms-image\" aria-roledescription=\"slide\" data-date=\"2014-10-12 05:34:04\" data-filename=\"W\u00f3zki-wid\u0142owe-UDT.jpg\" data-slide-type=\"image\"><img loading=\"lazy\" decoding=\"async\" src=\"https:\/\/szkolenia-udt.pl\/wp-content\/uploads\/2014\/10\/W\u00f3zki-wid\u0142owe-UDT.jpg\" height=\"225\" width=\"300\" alt=\"\" class=\"slider-396 slide-578 msDefaultImage\" \/><\/li>\n                <li style=\"display: none; width: 100%;\" class=\"slide-1205 ms-image\" aria-roledescription=\"slide\" data-date=\"2014-11-17 21:31:17\" data-filename=\"wozki3a.jpg\" data-slide-type=\"image\"><img loading=\"lazy\" decoding=\"async\" src=\"https:\/\/szkolenia-udt.pl\/wp-content\/uploads\/2014\/11\/wozki3a.jpg\" height=\"225\" width=\"300\" alt=\"\" class=\"slider-396 slide-1205 msDefaultImage\" \/><\/li>\n                <li style=\"display: none; width: 100%;\" class=\"slide-1204 ms-image\" aria-roledescription=\"slide\" data-date=\"2014-11-17 21:31:16\" data-filename=\"wozki2a.jpg\" data-slide-type=\"image\"><img loading=\"lazy\" decoding=\"async\" src=\"https:\/\/szkolenia-udt.pl\/wp-content\/uploads\/2014\/11\/wozki2a.jpg\" height=\"225\" width=\"300\" alt=\"\" class=\"slider-396 slide-1204 msDefaultImage\" \/><\/li>\n            <\/ul>\n        <\/div>\n        \n    <\/div>\n<\/div><\/div>\n<div class=\"wyjustuj\">\n<p>Heute sind Gabelstapler in Logistikzentren, Lager- und Einzelhandelshallen sowie in der Produktion und Industrie weit verbreitet. Sie sind zuverl\u00e4ssig und unentbehrlich im Materialtransport und erm\u00f6glichen es, Lasten schnell und einfach zu bewegen, auch zwischen engen Regalen.Um als Gabelstaplerfahrer zu arbeiten, ben\u00f6tigen Sie einen Gabelstaplerkurs. Er vermittelt theoretische Informationen und erm\u00f6glicht es Ihnen, an \u00dcbungen zur Bedienung der Maschine teilzunehmen, so dass Sie anschlie\u00dfend die Pr\u00fcfung ablegen und Ihren F\u00fchrerschein erhalten k\u00f6nnen. Der Kurs befasst sich unter anderem mit der korrekten Steuerung von Gabelstaplern, die f\u00fcr die Arbeitssicherheit entscheidend ist.<\/p>\n<p><strong>Aufgrund der Struktur k\u00f6nnen bei der Bedienung eines Gabelstaplers mehrere Arten von Bewegungen ausgef\u00fchrt werden:<\/strong><\/p>\n<ul>\n<li>Spurenkontrolle des Ger\u00e4ts selbst<\/li>\n<li>Steuerung eines Mastes, der einen Wagen mit Gabeln tr\u00e4gt<\/li>\n<li>Kontrolle der Gabeln, auf denen die Last platziert wird<\/li>\n<\/ul>\n<p>Die Steuerung von Gabelstaplern ist \u00e4hnlich wie die Steuerung von Autos. Die Maschinen sind bei den meisten Modellen mit einem Lenkrad sowie Gas- und Bremspedalen ausgestattet. Dar\u00fcber hinaus haben einige Typen eine Kupplung. Im Allgemeinen gibt es zwei G\u00e4nge - einen schnelleren und einen langsameren. Die Gabelstapler k\u00f6nnen sowohl mit Strom und Batterien als auch mit einem Standard-Verbrennungsmotor betrieben werden. Unser Gabelstaplerfahrerkurs geht n\u00e4her auf die Konstruktion der Ger\u00e4te ein.<\/p>\n<p>Beim Lenken ist zu bedenken, dass Mitnehmstapler viel wendiger sind als Autos. Der kleine Wenderadius macht sie f\u00fcr unerfahrene Fahrer schwierig zu fahren. Sie erm\u00f6glicht es dem Gabelstapler, problemlos zwischen den Regalen zu fahren, da das Man\u00f6vrieren auch auf engem Raum vereinfacht wird, gleichzeitig ist es aber auch wichtig, die Sicherheitsvorschriften zu beachten, um keine Unf\u00e4lle zu verursachen. Die h\u00e4ufigste Unfallursache f\u00fcr den Bediener <a href=\"https:\/\/szkolenia-udt.pl\/de\/kursy\/wozki-widlowe\/budowa-wozka-jezdniowego\/\">Gabelstapler<\/a> ist eine unzureichende F\u00fchrung w\u00e4hrend der Verladung. Ein Wagen mit angehobenen Gabeln und einer schweren Ladung ist extrem anf\u00e4llig f\u00fcr \u00dcberlastung und Umkippen, daher muss er \u00e4u\u00dferst vorsichtig und unter Beachtung aller Regeln des Arbeitsschutzes und der korrekten Handhabung gelenkt werden.<\/p>\n<div style=\"float: left; padding-right: 10px;\"><div id=\"metaslider-id-605\" style=\"max-width: 300px;\" class=\"ml-slider-3-108-0 metaslider metaslider-flex metaslider-605 ml-slider ms-theme-default nav-hidden nav-hidden\" role=\"region\" aria-label=\"Verbotene Trolley-Aktivit\u00e4ten\" data-height=\"225\" data-width=\"300\">\n    <div id=\"metaslider_container_605\">\n        <div id=\"metaslider_605\">\n            <ul class='slides'>\n                <li style=\"display: block; width: 100%;\" class=\"slide-580 ms-image\" aria-roledescription=\"slide\" data-date=\"2014-10-12 05:36:13\" data-filename=\"Kurs-W\u00f3zek-Wid\u0142owy.jpg\" data-slide-type=\"image\"><img loading=\"lazy\" decoding=\"async\" src=\"https:\/\/szkolenia-udt.pl\/wp-content\/uploads\/2014\/10\/Kurs-W\u00f3zek-Wid\u0142owy.jpg\" height=\"225\" width=\"300\" alt=\"\" class=\"slider-605 slide-580 msDefaultImage\" \/><\/li>\n                <li style=\"display: none; width: 100%;\" class=\"slide-579 ms-image\" aria-roledescription=\"slide\" data-date=\"2014-10-12 05:36:12\" data-filename=\"Szkolenie-W\u00f3zki-wid\u0142owe.jpg\" data-slide-type=\"image\"><img loading=\"lazy\" decoding=\"async\" src=\"https:\/\/szkolenia-udt.pl\/wp-content\/uploads\/2014\/10\/Szkolenie-W\u00f3zki-wid\u0142owe.jpg\" height=\"225\" width=\"300\" alt=\"Gabelstapler-Ausbildung\" class=\"slider-605 slide-579 msDefaultImage\" \/><\/li>\n                <li style=\"display: none; width: 100%;\" class=\"slide-591 ms-image\" aria-roledescription=\"slide\" data-date=\"2014-10-12 05:43:41\" data-filename=\"Kursy-W\u00f3zki-wid\u0142owe.jpg\" data-slide-type=\"image\"><img loading=\"lazy\" decoding=\"async\" src=\"https:\/\/szkolenia-udt.pl\/wp-content\/uploads\/2014\/10\/Kursy-W\u00f3zki-wid\u0142owe.jpg\" height=\"225\" width=\"300\" alt=\"Kurs f\u00fcr Gabelstaplerfahrer\" class=\"slider-605 slide-591 msDefaultImage\" \/><\/li>\n                <li style=\"display: none; width: 100%;\" class=\"slide-594 ms-image\" aria-roledescription=\"slide\" data-date=\"2014-10-12 05:43:43\" data-filename=\"Szkolenia-w\u00f3zki-wid\u0142owe1.jpg\" data-slide-type=\"image\"><img loading=\"lazy\" decoding=\"async\" src=\"https:\/\/szkolenia-udt.pl\/wp-content\/uploads\/2014\/10\/Szkolenia-w\u00f3zki-wid\u0142owe1.jpg\" height=\"225\" width=\"300\" alt=\"\" class=\"slider-605 slide-594 msDefaultImage\" \/><\/li>\n                <li style=\"display: none; width: 100%;\" class=\"slide-1212 ms-image\" aria-roledescription=\"slide\" data-date=\"2014-11-17 21:42:16\" data-filename=\"wozki5a.jpg\" data-slide-type=\"image\"><img loading=\"lazy\" decoding=\"async\" src=\"https:\/\/szkolenia-udt.pl\/wp-content\/uploads\/2014\/11\/wozki5a.jpg\" height=\"225\" width=\"300\" alt=\"\" class=\"slider-605 slide-1212 msDefaultImage\" \/><\/li>\n            <\/ul>\n        <\/div>\n        \n    <\/div>\n<\/div><\/div>\n<p>In unserem <a href=\"https:\/\/szkolenia-udt.pl\/de\/o-firmie\/\">Zentrum<\/a> <a href=\"https:\/\/szkolenia-udt.pl\/de\/kursy\/uprawnienia-udt-tdt-wdt\/wozki-widlowe\/\">Gabelstaplerkurs<\/a> enth\u00e4lt eine ausf\u00fchrliche Anleitung f\u00fcr die richtige Lenkung. Wir vermitteln unseren Studenten nicht nur die Theorie, sondern auch <a href=\"https:\/\/szkolenia-udt.pl\/de\/kursy\/wozki-widlowe\/\">Gabelstaplerschein<\/a> leichter zu erwerben waren, verbringen wir viel Zeit mit praktischen \u00dcbungen. Teilnehmer, die sich entscheiden, die Pr\u00fcfung vor UDT Warschau oder in unseren Au\u00dfenstellen abzulegen, m\u00fcssen wissen, wie man den Gabelstapler mit und ohne Last richtig bedient. Die erworbene UDT-Qualifikation erm\u00f6glicht es Ihnen, Ger\u00e4te entsprechend der Kategorie zu bedienen.<\/p>\n<\/div>","protected":false},"excerpt":{"rendered":"<p>Aktualnie z w\u00f3zk\u00f3w wid\u0142owych korzysta si\u0119 powszechnie w centrach logistycznych, halach magazynowych, handlowych, a tak\u017ce produkcyjnych czy przemys\u0142owych. To niezawodne i niezast\u0105pione w transporcie bliskim urz\u0105dzenia, kt\u00f3re pozwalaj\u0105 na szybkie i \u0142atwe przenoszenie \u0142adunk\u00f3w, nawet pomi\u0119dzy w\u0105skimi rega\u0142ami.Aby pracowa\u0107 na stanowisku operatora w\u00f3zka wid\u0142owego, potrzebny jest kurs na w\u00f3zek wid\u0142owy. Dzi\u0119ki niemu mo\u017cna uzyska\u0107 informacje [&hellip;]<\/p>\n","protected":false},"author":3,"featured_media":400,"parent":33,"menu_order":0,"comment_status":"closed","ping_status":"closed","template":"","meta":{"footnotes":""},"class_list":["post-231","page","type-page","status-publish","has-post-thumbnail","hentry"],"aioseo_notices":[],"_links":{"self":[{"href":"https:\/\/szkolenia-udt.pl\/de\/wp-json\/wp\/v2\/pages\/231","targetHints":{"allow":["GET"]}}],"collection":[{"href":"https:\/\/szkolenia-udt.pl\/de\/wp-json\/wp\/v2\/pages"}],"about":[{"href":"https:\/\/szkolenia-udt.pl\/de\/wp-json\/wp\/v2\/types\/page"}],"author":[{"embeddable":true,"href":"https:\/\/szkolenia-udt.pl\/de\/wp-json\/wp\/v2\/users\/3"}],"replies":[{"embeddable":true,"href":"https:\/\/szkolenia-udt.pl\/de\/wp-json\/wp\/v2\/comments?post=231"}],"version-history":[{"count":8,"href":"https:\/\/szkolenia-udt.pl\/de\/wp-json\/wp\/v2\/pages\/231\/revisions"}],"predecessor-version":[{"id":3254,"href":"https:\/\/szkolenia-udt.pl\/de\/wp-json\/wp\/v2\/pages\/231\/revisions\/3254"}],"up":[{"embeddable":true,"href":"https:\/\/szkolenia-udt.pl\/de\/wp-json\/wp\/v2\/pages\/33"}],"wp:featuredmedia":[{"embeddable":true,"href":"https:\/\/szkolenia-udt.pl\/de\/wp-json\/wp\/v2\/media\/400"}],"wp:attachment":[{"href":"https:\/\/szkolenia-udt.pl\/de\/wp-json\/wp\/v2\/media?parent=231"}],"curies":[{"name":"wp","href":"https:\/\/api.w.org\/{rel}","templated":true}]}}