{"id":233,"date":"2014-10-08T17:05:28","date_gmt":"2014-10-08T17:05:28","guid":{"rendered":"http:\/\/szkolenia-udt.pl\/?page_id=233"},"modified":"2021-08-31T22:12:49","modified_gmt":"2021-08-31T22:12:49","slug":"lastmanipulation","status":"publish","type":"page","link":"https:\/\/szkolenia-udt.pl\/de\/kursy\/wozki-widlowe\/manipulacja-ladunkiem\/","title":{"rendered":"Lademanipulation"},"content":{"rendered":"<div style=\"float: left; padding-right: 10px;\"><div id=\"metaslider-id-584\" style=\"max-width: 300px;\" class=\"ml-slider-3-107-0 metaslider metaslider-flex metaslider-584 ml-slider ms-theme-default nav-hidden\" role=\"region\" aria-label=\"Konstruktion des Wagens\" data-height=\"225\" data-width=\"300\">\n    <div id=\"metaslider_container_584\">\n        <div id=\"metaslider_584\">\n            <ul class='slides'>\n                <li style=\"display: block; width: 100%;\" class=\"slide-586 ms-image\" aria-roledescription=\"slide\" data-date=\"2014-10-12 05:43:37\" data-filename=\"Kurs-na-w\u00f3zki-wid\u0142owe.jpg\" data-slide-type=\"image\"><img loading=\"lazy\" decoding=\"async\" src=\"https:\/\/szkolenia-udt.pl\/wp-content\/uploads\/2014\/10\/Kurs-na-w\u00f3zki-wid\u0142owe.jpg\" height=\"225\" width=\"300\" alt=\"Gabelstaplerkurs\" class=\"slider-584 slide-586 msDefaultImage\" \/><\/li>\n                <li style=\"display: none; width: 100%;\" class=\"slide-591 ms-image\" aria-roledescription=\"slide\" data-date=\"2014-10-12 05:43:41\" data-filename=\"Kursy-W\u00f3zki-wid\u0142owe.jpg\" data-slide-type=\"image\"><img loading=\"lazy\" decoding=\"async\" src=\"https:\/\/szkolenia-udt.pl\/wp-content\/uploads\/2014\/10\/Kursy-W\u00f3zki-wid\u0142owe.jpg\" height=\"225\" width=\"300\" alt=\"Kurs f\u00fcr Gabelstaplerfahrer\" class=\"slider-584 slide-591 msDefaultImage\" \/><\/li>\n                <li style=\"display: none; width: 100%;\" class=\"slide-596 ms-image\" aria-roledescription=\"slide\" data-date=\"2014-10-12 05:43:44\" data-filename=\"Szkolenie-W\u00f3zki-wid\u0142owe1.jpg\" data-slide-type=\"image\"><img loading=\"lazy\" decoding=\"async\" src=\"https:\/\/szkolenia-udt.pl\/wp-content\/uploads\/2014\/10\/Szkolenie-W\u00f3zki-wid\u0142owe1.jpg\" height=\"225\" width=\"300\" alt=\"\" class=\"slider-584 slide-596 msDefaultImage\" \/><\/li>\n                <li style=\"display: none; width: 100%;\" class=\"slide-685 ms-image\" aria-roledescription=\"slide\" data-date=\"2014-10-12 11:03:23\" data-filename=\"Kursy-urz\u0105dzenia-manipulacji-kontenerami.jpg\" data-slide-type=\"image\"><img loading=\"lazy\" decoding=\"async\" src=\"https:\/\/szkolenia-udt.pl\/wp-content\/uploads\/2014\/10\/Kursy-urz\u0105dzenia-manipulacji-kontenerami.jpg\" height=\"225\" width=\"300\" alt=\"Operator Training Centre Warschau\" class=\"slider-584 slide-685 msDefaultImage\" \/><\/li>\n                <li style=\"display: none; width: 100%;\" class=\"slide-679 ms-image\" aria-roledescription=\"slide\" data-date=\"2014-10-12 10:48:10\" data-filename=\"OSO-Warszawa2.jpg\" data-slide-type=\"image\"><img loading=\"lazy\" decoding=\"async\" src=\"https:\/\/szkolenia-udt.pl\/wp-content\/uploads\/2014\/10\/OSO-Warszawa2.jpg\" height=\"225\" width=\"300\" alt=\"\" class=\"slider-584 slide-679 msDefaultImage\" \/><\/li>\n            <\/ul>\n        <\/div>\n        \n    <\/div>\n<\/div><\/div>\n<div class=\"wyjustuj\">\n<p><a href=\"https:\/\/szkolenia-udt.pl\/de\/kursy\/wozki-widlowe\/budowa-wozka-jezdniowego\/\">Mobile Lastwagen<\/a> sind daf\u00fcr ausgelegt, Lasten schnell zu bewegen. Die Aufgabe des Gabelstaplerfahrers besteht darin, die Palette oder einen anderen Gegenstand korrekt zu beladen, zum Einsatzort zu transportieren und abzuladen. Unser <a href=\"https:\/\/szkolenia-udt.pl\/de\/kursy\/uprawnienia-udt-tdt-wdt\/wozki-widlowe\/\">Gabelstaplerkurs<\/a> lehrt genau, wie man mit der Last richtig umgeht, wenn man arbeitet. <a href=\"https:\/\/szkolenia-udt.pl\/de\/kursy\/uprawnienia-udt-tdt-wdt\/wozki-widlowe-oso\/\">Gabelstaplerfahrer<\/a> kann drei Hauptbewegungen bei der Handhabung von Lasten ausf\u00fchren: Heben und Senken der Gabeln, seitliches Kippen des Mastes des Staplers und seitliches Bewegen des Wagens mit den Gabeln. Je nach Modell des Ger\u00e4ts k\u00f6nnen auch andere Bewegungen ausgef\u00fchrt werden, z. B. die Neupositionierung der Gabelzinken, d. h. die Einstellung des Abstands.<\/p>\n<p>Wenn Sie sich f\u00fcr den Kurs zum Gabelstaplerfahrer entscheiden, erhalten Sie in unserem Zentrum alle wichtigen Informationen \u00fcber Lenkung und Lasthandhabung. Dies sind wichtige Kenntnisse und \u00dcbungen f\u00fcr die Pr\u00fcfung, deren erfolgreicher Abschluss Sie bef\u00e4higt <a href=\"https:\/\/szkolenia-udt.pl\/de\/kursy\/wozki-widlowe\/\">Gabelstaplerschein<\/a>. W\u00e4hrend der Pr\u00fcfung werden auch \u00dcbungen durchgef\u00fchrt, die das Beladen, den Transport und das Entladen des Objekts beinhalten.<\/p>\n<p>Vor der Arbeit mit einer Last sollte der Bediener stets deren Gewicht \u00fcberpr\u00fcfen und mit der maximalen Nenntragf\u00e4higkeit vergleichen. Die auf dem Wagen befindliche Last muss stabil und sicher sein. Besondere Vorsicht ist bei Ladungen mit nicht genormten Abmessungen geboten.<\/p>\n<p>Der OSO-Gabelstaplerkurs vermittelt theoretische Informationen und lehrt, wie man Gabelstapler in der Praxis richtig bedient. Die Kenntnisse und F\u00e4higkeiten sind hilfreich f\u00fcr das Bestehen der UDT-Pr\u00fcfung.<\/p>\n<p><strong>Verfahren beim Umschlag von Fracht:<\/strong><\/p>\n<ol>\n<li>Fahren Sie mit der Vorderseite des Gabelstaplers in der Transportposition auf die Last zu - die Gabelh\u00f6he sollte zwischen 100 und 300 Millimetern \u00fcber der Bodenoberfl\u00e4che liegen<\/li>\n<li>Anhalten des Wagens vor der Last und Aufstellen des Mastes in der richtigen vertikalen Position<\/li>\n<li>Anpassen des Gabelabstands und der Gabelh\u00f6he an die Breite der Ladung<\/li>\n<li>Fahren Sie den Gabelstapler und setzen Sie die Gabeln langsam unter die Last.<\/li>\n<li>Anheben der Gabeln mit der Ladung auf die richtige H\u00f6he<\/li>\n<li>Kippen des Mastes nach hinten<\/li>\n<li>Ankunft am Ort der Entladung<\/li>\n<li>Richten des Fahrmastes<\/li>\n<li>Langsames Absenken der Gabel beim Entladen<\/li>\n<li>Vorw\u00e4rtsneigung des Drehgestellmastes<\/li>\n<li>Platzieren der Ladung<\/li>\n<\/ol>\n<p>Bei der Handhabung von Lasten muss der Bediener besondere Vorsicht walten lassen. Der Gabelstapler darf nicht zu schnell bewegt werden, insbesondere nicht mit schweren Lasten, da sonst die Gefahr des Umkippens besteht. Mit der Anmeldung zu unserem Gabelstaplerkurs erhalten Sie alle wichtigen Informationen zum richtigen Be- und Entladen, damit Ihre Arbeit mit dem geringstm\u00f6glichen Risiko verbunden ist.<\/p>\n<\/div>","protected":false},"excerpt":{"rendered":"<p>W\u00f3zki jezdniowe s\u0105 przeznaczone do szybkiego przemieszczania \u0142adunk\u00f3w. Zadaniem operatora w\u00f3zka jest poprawny za\u0142adunek, przewiezienie palety lub innego rodzaju obiektu na miejsce oraz jego roz\u0142adowanie. Nasz kurs na w\u00f3zki wid\u0142owe dok\u0142adnie uczy, jak poprawnie manipulowa\u0107 \u0142adunkiem.Podczas pracy operator w\u00f3zka wid\u0142owego mo\u017ce wykona\u0107 trzy g\u0142\u00f3wne ruchy przy manipulacji \u0142adunkami \u2013 podnoszenie i opuszczanie wide\u0142, przechylanie masztu [&hellip;]<\/p>\n","protected":false},"author":3,"featured_media":586,"parent":33,"menu_order":0,"comment_status":"closed","ping_status":"closed","template":"","meta":{"footnotes":""},"class_list":["post-233","page","type-page","status-publish","has-post-thumbnail","hentry"],"aioseo_notices":[],"_links":{"self":[{"href":"https:\/\/szkolenia-udt.pl\/de\/wp-json\/wp\/v2\/pages\/233","targetHints":{"allow":["GET"]}}],"collection":[{"href":"https:\/\/szkolenia-udt.pl\/de\/wp-json\/wp\/v2\/pages"}],"about":[{"href":"https:\/\/szkolenia-udt.pl\/de\/wp-json\/wp\/v2\/types\/page"}],"author":[{"embeddable":true,"href":"https:\/\/szkolenia-udt.pl\/de\/wp-json\/wp\/v2\/users\/3"}],"replies":[{"embeddable":true,"href":"https:\/\/szkolenia-udt.pl\/de\/wp-json\/wp\/v2\/comments?post=233"}],"version-history":[{"count":7,"href":"https:\/\/szkolenia-udt.pl\/de\/wp-json\/wp\/v2\/pages\/233\/revisions"}],"predecessor-version":[{"id":2249,"href":"https:\/\/szkolenia-udt.pl\/de\/wp-json\/wp\/v2\/pages\/233\/revisions\/2249"}],"up":[{"embeddable":true,"href":"https:\/\/szkolenia-udt.pl\/de\/wp-json\/wp\/v2\/pages\/33"}],"wp:featuredmedia":[{"embeddable":true,"href":"https:\/\/szkolenia-udt.pl\/de\/wp-json\/wp\/v2\/media\/586"}],"wp:attachment":[{"href":"https:\/\/szkolenia-udt.pl\/de\/wp-json\/wp\/v2\/media?parent=233"}],"curies":[{"name":"wp","href":"https:\/\/api.w.org\/{rel}","templated":true}]}}