{"id":235,"date":"2014-10-08T17:06:42","date_gmt":"2014-10-08T17:06:42","guid":{"rendered":"http:\/\/szkolenia-udt.pl\/?page_id=235"},"modified":"2021-08-31T22:10:01","modified_gmt":"2021-08-31T22:10:01","slug":"verbotene-tatigkeiten-beim-betrieb-eines-gabelstaplers","status":"publish","type":"page","link":"https:\/\/szkolenia-udt.pl\/de\/kursy\/wozki-widlowe\/czynnosci-zabronione-przy-obsludze-wozka-widlowego\/","title":{"rendered":"Verbotene T\u00e4tigkeiten beim Betrieb eines Gabelstaplers"},"content":{"rendered":"<div style=\"float: left; padding-right: 10px;\"><div id=\"metaslider-id-605\" style=\"max-width: 300px;\" class=\"ml-slider-3-108-0 metaslider metaslider-flex metaslider-605 ml-slider ms-theme-default nav-hidden\" role=\"region\" aria-label=\"Verbotene Trolley-Aktivit\u00e4ten\" data-height=\"225\" data-width=\"300\">\n    <div id=\"metaslider_container_605\">\n        <div id=\"metaslider_605\">\n            <ul class='slides'>\n                <li style=\"display: block; width: 100%;\" class=\"slide-580 ms-image\" aria-roledescription=\"slide\" data-date=\"2014-10-12 05:36:13\" data-filename=\"Kurs-W\u00f3zek-Wid\u0142owy.jpg\" data-slide-type=\"image\"><img loading=\"lazy\" decoding=\"async\" src=\"https:\/\/szkolenia-udt.pl\/wp-content\/uploads\/2014\/10\/Kurs-W\u00f3zek-Wid\u0142owy.jpg\" height=\"225\" width=\"300\" alt=\"\" class=\"slider-605 slide-580 msDefaultImage\" \/><\/li>\n                <li style=\"display: none; width: 100%;\" class=\"slide-579 ms-image\" aria-roledescription=\"slide\" data-date=\"2014-10-12 05:36:12\" data-filename=\"Szkolenie-W\u00f3zki-wid\u0142owe.jpg\" data-slide-type=\"image\"><img loading=\"lazy\" decoding=\"async\" src=\"https:\/\/szkolenia-udt.pl\/wp-content\/uploads\/2014\/10\/Szkolenie-W\u00f3zki-wid\u0142owe.jpg\" height=\"225\" width=\"300\" alt=\"Gabelstapler-Ausbildung\" class=\"slider-605 slide-579 msDefaultImage\" \/><\/li>\n                <li style=\"display: none; width: 100%;\" class=\"slide-591 ms-image\" aria-roledescription=\"slide\" data-date=\"2014-10-12 05:43:41\" data-filename=\"Kursy-W\u00f3zki-wid\u0142owe.jpg\" data-slide-type=\"image\"><img loading=\"lazy\" decoding=\"async\" src=\"https:\/\/szkolenia-udt.pl\/wp-content\/uploads\/2014\/10\/Kursy-W\u00f3zki-wid\u0142owe.jpg\" height=\"225\" width=\"300\" alt=\"Kurs f\u00fcr Gabelstaplerfahrer\" class=\"slider-605 slide-591 msDefaultImage\" \/><\/li>\n                <li style=\"display: none; width: 100%;\" class=\"slide-594 ms-image\" aria-roledescription=\"slide\" data-date=\"2014-10-12 05:43:43\" data-filename=\"Szkolenia-w\u00f3zki-wid\u0142owe1.jpg\" data-slide-type=\"image\"><img loading=\"lazy\" decoding=\"async\" src=\"https:\/\/szkolenia-udt.pl\/wp-content\/uploads\/2014\/10\/Szkolenia-w\u00f3zki-wid\u0142owe1.jpg\" height=\"225\" width=\"300\" alt=\"\" class=\"slider-605 slide-594 msDefaultImage\" \/><\/li>\n                <li style=\"display: none; width: 100%;\" class=\"slide-1212 ms-image\" aria-roledescription=\"slide\" data-date=\"2014-11-17 21:42:16\" data-filename=\"wozki5a.jpg\" data-slide-type=\"image\"><img loading=\"lazy\" decoding=\"async\" src=\"https:\/\/szkolenia-udt.pl\/wp-content\/uploads\/2014\/11\/wozki5a.jpg\" height=\"225\" width=\"300\" alt=\"\" class=\"slider-605 slide-1212 msDefaultImage\" \/><\/li>\n            <\/ul>\n        <\/div>\n        \n    <\/div>\n<\/div><\/div>\n<div class=\"wyjustuj\">F\u00fcr die Gabelstapler, die t\u00e4glich an vielen Arbeitspl\u00e4tzen eingesetzt werden, ist eine Fahrerlaubnis erforderlich. Diese k\u00f6nnen durch die Teilnahme an einem Gabelstaplerkurs erworben werden, bei dem die Teilnehmer lernen, wie man diese Art von Ger\u00e4t richtig man\u00f6vriert. Unsere Gabelstaplerkurse <a href=\"https:\/\/szkolenia-udt.pl\/de\/o-firmie\/\">Zentrum<\/a> Gabelstaplerkurse vermitteln umfassende Kenntnisse und Fertigkeiten \u00fcber den Aufbau des Ger\u00e4ts und seine Bedienung. Der Schwerpunkt liegt in erster Linie auf den Grunds\u00e4tzen der Sicherheit und des Gesundheitsschutzes, denn es ist nicht schwer, bei der Arbeit mit einem Gabelstapler einen Unfall zu erleiden. Die Gesundheits- und Sicherheitsvorschriften gelten f\u00fcr den Bediener sowohl vor, w\u00e4hrend als auch nach der Arbeit mit dem Gabelstapler. Unter anderem ist es wichtig, das Ger\u00e4t gr\u00fcndlich zu pr\u00fcfen, seine Funktionsweise, die technischen Parameter wie die Hubkapazit\u00e4t, die maximale H\u00f6he der zu hebenden Last oder die optimale Art und Weise, die Last auf die Gabeln des Gabelstaplers zu legen, zu kennen. Dar\u00fcber hinaus sollte jeder Bediener mit der Liste der verbotenen T\u00e4tigkeiten beim Betrieb eines Gabelstaplers vertraut sein. Wir stellen sie im Folgenden vor.<br \/>\n<strong><br \/>\nWas zu beachten ist:<\/strong><\/p>\n<ul>\n<li>Betreiben Sie das Ger\u00e4t nicht unter dem Einfluss von Alkohol oder anderen Drogen<\/li>\n<li>\u00dcberpr\u00fcfen Sie die maximale Arbeitslast, um die Maschine nicht zu \u00fcberlasten.<\/li>\n<li>der Rollstuhl darf nicht f\u00fcr andere als die vorgesehenen Zwecke verwendet werden<\/li>\n<li>Das Ger\u00e4t darf nur von einer Person bedient werden, die <a href=\"https:\/\/szkolenia-udt.pl\/de\/kursy\/wozki-widlowe\/\">Gabelstaplerschein<\/a><\/li>\n<li>die \u00dcberschreitung der H\u00f6chstgeschwindigkeit ist verboten<\/li>\n<li>pl\u00f6tzliches Beschleunigen und Abbremsen ist verboten<\/li>\n<li>Das Ger\u00e4t darf nicht in Betrieb gelassen werden.<\/li>\n<li>Vorsicht bei der \u00dcberwindung von Steigungen und Gef\u00e4llen<\/li>\n<li>es ist nicht m\u00f6glich, mit dem Rollstuhl gegen andere Gegenst\u00e4nde zu fahren<\/li>\n<li>Sicherheitsabdeckungen d\u00fcrfen nicht entfernt werden<\/li>\n<li>W\u00e4hrend der Fahrt mit dem Wagen d\u00fcrfen keine offenen Flammen verwendet werden.<\/li>\n<li>es ist verboten, unerlaubte \u00c4nderungen am Ger\u00e4t vorzunehmen<\/li>\n<li>Lasten d\u00fcrfen nicht auf angehobenen Gabeln abgestellt werden<\/li>\n<li>es ist verboten, sich unter die angehobenen Gabeln eines Ger\u00e4ts zu stellen oder zu gehen<\/li>\n<li>der Gabelstapler darf nicht mit rutschigen Schuhen oder H\u00e4nden benutzt werden<\/li>\n<li>es ist nicht gestattet, mit ausgeschaltetem Antrieb oder im Leerlauf absch\u00fcssige Fl\u00e4chen zu befahren<\/li>\n<li>die Position des Mastes kann w\u00e4hrend des Drehens nicht ver\u00e4ndert werden<\/li>\n<li>es ist nicht gestattet, den Rollstuhl auf nicht daf\u00fcr geeigneten Fl\u00e4chen zu fahren<\/li>\n<\/ul>\n<p>Wir m\u00f6chten Sie daran erinnern, dass Sie einen Gabelstaplerschein ben\u00f6tigen, um die Ger\u00e4te zu bedienen. Es ist m\u00f6glich, diese ohne eine Pr\u00fcfung beim Technischen \u00dcberwachungsverein zu erwerben, aber der Erwerb von Qualifikationen der UDT Warschau oder anderer Niederlassungen ist immer eine zukunftssichere Entscheidung, da sie von Arbeitgebern gesch\u00e4tzt werden.<\/p>\n<\/div>","protected":false},"excerpt":{"rendered":"<p>Codziennie wykorzystywane w wielu zak\u0142adach pracy w\u00f3zki wid\u0142owe wymagaj\u0105 posiadania uprawnie\u0144 do ich obs\u0142ugi. Mo\u017cna uzyska\u0107 je, wybieraj\u0105c kurs w\u00f3zka wid\u0142owego, podczas kt\u00f3rego uczestnicy dowiaduj\u0105 si\u0119, jak nale\u017cy prawid\u0142owo manewrowa\u0107 tego rodzaju urz\u0105dzeniami. Prowadzone w naszym O\u015brodku kursy na w\u00f3zki wid\u0142owe przekazuj\u0105 kompleksow\u0105 wiedz\u0119 oraz umiej\u0119tno\u015bci dotycz\u0105ce budowy urz\u0105dze\u0144 i ich eksploatacji. Nacisk k\u0142adziemy przede [&hellip;]<\/p>\n","protected":false},"author":3,"featured_media":580,"parent":33,"menu_order":0,"comment_status":"closed","ping_status":"closed","template":"","meta":{"footnotes":""},"class_list":["post-235","page","type-page","status-publish","has-post-thumbnail","hentry"],"aioseo_notices":[],"_links":{"self":[{"href":"https:\/\/szkolenia-udt.pl\/de\/wp-json\/wp\/v2\/pages\/235","targetHints":{"allow":["GET"]}}],"collection":[{"href":"https:\/\/szkolenia-udt.pl\/de\/wp-json\/wp\/v2\/pages"}],"about":[{"href":"https:\/\/szkolenia-udt.pl\/de\/wp-json\/wp\/v2\/types\/page"}],"author":[{"embeddable":true,"href":"https:\/\/szkolenia-udt.pl\/de\/wp-json\/wp\/v2\/users\/3"}],"replies":[{"embeddable":true,"href":"https:\/\/szkolenia-udt.pl\/de\/wp-json\/wp\/v2\/comments?post=235"}],"version-history":[{"count":5,"href":"https:\/\/szkolenia-udt.pl\/de\/wp-json\/wp\/v2\/pages\/235\/revisions"}],"predecessor-version":[{"id":1622,"href":"https:\/\/szkolenia-udt.pl\/de\/wp-json\/wp\/v2\/pages\/235\/revisions\/1622"}],"up":[{"embeddable":true,"href":"https:\/\/szkolenia-udt.pl\/de\/wp-json\/wp\/v2\/pages\/33"}],"wp:featuredmedia":[{"embeddable":true,"href":"https:\/\/szkolenia-udt.pl\/de\/wp-json\/wp\/v2\/media\/580"}],"wp:attachment":[{"href":"https:\/\/szkolenia-udt.pl\/de\/wp-json\/wp\/v2\/media?parent=235"}],"curies":[{"name":"wp","href":"https:\/\/api.w.org\/{rel}","templated":true}]}}