{"id":237,"date":"2014-10-08T17:07:15","date_gmt":"2014-10-08T17:07:15","guid":{"rendered":"http:\/\/szkolenia-udt.pl\/?page_id=237"},"modified":"2021-08-31T22:08:40","modified_gmt":"2021-08-31T22:08:40","slug":"konstruktion-eines-mobilen-lastwagens","status":"publish","type":"page","link":"https:\/\/szkolenia-udt.pl\/de\/kursy\/wozki-widlowe\/budowa-wozka-jezdniowego\/","title":{"rendered":"Konstruktion des Gabelstaplers"},"content":{"rendered":"<div class=\"wyjustuj\">\n<p><a href=\"https:\/\/szkolenia-udt.pl\/de\/kursy\/wozki-widlowe\/\">Gabelstapler-Kurse<\/a> zeigen, aus welchen Komponenten diese Maschinen bestehen. Jeder Bediener sollte wissen, aus welchen Komponenten die Gabelstapler bestehen, was ebenfalls wichtig f\u00fcr den sicheren und korrekten Betrieb ist.<\/p>\n<h2><strong>Nachstehend sind alle Elemente der Konstruktion von Gabelstaplern aufgef\u00fchrt: <\/strong><\/h2>\n<ul>\n<li>Maschinenrahmen - aus Stahl, seine Gr\u00f6\u00dfe und Form h\u00e4ngen vom Wagentyp ab<\/li>\n<li>Drehgestellrahmen - drei oder vier R\u00e4der je nach Art des Drehgestells<\/li>\n<li>Motor - die meisten Lkw sind mit Treibgasmotoren ausgestattet, aber auch Elektro-, Batterie-, Benzin- und Dieselstapler werden eingesetzt<\/li>\n<li>Hubger\u00fcst - ist der Teil in Form eines vertikalen Rahmens, an dem der Wagen und die Gabeln befestigt sind<\/li>\n<li>Schlitten - Frontplatte, die mit dem Mast verbunden ist, die Gabeln sind am Schlitten befestigt<\/li>\n<li>Gabeln - am Wagen befestigt, sie sind f\u00fcr das Tragen von Lasten ausgelegt und k\u00f6nnen je nach Last unterschiedliche Abmessungen und zus\u00e4tzliche Anbauteile haben, z. B. F\u00e4sser<\/li>\n<li>Schutzgitter - verhindert, dass sich die Ladung bewegt<\/li>\n<li>Gegengewicht - befindet sich an der R\u00fcckseite des Wagens und dient dazu, den Wagen beim Tragen von Lasten zu belasten, um die Stabilit\u00e4t zu erhalten<\/li>\n<li>Sicherheitsk\u00e4fig - sch\u00fctzt den Gabelstaplerfahrer vor der Last<\/li>\n<li>Fahrerkabine - offen, aber an den Seiten geschlossen, so dass der Fahrer gesch\u00fctzt ist; die Kabine enth\u00e4lt die Instrumente zur Steuerung des Staplers, einschlie\u00dflich Pedale, Lenkrad, Hebel<\/li>\n<\/ul>\n<div style=\"float: left; padding-right: 10px;\"><div id=\"metaslider-id-1427\" style=\"max-width: 300px;\" class=\"ml-slider-3-107-0 metaslider metaslider-flex metaslider-1427 ml-slider ms-theme-default nav-hidden\" role=\"region\" aria-label=\"Konstruktion2\" data-height=\"225\" data-width=\"300\">\n    <div id=\"metaslider_container_1427\">\n        <div id=\"metaslider_1427\">\n            <ul class='slides'>\n                <li style=\"display: block; width: 100%;\" class=\"slide-1425 ms-image\" aria-roledescription=\"slide\" data-date=\"2015-07-11 06:23:04\" data-filename=\"resbudowa_Fork-Lift_04.jpg\" data-slide-type=\"image\"><img loading=\"lazy\" decoding=\"async\" src=\"https:\/\/szkolenia-udt.pl\/wp-content\/uploads\/2015\/07\/resbudowa_Fork-Lift_04.jpg\" height=\"225\" width=\"300\" alt=\"\" class=\"slider-1427 slide-1425 msDefaultImage\" \/><\/li>\n                <li style=\"display: none; width: 100%;\" class=\"slide-1426 ms-image\" aria-roledescription=\"slide\" data-date=\"2015-07-11 06:23:04\" data-filename=\"resbudowa_maszt_i_rezzta.jpg\" data-slide-type=\"image\"><img loading=\"lazy\" decoding=\"async\" src=\"https:\/\/szkolenia-udt.pl\/wp-content\/uploads\/2015\/07\/resbudowa_maszt_i_rezzta.jpg\" height=\"225\" width=\"300\" alt=\"\" class=\"slider-1427 slide-1426 msDefaultImage\" \/><\/li>\n                <li style=\"display: none; width: 100%;\" class=\"slide-1423 ms-image\" aria-roledescription=\"slide\" data-date=\"2015-07-11 06:23:03\" data-filename=\"resbudowa_2013-02-05-091000214875.jpg\" data-slide-type=\"image\"><img loading=\"lazy\" decoding=\"async\" src=\"https:\/\/szkolenia-udt.pl\/wp-content\/uploads\/2015\/07\/resbudowa_2013-02-05-091000214875.jpg\" height=\"225\" width=\"300\" alt=\"\" class=\"slider-1427 slide-1423 msDefaultImage\" \/><\/li>\n                <li style=\"display: none; width: 100%;\" class=\"slide-1424 ms-image\" aria-roledescription=\"slide\" data-date=\"2015-07-11 06:23:03\" data-filename=\"resbudowa_bww1.jpg\" data-slide-type=\"image\"><img loading=\"lazy\" decoding=\"async\" src=\"https:\/\/szkolenia-udt.pl\/wp-content\/uploads\/2015\/07\/resbudowa_bww1.jpg\" height=\"225\" width=\"300\" alt=\"\" class=\"slider-1427 slide-1424 msDefaultImage\" \/><\/li>\n                <li style=\"display: none; width: 100%;\" class=\"slide-1422 ms-image\" aria-roledescription=\"slide\" data-date=\"2015-07-11 06:23:02\" data-filename=\"resbudowa_2_Ton_diesel_forklift_truck_634594464567574414_1.jpg\" data-slide-type=\"image\"><img loading=\"lazy\" decoding=\"async\" src=\"https:\/\/szkolenia-udt.pl\/wp-content\/uploads\/2015\/07\/resbudowa_2_Ton_diesel_forklift_truck_634594464567574414_1.jpg\" height=\"225\" width=\"300\" alt=\"\" class=\"slider-1427 slide-1422 msDefaultImage\" \/><\/li>\n            <\/ul>\n        <\/div>\n        \n    <\/div>\n<\/div><\/div>\n<p>Gabelstapler sind mit Hydrauliksystemen ausgestattet, die f\u00fcr die Geschwindigkeit beim Heben von Lasten auf den Gabeln verantwortlich sind. Je nach Bauart k\u00f6nnen Gabelstapler auch andere Komponenten enthalten, auf die im Gabelstaplerkurs in unserem Angebot eingegangen wird.<\/p>\n<p>Kenntnisse \u00fcber die Konstruktion der am h\u00e4ufigsten verwendeten Gabelstapler sind bei der Bedienung der Maschine sehr hilfreich. Bevor jedoch ein neuer Gabelstapler in Betrieb genommen wird, sollte sich der Bediener stets mit der Konstruktion, den Betriebsbedingungen und den technischen Parametern vertraut machen, um m\u00f6gliche Unf\u00e4lle zu vermeiden.<\/p>\n<\/div>","protected":false},"excerpt":{"rendered":"<p>Kursy na w\u00f3zki wid\u0142owe przedstawiaj\u0105, z jakich element\u00f3w zbudowane s\u0105 te urz\u0105dzenia. Ka\u017cdy operator powinien wiedzie\u0107, z jakich element\u00f3w zbudowane s\u0105 w\u00f3zki, co ma tak\u017ce znaczenie dla ich bezpiecznej i prawid\u0142owej obs\u0142ugi. Poni\u017cej przedstawiamy wszystkie elementy budowy w\u00f3zk\u00f3w jezdniowych podno\u015bnikowych: rama urz\u0105dzenia \u2013 wykonana ze stali, jej wielko\u015b\u0107 i kszta\u0142t zale\u017cne s\u0105 od typu w\u00f3zka [&hellip;]<\/p>\n","protected":false},"author":3,"featured_media":1425,"parent":33,"menu_order":0,"comment_status":"closed","ping_status":"closed","template":"","meta":{"footnotes":""},"class_list":["post-237","page","type-page","status-publish","has-post-thumbnail","hentry"],"aioseo_notices":[],"_links":{"self":[{"href":"https:\/\/szkolenia-udt.pl\/de\/wp-json\/wp\/v2\/pages\/237","targetHints":{"allow":["GET"]}}],"collection":[{"href":"https:\/\/szkolenia-udt.pl\/de\/wp-json\/wp\/v2\/pages"}],"about":[{"href":"https:\/\/szkolenia-udt.pl\/de\/wp-json\/wp\/v2\/types\/page"}],"author":[{"embeddable":true,"href":"https:\/\/szkolenia-udt.pl\/de\/wp-json\/wp\/v2\/users\/3"}],"replies":[{"embeddable":true,"href":"https:\/\/szkolenia-udt.pl\/de\/wp-json\/wp\/v2\/comments?post=237"}],"version-history":[{"count":13,"href":"https:\/\/szkolenia-udt.pl\/de\/wp-json\/wp\/v2\/pages\/237\/revisions"}],"predecessor-version":[{"id":2509,"href":"https:\/\/szkolenia-udt.pl\/de\/wp-json\/wp\/v2\/pages\/237\/revisions\/2509"}],"up":[{"embeddable":true,"href":"https:\/\/szkolenia-udt.pl\/de\/wp-json\/wp\/v2\/pages\/33"}],"wp:featuredmedia":[{"embeddable":true,"href":"https:\/\/szkolenia-udt.pl\/de\/wp-json\/wp\/v2\/media\/1425"}],"wp:attachment":[{"href":"https:\/\/szkolenia-udt.pl\/de\/wp-json\/wp\/v2\/media?parent=237"}],"curies":[{"name":"wp","href":"https:\/\/api.w.org\/{rel}","templated":true}]}}