{"id":2397,"date":"2021-08-19T12:12:22","date_gmt":"2021-08-19T12:12:22","guid":{"rendered":"https:\/\/szkolenia-udt.pl\/?page_id=2397"},"modified":"2022-08-31T21:24:14","modified_gmt":"2022-08-31T19:24:14","slug":"hubarbeitsbuhnenkurs","status":"publish","type":"page","link":"https:\/\/szkolenia-udt.pl\/de\/kursy\/uprawnienia-udt-tdt-wdt\/kurs-podnosnik-koszowy\/","title":{"rendered":"Kurs f\u00fcr Hubarbeitsb\u00fchnen"},"content":{"rendered":"<p><a href=\"https:\/\/szkolenia-udt.pl\/wp-content\/uploads\/2021\/08\/szkolenia-udt.pl-0014-OPUBLIKOWANY-v2.jpg\"><img loading=\"lazy\" decoding=\"async\" class=\"paddingleft10 wp-image-2502 size-medium alignleft\" src=\"https:\/\/szkolenia-udt.pl\/wp-content\/uploads\/2021\/08\/szkolenia-udt.pl-0014-OPUBLIKOWANY-v2-300x199.jpg\" alt=\"Hubarbeitsb\u00fchnen sind Materialtransportger\u00e4te mit einer Plattform und einem Ausleger, die auf einem Fahrzeug montiert sind.\" width=\"300\" height=\"199\" srcset=\"https:\/\/szkolenia-udt.pl\/wp-content\/uploads\/2021\/08\/szkolenia-udt.pl-0014-OPUBLIKOWANY-v2-300x199.jpg 300w, https:\/\/szkolenia-udt.pl\/wp-content\/uploads\/2021\/08\/szkolenia-udt.pl-0014-OPUBLIKOWANY-v2-1024x680.jpg 1024w, https:\/\/szkolenia-udt.pl\/wp-content\/uploads\/2021\/08\/szkolenia-udt.pl-0014-OPUBLIKOWANY-v2-768x510.jpg 768w, https:\/\/szkolenia-udt.pl\/wp-content\/uploads\/2021\/08\/szkolenia-udt.pl-0014-OPUBLIKOWANY-v2-1536x1020.jpg 1536w, https:\/\/szkolenia-udt.pl\/wp-content\/uploads\/2021\/08\/szkolenia-udt.pl-0014-OPUBLIKOWANY-v2-2048x1360.jpg 2048w\" sizes=\"auto, (max-width: 300px) 100vw, 300px\" \/><\/a>Diese Schulung erm\u00f6glicht es den Teilnehmern, die Besonderheiten der Bedienung, der Konstruktion und der Grunds\u00e4tze der Bedienung von Hubarbeitsb\u00fchnen - der beliebten Auslegerarbeitsb\u00fchnen - kennen zu lernen. Die Kandidaten f\u00fcr die Bedienung dieser Ger\u00e4te lernen die theoretischen und praktischen Aspekte, die zum Bestehen der UDT-Pr\u00fcfung erforderlich sind. Es werden Schulungen auf verschiedenen Ebenen angeboten, auch f\u00fcr Anf\u00e4nger, die noch keine Erfahrung mit Hubarbeitsb\u00fchnen haben.<\/p>\n<h2>Hubarbeitsb\u00fchnen - Ger\u00e4te, die der technischen \u00dcberwachung unterliegen<\/h2>\n<p>Hebeb\u00fchnen (Wagenheber, Stepper) sind Materialtransportger\u00e4te, d. h. Ger\u00e4te, die dazu dienen, Personen, Materialien oder Werkzeuge zu einem Arbeitsplatz in der H\u00f6he zu bef\u00f6rdern. Nach der Klassifizierung des Technischen \u00dcberwachungsvereins werden Korbaufz\u00fcge als mobile Arbeitsb\u00fchnen eingestuft, die in die Kategorie der selbstfahrenden mobilen Arbeitsb\u00fchnen fallen. Sie unterliegen der technischen Aufsicht, was unter anderem bedeutet, dass sie verpflichtet sind, Aufzeichnungen \u00fcber ihren Betrieb zu f\u00fchren, Tests und Inspektionen durchzuf\u00fchren, und f\u00fcr die Betreiber ist es erforderlich, Bescheinigungen der UDT \u00fcber die berufliche Qualifikation zu erhalten.<\/p>\n<p>Merkmale der Hochskalierung:<\/p>\n<ul>\n<li>Der Korb\/die Plattform wird auf einen hydraulischen Ausleger gesetzt<\/li>\n<li>Der Ausleger ist an der S\u00e4ule an einer am Fahrzeugchassis befestigten Drehverbindung angebracht.<\/li>\n<li>Sie sind mit einem Teleskop-, Scheren- oder Knickarm ausgestattet<\/li>\n<li>Je nach Abmessungen, Antriebsart und Plattform k\u00f6nnen sie im Freien oder in Innenr\u00e4umen eingesetzt werden<\/li>\n<li>Die verschiedenen Modelle unterscheiden sich in Parametern wie der Ausf\u00fchrung des Hebesystems (Gelenk-, Gelenk-Teleskop-, Scherenhebeb\u00fchne), der Arbeitsh\u00f6he, der Hubh\u00f6he, der maximalen Tragf\u00e4higkeit, dem Gewicht der Maschine, dem Drehwinkel, den Auskragungen und dem Arbeitsbereich, der Anpassung an elektrische Arbeiten<\/li>\n<\/ul>\n<h2>Wie sieht der Kurs f\u00fcr Hubarbeitsb\u00fchnenbediener aus?<\/h2>\n<p>Wie bei allen Schulungskursen f\u00fcr mobile Plattformen, <a href=\"https:\/\/szkolenia-udt.pl\/de\/kursy\/uprawnienia-udt-tdt-wdt\/podnosniki-koszowe\/\">Kurs Hubarbeitsb\u00fchnen<\/a> soll die Teilnehmer auf die UDT-Pr\u00fcfung vorbereiten. Die Ausbilder vermitteln Kenntnisse \u00fcber den Aufbau der Aufz\u00fcge und ihrer Einzelteile, Sicherheitsvorschriften, technische \u00dcberwachung, Pr\u00fcfungen und Tests. Die Ausbildung besteht aus theoretischen Vorlesungen und einem praktischen Teil, in dem die Auszubildenden individuell lernen, wie die Aufz\u00fcge zu bedienen sind und welche Sicherheitsvorschriften f\u00fcr ihren Betrieb gelten.<\/p>\n<h2>Kurs - Hubarbeitsb\u00fchnen: Organisatorische Details<\/h2>\n<ul>\n<li>Kurstermine: Die aktuellen Termine entnehmen Sie bitte dem Terminplan auf der Website<\/li>\n<li>Ort: St\u00e4dte, in denen Kurse f\u00fcr Hubarbeitsb\u00fchnen abgehalten werden: Warschau, Krakau, Kattowitz. F\u00fcr Gesch\u00e4ftskunden k\u00f6nnen wir auch Schulungen an anderen Orten in Polen organisieren. Es besteht auch die M\u00f6glichkeit, an Online-Kursen teilzunehmen<\/li>\n<li>Was es enth\u00e4lt <a href=\"https:\/\/szkolenia-udt.pl\/de\/oferta\/\">Preis<\/a>Praktischer und theoretischer Unterricht, Zugang zu Materialien auf einer Bildungsplattform, Zugang zu Gesundheits- und Sicherheitsausr\u00fcstungen und -einrichtungen, Kursabschlusszertifikat, Erfrischungen in den Kaffeepausen, Ablegen der UDT-Pr\u00fcfung.<\/li>\n<li>Kursdauer: je nach Erfahrung und Bed\u00fcrfnissen der Teilnehmer, von ca. 8 Stunden (f\u00fcr erfahrene Teilnehmer) bis ca. 20-35 Stunden (f\u00fcr Anf\u00e4nger)<\/li>\n<\/ul>\n<div class=\"filmw\">\n<div class=\"responsive-youtube\"><iframe loading=\"lazy\" title=\"YouTube-Video-Player\" src=\"https:\/\/www.youtube.com\/embed\/OUKdY5V51M4\" width=\"560\" height=\"315\" frameborder=\"0\" allowfullscreen=\"allowfullscreen\"><\/iframe><\/div>\n<\/div>\n<h2>Pr\u00fcfung des Aufzugskurses<\/h2>\n<p>Nach Abschluss des Kurses und Bestehen eines internen Tests k\u00f6nnen die Teilnehmer eine externe Pr\u00fcfung ablegen. Wenn Sie die Pr\u00fcfung bestehen, erhalten Sie vom Technischen \u00dcberwachungsverein ein Zeugnis, das Sie berechtigt, als Bediener zu arbeiten. Die Pr\u00fcfung wird in Form eines Tests mit geschlossenen Fragen durchgef\u00fchrt, nach dem der Pr\u00fcfer dem Kandidaten Aufgaben auf dem Man\u00f6vrierplatz zuweist und seine F\u00e4higkeit zur Bedienung des Auslegers pr\u00fcft.<\/p>\n<h2>Erlaubnis zur Arbeit im Bergland - Besch\u00e4ftigungsm\u00f6glichkeiten<\/h2>\n<p>Ein Aufzugf\u00fchrer kann unter anderem in Unternehmen arbeiten, die in diesem Bereich t\u00e4tig sind:<\/p>\n<ul>\n<li>Bauarbeiten<\/li>\n<li>Renovierungsarbeiten an Geb\u00e4uden - innen und au\u00dfen<\/li>\n<li>Wartung, Installation und Instandhaltung von Anlagen<\/li>\n<li>Reparaturen an Beleuchtung und Ampeln<\/li>\n<li>Reinigung von D\u00e4chern, Geb\u00e4udefassaden, Fenstern<\/li>\n<li>Anbringung von Plakatw\u00e4nden, Leuchtreklamen und anderen gro\u00dfformatigen Werbefl\u00e4chen<\/li>\n<\/ul>\n<p><a href=\"https:\/\/szkolenia-udt.pl\/wp-content\/uploads\/2021\/08\/0016-oso-podnosniki-koszowe.jpg\"><img loading=\"lazy\" decoding=\"async\" class=\"alignnone wp-image-2399 size-large\" src=\"https:\/\/szkolenia-udt.pl\/wp-content\/uploads\/2021\/08\/0016-oso-podnosniki-koszowe-1024x853.jpg\" alt=\"Hubarbeitsb\u00fchnen k\u00f6nnen f\u00fcr Renovierungs-, Bau- und Montagearbeiten eingesetzt werden\" width=\"750\" height=\"625\" srcset=\"https:\/\/szkolenia-udt.pl\/wp-content\/uploads\/2021\/08\/0016-oso-podnosniki-koszowe-1024x853.jpg 1024w, https:\/\/szkolenia-udt.pl\/wp-content\/uploads\/2021\/08\/0016-oso-podnosniki-koszowe-300x250.jpg 300w, https:\/\/szkolenia-udt.pl\/wp-content\/uploads\/2021\/08\/0016-oso-podnosniki-koszowe-768x640.jpg 768w, https:\/\/szkolenia-udt.pl\/wp-content\/uploads\/2021\/08\/0016-oso-podnosniki-koszowe.jpg 1200w\" sizes=\"auto, (max-width: 750px) 100vw, 750px\" \/><\/a><\/p>","protected":false},"excerpt":{"rendered":"<p>To szkolenie, kt\u00f3re pozwala pozna\u0107 specyfik\u0119 dzia\u0142ania, budow\u0119, zasady obs\u0142ugi podno\u015bnik\u00f3w koszowych \u2013 popularnych zwy\u017cek. Kandydaci na operator\u00f3w tych urz\u0105dze\u0144 ucz\u0105 si\u0119 zagadnie\u0144 teoretycznych i praktycznych, niezb\u0119dnych do zaliczenia egzaminu na uprawnienia UDT. Szkolenia s\u0105 organizowane na r\u00f3\u017cnych poziomach zaawansowania, tak\u017ce dla os\u00f3b pocz\u0105tkuj\u0105cych, kt\u00f3re nie mia\u0142y jeszcze do czynienia ze zwy\u017ckami. Podno\u015bniki koszowe &#8211; [&hellip;]<\/p>\n","protected":false},"author":3,"featured_media":2502,"parent":2266,"menu_order":0,"comment_status":"closed","ping_status":"closed","template":"","meta":{"footnotes":""},"class_list":["post-2397","page","type-page","status-publish","has-post-thumbnail","hentry"],"aioseo_notices":[],"_links":{"self":[{"href":"https:\/\/szkolenia-udt.pl\/de\/wp-json\/wp\/v2\/pages\/2397","targetHints":{"allow":["GET"]}}],"collection":[{"href":"https:\/\/szkolenia-udt.pl\/de\/wp-json\/wp\/v2\/pages"}],"about":[{"href":"https:\/\/szkolenia-udt.pl\/de\/wp-json\/wp\/v2\/types\/page"}],"author":[{"embeddable":true,"href":"https:\/\/szkolenia-udt.pl\/de\/wp-json\/wp\/v2\/users\/3"}],"replies":[{"embeddable":true,"href":"https:\/\/szkolenia-udt.pl\/de\/wp-json\/wp\/v2\/comments?post=2397"}],"version-history":[{"count":4,"href":"https:\/\/szkolenia-udt.pl\/de\/wp-json\/wp\/v2\/pages\/2397\/revisions"}],"predecessor-version":[{"id":3236,"href":"https:\/\/szkolenia-udt.pl\/de\/wp-json\/wp\/v2\/pages\/2397\/revisions\/3236"}],"up":[{"embeddable":true,"href":"https:\/\/szkolenia-udt.pl\/de\/wp-json\/wp\/v2\/pages\/2266"}],"wp:featuredmedia":[{"embeddable":true,"href":"https:\/\/szkolenia-udt.pl\/de\/wp-json\/wp\/v2\/media\/2502"}],"wp:attachment":[{"href":"https:\/\/szkolenia-udt.pl\/de\/wp-json\/wp\/v2\/media?parent=2397"}],"curies":[{"name":"wp","href":"https:\/\/api.w.org\/{rel}","templated":true}]}}