{"id":240,"date":"2014-10-08T17:08:41","date_gmt":"2014-10-08T17:08:41","guid":{"rendered":"http:\/\/szkolenia-udt.pl\/?page_id=240"},"modified":"2021-08-31T22:00:51","modified_gmt":"2021-08-31T22:00:51","slug":"betrieb-von-mobilen-plattformen","status":"publish","type":"page","link":"https:\/\/szkolenia-udt.pl\/de\/kursy\/podesty-ruchome\/obsluga-podestow-ruchomych\/","title":{"rendered":"Betrieb von mobilen Plattformen"},"content":{"rendered":"<div style=\"float: left; padding-right: 10px;\"><div id=\"metaslider-id-1219\" style=\"max-width: 300px;\" class=\"ml-slider-3-107-0 metaslider metaslider-flex metaslider-1219 ml-slider ms-theme-default nav-hidden\" role=\"region\" aria-label=\"Mobile Plattformen 3\" data-height=\"225\" data-width=\"300\">\n    <div id=\"metaslider_container_1219\">\n        <div id=\"metaslider_1219\">\n            <ul class='slides'>\n                <li style=\"display: block; width: 100%;\" class=\"slide-1218 ms-image\" aria-roledescription=\"slide\" data-date=\"2014-11-18 10:21:09\" data-filename=\"78XE_001a.jpg\" data-slide-type=\"image\"><img loading=\"lazy\" decoding=\"async\" src=\"https:\/\/szkolenia-udt.pl\/wp-content\/uploads\/2014\/11\/78XE_001a.jpg\" height=\"225\" width=\"300\" alt=\"Aufz\u00fcge\" class=\"slider-1219 slide-1218 msDefaultImage\" \/><\/li>\n                <li style=\"display: none; width: 100%;\" class=\"slide-1217 ms-image\" aria-roledescription=\"slide\" data-date=\"2014-11-18 10:21:08\" data-filename=\"78SEC_006a.jpg\" data-slide-type=\"image\"><img loading=\"lazy\" decoding=\"async\" src=\"https:\/\/szkolenia-udt.pl\/wp-content\/uploads\/2014\/11\/78SEC_006a.jpg\" height=\"225\" width=\"300\" alt=\"Udt-Ausbildung\" class=\"slider-1219 slide-1217 msDefaultImage\" \/><\/li>\n                <li style=\"display: none; width: 100%;\" class=\"slide-1216 ms-image\" aria-roledescription=\"slide\" data-date=\"2014-11-18 10:21:07\" data-filename=\"78SEC_004a.jpg\" data-slide-type=\"image\"><img loading=\"lazy\" decoding=\"async\" src=\"https:\/\/szkolenia-udt.pl\/wp-content\/uploads\/2014\/11\/78SEC_004a.jpg\" height=\"225\" width=\"300\" alt=\"warschau udt-kurse\" class=\"slider-1219 slide-1216 msDefaultImage\" \/><\/li>\n                <li style=\"display: none; width: 100%;\" class=\"slide-1215 ms-image\" aria-roledescription=\"slide\" data-date=\"2014-11-18 10:21:06\" data-filename=\"60V_026a.jpg\" data-slide-type=\"image\"><img loading=\"lazy\" decoding=\"async\" src=\"https:\/\/szkolenia-udt.pl\/wp-content\/uploads\/2014\/11\/60V_026a.jpg\" height=\"225\" width=\"300\" alt=\"udt-Ausbildungszentrum\" class=\"slider-1219 slide-1215 msDefaultImage\" \/><\/li>\n                <li style=\"display: none; width: 100%;\" class=\"slide-1214 ms-image\" aria-roledescription=\"slide\" data-date=\"2014-11-18 10:21:04\" data-filename=\"60V_007a.jpg\" data-slide-type=\"image\"><img loading=\"lazy\" decoding=\"async\" src=\"https:\/\/szkolenia-udt.pl\/wp-content\/uploads\/2014\/11\/60V_007a.jpg\" height=\"225\" width=\"300\" alt=\"\" class=\"slider-1219 slide-1214 msDefaultImage\" \/><\/li>\n            <\/ul>\n        <\/div>\n        \n    <\/div>\n<\/div><\/div>\n<div class=\"wyjustuj\">\n<p>Um mobile Arbeitsb\u00fchnen bedienen zu k\u00f6nnen, ist eine Ausbildung erforderlich, die zur Pr\u00fcfung vor dem T\u00dcV berechtigt. Nach erfolgreichem Bestehen der Pr\u00fcfung erh\u00e4lt der Teilnehmer eine UDT-Lizenz. In den Kursen werden Informationen \u00fcber die Konstruktion und den Betrieb von Ger\u00e4ten sowie \u00fcber Gesundheits- und Sicherheitsvorschriften vermittelt. Im Folgenden werden die Regeln f\u00fcr den Betrieb von fahrbaren, verfahrbaren und langsam fahrenden Arbeitsb\u00fchnen beschrieben.<\/p>\n<h2 class=\"boldnagl\"><strong>Nutzung von Bahnsteigen und Umgang mit Unf\u00e4llen<\/strong><\/h2>\n<p>Mobile Plattformen d\u00fcrfen nur von Personen genutzt werden, die \u00fcber eine entsprechende Berechtigung verf\u00fcgen. Jeder, der das Ger\u00e4t benutzt, muss mit den Betriebsbedingungen vertraut sein. Es ist verboten, Plattformen zu benutzen, wenn man nicht mit den Rettungsverfahren vertraut ist oder wenn sich keine Personen in der N\u00e4he befinden, die mit ihrer Benutzung vertraut sind.<\/p>\n<h2 class=\"boldnagl\"><strong>Vor dem Umzug der mobilen Plattform<\/strong><\/h2>\n<p>Vor Beginn der Arbeiten muss die fahrbare Arbeitsb\u00fchne vom Bediener auf Sch\u00e4den und technische Merkmale \u00fcberpr\u00fcft werden. Der Zustand der Plattform muss bei jeder Arbeit \u00fcberpr\u00fcft werden. Es ist verboten, defekte oder besch\u00e4digte Plattformen zu verwenden. Es ist auch verboten, Plattformen auf einem ungeeigneten Untergrund zu benutzen. Die Oberfl\u00e4che darf keine Besch\u00e4digungen oder sichtbaren Hindernisse f\u00fcr die Bewegung des Ger\u00e4ts aufweisen.<\/p>\n<h3 class=\"boldnagl\"><strong>Manipulation der mobilen Plattform<\/strong><\/h3>\n<p>Bei der Verwendung der mobilen Arbeitsb\u00fchne muss der Bediener st\u00e4ndig die Oberfl\u00e4che, auf der sich die Arbeitsb\u00fchne bewegt, sowie die Oberfl\u00e4che \u00fcber der Arbeitsb\u00fchne in Bewegungsrichtung \u00fcberpr\u00fcfen. Im Falle von Hindernissen auf der Stra\u00dfe muss der Bediener das Ger\u00e4t so lenken, dass es ihnen ausweicht, und dabei \u00e4u\u00dferste Vorsicht walten lassen. Die Plattform darf die zul\u00e4ssige Geschwindigkeit nicht \u00fcberschreiten. Personen, die sich auf der Plattform befinden, d\u00fcrfen sich nicht \u00fcber die Gel\u00e4nder hinauslehnen, es ist verboten, sich gegen das Bedienfeld des Ger\u00e4ts zu lehnen oder Gegenst\u00e4nde auf das Bedienfeld zu legen. Die Benutzung von Mobiltelefonen ist w\u00e4hrend des Betriebs der Plattform verboten. Bei der Platzierung der mobilen Plattform in der richtigen Position muss die richtige H\u00f6he bestimmt werden, wobei die Oberfl\u00e4che der Decke sowie der Untergrund und Hindernisse zu ber\u00fccksichtigen sind.<\/p>\n<p>Jede <a href=\"https:\/\/szkolenia-udt.pl\/de\/kursy\/podesty-ruchome\/\">Kurs f\u00fcr mobile Plattformen<\/a> in unserem <a href=\"https:\/\/szkolenia-udt.pl\/de\/o-firmie\/\">Zentrum<\/a> enth\u00e4lt wichtige Informationen \u00fcber Sicherheit und Gesundheitsschutz am Arbeitsplatz des Betreibers. Im Rahmen des praktischen Unterrichts k\u00f6nnen die Teilnehmer auch ihre Kenntnisse in der Bedienung von Ger\u00e4ten erproben. Wir freuen uns darauf, Sie auf dem Kurs f\u00fcr mobile Plattformen zu sehen!<\/p>\n<\/div>","protected":false},"excerpt":{"rendered":"<p>Do obs\u0142ugi podest\u00f3w ruchomych konieczne jest odbycie przeszkolenia, kt\u00f3re upowa\u017cnia do podej\u015bcia do egzaminu przed Urz\u0119dem Dozoru Technicznego. Po pozytywnym zdaniu egzaminu uczestnik otrzymuje uprawnienia UDT. Podczas kurs\u00f3w poruszane s\u0105 informacje zwi\u0105zane z budow\u0105 i eksploatacj\u0105 urz\u0105dze\u0144, a tak\u017ce z zasadami bezpiecze\u0144stwa i higieny pracy. Poni\u017cej przedstawiamy zasady dotycz\u0105ce obs\u0142ugi takich urz\u0105dze\u0144 jak podesty ruchome, [&hellip;]<\/p>\n","protected":false},"author":3,"featured_media":1218,"parent":35,"menu_order":0,"comment_status":"closed","ping_status":"closed","template":"","meta":{"footnotes":""},"class_list":["post-240","page","type-page","status-publish","has-post-thumbnail","hentry"],"aioseo_notices":[],"_links":{"self":[{"href":"https:\/\/szkolenia-udt.pl\/de\/wp-json\/wp\/v2\/pages\/240","targetHints":{"allow":["GET"]}}],"collection":[{"href":"https:\/\/szkolenia-udt.pl\/de\/wp-json\/wp\/v2\/pages"}],"about":[{"href":"https:\/\/szkolenia-udt.pl\/de\/wp-json\/wp\/v2\/types\/page"}],"author":[{"embeddable":true,"href":"https:\/\/szkolenia-udt.pl\/de\/wp-json\/wp\/v2\/users\/3"}],"replies":[{"embeddable":true,"href":"https:\/\/szkolenia-udt.pl\/de\/wp-json\/wp\/v2\/comments?post=240"}],"version-history":[{"count":7,"href":"https:\/\/szkolenia-udt.pl\/de\/wp-json\/wp\/v2\/pages\/240\/revisions"}],"predecessor-version":[{"id":2244,"href":"https:\/\/szkolenia-udt.pl\/de\/wp-json\/wp\/v2\/pages\/240\/revisions\/2244"}],"up":[{"embeddable":true,"href":"https:\/\/szkolenia-udt.pl\/de\/wp-json\/wp\/v2\/pages\/35"}],"wp:featuredmedia":[{"embeddable":true,"href":"https:\/\/szkolenia-udt.pl\/de\/wp-json\/wp\/v2\/media\/1218"}],"wp:attachment":[{"href":"https:\/\/szkolenia-udt.pl\/de\/wp-json\/wp\/v2\/media?parent=240"}],"curies":[{"name":"wp","href":"https:\/\/api.w.org\/{rel}","templated":true}]}}