{"id":2404,"date":"2021-08-19T14:02:11","date_gmt":"2021-08-19T14:02:11","guid":{"rendered":"https:\/\/szkolenia-udt.pl\/?page_id=2404"},"modified":"2023-03-13T16:37:31","modified_gmt":"2023-03-13T15:37:31","slug":"seilbahnbetreiber","status":"publish","type":"page","link":"https:\/\/szkolenia-udt.pl\/de\/kursy\/uprawnienia-udt-tdt-wdt\/operator-podestow-linowych\/","title":{"rendered":"Bedienerkurs f\u00fcr h\u00e4ngende mobile Plattformen"},"content":{"rendered":"<p><a href=\"https:\/\/szkolenia-udt.pl\/wp-content\/uploads\/2021\/08\/szkolenia-udt.pl-0014-OPUBLIKOWANY-v4.jpg\"><img loading=\"lazy\" decoding=\"async\" class=\"paddingleft10 alignleft wp-image-2499 size-medium\" src=\"https:\/\/szkolenia-udt.pl\/wp-content\/uploads\/2021\/08\/szkolenia-udt.pl-0014-OPUBLIKOWANY-v4-300x236.jpg\" alt=\"Mobile H\u00e4ngeb\u00fchnen werden zum Transport von Personen, Werkzeugen und Materialien auf eine geeignete H\u00f6he\/Arbeitsplatz verwendet.\" width=\"300\" height=\"236\" srcset=\"https:\/\/szkolenia-udt.pl\/wp-content\/uploads\/2021\/08\/szkolenia-udt.pl-0014-OPUBLIKOWANY-v4-300x236.jpg 300w, https:\/\/szkolenia-udt.pl\/wp-content\/uploads\/2021\/08\/szkolenia-udt.pl-0014-OPUBLIKOWANY-v4-768x603.jpg 768w, https:\/\/szkolenia-udt.pl\/wp-content\/uploads\/2021\/08\/szkolenia-udt.pl-0014-OPUBLIKOWANY-v4.jpg 993w\" sizes=\"auto, (max-width: 300px) 100vw, 300px\" \/><\/a>Dieser Kurs richtet sich an Personen, die als Bediener einer H\u00e4ngeb\u00fchne arbeiten und die erforderlichen UDT-Qualifikationen erwerben m\u00f6chten. Der Kurs richtet sich sowohl an Personen ohne Erfahrung als auch an solche, die bereits mit Plattformen gearbeitet haben. Wir organisieren Kurse f\u00fcr Anf\u00e4nger, f\u00fcr Anf\u00e4nger und f\u00fcr Fortgeschrittene. Am Ende jedes Kurses findet eine staatliche Pr\u00fcfung statt, und wenn Sie diese Pr\u00fcfung bestehen, erhalten Sie die erforderlichen Qualifikationen, um in diesem Beruf zu arbeiten.<\/p>\n<h2>Themen des Kurses f\u00fcr H\u00e4ngeb\u00fchnen<\/h2>\n<p>W\u00e4hrend des theoretischen Unterrichts erhalten die Teilnehmer Informationen \u00fcber:<\/p>\n<ul>\n<li>Arten von H\u00e4ngeb\u00fchnen<\/li>\n<li>Aufbau des Ger\u00e4ts und seiner Einzelteile<\/li>\n<li>Stabilit\u00e4t der Ausr\u00fcstung<\/li>\n<li>Aktivit\u00e4ten vor, w\u00e4hrend und nach der Arbeit<\/li>\n<li>Mechanische, hydraulische und elektrische Drahtsicherheitsvorrichtungen<\/li>\n<li>Gesundheits- und Sicherheitsvorschriften f\u00fcr Arbeiten in der H\u00f6he<\/li>\n<li>Vorbereitung des Ger\u00e4ts f\u00fcr den Betrieb unter Ber\u00fccksichtigung der Umgebung und der aktuellen Bedingungen<\/li>\n<li>Durchf\u00fchrung von Festigkeits- und Stabilit\u00e4tstests und -versuchen<\/li>\n<li>Technische \u00dcberwachungsvorschriften<\/li>\n<\/ul>\n<p>Wer den theoretischen Teil absolviert hat, kann am praktischen Unterricht teilnehmen. Sie werden dann von der Basis des Zentrums mit Ausr\u00fcstung versorgt. In den Kursen vermitteln die Ausbilder, wie man die Arbeitsb\u00fchnen sicher und gefahrlos f\u00fcr die Arbeiter und ihre Umgebung bedient.<br \/>\n<div style=\"width: 640px;\" class=\"wp-video\"><video id=\"video-2404-1\" width=\"640\" height=\"360\" poster=\"https:\/\/szkolenia-udt.pl\/wp-content\/uploads\/2023\/03\/okladka-podnosnik-OSO.jpg\" preload=\"metadata\" controls=\"controls\"><source type=\"video\/mp4\" src=\"https:\/\/szkolenia-udt.pl\/wp-content\/uploads\/2023\/03\/podnosnik-SZKOLENIA-UDT.PL-OSO.mp4?_=1\" \/><a href=\"https:\/\/szkolenia-udt.pl\/wp-content\/uploads\/2023\/03\/podnosnik-SZKOLENIA-UDT.PL-OSO.mp4\">https:\/\/szkolenia-udt.pl\/wp-content\/uploads\/2023\/03\/podnosnik-SZKOLENIA-UDT.PL-OSO.mp4<\/a><\/video><\/div>\n<h2>F\u00fcr wen der Kurs bestimmt ist<\/h2>\n<p>Die Grundvoraussetzungen f\u00fcr die Teilnehmer sind: Alter - mindestens 18 Jahre, Schulbildung - mindestens Grundschulbildung und Gesundheit - keine gesundheitlichen Kontraindikationen (\u00e4rztliches Attest oder Selbsterkl\u00e4rung erforderlich).<\/p>\n<p>F\u00fcr die Teilnahme an der Schulung sind keine Erfahrungen oder Kenntnisse in der Bedienung von Arbeitsb\u00fchnen erforderlich. <a href=\"https:\/\/szkolenia-udt.pl\/de\/kursy\/podesty-ruchome\/\">Kurs f\u00fcr mobile Plattformen<\/a> hanging wurde f\u00fcr Anf\u00e4nger geschaffen, die eine UDT-zertifizierte Qualifikation in einem neuen Beruf erwerben m\u00f6chten. Bei Bedarf bilden wir auch Gruppen f\u00fcr Personen mit Erfahrung, die ihr Wissen erg\u00e4nzen oder auffrischen m\u00f6chten. In solchen Gruppen ist die Lernzeit k\u00fcrzer, da nicht alle f\u00fcr die Pr\u00fcfung erforderlichen Themen behandelt werden.<\/p>\n<div class=\"filmw\">\n<div class=\"responsive-youtube\"><iframe loading=\"lazy\" title=\"YouTube-Video-Player\" src=\"https:\/\/www.youtube.com\/embed\/OUKdY5V51M4\" width=\"560\" height=\"315\" frameborder=\"0\" allowfullscreen=\"allowfullscreen\"><\/iframe><\/div>\n<\/div>\n<h2>Kurs - mobile Plattformen: Preis, Termine, Ort des Unterrichts<\/h2>\n<p>Wir ver\u00f6ffentlichen die Termine der n\u00e4chsten Schulungen auf unserer Website. Der Unterricht findet in unserem Hauptsitz in Warschau oder in unseren Niederlassungen statt: Krakau, Kattowitz. Wir organisieren auch H\u00e4ngeb\u00fchnenschulungen f\u00fcr Unternehmen in den R\u00e4umlichkeiten des Kunden.<\/p>\n<p>Die genauen Kosten f\u00fcr die Teilnahme an der Schulung werden den Kunden in der Anmeldephase mitgeteilt, da die <a href=\"https:\/\/szkolenia-udt.pl\/de\/oferta\/\">Preis<\/a> ist nicht festgelegt und kann von mehreren Faktoren abh\u00e4ngen.<\/p>\n<h2>Qualifikationen f\u00fcr h\u00e4ngende Hubarbeitsb\u00fchnen<\/h2>\n<p>Diese Art von Plattform wird von der UDT als Kategorie II P eingestuft. Genehmigungen in dieser Kategorie werden f\u00fcr 10 Jahre erteilt.<\/p>\n<p>Sie werden auf der Grundlage eines bestandenen Staatsexamens ausgestellt, das am Ende des Lehrgangs stattfindet. Die UDT ernennt Inspektoren f\u00fcr die Durchf\u00fchrung, und die Organisation des Qualifikationspr\u00fcfungsprozesses wird vermittelt durch <a href=\"https:\/\/szkolenia-udt.pl\/de\/o-firmie\/\">Center<\/a>. Die Auszubildenden m\u00fcssen dies nicht pers\u00f6nlich tun. Die UDT Warschau ist zust\u00e4ndig f\u00fcr die Durchf\u00fchrung der Pr\u00fcfung f\u00fcr Auszubildende in den R\u00e4umlichkeiten des Zentrums, an anderen Orten - in den Niederlassungen des Amtes.<\/p>\n<p>Die Pr\u00fcfung besteht aus einem theoretischen Teil (Test) und einem praktischen Teil (Pr\u00fcfung der F\u00e4higkeit, das Ger\u00e4t zu bedienen).<\/p>\n<p><a href=\"https:\/\/szkolenia-udt.pl\/wp-content\/uploads\/2021\/08\/szkolenia-udt-0018-oso-podesty-ruchime-wiszace.jpg\"><img loading=\"lazy\" decoding=\"async\" class=\"alignnone wp-image-2407 size-large\" src=\"https:\/\/szkolenia-udt.pl\/wp-content\/uploads\/2021\/08\/szkolenia-udt-0018-oso-podesty-ruchime-wiszace-1024x853.jpg\" alt=\"Arbeiten wie Streichen, Reinigen und Sandstrahlen von Fassaden k\u00f6nnen mit der mobilen H\u00e4ngeb\u00fchne problemlos durchgef\u00fchrt werden.\" width=\"750\" height=\"625\" srcset=\"https:\/\/szkolenia-udt.pl\/wp-content\/uploads\/2021\/08\/szkolenia-udt-0018-oso-podesty-ruchime-wiszace-1024x853.jpg 1024w, https:\/\/szkolenia-udt.pl\/wp-content\/uploads\/2021\/08\/szkolenia-udt-0018-oso-podesty-ruchime-wiszace-300x250.jpg 300w, https:\/\/szkolenia-udt.pl\/wp-content\/uploads\/2021\/08\/szkolenia-udt-0018-oso-podesty-ruchime-wiszace-768x640.jpg 768w, https:\/\/szkolenia-udt.pl\/wp-content\/uploads\/2021\/08\/szkolenia-udt-0018-oso-podesty-ruchime-wiszace.jpg 1200w\" sizes=\"auto, (max-width: 750px) 100vw, 750px\" \/><\/a><\/p>","protected":false},"excerpt":{"rendered":"<p>To zaj\u0119cia przeznaczone dla os\u00f3b, kt\u00f3re planuj\u0105 prac\u0119 w zawodzie operatora podest\u00f3w wisz\u0105cych i chc\u0105 zdoby\u0107 niezb\u0119dne uprawnienia UDT. Na kurs zapraszamy zar\u00f3wno osoby nieposiadaj\u0105ce do\u015bwiadczenia, jak i takie, kt\u00f3re pracowa\u0142y ju\u017c na podestach. Organizujemy zaj\u0119cia dla pocz\u0105tkuj\u0105cych, od podstaw, oraz dla zaawansowanych. Na koniec ka\u017cdego kursu organizowany jest egzamin pa\u0144stwowy, kt\u00f3rego zaliczenie oznacza otrzymanie [&hellip;]<\/p>\n","protected":false},"author":3,"featured_media":2499,"parent":2266,"menu_order":0,"comment_status":"closed","ping_status":"closed","template":"","meta":{"footnotes":""},"class_list":["post-2404","page","type-page","status-publish","has-post-thumbnail","hentry"],"aioseo_notices":[],"_links":{"self":[{"href":"https:\/\/szkolenia-udt.pl\/de\/wp-json\/wp\/v2\/pages\/2404","targetHints":{"allow":["GET"]}}],"collection":[{"href":"https:\/\/szkolenia-udt.pl\/de\/wp-json\/wp\/v2\/pages"}],"about":[{"href":"https:\/\/szkolenia-udt.pl\/de\/wp-json\/wp\/v2\/types\/page"}],"author":[{"embeddable":true,"href":"https:\/\/szkolenia-udt.pl\/de\/wp-json\/wp\/v2\/users\/3"}],"replies":[{"embeddable":true,"href":"https:\/\/szkolenia-udt.pl\/de\/wp-json\/wp\/v2\/comments?post=2404"}],"version-history":[{"count":6,"href":"https:\/\/szkolenia-udt.pl\/de\/wp-json\/wp\/v2\/pages\/2404\/revisions"}],"predecessor-version":[{"id":4523,"href":"https:\/\/szkolenia-udt.pl\/de\/wp-json\/wp\/v2\/pages\/2404\/revisions\/4523"}],"up":[{"embeddable":true,"href":"https:\/\/szkolenia-udt.pl\/de\/wp-json\/wp\/v2\/pages\/2266"}],"wp:featuredmedia":[{"embeddable":true,"href":"https:\/\/szkolenia-udt.pl\/de\/wp-json\/wp\/v2\/media\/2499"}],"wp:attachment":[{"href":"https:\/\/szkolenia-udt.pl\/de\/wp-json\/wp\/v2\/media?parent=2404"}],"curies":[{"name":"wp","href":"https:\/\/api.w.org\/{rel}","templated":true}]}}