{"id":2412,"date":"2021-08-20T08:36:29","date_gmt":"2021-08-20T08:36:29","guid":{"rendered":"https:\/\/szkolenia-udt.pl\/?page_id=2412"},"modified":"2023-03-13T16:35:57","modified_gmt":"2023-03-13T15:35:57","slug":"mastbetreiber-mobile-plattformen","status":"publish","type":"page","link":"https:\/\/szkolenia-udt.pl\/de\/kursy\/uprawnienia-udt-tdt-wdt\/podesty-ruchome-masztowe-operator\/","title":{"rendered":"Mastkletterarbeitsb\u00fchnen f\u00fcr Bediener"},"content":{"rendered":"<p><a href=\"https:\/\/szkolenia-udt.pl\/wp-content\/uploads\/2021\/08\/szkolenia-udt.pl-0014-OPUBLIKOWANY-v9.jpg\"><img loading=\"lazy\" decoding=\"async\" class=\"paddingleft10 wp-image-2497 size-medium alignleft\" src=\"https:\/\/szkolenia-udt.pl\/wp-content\/uploads\/2021\/08\/szkolenia-udt.pl-0014-OPUBLIKOWANY-v9-300x169.jpg\" alt=\"Mastgef\u00fchrte mobile Aufz\u00fcge sind technisch \u00fcberwachungspflichtige Ger\u00e4te und ben\u00f6tigen eine Genehmigung.\" width=\"300\" height=\"169\" srcset=\"https:\/\/szkolenia-udt.pl\/wp-content\/uploads\/2021\/08\/szkolenia-udt.pl-0014-OPUBLIKOWANY-v9-300x169.jpg 300w, https:\/\/szkolenia-udt.pl\/wp-content\/uploads\/2021\/08\/szkolenia-udt.pl-0014-OPUBLIKOWANY-v9.jpg 768w\" sizes=\"auto, (max-width: 300px) 100vw, 300px\" \/><\/a>Wir haben diesen Lehrgang f\u00fcr Personen konzipiert, die sich Fachkenntnisse im Bereich der Bedienung aneignen und anschlie\u00dfend die erforderliche UDT-Lizenz f\u00fcr station\u00e4re mobile Arbeitsb\u00fchnen erwerben m\u00f6chten. Der Kurs ist eine Vorbereitung auf das Staatsexamen und lehrt gleichzeitig auf praktische Weise den sicheren, vorschriftsm\u00e4\u00dfigen Betrieb von Ger\u00e4ten. Die so vorbereiteten Fachkr\u00e4fte sind gefragte Spezialisten auf dem Arbeitsmarkt und k\u00f6nnen praktisch sofort eine Besch\u00e4ftigung in ihrem Beruf aufnehmen.<\/p>\n<h2>Informationen \u00fcber den Kurs f\u00fcr Mastaufz\u00fcge<\/h2>\n<p><a href=\"https:\/\/szkolenia-udt.pl\/de\/kursy\/uprawnienia-udt-tdt-wdt\/szkolenia-z-zakresu-udt\/\">UDT-Kurs<\/a> (in \u00dcbereinstimmung mit den Anforderungen dieser Organisation) umfasst eine angemessene Anzahl von Stunden f\u00fcr Vorlesungen und praktische Aktivit\u00e4ten f\u00fcr die Gruppe. Die Dauer des Kurses h\u00e4ngt vom Wissensstand und den F\u00e4higkeiten der Teilnehmer ab und kann zwischen 8-10 und 20-35 Stunden liegen. Die Kursteilnehmer werden zum Zeitpunkt der Anmeldung dar\u00fcber informiert.<\/p>\n<p>Unsere Ausbilder informieren u. a. \u00fcber<\/p>\n<ul>\n<li>Aufbau und Funktionsweise der mobilen Hubarbeitsb\u00fchne<\/li>\n<li>Sicherheitsvorschriften und damit verbundene Verantwortlichkeiten des Betreibers<\/li>\n<li>Bestimmungen aus dem Gesetz \u00fcber die technische \u00dcberwachung<\/li>\n<li>Umgang mit ungew\u00f6hnlichen Situationen: Notf\u00e4lle, Unf\u00e4lle<\/li>\n<\/ul>\n<p>Die Teilnehmer des Mastb\u00fchnenf\u00fchrer-Kurses nehmen zus\u00e4tzlich an \u00dcbungen auf dem Man\u00f6vergel\u00e4nde teil. Dies ist eine Gelegenheit, um zu lernen, wie man in der Praxis arbeitet und sich mit den Sicherheitsvorschriften vertraut zu machen.<\/p>\n<p>Der Lehrgang wird mit einer Abschlusspr\u00fcfung vor einer UDT-Kommission abgeschlossen. Die Zulassung wird denjenigen erteilt, die den theoretischen und praktischen Teil mit einem positiven Ergebnis bestanden haben.<br \/>\n<div style=\"width: 640px;\" class=\"wp-video\"><video id=\"video-2412-1\" width=\"640\" height=\"360\" poster=\"https:\/\/szkolenia-udt.pl\/wp-content\/uploads\/2023\/03\/okladka-podnosnik-OSO.jpg\" preload=\"metadata\" controls=\"controls\"><source type=\"video\/mp4\" src=\"https:\/\/szkolenia-udt.pl\/wp-content\/uploads\/2023\/03\/podnosnik-SZKOLENIA-UDT.PL-OSO.mp4?_=1\" \/><a href=\"https:\/\/szkolenia-udt.pl\/wp-content\/uploads\/2023\/03\/podnosnik-SZKOLENIA-UDT.PL-OSO.mp4\">https:\/\/szkolenia-udt.pl\/wp-content\/uploads\/2023\/03\/podnosnik-SZKOLENIA-UDT.PL-OSO.mp4<\/a><\/video><\/div>\n<h2>Besch\u00e4ftigungsm\u00f6glichkeiten nach dem Kurs<\/h2>\n<p>Nach Bestehen der Pr\u00fcfung und Absolvierung der <a href=\"https:\/\/szkolenia-udt.pl\/de\/kursy\/szkolenie-audytorskie-udt\/\">UDT-Ausbildung<\/a> gew\u00e4hrt Qualifikationen f\u00fcr 10 Jahre. Mit einem Qualifikationsnachweis k\u00f6nnen Sie in ganz Polen und in den meisten EU-L\u00e4ndern arbeiten.<\/p>\n<p>Die mobile Hubarbeitsb\u00fchne ist ein Ger\u00e4t, das es erm\u00f6glicht, Arbeiter in einer H\u00f6he von mehreren Metern zu einem Arbeitsplatz zu transportieren. Die Funktionsweise ist wie folgt: Ein Korb - die Arbeitsplattform f\u00fcr den Transport der Arbeiter - wird mit Hilfe eines Antriebs - eines Hebers - entlang eines Metallmastes bewegt. Die Steuerung erfolgt \u00fcber ein Bedienfeld oder eine Fernbedienung. Das Ganze steht auf einem Fahrgestell, das mit R\u00e4dern zum Ziehen und St\u00fctzen zur Stabilisierung ausgestattet ist.<\/p>\n<p>Dieses praktische und einfach zu bedienende Ger\u00e4t findet unter anderem in der Bauindustrie Anwendung. Je nach Modell k\u00f6nnen die Mastb\u00fchnen sowohl im Innen- als auch im Au\u00dfenbereich eingesetzt werden. Der Mast mit Arbeitsb\u00fchne erm\u00f6glicht den Transport bei Bauarbeiten, Montagen (Einbau von Fenstern, Installationen, Beleuchtung), Renovierungen (Verputzen, Isolieren, Streichen) und erleichtert den Zugang zu h\u00f6her gelegenen Waren im Lager.<\/p>\n<div class=\"filmw\">\n<div class=\"responsive-youtube\"><iframe loading=\"lazy\" title=\"YouTube-Video-Player\" src=\"https:\/\/www.youtube.com\/embed\/OUKdY5V51M4\" width=\"560\" height=\"315\" frameborder=\"0\" allowfullscreen=\"allowfullscreen\"><\/iframe><\/div>\n<\/div>\n<h2>Praktische Informationen<\/h2>\n<p>Nachstehend finden Sie organisatorische Einzelheiten zur Ausbildung f\u00fcr mobile Plattformen (<a href=\"https:\/\/szkolenia-udt.pl\/de\/oferta\/\">Preis<\/a>Teilnahmebedingungen, usw.):<\/p>\n<p>Die Ausbildung steht allen Erwachsenen offen, die keine gesundheitlichen Einschr\u00e4nkungen haben und mindestens \u00fcber einen Grundschulabschluss verf\u00fcgen.<\/p>\n<p>Der Unterricht findet an verschiedenen Orten im ganzen Land statt: Wir organisieren UDT-Schulungen in Warschau, Krakau, Schlesien und anderen Gro\u00dfst\u00e4dten.<\/p>\n<p>Die Gruppen finden 1-2 Mal im Monat statt. Der aktuelle Zeitplan ist zu finden unter <a href=\"http:\/\/www.platformaedukacji.pl\">www.platformaedukacji.pl<\/a>. Hier k\u00f6nnen Sie auch Ihren Platz f\u00fcr das Datum Ihrer Wahl buchen. Wir nehmen auch Bewerbungen per Telefon und E-Mail entgegen.<\/p>\n<p>Die Schulungen k\u00f6nnen auch aus der Ferne besucht werden. Webinare finden live auf unserer Lernplattform statt. Dies gilt nur f\u00fcr den theoretischen Teil, der praktische Teil muss station\u00e4r absolviert werden.<\/p>\n<p>Wenn Sie an der Organisation von Schulungen f\u00fcr die Mitarbeiter Ihres Unternehmens interessiert sind, <a href=\"https:\/\/szkolenia-udt.pl\/de\/kontakt\/\">Bitte kontaktieren Sie uns<\/a> per E-Mail oder Telefon. Wir werden einen geeigneten Termin und Ort vereinbaren. Wir organisieren auch Kurse f\u00fcr die Qualifizierung von Hubarbeitsb\u00fchnen - Korbb\u00fchnen (selbstfahrende mobile Arbeitsb\u00fchnen), Kurse f\u00fcr Scherenb\u00fchnen und andere Materialtransportger\u00e4te.<\/p>\n<p><a href=\"https:\/\/szkolenia-udt.pl\/wp-content\/uploads\/2021\/08\/0020-oso-podesty-ruchome-masztowe-1.jpg\"><img loading=\"lazy\" decoding=\"async\" class=\"alignnone wp-image-2414 size-large\" src=\"https:\/\/szkolenia-udt.pl\/wp-content\/uploads\/2021\/08\/0020-oso-podesty-ruchome-masztowe-1-1024x853.jpg\" alt=\"Bei der mobilen Hubarbeitsb\u00fchne wird die Arbeitsb\u00fchne entlang des Mastes bewegt\" width=\"750\" height=\"625\" srcset=\"https:\/\/szkolenia-udt.pl\/wp-content\/uploads\/2021\/08\/0020-oso-podesty-ruchome-masztowe-1-1024x853.jpg 1024w, https:\/\/szkolenia-udt.pl\/wp-content\/uploads\/2021\/08\/0020-oso-podesty-ruchome-masztowe-1-300x250.jpg 300w, https:\/\/szkolenia-udt.pl\/wp-content\/uploads\/2021\/08\/0020-oso-podesty-ruchome-masztowe-1-768x640.jpg 768w, https:\/\/szkolenia-udt.pl\/wp-content\/uploads\/2021\/08\/0020-oso-podesty-ruchome-masztowe-1.jpg 1200w\" sizes=\"auto, (max-width: 750px) 100vw, 750px\" \/><\/a><\/p>","protected":false},"excerpt":{"rendered":"<p>Szkolenie stworzyli\u015bmy z my\u015bl\u0105 o osobach, kt\u00f3re chcia\u0142yby zdoby\u0107 specjalistyczn\u0105 wiedz\u0119 w zakresie eksploatacji, a nast\u0119pnie uzyska\u0107 potrzebne do pracy uprawnienia UDT na podesty ruchome stacjonarne. Kurs jest przygotowaniem do egzaminu pa\u0144stwowego, a jednocze\u015bnie w praktyczny spos\u00f3b uczy bezpiecznej, zgodnej z przepisami obs\u0142ugi urz\u0105dze\u0144. Tak przygotowani operatorzy s\u0105 specjalistami poszukiwanymi na rynku pracy i mog\u0105 [&hellip;]<\/p>\n","protected":false},"author":3,"featured_media":2497,"parent":2266,"menu_order":0,"comment_status":"closed","ping_status":"closed","template":"","meta":{"footnotes":""},"class_list":["post-2412","page","type-page","status-publish","has-post-thumbnail","hentry"],"aioseo_notices":[],"_links":{"self":[{"href":"https:\/\/szkolenia-udt.pl\/de\/wp-json\/wp\/v2\/pages\/2412","targetHints":{"allow":["GET"]}}],"collection":[{"href":"https:\/\/szkolenia-udt.pl\/de\/wp-json\/wp\/v2\/pages"}],"about":[{"href":"https:\/\/szkolenia-udt.pl\/de\/wp-json\/wp\/v2\/types\/page"}],"author":[{"embeddable":true,"href":"https:\/\/szkolenia-udt.pl\/de\/wp-json\/wp\/v2\/users\/3"}],"replies":[{"embeddable":true,"href":"https:\/\/szkolenia-udt.pl\/de\/wp-json\/wp\/v2\/comments?post=2412"}],"version-history":[{"count":4,"href":"https:\/\/szkolenia-udt.pl\/de\/wp-json\/wp\/v2\/pages\/2412\/revisions"}],"predecessor-version":[{"id":4521,"href":"https:\/\/szkolenia-udt.pl\/de\/wp-json\/wp\/v2\/pages\/2412\/revisions\/4521"}],"up":[{"embeddable":true,"href":"https:\/\/szkolenia-udt.pl\/de\/wp-json\/wp\/v2\/pages\/2266"}],"wp:featuredmedia":[{"embeddable":true,"href":"https:\/\/szkolenia-udt.pl\/de\/wp-json\/wp\/v2\/media\/2497"}],"wp:attachment":[{"href":"https:\/\/szkolenia-udt.pl\/de\/wp-json\/wp\/v2\/media?parent=2412"}],"curies":[{"name":"wp","href":"https:\/\/api.w.org\/{rel}","templated":true}]}}