{"id":2418,"date":"2021-08-20T09:57:03","date_gmt":"2021-08-20T09:57:03","guid":{"rendered":"https:\/\/szkolenia-udt.pl\/?page_id=2418"},"modified":"2021-08-25T12:21:48","modified_gmt":"2021-08-25T12:21:48","slug":"udt-fur-betreuer","status":"publish","type":"page","link":"https:\/\/szkolenia-udt.pl\/de\/kursy\/uprawnienia-udt-tdt-wdt\/udt-dla-konserwatorow\/","title":{"rendered":"UDT-Lehrg\u00e4nge f\u00fcr Restauratoren: Lehrveranstaltungen + Staatsexamen"},"content":{"rendered":"<p><a href=\"https:\/\/szkolenia-udt.pl\/wp-content\/uploads\/2021\/08\/szkolenia-udt.pl-0014-OPUBLIKOWANY-v10.jpg\"><img loading=\"lazy\" decoding=\"async\" class=\"paddingleft10 alignleft wp-image-2493 size-medium\" src=\"https:\/\/szkolenia-udt.pl\/wp-content\/uploads\/2021\/08\/szkolenia-udt.pl-0014-OPUBLIKOWANY-v10-300x200.jpg\" alt=\"Ein zertifizierter Wartungstechniker kann Krane, Kr\u00e4ne, Hebezeuge und andere Ausr\u00fcstungen unter technischer Aufsicht reparieren\" width=\"300\" height=\"200\" srcset=\"https:\/\/szkolenia-udt.pl\/wp-content\/uploads\/2021\/08\/szkolenia-udt.pl-0014-OPUBLIKOWANY-v10-300x200.jpg 300w, https:\/\/szkolenia-udt.pl\/wp-content\/uploads\/2021\/08\/szkolenia-udt.pl-0014-OPUBLIKOWANY-v10-768x511.jpg 768w, https:\/\/szkolenia-udt.pl\/wp-content\/uploads\/2021\/08\/szkolenia-udt.pl-0014-OPUBLIKOWANY-v10.jpg 1016w\" sizes=\"auto, (max-width: 300px) 100vw, 300px\" \/><\/a>Das von der UDT organisierte Staatsexamen ist die einzige M\u00f6glichkeit, die Qualifikationen zu erwerben, die f\u00fcr den Beruf des Wartungstechnikers f\u00fcr Ger\u00e4te unter technischer Aufsicht erforderlich sind. Die Qualifikationen sind erforderlich f\u00fcr die Arbeit mit Ger\u00e4ten wie mobilen Arbeitsb\u00fchnen, Ladern, Gabelstaplern, Br\u00fcckenkr\u00e4nen, Kr\u00e4nen, Kr\u00e4nen und anderen, die im Baugewerbe, in der Industrie oder in der Landwirtschaft eingesetzt werden. Der Unterricht, den wir Ihnen anbieten, folgt einem eigenen Programm, das sich auf die bestm\u00f6gliche Vorbereitung der Auszubildenden auf die Pr\u00fcfung konzentriert. Wir vermitteln Ihnen die f\u00fcr die Pr\u00fcfung erforderliche Theorie und zeigen Ihnen in den Ausr\u00fcstungskursen, wie Sie dieses Wissen in praktische Fertigkeiten umsetzen k\u00f6nnen. Die Pr\u00fcfung ist im Preis des Instandhaltungskurses enthalten und findet nach Abschluss der theoretischen und praktischen Ausbildung statt.<\/p>\n<h2>Arten von Umschlagger\u00e4ten<\/h2>\n<p>In unserem <a href=\"https:\/\/szkolenia-udt.pl\/de\/o-firmie\/\">Zentrum<\/a> Wir f\u00fchren UDT-Wartungskurse f\u00fcr die g\u00e4ngigsten Ger\u00e4tetypen durch, die unter die technische \u00dcberwachung fallen. Wir veranstalten regelm\u00e4\u00dfig Wartungsschulungen f\u00fcr Hubarbeitsb\u00fchnen, Gabelstapler, Kr\u00e4ne, Autokr\u00e4ne und Turmdrehkr\u00e4ne. Jeder Kurs ist einem bestimmten Ger\u00e4tetyp gewidmet. Wenn Sie daran interessiert sind, Qualifikationen f\u00fcr die Instandhaltung mehrerer Ausr\u00fcstungen zu erwerben, k\u00f6nnen Sie den Erwerb von Qualifikationen in zwei oder mehr Kursen kombinieren - in solchen F\u00e4llen <a href=\"https:\/\/szkolenia-udt.pl\/de\/kontakt\/\">Bitte kontaktieren Sie uns<\/a>.<\/p>\n<h2>Aufgaben als Wartungs-UDT<\/h2>\n<p>Nach Erhalt der UDT-Lizenz <a href=\"https:\/\/szkolenia-udt.pl\/de\/kursy\/uprawnienia-udt-tdt-wdt\/konserwator-urzadzen\/\">Ger\u00e4tewart<\/a> Ein PT kann einer Vollzeitbesch\u00e4ftigung nachgehen oder sein eigenes Unternehmen f\u00fchren. Zu seinen\/ihren Hauptaufgaben geh\u00f6ren:<\/p>\n<ul>\n<li>Reparatur von aktuellen M\u00e4ngeln<\/li>\n<li>Sicherstellen, dass die Ausr\u00fcstung in einwandfreiem Zustand ist<\/li>\n<li>F\u00fchren Sie Inspektionen durch, bevor Sie die Ger\u00e4te zur Benutzung freigeben.<\/li>\n<li>Durchf\u00fchrung regelm\u00e4\u00dfiger technischer Inspektionen<\/li>\n<li>Wechsel von \u00d6l, Fett und anderen Verbrauchsmaterialien<\/li>\n<li>Pflege der technischen Dokumentation f\u00fcr die Ger\u00e4te<\/li>\n<\/ul>\n<h2>Kurs: Wartung von Umschlagger\u00e4ten - detaillierte Informationen<\/h2>\n<p>Programm <a href=\"https:\/\/szkolenia-udt.pl\/de\/kursy\/szkolenie-audytorskie-udt\/\">UDT-Ausbildung<\/a> f\u00fcr Natursch\u00fctzer<\/p>\n<p>Der Unterricht gliedert sich in 2 Teile: Theorie und Praxis. Nach deren Bestehen haben die Sch\u00fcler die M\u00f6glichkeit, eine vom Technischen \u00dcberwachungsverein organisierte Pr\u00fcfung abzulegen.<\/p>\n<p>Das Ausbildungsrahmenprogramm umfasst:<\/p>\n<ul>\n<li>Technische \u00dcberwachung der Ausr\u00fcstung: Regeln, Vorschriften<\/li>\n<li>Allgemeine Informationen \u00fcber den Bau von Umschlagger\u00e4ten<\/li>\n<li>Inspektion und Reparatur - Wartungsaufgaben<\/li>\n<li>Typische Defekte an den Ger\u00e4ten, die Gegenstand der Ausbildung sind, und Methoden zu ihrer Behebung<\/li>\n<li>Betrieb und Wartung - geltende Gesundheits- und Sicherheitsvorschriften<\/li>\n<li>Mechanische, elektrische und hydraulische Teile<\/li>\n<li>Wege zur Sicherstellung der technischen Leistungsf\u00e4higkeit von Ger\u00e4ten<\/li>\n<\/ul>\n<p>Jeder Teilnehmer hat auch die M\u00f6glichkeit, sich mit der von uns zur Verf\u00fcgung gestellten Ausr\u00fcstung praktisch auf die Pr\u00fcfung vorzubereiten.<\/p>\n<p>Die Gesamtdauer der Ausbildung kann zwischen 32 und 96 Stunden liegen. Wir passen diese Zeit an die Bed\u00fcrfnisse der Teilnehmer an.<\/p>\n<h2>UDT-Pr\u00fcfung f\u00fcr die Qualifikation von Wartungspersonal<\/h2>\n<p>Jeder, der den Kurs f\u00fcr Wartungstechniker in unserem Zentrum absolviert, kann die staatliche Pr\u00fcfung ablegen. Die Pr\u00fcfung, die aus einem Test und einem praktischen Teil besteht, wird vor der UDT-Kommission abgelegt. Eine zus\u00e4tzliche Anmeldung zur Pr\u00fcfung ist nicht erforderlich - wir k\u00fcmmern uns um alle damit verbundenen Formalit\u00e4ten.<\/p>\n<p>Wer die Pr\u00fcfung erfolgreich besteht, erh\u00e4lt ein Qualifikationszertifikat, das ihn\/sie berechtigt, als Wartungstechniker\/in f\u00fcr die ausgew\u00e4hlten Ger\u00e4te zu arbeiten. Dieser Anspruch ist f\u00fcnf Jahre lang g\u00fcltig.<\/p>\n<h2>Anmeldung zur Ausbildung in der Instandhaltung<\/h2>\n<p>Die Anmeldung zur Fortbildung erfolgt nach dem unter folgender Adresse ver\u00f6ffentlichten Zeitplan <a href=\"https:\/\/platformaedukacji.pl\/sklep\/\">https:\/\/platformaedukacji.pl\/sklep\/<\/a>. Wir veranstalten Wartungsschulungen in Warschau und anderen Gro\u00dfst\u00e4dten. Sie k\u00f6nnen sich f\u00fcr eine Schulung anmelden, indem Sie den gew\u00fcnschten Termin in Ihren Warenkorb legen und die Zahlung vornehmen. Auf Wunsch von Unternehmen organisieren wir auch geschlossene Schulungen f\u00fcr Mitarbeiter - wenn Sie an einer solchen Schulung interessiert sind, kontaktieren Sie uns bitte telefonisch oder per E-Mail.<\/p>\n<p>Die UDT-Instandhaltungskurse stehen Erwachsenen offen, die mindestens \u00fcber eine Grundschulbildung verf\u00fcgen. Wir verlangen von den Teilnehmern eine Erkl\u00e4rung, dass sie keine gesundheitlichen Gegenanzeigen haben. F\u00fcr einige Kurse werden auch Kenntnisse in Elektrotechnik und anderen F\u00e4chern vorausgesetzt (Einzelheiten sind der Kursbeschreibung zu entnehmen).<\/p>\n<p><a href=\"https:\/\/szkolenia-udt.pl\/wp-content\/uploads\/2021\/08\/oso-0021-konserwator-udzadzen-udt-1.jpg\"><img loading=\"lazy\" decoding=\"async\" class=\"alignnone wp-image-2420 size-large\" src=\"https:\/\/szkolenia-udt.pl\/wp-content\/uploads\/2021\/08\/oso-0021-konserwator-udzadzen-udt-1-1024x853.jpg\" alt=\"F\u00fcr die Reparatur, Wartung und Inspektion von Ger\u00e4ten unter der Aufsicht des Technischen \u00dcberwachungsvereins ist eine Genehmigung erforderlich\" width=\"750\" height=\"625\" srcset=\"https:\/\/szkolenia-udt.pl\/wp-content\/uploads\/2021\/08\/oso-0021-konserwator-udzadzen-udt-1-1024x853.jpg 1024w, https:\/\/szkolenia-udt.pl\/wp-content\/uploads\/2021\/08\/oso-0021-konserwator-udzadzen-udt-1-300x250.jpg 300w, https:\/\/szkolenia-udt.pl\/wp-content\/uploads\/2021\/08\/oso-0021-konserwator-udzadzen-udt-1-768x640.jpg 768w, https:\/\/szkolenia-udt.pl\/wp-content\/uploads\/2021\/08\/oso-0021-konserwator-udzadzen-udt-1.jpg 1200w\" sizes=\"auto, (max-width: 750px) 100vw, 750px\" \/><\/a><\/p>","protected":false},"excerpt":{"rendered":"<p>Egzamin pa\u0144stwowy organizowany przez UDT jest jedyn\u0105 drog\u0105 do zdobycia uprawnie\u0144 potrzebnych w zawodzie konserwatora urz\u0105dze\u0144 obj\u0119tych dozorem technicznym. Uprawnienia s\u0105 niezb\u0119dne do pracy z takimi urz\u0105dzeniami, jak podesty ruchome, \u0142adowarki, w\u00f3zki wid\u0142owe, suwnice, \u017curawie, d\u017awigi i inne, wykorzystywane w budownictwie, przemy\u015ble czy rolnictwie. Zaj\u0119cia, kt\u00f3re Pa\u0144stwu proponujemy, prowadzimy wed\u0142ug autorskiego programu, w kt\u00f3rym skupiamy [&hellip;]<\/p>\n","protected":false},"author":3,"featured_media":2493,"parent":2266,"menu_order":0,"comment_status":"closed","ping_status":"closed","template":"","meta":{"footnotes":""},"class_list":["post-2418","page","type-page","status-publish","has-post-thumbnail","hentry"],"aioseo_notices":[],"_links":{"self":[{"href":"https:\/\/szkolenia-udt.pl\/de\/wp-json\/wp\/v2\/pages\/2418","targetHints":{"allow":["GET"]}}],"collection":[{"href":"https:\/\/szkolenia-udt.pl\/de\/wp-json\/wp\/v2\/pages"}],"about":[{"href":"https:\/\/szkolenia-udt.pl\/de\/wp-json\/wp\/v2\/types\/page"}],"author":[{"embeddable":true,"href":"https:\/\/szkolenia-udt.pl\/de\/wp-json\/wp\/v2\/users\/3"}],"replies":[{"embeddable":true,"href":"https:\/\/szkolenia-udt.pl\/de\/wp-json\/wp\/v2\/comments?post=2418"}],"version-history":[{"count":2,"href":"https:\/\/szkolenia-udt.pl\/de\/wp-json\/wp\/v2\/pages\/2418\/revisions"}],"predecessor-version":[{"id":2494,"href":"https:\/\/szkolenia-udt.pl\/de\/wp-json\/wp\/v2\/pages\/2418\/revisions\/2494"}],"up":[{"embeddable":true,"href":"https:\/\/szkolenia-udt.pl\/de\/wp-json\/wp\/v2\/pages\/2266"}],"wp:featuredmedia":[{"embeddable":true,"href":"https:\/\/szkolenia-udt.pl\/de\/wp-json\/wp\/v2\/media\/2493"}],"wp:attachment":[{"href":"https:\/\/szkolenia-udt.pl\/de\/wp-json\/wp\/v2\/media?parent=2418"}],"curies":[{"name":"wp","href":"https:\/\/api.w.org\/{rel}","templated":true}]}}