{"id":242,"date":"2014-10-08T17:09:07","date_gmt":"2014-10-08T17:09:07","guid":{"rendered":"http:\/\/szkolenia-udt.pl\/?page_id=242"},"modified":"2021-08-31T22:04:16","modified_gmt":"2021-08-31T22:04:16","slug":"die-richtige-oberflache-fur-mobile-plattformen","status":"publish","type":"page","link":"https:\/\/szkolenia-udt.pl\/de\/kursy\/podesty-ruchome\/prawidlowa-nawierzchnia-pod-podesty-ruchome\/","title":{"rendered":"Richtiges Pflastern f\u00fcr mobile Plattformen"},"content":{"rendered":"<div style=\"float: left; padding-right: 10px;\"><div id=\"metaslider-id-1412\" style=\"max-width: 300px;\" class=\"ml-slider-3-107-0 metaslider metaslider-flex metaslider-1412 ml-slider ms-theme-default nav-hidden\" role=\"region\" aria-label=\"Oberfl\u00e4chen\" data-height=\"225\" data-width=\"300\">\n    <div id=\"metaslider_container_1412\">\n        <div id=\"metaslider_1412\">\n            <ul class='slides'>\n                <li style=\"display: block; width: 100%;\" class=\"slide-1410 ms-image\" aria-roledescription=\"slide\" data-date=\"2015-07-10 14:50:45\" data-filename=\"resnawierzchnia-200ATJ_008.jpg\" data-slide-type=\"image\"><img loading=\"lazy\" decoding=\"async\" src=\"https:\/\/szkolenia-udt.pl\/wp-content\/uploads\/2015\/07\/resnawierzchnia-200ATJ_008.jpg\" height=\"225\" width=\"300\" alt=\"\" class=\"slider-1412 slide-1410 msDefaultImage\" \/><\/li>\n                <li style=\"display: none; width: 100%;\" class=\"slide-1411 ms-image\" aria-roledescription=\"slide\" data-date=\"2015-07-10 14:50:46\" data-filename=\"resnawierzchnia-456.png\" data-slide-type=\"image\"><img loading=\"lazy\" decoding=\"async\" src=\"https:\/\/szkolenia-udt.pl\/wp-content\/uploads\/2015\/07\/resnawierzchnia-456.png\" height=\"225\" width=\"300\" alt=\"\" class=\"slider-1412 slide-1411 msDefaultImage\" \/><\/li>\n                <li style=\"display: none; width: 100%;\" class=\"slide-1409 ms-image\" aria-roledescription=\"slide\" data-date=\"2015-07-10 14:50:44\" data-filename=\"resnawierzchnia-188.png\" data-slide-type=\"image\"><img loading=\"lazy\" decoding=\"async\" src=\"https:\/\/szkolenia-udt.pl\/wp-content\/uploads\/2015\/07\/resnawierzchnia-188.png\" height=\"225\" width=\"300\" alt=\"\" class=\"slider-1412 slide-1409 msDefaultImage\" \/><\/li>\n                <li style=\"display: none; width: 100%;\" class=\"slide-1408 ms-image\" aria-roledescription=\"slide\" data-date=\"2015-07-10 14:50:43\" data-filename=\"resnawierzchnia-160atj.jpg\" data-slide-type=\"image\"><img loading=\"lazy\" decoding=\"async\" src=\"https:\/\/szkolenia-udt.pl\/wp-content\/uploads\/2015\/07\/resnawierzchnia-160atj.jpg\" height=\"225\" width=\"300\" alt=\"\" class=\"slider-1412 slide-1408 msDefaultImage\" \/><\/li>\n                <li style=\"display: none; width: 100%;\" class=\"slide-1407 ms-image\" aria-roledescription=\"slide\" data-date=\"2015-07-10 14:50:42\" data-filename=\"resnawierzchnia-156.png\" data-slide-type=\"image\"><img loading=\"lazy\" decoding=\"async\" src=\"https:\/\/szkolenia-udt.pl\/wp-content\/uploads\/2015\/07\/resnawierzchnia-156.png\" height=\"225\" width=\"300\" alt=\"\" class=\"slider-1412 slide-1407 msDefaultImage\" \/><\/li>\n                <li style=\"display: none; width: 100%;\" class=\"slide-1406 ms-image\" aria-roledescription=\"slide\" data-date=\"2015-07-10 14:50:41\" data-filename=\"resnawierzchnia-132.png\" data-slide-type=\"image\"><img loading=\"lazy\" decoding=\"async\" src=\"https:\/\/szkolenia-udt.pl\/wp-content\/uploads\/2015\/07\/resnawierzchnia-132.png\" height=\"225\" width=\"300\" alt=\"\" class=\"slider-1412 slide-1406 msDefaultImage\" \/><\/li>\n            <\/ul>\n        <\/div>\n        \n    <\/div>\n<\/div><\/div>\n<div class=\"wyjustuj\">\n<p>Rolltreppen sollten nur auf entsprechend angepassten Fl\u00e4chen benutzt werden. Dies ist eine der grundlegenden Sicherheitsregeln f\u00fcr die Arbeit mit diesen Ger\u00e4ten. Die Nichteinhaltung der Vorschriften erh\u00f6ht das Risiko von Arbeitsunf\u00e4llen. Unser Kurs f\u00fcr Hubarbeitsb\u00fchnen macht die Teilnehmer mit allen Verfahren vertraut, die f\u00fcr die Auswahl und die Vorbereitung des Untergrunds erforderlich sind, was sich auf die sichere Verwendung des Ger\u00e4ts sowie auf den Komfort und die Geschwindigkeit auswirkt, mit der es bewegt werden kann. Dies gilt zwar nicht f\u00fcr Ger\u00e4te wie H\u00e4ngeb\u00fchnen, aber auch hier muss der Bediener st\u00e4ndig die Umgebung kontrollieren, um Unf\u00e4lle zu vermeiden. Es gibt verschiedene Arten von mobilen Plattformen, von denen einige speziell f\u00fcr den Einsatz auf schwierigen Untergr\u00fcnden geeignet sind.<\/p>\n<p>Der Untergrund sollte stabil und kompakt sein, um das Risiko von Arbeitsunf\u00e4llen nicht zu erh\u00f6hen. Jede Scherenhebeb\u00fchne, Korbhebeb\u00fchne, S\u00e4ulenhebeb\u00fchne oder andere Art von mobilen Arbeitsb\u00fchnen muss vor der Benutzung gepr\u00fcft werden. Scherenhebeb\u00fchnen, Korblifte und andere Arten von Arbeitsb\u00fchnen haben ihre eigenen Anforderungen f\u00fcr den Einsatz, so dass die Oberfl\u00e4chen, auf denen sie verwendet werden k\u00f6nnen, \u00fcberpr\u00fcft werden sollten. Die Ger\u00e4te m\u00fcssen f\u00fcr den jeweiligen Untergrund geeignet sein, und wenn der Untergrund durch Hindernisse besch\u00e4digt wird, muss er auch entsprechend vorbereitet werden.<\/p>\n<p>Durch eine Sichtpr\u00fcfung kann die Art des Belags bestimmt werden, in einigen F\u00e4llen werden jedoch auch geochemische Untersuchungen durchgef\u00fchrt. Au\u00dferdem wird der Zustand des B\u00fcrgersteigs durch die Witterung beeinflusst, insbesondere durch Regen und Schneefall, die zu Staun\u00e4sse f\u00fchren k\u00f6nnen.<\/p>\n<h2 class=\"boldnagl\"><strong>Arten von Bel\u00e4gen und die mit ihrer Verwendung verbundenen Risiken:<\/strong><\/h2>\n<ul>\n<li>Kopfsteinpflaster, Beton, Asphalt - meist sicher, Vorsicht beim Aufstellen der Plattform an den R\u00e4ndern des Pflasters, Auswaschungen und Verschmutzungen sind ebenfalls eine Gefahr<\/li>\n<li>Grasfl\u00e4chen - relativ sicher, sollten flach oder ausreichend eben sein, Vorsicht bei gewaschenen Fl\u00e4chen und Gew\u00e4ssern<\/li>\n<li>Brachfl\u00e4chen - \u00fcberpr\u00fcfen Sie den Raum auf das Vorhandensein von unmarkierten Gruben und Strukturen<\/li>\n<li>st\u00e4dtische Gebiete - pr\u00fcfen Sie beim Aufstellen der Plattform, ob sich in der N\u00e4he Abwassersch\u00e4chte, Abwasserkan\u00e4le, Tunnel, Gruben oder Keller befinden<\/li>\n<li>Str\u00e4nde - schwieriges Terrain, das aufgrund des losen Sandes und der Gefahr von Auswaschungen eine besondere Vorbereitung erfordert<\/li>\n<\/ul>\n<p>Bretter werden in der Regel zur Nivellierung und Stabilisierung der Oberfl\u00e4che von Scheren-, Korb- und anderen Plattformen verwendet. Wenn Holzplattformen verwendet werden, sollten sie vor der Verwendung sorgf\u00e4ltig gepr\u00fcft werden.<\/p>\n<p>Durch die Wahl unserer <a href=\"https:\/\/szkolenia-udt.pl\/de\/kursy\/uprawnienia-udt-tdt-wdt\/kurs-podnosnik-koszowy\/\">Kurs Hubarbeitsb\u00fchnen<\/a>Der Teilnehmer erh\u00e4lt die notwendigen Informationen zur Oberfl\u00e4chenvorbereitung. <a href=\"https:\/\/szkolenia-udt.pl\/de\/kontakt\/\">Sie sind herzlich eingeladen<\/a> f\u00fcr unsere Kurse f\u00fcr Scherenb\u00fchnen und Hubarbeitsb\u00fchnen in den St\u00e4dten Warschau, Kattowitz, Krakau und Bielsko-Bia\u0142a!<\/p>\n<\/div>","protected":false},"excerpt":{"rendered":"<p>Podesty ruchome powinny by\u0107 u\u017cywane tylko na odpowiednio przystosowanych tego celu nawierzchniach. To jedna z podstawowych zasad bezpiecze\u0144stwa pracy z tymi urz\u0105dzeniami. Nieprzestrzeganie przepis\u00f3w zwi\u0119ksza ryzyko wyst\u0105pienia wypadk\u00f3w przy pracy. Nasz kurs na podno\u015bniki przedstawia uczestnikom wszystkie procedury zwi\u0105zane z wyborem oraz przygotowaniem nawierzchni, co ma wp\u0142yw na bezpiecze\u0144stwo u\u017cycia urz\u0105dzenia oraz wygod\u0119 i szybko\u015b\u0107 [&hellip;]<\/p>\n","protected":false},"author":3,"featured_media":1410,"parent":35,"menu_order":0,"comment_status":"closed","ping_status":"closed","template":"","meta":{"footnotes":""},"class_list":["post-242","page","type-page","status-publish","has-post-thumbnail","hentry"],"aioseo_notices":[],"_links":{"self":[{"href":"https:\/\/szkolenia-udt.pl\/de\/wp-json\/wp\/v2\/pages\/242","targetHints":{"allow":["GET"]}}],"collection":[{"href":"https:\/\/szkolenia-udt.pl\/de\/wp-json\/wp\/v2\/pages"}],"about":[{"href":"https:\/\/szkolenia-udt.pl\/de\/wp-json\/wp\/v2\/types\/page"}],"author":[{"embeddable":true,"href":"https:\/\/szkolenia-udt.pl\/de\/wp-json\/wp\/v2\/users\/3"}],"replies":[{"embeddable":true,"href":"https:\/\/szkolenia-udt.pl\/de\/wp-json\/wp\/v2\/comments?post=242"}],"version-history":[{"count":8,"href":"https:\/\/szkolenia-udt.pl\/de\/wp-json\/wp\/v2\/pages\/242\/revisions"}],"predecessor-version":[{"id":2381,"href":"https:\/\/szkolenia-udt.pl\/de\/wp-json\/wp\/v2\/pages\/242\/revisions\/2381"}],"up":[{"embeddable":true,"href":"https:\/\/szkolenia-udt.pl\/de\/wp-json\/wp\/v2\/pages\/35"}],"wp:featuredmedia":[{"embeddable":true,"href":"https:\/\/szkolenia-udt.pl\/de\/wp-json\/wp\/v2\/media\/1410"}],"wp:attachment":[{"href":"https:\/\/szkolenia-udt.pl\/de\/wp-json\/wp\/v2\/media?parent=242"}],"curies":[{"name":"wp","href":"https:\/\/api.w.org\/{rel}","templated":true}]}}