{"id":2424,"date":"2021-08-20T10:35:30","date_gmt":"2021-08-20T10:35:30","guid":{"rendered":"https:\/\/szkolenia-udt.pl\/?page_id=2424"},"modified":"2022-08-31T21:22:33","modified_gmt":"2022-08-31T19:22:33","slug":"scherenhebebuhnenausbildung","status":"publish","type":"page","link":"https:\/\/szkolenia-udt.pl\/de\/kursy\/uprawnienia-udt-tdt-wdt\/scissor-lift-boom-lift-training\/","title":{"rendered":"Kurse f\u00fcr die Bedienung von Scheren- und Hubarbeitsb\u00fchnen (Scherenb\u00fchne, Auslegerb\u00fchne) mit Pr\u00fcfung f\u00fcr die Arbeit im Ausland"},"content":{"rendered":"<p><a href=\"https:\/\/szkolenia-udt.pl\/wp-content\/uploads\/2021\/08\/szkolenia-udt.pl-0014-OPUBLIKOWANY-v8.jpg\"><img loading=\"lazy\" decoding=\"async\" class=\"paddingleft10 alignleft wp-image-2492 size-medium\" src=\"https:\/\/szkolenia-udt.pl\/wp-content\/uploads\/2021\/08\/szkolenia-udt.pl-0014-OPUBLIKOWANY-v8-300x225.jpg\" alt=\"Scissor Lifts und Boom Lifts sind die internationale Bezeichnung f\u00fcr Scheren- und Korbb\u00fchnen\" width=\"300\" height=\"225\" srcset=\"https:\/\/szkolenia-udt.pl\/wp-content\/uploads\/2021\/08\/szkolenia-udt.pl-0014-OPUBLIKOWANY-v8-300x225.jpg 300w, https:\/\/szkolenia-udt.pl\/wp-content\/uploads\/2021\/08\/szkolenia-udt.pl-0014-OPUBLIKOWANY-v8-1024x768.jpg 1024w, https:\/\/szkolenia-udt.pl\/wp-content\/uploads\/2021\/08\/szkolenia-udt.pl-0014-OPUBLIKOWANY-v8-768x576.jpg 768w, https:\/\/szkolenia-udt.pl\/wp-content\/uploads\/2021\/08\/szkolenia-udt.pl-0014-OPUBLIKOWANY-v8-1536x1152.jpg 1536w, https:\/\/szkolenia-udt.pl\/wp-content\/uploads\/2021\/08\/szkolenia-udt.pl-0014-OPUBLIKOWANY-v8-135x100.jpg 135w, https:\/\/szkolenia-udt.pl\/wp-content\/uploads\/2021\/08\/szkolenia-udt.pl-0014-OPUBLIKOWANY-v8.jpg 1600w\" sizes=\"auto, (max-width: 300px) 100vw, 300px\" \/><\/a>Es handelt sich um einen Kurs f\u00fcr k\u00fcnftige Aufzugf\u00fchrer, der in \u00dcbereinstimmung mit der Norm MEWP ISO 18878 und den Richtlinien des OMHEC-Verbandes erstellt wurde. Ein so konzipiertes Programm bedeutet, dass die Absolvierung der Ausbildung und das Bestehen der Abschlusspr\u00fcfung als ausreichende Qualifikation f\u00fcr eine T\u00e4tigkeit im Ausland anerkannt wird. Das daraus resultierende Zertifikat ist in Norwegen, D\u00e4nemark, dem Vereinigten K\u00f6nigreich und den Niederlanden g\u00fcltig und kann auch von Arbeitgebern in anderen L\u00e4ndern anerkannt werden. Mit dem Abschluss des Kurses erwirbt der Teilnehmer Genehmigungen, die f\u00fcr Arbeiten an Land und auf See g\u00fcltig sind.<\/p>\n<p>Wer im Ausland als Bediener von Scheren- und Hubarbeitsb\u00fchnen arbeiten m\u00f6chte, kann an einem Kurs vor Ort in Warschau oder an einem E-Learning-Kurs teilnehmen, der \u00fcber das Internet verf\u00fcgbar ist.<\/p>\n<h2>Welche M\u00f6glichkeiten bietet der Erwerb des Zertifikats?<\/h2>\n<p>Der Kurs richtet sich in erster Linie an Personen, die auf \u00d6lplattformen in der Norwegischen See arbeiten m\u00f6chten. Eine Zertifizierung nach der Norm ISO 18878 ist dort f\u00fcr alle Arbeiten in einer H\u00f6he von mehr als 2 Metern erforderlich: Installation, Wartung, \u00dcberholung.<\/p>\n<p>Die Absolvierung des Lehrgangs und das Bestehen der Abschlusspr\u00fcfung berechtigen Sie zur Bedienung der folgenden Ger\u00e4te:<\/p>\n<ul>\n<li>Hubarbeitsb\u00fchnen (internationale Bezeichnung: boom lifts) - selbstfahrende mobile Arbeitsb\u00fchnen, sogenannte cherry pickers, mit einem Ausleger und einem Plattformkorb, die auf einem Fahrzeug montiert sind<\/li>\n<li>Scherenarbeitsb\u00fchnen (internationale Bezeichnung: Scissor Lifts) - mobile, frei bewegliche Plattformen mit einem teleskopischen oder gelenkigen scherenf\u00f6rmigen Ausleger, der auf einer Plattform mit R\u00e4dern montiert ist.<\/li>\n<\/ul>\n<p>Wer das Zertifikat besitzt, hat viel mehr Besch\u00e4ftigungsm\u00f6glichkeiten als nur auf den Plattformen in Norwegen. Das Zertifikat wird von allen OMHEC-Mitgliedsl\u00e4ndern anerkannt (<a href=\"https:\/\/szkolenia-udt.pl\/de\/kursy\/onshore-i-offshore\/\">Offshore<\/a> Mechanical Handling Equipment Committee), also auch D\u00e4nemark, die Niederlande und das Vereinigte K\u00f6nigreich. Hebeb\u00fchnen und Scherenb\u00fchnen werden in diesen L\u00e4ndern f\u00fcr \u00e4hnliche Zwecke wie in Polen eingesetzt: f\u00fcr Bau- und Renovierungsarbeiten, Fassadenanstriche und -wartung, Beleuchtungsinstallation, Fensterreinigung oder Innenreparaturen.<\/p>\n<div class=\"filmw\">\n<div class=\"responsive-youtube\"><iframe loading=\"lazy\" title=\"YouTube-Video-Player\" src=\"https:\/\/www.youtube.com\/embed\/OUKdY5V51M4\" width=\"560\" height=\"315\" frameborder=\"0\" allowfullscreen=\"allowfullscreen\"><\/iframe><\/div>\n<\/div>\n<h2>Details zum Kurs<\/h2>\n<p>Der Unterricht findet in Form von Vorlesungen (station\u00e4r oder ferngesteuert) statt, gefolgt von einem praktischen Teil. Zu den Themen des Kurses geh\u00f6ren:<\/p>\n<ul>\n<li>Konstruktion der Ausr\u00fcstung<\/li>\n<li>Im Ausland geltende Sicherheitsvorschriften<\/li>\n<li>Umgang mit Unf\u00e4llen und St\u00f6rungen beim Betrieb von mobilen Arbeitsb\u00fchnen<\/li>\n<li>Stabilisierung von Aufz\u00fcgen<\/li>\n<li>Arten von mobilen Plattformen und ihr Zweck f\u00fcr verschiedene Arten von Arbeit<\/li>\n<\/ul>\n<p>W\u00e4hrend des praktischen Teils hat jeder Teilnehmer die M\u00f6glichkeit, die Bedienung der Aufz\u00fcge auf dem Man\u00f6vrierplatz des Zentrums zu erlernen.<\/p>\n<p>Jeder Lehrgang wird mit einer von den Ausbildern des Zentrums organisierten Pr\u00fcfung abgeschlossen, die aus einem theoretischen und einem praktischen Teil besteht. Diejenigen, die die Pr\u00fcfung bestehen, erhalten innerhalb weniger Wochen ein Zertifikat. Falls erforderlich, k\u00f6nnen sie bis dahin ein vorl\u00e4ufiges Zertifikat verwenden, das von der <a href=\"https:\/\/szkolenia-udt.pl\/de\/o-firmie\/\">Center<\/a>. Auf Anfrage stellen wir auch einen Ausweis f\u00fcr hei\u00dfe Arbeit aus (Aufpreis - \u00a3300).<\/p>\n<p>Weitere Informationen und die M\u00f6glichkeit, sich f\u00fcr den Kurs an einem Datum Ihrer Wahl anzumelden, finden Sie unter <a href=\"https:\/\/szkolenia-udt.pl\/de\/kontakt\/\">Telefon- oder E-Mail-Kontakt<\/a>.<\/p>\n<p><a href=\"https:\/\/szkolenia-udt.pl\/wp-content\/uploads\/2021\/08\/0017-oso-scissor-liftboom-lift.jpg\"><img loading=\"lazy\" decoding=\"async\" class=\"alignnone wp-image-2427 size-large\" src=\"https:\/\/szkolenia-udt.pl\/wp-content\/uploads\/2021\/08\/0017-oso-scissor-liftboom-lift-1024x853.jpg\" alt=\"Ausleger- und Scherenhebeb\u00fchnen sind Ger\u00e4te, deren Betreiber unter anderem auf \u00d6lplattformen arbeiten.\" width=\"750\" height=\"625\" srcset=\"https:\/\/szkolenia-udt.pl\/wp-content\/uploads\/2021\/08\/0017-oso-scissor-liftboom-lift-1024x853.jpg 1024w, https:\/\/szkolenia-udt.pl\/wp-content\/uploads\/2021\/08\/0017-oso-scissor-liftboom-lift-300x250.jpg 300w, https:\/\/szkolenia-udt.pl\/wp-content\/uploads\/2021\/08\/0017-oso-scissor-liftboom-lift-768x640.jpg 768w, https:\/\/szkolenia-udt.pl\/wp-content\/uploads\/2021\/08\/0017-oso-scissor-liftboom-lift.jpg 1200w\" sizes=\"auto, (max-width: 750px) 100vw, 750px\" \/><\/a><\/p>","protected":false},"excerpt":{"rendered":"<p>To zaj\u0119cia dla przysz\u0142ych operator\u00f3w podno\u015bnik\u00f3w, stworzone zgodnie z norm\u0105 MEWP ISO 18878 oraz wytycznymi stowarzyszenia OMHEC. Tak przygotowany program oznacza, \u017ce uko\u0144czenie szkolenia oraz zaliczenie egzaminu ko\u0144cowego jest uznawane za wystarczaj\u0105ce kwalifikacje do podj\u0119cia pracy za granic\u0105. Uzyskany w ten spos\u00f3b certyfikat jest wa\u017cny w Norwegii, Danii, Wielkiej Brytanii i Holandii, mo\u017ce by\u0107 te\u017c [&hellip;]<\/p>\n","protected":false},"author":3,"featured_media":2492,"parent":2266,"menu_order":0,"comment_status":"closed","ping_status":"closed","template":"","meta":{"footnotes":""},"class_list":["post-2424","page","type-page","status-publish","has-post-thumbnail","hentry"],"aioseo_notices":[],"_links":{"self":[{"href":"https:\/\/szkolenia-udt.pl\/de\/wp-json\/wp\/v2\/pages\/2424","targetHints":{"allow":["GET"]}}],"collection":[{"href":"https:\/\/szkolenia-udt.pl\/de\/wp-json\/wp\/v2\/pages"}],"about":[{"href":"https:\/\/szkolenia-udt.pl\/de\/wp-json\/wp\/v2\/types\/page"}],"author":[{"embeddable":true,"href":"https:\/\/szkolenia-udt.pl\/de\/wp-json\/wp\/v2\/users\/3"}],"replies":[{"embeddable":true,"href":"https:\/\/szkolenia-udt.pl\/de\/wp-json\/wp\/v2\/comments?post=2424"}],"version-history":[{"count":6,"href":"https:\/\/szkolenia-udt.pl\/de\/wp-json\/wp\/v2\/pages\/2424\/revisions"}],"predecessor-version":[{"id":3232,"href":"https:\/\/szkolenia-udt.pl\/de\/wp-json\/wp\/v2\/pages\/2424\/revisions\/3232"}],"up":[{"embeddable":true,"href":"https:\/\/szkolenia-udt.pl\/de\/wp-json\/wp\/v2\/pages\/2266"}],"wp:featuredmedia":[{"embeddable":true,"href":"https:\/\/szkolenia-udt.pl\/de\/wp-json\/wp\/v2\/media\/2492"}],"wp:attachment":[{"href":"https:\/\/szkolenia-udt.pl\/de\/wp-json\/wp\/v2\/media?parent=2424"}],"curies":[{"name":"wp","href":"https:\/\/api.w.org\/{rel}","templated":true}]}}