{"id":2438,"date":"2021-08-22T09:19:16","date_gmt":"2021-08-22T09:19:16","guid":{"rendered":"https:\/\/szkolenia-udt.pl\/?page_id=2438"},"modified":"2023-03-13T16:34:16","modified_gmt":"2023-03-13T15:34:16","slug":"freilaufende-scherenbuhnen","status":"publish","type":"page","link":"https:\/\/szkolenia-udt.pl\/de\/kursy\/uprawnienia-udt-tdt-wdt\/podnosniki-nozycowe-wolnobiezne\/","title":{"rendered":"Scherenhebeb\u00fchnen mit niedriger Geschwindigkeit"},"content":{"rendered":"<p><a href=\"https:\/\/szkolenia-udt.pl\/wp-content\/uploads\/2021\/08\/szkolenia-udt.pl-0014-OPUBLIKOWANY-v1.jpg\"><img loading=\"lazy\" decoding=\"async\" class=\"paddingleft10 alignleft wp-image-2488 size-medium\" src=\"https:\/\/szkolenia-udt.pl\/wp-content\/uploads\/2021\/08\/szkolenia-udt.pl-0014-OPUBLIKOWANY-v1-300x225.jpg\" alt=\"Scherenhebeb\u00fchnen - eine Art mobiler freilaufender Plattformen\" width=\"300\" height=\"225\" srcset=\"https:\/\/szkolenia-udt.pl\/wp-content\/uploads\/2021\/08\/szkolenia-udt.pl-0014-OPUBLIKOWANY-v1-300x225.jpg 300w, https:\/\/szkolenia-udt.pl\/wp-content\/uploads\/2021\/08\/szkolenia-udt.pl-0014-OPUBLIKOWANY-v1-1024x768.jpg 1024w, https:\/\/szkolenia-udt.pl\/wp-content\/uploads\/2021\/08\/szkolenia-udt.pl-0014-OPUBLIKOWANY-v1-768x576.jpg 768w, https:\/\/szkolenia-udt.pl\/wp-content\/uploads\/2021\/08\/szkolenia-udt.pl-0014-OPUBLIKOWANY-v1-1536x1152.jpg 1536w, https:\/\/szkolenia-udt.pl\/wp-content\/uploads\/2021\/08\/szkolenia-udt.pl-0014-OPUBLIKOWANY-v1-135x100.jpg 135w, https:\/\/szkolenia-udt.pl\/wp-content\/uploads\/2021\/08\/szkolenia-udt.pl-0014-OPUBLIKOWANY-v1.jpg 1800w\" sizes=\"auto, (max-width: 300px) 100vw, 300px\" \/><\/a>Eine Scherenarbeitsb\u00fchne (offizielle Bezeichnung: freilaufende mobile Arbeitsb\u00fchne) ist ein vielseitiges Ger\u00e4t, das zum Heben von Personen bei Arbeiten in der H\u00f6he eingesetzt wird. Die so genannte freilaufende Scherenhebeb\u00fchne besteht aus einer Plattform, die von den Arbeitern bestiegen wird, und klappbaren scherenartigen Elementen. Das Ganze wird auf einen Wagen gestellt.<\/p>\n<h2>Arten von Scherenhebeb\u00fchnen<\/h2>\n<p>Dieser Aufzugstyp unterscheidet sich vor allem durch die Art des Antriebs:<\/p>\n<ul>\n<li>Elektrischer Antrieb: Elektrische Scherenhebeb\u00fchnen haben leistungsstarke Batterien. Sie sind in der Regel klein, leicht zu steuern und man\u00f6vrierf\u00e4hig. Sie funktionieren gut in Innenr\u00e4umen.<\/li>\n<li>Dieselbetriebene Absetzmulden: Diese Art von Absetzmulden ist haupts\u00e4chlich f\u00fcr den Einsatz im Gel\u00e4nde konzipiert. Sie sind oft mit Allradantrieb ausgestattet, so dass sie auch auf unebenem Gel\u00e4nde gut zurechtkommen.<\/li>\n<\/ul>\n<div style=\"width: 640px;\" class=\"wp-video\"><video id=\"video-2438-1\" width=\"640\" height=\"360\" poster=\"https:\/\/szkolenia-udt.pl\/wp-content\/uploads\/2023\/03\/okladka-podnosnik-OSO.jpg\" preload=\"metadata\" controls=\"controls\"><source type=\"video\/mp4\" src=\"https:\/\/szkolenia-udt.pl\/wp-content\/uploads\/2023\/03\/podnosnik-SZKOLENIA-UDT.PL-OSO.mp4?_=1\" \/><a href=\"https:\/\/szkolenia-udt.pl\/wp-content\/uploads\/2023\/03\/podnosnik-SZKOLENIA-UDT.PL-OSO.mp4\">https:\/\/szkolenia-udt.pl\/wp-content\/uploads\/2023\/03\/podnosnik-SZKOLENIA-UDT.PL-OSO.mp4<\/a><\/video><\/div>\n<h2>Vorteile von Scherenhebeb\u00fchnen:<\/h2>\n<ul>\n<li>Gro\u00dfe Plattform f\u00fcr den gleichzeitigen Transport von bis zu 7 Personen<\/li>\n<li>Wendig und kompakt - dank ihrer geringen Gr\u00f6\u00dfe k\u00f6nnen sie in Innenr\u00e4umen oder an schwer zug\u00e4nglichen Stellen eingesetzt werden<\/li>\n<li>Breites Anwendungsspektrum: Au\u00dfenrenovierung, Fassadenanstrich und -isolierung, Innenreparaturen, Anbringung gro\u00dfformatiger Werbung, Glasreinigung in B\u00fcrogeb\u00e4uden.<\/li>\n<\/ul>\n<h2>Wie erhalte ich eine Zertifizierung f\u00fcr den Betrieb von Scherenb\u00fchnen?<\/h2>\n<p>In Polen ist f\u00fcr die Erteilung von Genehmigungen das Amt f\u00fcr technische \u00dcberwachung zust\u00e4ndig. UDT-Genehmigungen werden f\u00fcr alle Arten von mobilen Arbeitsb\u00fchnen, einschlie\u00dflich Scherenb\u00fchnen, erteilt. Die Betriebserlaubnis ist nach bestandener Pr\u00fcfung 5 oder 10 Jahre (je nach Ger\u00e4t) g\u00fcltig. Die Pr\u00fcfung der Qualifikationen der Kandidaten besteht aus einem theoretischen und einem praktischen Teil.<\/p>\n<div class=\"filmw\">\n<div class=\"responsive-youtube\"><iframe loading=\"lazy\" title=\"YouTube-Video-Player\" src=\"https:\/\/www.youtube.com\/embed\/OUKdY5V51M4\" width=\"560\" height=\"315\" frameborder=\"0\" allowfullscreen=\"allowfullscreen\"><\/iframe><\/div>\n<\/div>\n<h2>UDT-Qualifikationen: Ausbildung oder Einzelunterricht?<\/h2>\n<p>Der Kurs erm\u00f6glicht es denjenigen, die bereits mit dieser Art von Ger\u00e4ten gearbeitet haben, theoretische und praktische Kenntnisse zu erwerben und aufzufrischen.<\/p>\n<h2>Was ist der Kurs f\u00fcr Scherenhebeb\u00fchnen im Freilauf?<\/h2>\n<p>Der Kurs zur Aufzugsbearbeitung wird in einem Klassenzimmer oder online als aktives Live-Webinar durchgef\u00fchrt. Sie kann offen sein - f\u00fcr einzelne Kunden - oder geschlossen, ausschlie\u00dflich f\u00fcr Mitarbeiter eines bestimmten Unternehmens. Der Umfang des Kurses ist auf die Themen abgestimmt, die f\u00fcr die Zertifizierungspr\u00fcfung erforderlich sind. Der Kurs besteht aus einem theoretischen und einem praktischen Teil, in dem die Teilnehmer den Umgang mit Hubarbeitsb\u00fchnen erlernen.<\/p>\n<p>Diese Art der Ausbildung wird sowohl von Einzelkunden als auch von Arbeitgebern bevorzugt, die ihre Mitarbeiter zu Auslegerfahrern ausbilden wollen.<\/p>\n<p><a href=\"https:\/\/szkolenia-udt.pl\/de\/oferta\/\">Preis<\/a> Der Kurs, die Dauer und das Themenspektrum h\u00e4ngen von den individuellen Absprachen mit dem Kunden, seiner Erfahrung im Umgang mit Scherenb\u00fchnen und seinem Schulungsbedarf ab. Vor der Erstellung des Angebots f\u00fchren wir immer ein Gespr\u00e4ch, um die oben genannten Informationen zu erhalten.<\/p>\n<p>F\u00fcr Einzelheiten zum Aufzugskurs wenden Sie sich bitte an <a href=\"https:\/\/szkolenia-udt.pl\/de\/kontakt\/\">Telefon- oder E-Mail-Kontakt<\/a>.<\/p>\n<p><a href=\"https:\/\/szkolenia-udt.pl\/wp-content\/uploads\/2021\/08\/0014-oso-zwyzki-nozycowe-i-wysiegnikowe.jpg\"><img loading=\"lazy\" decoding=\"async\" class=\"alignnone wp-image-2440 size-large\" src=\"https:\/\/szkolenia-udt.pl\/wp-content\/uploads\/2021\/08\/0014-oso-zwyzki-nozycowe-i-wysiegnikowe-1024x853.jpg\" alt=\"\" width=\"750\" height=\"625\" srcset=\"https:\/\/szkolenia-udt.pl\/wp-content\/uploads\/2021\/08\/0014-oso-zwyzki-nozycowe-i-wysiegnikowe-1024x853.jpg 1024w, https:\/\/szkolenia-udt.pl\/wp-content\/uploads\/2021\/08\/0014-oso-zwyzki-nozycowe-i-wysiegnikowe-300x250.jpg 300w, https:\/\/szkolenia-udt.pl\/wp-content\/uploads\/2021\/08\/0014-oso-zwyzki-nozycowe-i-wysiegnikowe-768x640.jpg 768w, https:\/\/szkolenia-udt.pl\/wp-content\/uploads\/2021\/08\/0014-oso-zwyzki-nozycowe-i-wysiegnikowe.jpg 1200w\" sizes=\"auto, (max-width: 750px) 100vw, 750px\" \/><\/a><\/p>","protected":false},"excerpt":{"rendered":"<p>Podno\u015bnik no\u017cycowy (oficjalna nazwa to: podest ruchomy przejezdny wolnobie\u017cny) to uniwersalne urz\u0105dzenie, wykorzystywane do podnoszenia os\u00f3b pracuj\u0105cych na wysoko\u015bciach. Tzw. zwy\u017cka no\u017cycowa wolnobie\u017cna sk\u0142ada si\u0119 z platformy, na kt\u00f3r\u0105 wchodz\u0105 pracownicy oraz ze sk\u0142adanych element\u00f3w przypominaj\u0105cych no\u017cyce. Ca\u0142o\u015b\u0107 jest umieszczona na w\u00f3zku. Rodzaje zwy\u017cek no\u017cycowych Tego typu podno\u015bniki r\u00f3\u017cni\u0105 si\u0119 od siebie przede wszystkim rodzajem [&hellip;]<\/p>\n","protected":false},"author":3,"featured_media":2488,"parent":2266,"menu_order":0,"comment_status":"closed","ping_status":"closed","template":"","meta":{"footnotes":""},"class_list":["post-2438","page","type-page","status-publish","has-post-thumbnail","hentry"],"aioseo_notices":[],"_links":{"self":[{"href":"https:\/\/szkolenia-udt.pl\/de\/wp-json\/wp\/v2\/pages\/2438","targetHints":{"allow":["GET"]}}],"collection":[{"href":"https:\/\/szkolenia-udt.pl\/de\/wp-json\/wp\/v2\/pages"}],"about":[{"href":"https:\/\/szkolenia-udt.pl\/de\/wp-json\/wp\/v2\/types\/page"}],"author":[{"embeddable":true,"href":"https:\/\/szkolenia-udt.pl\/de\/wp-json\/wp\/v2\/users\/3"}],"replies":[{"embeddable":true,"href":"https:\/\/szkolenia-udt.pl\/de\/wp-json\/wp\/v2\/comments?post=2438"}],"version-history":[{"count":8,"href":"https:\/\/szkolenia-udt.pl\/de\/wp-json\/wp\/v2\/pages\/2438\/revisions"}],"predecessor-version":[{"id":4519,"href":"https:\/\/szkolenia-udt.pl\/de\/wp-json\/wp\/v2\/pages\/2438\/revisions\/4519"}],"up":[{"embeddable":true,"href":"https:\/\/szkolenia-udt.pl\/de\/wp-json\/wp\/v2\/pages\/2266"}],"wp:featuredmedia":[{"embeddable":true,"href":"https:\/\/szkolenia-udt.pl\/de\/wp-json\/wp\/v2\/media\/2488"}],"wp:attachment":[{"href":"https:\/\/szkolenia-udt.pl\/de\/wp-json\/wp\/v2\/media?parent=2438"}],"curies":[{"name":"wp","href":"https:\/\/api.w.org\/{rel}","templated":true}]}}