{"id":244,"date":"2014-10-08T17:09:32","date_gmt":"2014-10-08T17:09:32","guid":{"rendered":"http:\/\/szkolenia-udt.pl\/?page_id=244"},"modified":"2021-08-31T22:07:24","modified_gmt":"2021-08-31T22:07:24","slug":"gefahren-beim-umgang-mit-mobilen-arbeitsbuhnen","status":"publish","type":"page","link":"https:\/\/szkolenia-udt.pl\/de\/kursy\/podesty-ruchome\/zagrozenia-przy-obsludze-podestow-ruchomych\/","title":{"rendered":"Gefahren beim Betrieb mobiler Plattformen"},"content":{"rendered":"<div style=\"float: left; padding-right: 10px;\"><div id=\"metaslider-id-1420\" style=\"max-width: 300px;\" class=\"ml-slider-3-108-0 metaslider metaslider-flex metaslider-1420 ml-slider ms-theme-default nav-hidden\" role=\"region\" aria-label=\"Unf\u00e4lle\" data-height=\"225\" data-width=\"300\">\n    <div id=\"metaslider_container_1420\">\n        <div id=\"metaslider_1420\">\n            <ul class='slides'>\n                <li style=\"display: block; width: 100%;\" class=\"slide-1416 ms-image\" aria-roledescription=\"slide\" data-date=\"2015-07-11 06:05:09\" data-filename=\"reswyp_09CA008d.jpg\" data-slide-type=\"image\"><img loading=\"lazy\" decoding=\"async\" src=\"https:\/\/szkolenia-udt.pl\/wp-content\/uploads\/2015\/07\/reswyp_09CA008d.jpg\" height=\"225\" width=\"300\" alt=\"\" class=\"slider-1420 slide-1416 msDefaultImage\" \/><\/li>\n                <li style=\"display: none; width: 100%;\" class=\"slide-1419 ms-image\" aria-roledescription=\"slide\" data-date=\"2015-07-11 06:05:13\" data-filename=\"reswyp_philadelphiacranex-topper-medium.jpg\" data-slide-type=\"image\"><img loading=\"lazy\" decoding=\"async\" src=\"https:\/\/szkolenia-udt.pl\/wp-content\/uploads\/2015\/07\/reswyp_philadelphiacranex-topper-medium.jpg\" height=\"225\" width=\"300\" alt=\"\" class=\"slider-1420 slide-1419 msDefaultImage\" \/><\/li>\n                <li style=\"display: none; width: 100%;\" class=\"slide-1418 ms-image\" aria-roledescription=\"slide\" data-date=\"2015-07-11 06:05:12\" data-filename=\"reswyp_8427045_448x252.jpg\" data-slide-type=\"image\"><img loading=\"lazy\" decoding=\"async\" src=\"https:\/\/szkolenia-udt.pl\/wp-content\/uploads\/2015\/07\/reswyp_8427045_448x252.jpg\" height=\"225\" width=\"300\" alt=\"\" class=\"slider-1420 slide-1418 msDefaultImage\" \/><\/li>\n                <li style=\"display: none; width: 100%;\" class=\"slide-1417 ms-image\" aria-roledescription=\"slide\" data-date=\"2015-07-11 06:05:11\" data-filename=\"reswyp_091014-07.jpg\" data-slide-type=\"image\"><img loading=\"lazy\" decoding=\"async\" src=\"https:\/\/szkolenia-udt.pl\/wp-content\/uploads\/2015\/07\/reswyp_091014-07.jpg\" height=\"225\" width=\"300\" alt=\"\" class=\"slider-1420 slide-1417 msDefaultImage\" \/><\/li>\n                <li style=\"display: none; width: 100%;\" class=\"slide-1415 ms-image\" aria-roledescription=\"slide\" data-date=\"2015-07-11 06:05:09\" data-filename=\"reswyp_07NY080c.jpg\" data-slide-type=\"image\"><img loading=\"lazy\" decoding=\"async\" src=\"https:\/\/szkolenia-udt.pl\/wp-content\/uploads\/2015\/07\/reswyp_07NY080c.jpg\" height=\"225\" width=\"300\" alt=\"\" class=\"slider-1420 slide-1415 msDefaultImage\" \/><\/li>\n                <li style=\"display: none; width: 100%;\" class=\"slide-1414 ms-image\" aria-roledescription=\"slide\" data-date=\"2015-07-11 06:05:07\" data-filename=\"reswyp_06-Scissor-Lift-Tipover-in-Wind.jpg\" data-slide-type=\"image\"><img loading=\"lazy\" decoding=\"async\" src=\"https:\/\/szkolenia-udt.pl\/wp-content\/uploads\/2015\/07\/reswyp_06-Scissor-Lift-Tipover-in-Wind.jpg\" height=\"225\" width=\"300\" alt=\"\" class=\"slider-1420 slide-1414 msDefaultImage\" \/><\/li>\n            <\/ul>\n        <\/div>\n        \n    <\/div>\n<\/div><\/div>\n<div class=\"wyjustuj\">\n<p>Bei der Arbeit mit mobilen Arbeitsb\u00fchnen treten verschiedene Gefahren auf, deren sich ein Arbeitnehmer bewusst sein sollte. Als solches ist jeder unserer <a href=\"https:\/\/szkolenia-udt.pl\/de\/kursy\/uprawnienia-udt-tdt-wdt\/kurs-podnosnik-koszowy\/\">Hubarbeitsb\u00fchnenkurs<\/a>Scherenarbeitsb\u00fchne oder einer anderen mobilen Arbeitsb\u00fchne in diesem Bereich enth\u00e4lt auch Informationen \u00fcber Sicherheit und Gesundheitsschutz sowie die h\u00e4ufigsten Ursachen f\u00fcr Arbeitsunf\u00e4lle in dieser Position.<\/p>\n<p>Seien Sie bei der Arbeit mit mobilen Arbeitsb\u00fchnen besonders vorsichtig und untersch\u00e4tzen Sie die Gefahren an Ihrem Arbeitsplatz nicht.<\/p>\n<h2 class=\"boldnagl\"><strong>Die h\u00e4ufigsten Unf\u00e4lle bei der Arbeit mit mobilen Plattformen sind insbesondere:<\/strong><\/h2>\n<ul>\n<li>aus der H\u00f6he st\u00fcrzt und auf eine Arbeitsfl\u00e4che f\u00e4llt<\/li>\n<li>Auswirkungen durch unsachgem\u00e4\u00dfe Handhabung von Materialien<\/li>\n<li>Elektroschocks<\/li>\n<li>Auswirkungen auf Ger\u00e4te und strukturelle Komponenten<\/li>\n<li>Erfassen durch ungesch\u00fctzte und bewegliche Mechanismen<\/li>\n<\/ul>\n<p>In den meisten F\u00e4llen k\u00f6nnen Unf\u00e4lle beim Betrieb mobiler Plattformen vermieden werden. Das Wichtigste ist die Einhaltung der Gesundheits- und Sicherheitsvorschriften und der UDT, was zu einer erheblichen Risikominderung f\u00fchrt.<\/p>\n<h2 class=\"boldnagl\"><strong>Die h\u00e4ufigsten Gr\u00fcnde f\u00fcr das Auftreten von Unf\u00e4llen sind:<\/strong><\/h2>\n<ul>\n<li style=\"text-align: left;\">Nichtbenutzung der vorgeschriebenen pers\u00f6nlichen Schutzausr\u00fcstung - zum Schutz gegen Absturz, auch bei der Montage von Plattformen, einschlie\u00dflich H\u00e4ngekonstruktionen<\/li>\n<li style=\"text-align: left;\">unzureichender technischer Zustand der Ausr\u00fcstung, mangelnde Inspektion und Wartung, was zu Sch\u00e4den an der Ausr\u00fcstung f\u00fchrt<\/li>\n<li style=\"text-align: left;\">fehlende oder unsachgem\u00e4\u00dfe Verwendung von Schutzvorrichtungen und Sicherheitsausr\u00fcstungen, die dazu f\u00fchren k\u00f6nnen, dass die Arbeitnehmer von beweglichen Mechanismen erfasst werden<\/li>\n<li style=\"text-align: left;\">unzureichende technische Bedingungen f\u00fcr den Zugang zu den Arbeitspl\u00e4tzen<\/li>\n<li style=\"text-align: left;\">Nichtbeachtung der Gebrauchsanweisung f\u00fcr das Ger\u00e4t<\/li>\n<li style=\"text-align: left;\">Arbeiten unter Missachtung von Gesundheits- und Sicherheitsvorschriften<\/li>\n<li style=\"text-align: left;\">unzureichender Zustand der elektrischen Anlagen der Bahnsteige<\/li>\n<\/ul>\n<p>Die Kenntnis der Regeln f\u00fcr den Betrieb von Arbeitsmitteln wie fahrbaren Arbeitsb\u00fchnen, begehbaren Arbeitsb\u00fchnen und mastgef\u00fchrten, h\u00e4ngenden Arbeitsb\u00fchnen kann das Risiko von Arbeitsunf\u00e4llen verringern. Leider sind viele Unf\u00e4lle auf die unsachgem\u00e4\u00dfe Bedienung von Ger\u00e4ten zur\u00fcckzuf\u00fchren, doch lassen sie sich leicht vermeiden, wenn man die Gesundheits- und Sicherheitsvorschriften beachtet.<\/p>\n<p>Wenn Sie mobile Hebeb\u00fchnen sicher bedienen wollen, besuchen Sie einen Kurs in unserem <a href=\"https:\/\/szkolenia-udt.pl\/de\/o-firmie\/\">Zentrum<\/a> ist die beste Wahl!<\/p>\n<\/div>","protected":false},"excerpt":{"rendered":"<p>Przy obs\u0142udze podest\u00f3w ruchomych pojawiaj\u0105 si\u0119 r\u00f3\u017cnego rodzaju zagro\u017cenia, z kt\u00f3rych ryzyka powinien zdawa\u0107 sobie pracownik. W zwi\u0105zku z tym ka\u017cdy nasz kurs na podno\u015bnik koszowy, no\u017cycowy czy inny podest ruchomy przejezdny w tej dziedzinie obejmuje tak\u017ce informacje zwi\u0105zane z bezpiecze\u0144stwem i higien\u0105 pracy oraz najcz\u0119stszymi przyczynami wypadk\u00f3w przy pracy na tym stanowisku. Przy wykonywaniu [&hellip;]<\/p>\n","protected":false},"author":3,"featured_media":1416,"parent":35,"menu_order":0,"comment_status":"closed","ping_status":"closed","template":"","meta":{"footnotes":""},"class_list":["post-244","page","type-page","status-publish","has-post-thumbnail","hentry"],"aioseo_notices":[],"_links":{"self":[{"href":"https:\/\/szkolenia-udt.pl\/de\/wp-json\/wp\/v2\/pages\/244","targetHints":{"allow":["GET"]}}],"collection":[{"href":"https:\/\/szkolenia-udt.pl\/de\/wp-json\/wp\/v2\/pages"}],"about":[{"href":"https:\/\/szkolenia-udt.pl\/de\/wp-json\/wp\/v2\/types\/page"}],"author":[{"embeddable":true,"href":"https:\/\/szkolenia-udt.pl\/de\/wp-json\/wp\/v2\/users\/3"}],"replies":[{"embeddable":true,"href":"https:\/\/szkolenia-udt.pl\/de\/wp-json\/wp\/v2\/comments?post=244"}],"version-history":[{"count":8,"href":"https:\/\/szkolenia-udt.pl\/de\/wp-json\/wp\/v2\/pages\/244\/revisions"}],"predecessor-version":[{"id":2246,"href":"https:\/\/szkolenia-udt.pl\/de\/wp-json\/wp\/v2\/pages\/244\/revisions\/2246"}],"up":[{"embeddable":true,"href":"https:\/\/szkolenia-udt.pl\/de\/wp-json\/wp\/v2\/pages\/35"}],"wp:featuredmedia":[{"embeddable":true,"href":"https:\/\/szkolenia-udt.pl\/de\/wp-json\/wp\/v2\/media\/1416"}],"wp:attachment":[{"href":"https:\/\/szkolenia-udt.pl\/de\/wp-json\/wp\/v2\/media?parent=244"}],"curies":[{"name":"wp","href":"https:\/\/api.w.org\/{rel}","templated":true}]}}