{"id":2446,"date":"2021-08-22T09:34:44","date_gmt":"2021-08-22T09:34:44","guid":{"rendered":"https:\/\/szkolenia-udt.pl\/?page_id=2446"},"modified":"2021-08-25T12:23:17","modified_gmt":"2021-08-25T12:23:17","slug":"hubarbeitsbuhnen","status":"publish","type":"page","link":"https:\/\/szkolenia-udt.pl\/de\/kursy\/uprawnienia-udt-tdt-wdt\/podnosniki-koszowe\/","title":{"rendered":"Hubarbeitsb\u00fchnen - ein Kurs f\u00fcr UDT-Restauratoren"},"content":{"rendered":"<p><a href=\"https:\/\/szkolenia-udt.pl\/wp-content\/uploads\/2021\/08\/szkolenia-udt.pl-0014-OPUBLIKOWANY-v11.jpg\"><img loading=\"lazy\" decoding=\"async\" class=\"paddingleft10 alignleft wp-image-2495 size-medium\" src=\"https:\/\/szkolenia-udt.pl\/wp-content\/uploads\/2021\/08\/szkolenia-udt.pl-0014-OPUBLIKOWANY-v11-300x200.jpg\" alt=\"Der Restaurator der UDT f\u00fchrt Reparaturen an der Hubarbeitsb\u00fchne unter Beachtung der Arbeitsschutzvorschriften und der technischen Pr\u00fcfvorschriften durch\" width=\"300\" height=\"200\" srcset=\"https:\/\/szkolenia-udt.pl\/wp-content\/uploads\/2021\/08\/szkolenia-udt.pl-0014-OPUBLIKOWANY-v11-300x200.jpg 300w, https:\/\/szkolenia-udt.pl\/wp-content\/uploads\/2021\/08\/szkolenia-udt.pl-0014-OPUBLIKOWANY-v11-1024x683.jpg 1024w, https:\/\/szkolenia-udt.pl\/wp-content\/uploads\/2021\/08\/szkolenia-udt.pl-0014-OPUBLIKOWANY-v11-768x512.jpg 768w, https:\/\/szkolenia-udt.pl\/wp-content\/uploads\/2021\/08\/szkolenia-udt.pl-0014-OPUBLIKOWANY-v11.jpg 1200w\" sizes=\"auto, (max-width: 300px) 100vw, 300px\" \/><\/a>Hubarbeitsb\u00fchnen werden bei Bau- und Renovierungsarbeiten ebenso eingesetzt wie in der Industrie, der Energieerzeugung oder im Landschaftsbau. F\u00fcr diese beliebten Maschinen gelten besondere Anforderungen, wenn es um Reparatur und Wartung geht. Diese T\u00e4tigkeit kann nur von Personen ausge\u00fcbt werden, die \u00fcber eine vom Technischen \u00dcberwachungsverein (UDT) ausgestellte Lizenz verf\u00fcgen, und die einzige M\u00f6glichkeit, diese Lizenz zu erhalten, ist das Bestehen einer Pr\u00fcfung vor einer Kommission dieses Amtes. Es ist praktisch unm\u00f6glich, sich allein auf diese Pr\u00fcfung vorzubereiten, nicht zuletzt deshalb, weil man keinen Zugang zu den Ger\u00e4ten hat und sich nicht mit ihrem Aufbau vertraut machen kann. Wer sich schnell und effektiv auf die UDT vorbereiten m\u00f6chte, dem empfehlen wir unseren Instandhaltungskurs. Die Teilnahme an dem Kurs bietet eine Reihe von Vorteilen: das Erlernen der theoretischen Aspekte, die M\u00f6glichkeit, die am Arbeitsplatz ben\u00f6tigten praktischen Fertigkeiten zu \u00fcben und von der Erfahrung der Ausbilder zu profitieren. Unsere Auszubildenden sch\u00e4tzen auch die M\u00f6glichkeit, das Staatsexamen bei uns abzulegen. <a href=\"https:\/\/szkolenia-udt.pl\/de\/o-firmie\/\">Zentrum<\/a> unmittelbar nach dem Kurs.<\/p>\n<h2>Kurs f\u00fcr die Wartung von Hubarbeitsb\u00fchnen<\/h2>\n<p>Da es sich bei der Hubarbeitsb\u00fchne um ein Ger\u00e4t handelt, das unter der technischen Aufsicht des Technischen \u00dcberwachungsvereins (UDT) steht, unterliegt der Kurs zur Wartung dieses Ger\u00e4ts den Pr\u00fcfungsanforderungen des UDT. Das Kursprogramm wurde so gestaltet, dass es diesen Anforderungen gerecht wird. So k\u00f6nnen die Studierenden sicher sein, dass die im Kurs behandelten Themen auch in der Pr\u00fcfung vorkommen werden.<\/p>\n<p>Das Programm f\u00fcr den theoretischen Unterricht in der Aufzugswartung umfasst:<\/p>\n<ol>\n<li>H\u00f6hepunkte der technischen \u00dcberwachung.<\/li>\n<li>Normen und andere Vorschriften im Zusammenhang mit der Arbeit eines Wartungsarbeiters.<\/li>\n<li>Besprechung von Betriebsanleitungen und technischen Unterlagen f\u00fcr Hubarbeitsb\u00fchnen.<\/li>\n<li>Konstruktion, Typen, Betrieb von mobilen Plattformen.<\/li>\n<li>Wartungsaufgaben im Zusammenhang mit Inspektionen und Reparaturen.<\/li>\n<li>F\u00fcr die Instandhaltung geltende Gesundheits- und Sicherheitsvorschriften.<\/li>\n<li>Methoden zur Behebung von h\u00e4ufigen Fehlern.<\/li>\n<li>Elektrischer Teil.<\/li>\n<li>Mechanischer Teil, einschlie\u00dflich Hydraulik.<\/li>\n<li>Instandhaltung der Absetzmulden in gutem Betriebszustand.<\/li>\n<\/ol>\n<p>Der theoretische Teil wird durch praktischen Unterricht erg\u00e4nzt. Ihre Dauer h\u00e4ngt von den Bed\u00fcrfnissen des Praktikanten und seinen Fortschritten ab. Die Gesamtdauer der Ausbildung betr\u00e4gt etwa 38-96 Stunden.<\/p>\n<p>An die Ausbildung schlie\u00dft sich ein Staatsexamen an. Wir organisieren sie in unserem Zentrum, und eine ausgew\u00e4hlte Abteilung der UDT ist f\u00fcr die Durchf\u00fchrung verantwortlich: Warschau oder eine andere Stadt, wenn die Ausbildung in einer anderen Stadt stattfindet.<\/p>\n<h2>UDT-Zertifizierung nach der Ausbildung<\/h2>\n<p>Wer den Kurs absolviert und die Pr\u00fcfung erfolgreich bestanden hat, erh\u00e4lt ein Qualifikationszertifikat in Form einer Karte. Dieses Zertifikat ist f\u00fcr Aufz\u00fcge f\u00fcnf Jahre lang g\u00fcltig. Sie ist erforderlich, um als Wartungsarbeiter zu arbeiten, unabh\u00e4ngig von der Branche oder dem Standort.<\/p>\n<h2>Termine und Orte der Schulungen f\u00fcr Auslegerbetreuer<\/h2>\n<p>UDT-Wartungskurse werden regelm\u00e4\u00dfig und je nach Bedarf durchgef\u00fchrt. Wir veranstalten sie sowohl in Warschau als auch in anderen Niederlassungen unseres Zentrums. Dar\u00fcber hinaus ist es m\u00f6glich, einen geschlossenen Kurs f\u00fcr Unternehmen zu organisieren, die an folgenden Themen interessiert sind <a href=\"https:\/\/szkolenia-udt.pl\/de\/kontakt\/\">Bitte kontaktieren Sie uns<\/a>.<\/p>\n<p>Die aktuellen Termine finden Sie auf unserer Website <a href=\"https:\/\/platformaedukacji.pl\/\">https:\/\/platformaedukacji.pl\/<\/a>. Dort k\u00f6nnen Sie einen Platz in der Schulung Ihrer Wahl buchen und Ihre Teilnahme \u00fcber ein schnelles Online-Zahlungssystem bezahlen.<\/p>\n<p><a href=\"https:\/\/szkolenia-udt.pl\/wp-content\/uploads\/2021\/08\/oso-0022-OPUBLIKOWANY-podesty-ruchomepodnosniki-koszowezwyzki.jpg\"><img loading=\"lazy\" decoding=\"async\" class=\"alignnone wp-image-2448 size-large\" src=\"https:\/\/szkolenia-udt.pl\/wp-content\/uploads\/2021\/08\/oso-0022-OPUBLIKOWANY-podesty-ruchomepodnosniki-koszowezwyzki-1024x853.jpg\" alt=\"Die Reparatur von Hubarbeitsb\u00fchnen erfordert besondere Qualifikationen \" width=\"750\" height=\"625\" srcset=\"https:\/\/szkolenia-udt.pl\/wp-content\/uploads\/2021\/08\/oso-0022-OPUBLIKOWANY-podesty-ruchomepodnosniki-koszowezwyzki-1024x853.jpg 1024w, https:\/\/szkolenia-udt.pl\/wp-content\/uploads\/2021\/08\/oso-0022-OPUBLIKOWANY-podesty-ruchomepodnosniki-koszowezwyzki-300x250.jpg 300w, https:\/\/szkolenia-udt.pl\/wp-content\/uploads\/2021\/08\/oso-0022-OPUBLIKOWANY-podesty-ruchomepodnosniki-koszowezwyzki-768x640.jpg 768w, https:\/\/szkolenia-udt.pl\/wp-content\/uploads\/2021\/08\/oso-0022-OPUBLIKOWANY-podesty-ruchomepodnosniki-koszowezwyzki.jpg 1200w\" sizes=\"auto, (max-width: 750px) 100vw, 750px\" \/><\/a><\/p>","protected":false},"excerpt":{"rendered":"<p>Podno\u015bniki koszowe, zwane zwy\u017ckami, wykorzystuje si\u0119 w pracach budowlanych, remontowych, a tak\u017ce w przemy\u015ble, energetyce czy piel\u0119gnacji zieleni. W stosunku do tych popularnych urz\u0105dze\u0144 obowi\u0105zuj\u0105 szczeg\u00f3lne wymagania, je\u015bli chodzi o ich napraw\u0119 i konserwacj\u0119. Mog\u0105 si\u0119 tym zajmowa\u0107 wy\u0142\u0105cznie osoby posiadaj\u0105ce uprawnienia wydane przez UDT, a jedyn\u0105 drog\u0105 do zdobycia tych uprawnie\u0144 jest egzamin zdawany [&hellip;]<\/p>\n","protected":false},"author":3,"featured_media":2495,"parent":2266,"menu_order":0,"comment_status":"closed","ping_status":"closed","template":"","meta":{"footnotes":""},"class_list":["post-2446","page","type-page","status-publish","has-post-thumbnail","hentry"],"aioseo_notices":[],"_links":{"self":[{"href":"https:\/\/szkolenia-udt.pl\/de\/wp-json\/wp\/v2\/pages\/2446","targetHints":{"allow":["GET"]}}],"collection":[{"href":"https:\/\/szkolenia-udt.pl\/de\/wp-json\/wp\/v2\/pages"}],"about":[{"href":"https:\/\/szkolenia-udt.pl\/de\/wp-json\/wp\/v2\/types\/page"}],"author":[{"embeddable":true,"href":"https:\/\/szkolenia-udt.pl\/de\/wp-json\/wp\/v2\/users\/3"}],"replies":[{"embeddable":true,"href":"https:\/\/szkolenia-udt.pl\/de\/wp-json\/wp\/v2\/comments?post=2446"}],"version-history":[{"count":4,"href":"https:\/\/szkolenia-udt.pl\/de\/wp-json\/wp\/v2\/pages\/2446\/revisions"}],"predecessor-version":[{"id":2496,"href":"https:\/\/szkolenia-udt.pl\/de\/wp-json\/wp\/v2\/pages\/2446\/revisions\/2496"}],"up":[{"embeddable":true,"href":"https:\/\/szkolenia-udt.pl\/de\/wp-json\/wp\/v2\/pages\/2266"}],"wp:featuredmedia":[{"embeddable":true,"href":"https:\/\/szkolenia-udt.pl\/de\/wp-json\/wp\/v2\/media\/2495"}],"wp:attachment":[{"href":"https:\/\/szkolenia-udt.pl\/de\/wp-json\/wp\/v2\/media?parent=2446"}],"curies":[{"name":"wp","href":"https:\/\/api.w.org\/{rel}","templated":true}]}}