{"id":246,"date":"2014-10-08T17:09:57","date_gmt":"2014-10-08T17:09:57","guid":{"rendered":"http:\/\/szkolenia-udt.pl\/?page_id=246"},"modified":"2021-08-31T22:03:34","modified_gmt":"2021-08-31T22:03:34","slug":"organisation-des-arbeitsplatzes-fur-die-mobile-plattform","status":"publish","type":"page","link":"https:\/\/szkolenia-udt.pl\/de\/kursy\/podesty-ruchome\/organizacja-stanowiska-pracy-podestu-ruchomego\/","title":{"rendered":"Organisation des mobilen Arbeitsplatzes in der N\u00e4he von elektrischen Netzen und Ger\u00e4ten"},"content":{"rendered":"<div style=\"float: left; padding-right: 10px;\"><div id=\"metaslider-id-1376\" style=\"max-width: 300px;\" class=\"ml-slider-3-108-0 metaslider metaslider-flex metaslider-1376 ml-slider ms-theme-default nav-hidden\" role=\"region\" aria-label=\"elektrische Landungen\" data-height=\"225\" data-width=\"300\">\n    <div id=\"metaslider_container_1376\">\n        <div id=\"metaslider_1376\">\n            <ul class='slides'>\n                <li style=\"display: block; width: 100%;\" class=\"slide-1380 ms-image\" aria-roledescription=\"slide\" data-date=\"2015-07-10 13:44:02\" data-filename=\"ressieci_Manitou-200-ATJ1.jpg\" data-slide-type=\"image\"><img loading=\"lazy\" decoding=\"async\" src=\"https:\/\/szkolenia-udt.pl\/wp-content\/uploads\/2015\/07\/ressieci_Manitou-200-ATJ1.jpg\" height=\"225\" width=\"300\" alt=\"\" class=\"slider-1376 slide-1380 msDefaultImage\" \/><\/li>\n                <li style=\"display: none; width: 100%;\" class=\"slide-1381 ms-image\" aria-roledescription=\"slide\" data-date=\"2015-07-10 13:44:03\" data-filename=\"ressieci_utility-worker-in-bucket-truck-with-wires.jpg\" data-slide-type=\"image\"><img loading=\"lazy\" decoding=\"async\" src=\"https:\/\/szkolenia-udt.pl\/wp-content\/uploads\/2015\/07\/ressieci_utility-worker-in-bucket-truck-with-wires.jpg\" height=\"225\" width=\"300\" alt=\"\" class=\"slider-1376 slide-1381 msDefaultImage\" \/><\/li>\n                <li style=\"display: none; width: 100%;\" class=\"slide-1379 ms-image\" aria-roledescription=\"slide\" data-date=\"2015-07-10 13:44:00\" data-filename=\"ressieci_JLG_Booms.5447e608ccdf6.jpg\" data-slide-type=\"image\"><img loading=\"lazy\" decoding=\"async\" src=\"https:\/\/szkolenia-udt.pl\/wp-content\/uploads\/2015\/07\/ressieci_JLG_Booms.5447e608ccdf6.jpg\" height=\"225\" width=\"300\" alt=\"\" class=\"slider-1376 slide-1379 msDefaultImage\" \/><\/li>\n                <li style=\"display: none; width: 100%;\" class=\"slide-1378 ms-image\" aria-roledescription=\"slide\" data-date=\"2015-07-10 13:44:00\" data-filename=\"ressieci_images.jpg\" data-slide-type=\"image\"><img loading=\"lazy\" decoding=\"async\" src=\"https:\/\/szkolenia-udt.pl\/wp-content\/uploads\/2015\/07\/ressieci_images.jpg\" height=\"225\" width=\"300\" alt=\"\" class=\"slider-1376 slide-1378 msDefaultImage\" \/><\/li>\n                <li style=\"display: none; width: 100%;\" class=\"slide-1377 ms-image\" aria-roledescription=\"slide\" data-date=\"2015-07-10 13:43:58\" data-filename=\"ressieci_13.jpg\" data-slide-type=\"image\"><img loading=\"lazy\" decoding=\"async\" src=\"https:\/\/szkolenia-udt.pl\/wp-content\/uploads\/2015\/07\/ressieci_13.jpg\" height=\"225\" width=\"300\" alt=\"\" class=\"slider-1376 slide-1377 msDefaultImage\" \/><\/li>\n            <\/ul>\n        <\/div>\n        \n    <\/div>\n<\/div><\/div>\n<div class=\"wyjustuj\">\n<p>Eine der h\u00e4ufigsten Ursachen f\u00fcr t\u00f6dliche Unf\u00e4lle bei der Arbeit mit mobilen Arbeitsb\u00fchnen sind Stromschl\u00e4ge. Dies gilt insbesondere f\u00fcr Arbeiten in der N\u00e4he von Stromleitungen, aber auch unzureichend betriebene und gewartete mobile Arbeitsb\u00fchnen stellen ein Risiko dar. Unser <a href=\"https:\/\/szkolenia-udt.pl\/de\/kursy\/uprawnienia-udt-tdt-wdt\/podnosniki-koszowe\/\">Kurs Hubarbeitsb\u00fchnen<\/a> und Scheren sowie f\u00fcr andere Arten von Arbeitsb\u00fchnen, lehrt, wie man sich bei Arbeiten in der N\u00e4he von elektrischen Netzen und Ger\u00e4ten zu verhalten hat.<\/p>\n<h2 class=\"boldnagl\"><strong>Die h\u00e4ufigsten Ursachen f\u00fcr Arbeitsunf\u00e4lle in der N\u00e4he von Stromleitungen und -anlagen sind:<\/strong><\/h2>\n<ul>\n<li>ein Element der Arbeitsb\u00fchne oder ein Arbeitnehmer in gef\u00e4hrlicher N\u00e4he zu Kabeln und Ger\u00e4ten<\/li>\n<li>Unkenntnis der in der N\u00e4he befindlichen Dr\u00e4hte oder Ger\u00e4te<\/li>\n<li>unsachgem\u00e4\u00dfe Handhabung der fahrbaren Arbeitsb\u00fchne in der N\u00e4he von Kabeln oder Ger\u00e4ten<\/li>\n<\/ul>\n<p>Um das Risiko zu verringern, ist es notwendig, einen Gefahrenbereich f\u00fcr die Arbeitnehmer festzulegen. Diese Zone sollte entsprechend gekennzeichnet und eingez\u00e4unt werden, um das Eindringen von Au\u00dfenstehenden zu verhindern.<\/p>\n<h3 class=\"boldnagl\"><strong>Die Arbeitnehmer sollten einen Mindestabstand einhalten:<\/strong><\/h3>\n<ul>\n<li>3 Meter f\u00fcr Leitungen mit einer Nennspannung bis zu 1 kV<\/li>\n<li>5 Meter f\u00fcr Leitungen mit einer Nennspannung \u00fcber 1 kV bis 15 kV<\/li>\n<li>10 Meter f\u00fcr Leitungen mit einer Nennspannung \u00fcber 15 kV bis 30 kV<\/li>\n<li>15 Meter f\u00fcr Leitungen mit einer Nennspannung \u00fcber 30 kV bis 110 kV<\/li>\n<li>30 Meter bei Leitungen mit einer Nennspannung \u00fcber 110 kV<\/li>\n<\/ul>\n<h3 class=\"boldnagl\"><strong>Wichtige Sicherheitsgrunds\u00e4tze:<\/strong><\/h3>\n<ul>\n<li>wenn m\u00f6glich, Ger\u00e4te und Netze abzuschalten<\/li>\n<li>Wenn dies nicht m\u00f6glich ist, muss der Arbeitsbereich durch Schutzvorrichtungen angemessen gesch\u00fctzt werden.<\/li>\n<li>der Arbeitsbereich muss st\u00e4ndig \u00fcberwacht werden<\/li>\n<li>alle Mitarbeiter m\u00fcssen \u00fcber die Verfahren informiert werden<\/li>\n<li>Bestimmung der maximalen Entfernung des Auslegers<\/li>\n<\/ul>\n<p>Die ordnungsgem\u00e4\u00dfe Ausbildung der Arbeitnehmer und die Einhaltung der Verfahren am Arbeitsplatz sind von entscheidender Bedeutung. Stromleitungen und -anlagen stellen eine erhebliche Gefahr f\u00fcr die Arbeiter dar, die mit mobilen Arbeitsb\u00fchnen arbeiten. Daher legen wir in unseren Kursen gro\u00dfen Wert auf eine angemessene Schulung in Fragen der Gesundheit und Sicherheit.<\/p>\n<p>Wenn Sie Interesse an einer Scheren- oder Hubarbeitsb\u00fchnenschulung in Warschau oder in unseren Niederlassungen in Polen - Krakau, Kattowitz und Bielsko-Bia\u0142a - haben, kontaktieren Sie uns bitte unter <a href=\"https:\/\/szkolenia-udt.pl\/de\/kontakt\/\">Kontaktaufnahme mit uns<\/a>!<\/p>\n<\/div>","protected":false},"excerpt":{"rendered":"<p>W\u015br\u00f3d jednych z najcz\u0119\u015bciej wyst\u0119puj\u0105cych powod\u00f3w wypadk\u00f3w \u015bmiertelnych przy obs\u0142udze podest\u00f3w ruchomych znajduje si\u0119 pora\u017cenie pr\u0105dem elektrycznym. Dotyczy to w szczeg\u00f3lno\u015bci pracy w pobli\u017cu linii energetycznych, ale r\u00f3wnie\u017c zagro\u017ceniem s\u0105 nieodpowiednio eksploatowane i konserwowane instalacje podest\u00f3w ruchomych. Nasz kurs podno\u015bniki koszowe oraz no\u017cycowe i dla innych rodzaj\u00f3w podest\u00f3w uczy, jak post\u0119powa\u0107 w przypadku prac w [&hellip;]<\/p>\n","protected":false},"author":3,"featured_media":1380,"parent":35,"menu_order":0,"comment_status":"closed","ping_status":"closed","template":"","meta":{"footnotes":""},"class_list":["post-246","page","type-page","status-publish","has-post-thumbnail","hentry"],"aioseo_notices":[],"_links":{"self":[{"href":"https:\/\/szkolenia-udt.pl\/de\/wp-json\/wp\/v2\/pages\/246","targetHints":{"allow":["GET"]}}],"collection":[{"href":"https:\/\/szkolenia-udt.pl\/de\/wp-json\/wp\/v2\/pages"}],"about":[{"href":"https:\/\/szkolenia-udt.pl\/de\/wp-json\/wp\/v2\/types\/page"}],"author":[{"embeddable":true,"href":"https:\/\/szkolenia-udt.pl\/de\/wp-json\/wp\/v2\/users\/3"}],"replies":[{"embeddable":true,"href":"https:\/\/szkolenia-udt.pl\/de\/wp-json\/wp\/v2\/comments?post=246"}],"version-history":[{"count":11,"href":"https:\/\/szkolenia-udt.pl\/de\/wp-json\/wp\/v2\/pages\/246\/revisions"}],"predecessor-version":[{"id":2380,"href":"https:\/\/szkolenia-udt.pl\/de\/wp-json\/wp\/v2\/pages\/246\/revisions\/2380"}],"up":[{"embeddable":true,"href":"https:\/\/szkolenia-udt.pl\/de\/wp-json\/wp\/v2\/pages\/35"}],"wp:featuredmedia":[{"embeddable":true,"href":"https:\/\/szkolenia-udt.pl\/de\/wp-json\/wp\/v2\/media\/1380"}],"wp:attachment":[{"href":"https:\/\/szkolenia-udt.pl\/de\/wp-json\/wp\/v2\/media?parent=246"}],"curies":[{"name":"wp","href":"https:\/\/api.w.org\/{rel}","templated":true}]}}