{"id":2470,"date":"2021-08-22T11:14:38","date_gmt":"2021-08-22T11:14:38","guid":{"rendered":"https:\/\/szkolenia-udt.pl\/?page_id=2470"},"modified":"2023-03-13T16:35:16","modified_gmt":"2023-03-13T15:35:16","slug":"mobile-plattformen-pajak","status":"publish","type":"page","link":"https:\/\/szkolenia-udt.pl\/de\/kursy\/uprawnienia-udt-tdt-wdt\/podesty-ruchome-pajak\/","title":{"rendered":"Kurs f\u00fcr mobile &quot;Spider&quot;-Plattformen"},"content":{"rendered":"<p><a href=\"https:\/\/szkolenia-udt.pl\/wp-content\/uploads\/2021\/08\/szkolenia-udt.pl-0014-OPUBLIKOWANY-v6.jpg\"><img loading=\"lazy\" decoding=\"async\" class=\"paddingleft10 alignleft wp-image-2490 size-medium\" src=\"https:\/\/szkolenia-udt.pl\/wp-content\/uploads\/2021\/08\/szkolenia-udt.pl-0014-OPUBLIKOWANY-v6-300x200.jpg\" alt=\"Spider-Plattformen - eine mobile Art von Arbeitsb\u00fchne, die auf einem Autoanh\u00e4nger montiert ist\" width=\"300\" height=\"200\" srcset=\"https:\/\/szkolenia-udt.pl\/wp-content\/uploads\/2021\/08\/szkolenia-udt.pl-0014-OPUBLIKOWANY-v6-300x200.jpg 300w, https:\/\/szkolenia-udt.pl\/wp-content\/uploads\/2021\/08\/szkolenia-udt.pl-0014-OPUBLIKOWANY-v6-1024x684.jpg 1024w, https:\/\/szkolenia-udt.pl\/wp-content\/uploads\/2021\/08\/szkolenia-udt.pl-0014-OPUBLIKOWANY-v6-768x513.jpg 768w, https:\/\/szkolenia-udt.pl\/wp-content\/uploads\/2021\/08\/szkolenia-udt.pl-0014-OPUBLIKOWANY-v6-1536x1025.jpg 1536w, https:\/\/szkolenia-udt.pl\/wp-content\/uploads\/2021\/08\/szkolenia-udt.pl-0014-OPUBLIKOWANY-v6.jpg 2000w\" sizes=\"auto, (max-width: 300px) 100vw, 300px\" \/><\/a>Die UDT-Genehmigung f\u00fcr den Betrieb mobiler Arbeitsb\u00fchnen, so genannter Spinnenb\u00fchnen, ist ein Dokument, das die Durchf\u00fchrung von Arbeiten in Unternehmen aus den verschiedensten Bereichen erm\u00f6glicht: Renovierung, Denkmalpflege, Lagerhaltung oder Landschaftsbau. Die Zulassungen werden vom Technischen \u00dcberwachungsverein denjenigen erteilt, die eine theoretische und praktische Pr\u00fcfung im Umgang mit den betreffenden Ger\u00e4ten bestanden haben. Die Kurse, deren Umfang den Anforderungen der UDT entspricht, sind eine M\u00f6glichkeit, Personen, die als Bediener mobiler Arbeitsb\u00fchnen arbeiten wollen, zuverl\u00e4ssig auf die Pr\u00fcfung vorzubereiten.<\/p>\n<h2>Kursinhalte f\u00fcr mobile Plattformen (Spider)<\/h2>\n<p>Die Schulung findet in Form von Vortr\u00e4gen statt - entweder vor Ort oder online, je nach Wahl des Kunden. W\u00e4hrend der Schulung werden die Teilnehmer \u00fcber Themen wie:<\/p>\n<ul>\n<li>Konstruktion der Ausr\u00fcstung<\/li>\n<li>Regeln f\u00fcr die sichere Nutzung von Plattformen<\/li>\n<li>Einarbeitung in die Bedienungsanleitungen<\/li>\n<li>Durchf\u00fchrung von Tests und Versuchen an den Ger\u00e4ten<\/li>\n<li>Bestimmungen f\u00fcr die technische \u00dcberwachung<\/li>\n<\/ul>\n<p>Theoretische Kenntnisse werden durch praktische F\u00e4higkeiten erg\u00e4nzt. Die Auszubildenden, die die technische Basis nutzen <a href=\"https:\/\/szkolenia-udt.pl\/de\/o-firmie\/\">Zentrum<\/a>Sie lernen, wie man das Ger\u00e4t f\u00fcr die Arbeit vorbereitet, wie man es sicher einsetzt und wie man es bedient.<\/p>\n<h2>Kurs f\u00fcr den Betreiber von mobilen Arbeitsb\u00fchnen des Typs Spider - praktische Informationen<\/h2>\n<p>Die Kurse werden in gr\u00f6\u00dferen St\u00e4dten in ganz Polen und auch auf unserer Schulungsplattform - als Webinare - organisiert. Wir bieten Gruppen auf verschiedenen Niveaus an, auch f\u00fcr Anf\u00e4nger. Wir konzentrieren uns darauf, die Teilnehmer so gut wie m\u00f6glich auf die von der UDT durchgef\u00fchrten Pr\u00fcfungen vorzubereiten - der Ausbildung gehen vorbereitende Wissenstests voraus, und anschlie\u00dfend werden die Fortschritte der Auszubildenden laufend \u00fcberpr\u00fcft. Dar\u00fcber hinaus ist es m\u00f6glich, das Wissen mit Hilfe der auf der Plattform bereitgestellten Materialien und Mustertests zu erg\u00e4nzen.<\/p>\n<p>Weitere Informationen \u00fcber die Organisation von Kursen f\u00fcr mobile Plattformen (Preise, Termine, Anforderungen usw.) finden Sie auf unserer Website <a href=\"https:\/\/szkolenia-udt.pl\/de\/faq\/\">FAQ<\/a>.<\/p>\n<div class=\"filmw\">\n<div class=\"responsive-youtube\"><iframe loading=\"lazy\" title=\"YouTube-Video-Player\" src=\"https:\/\/www.youtube.com\/embed\/OUKdY5V51M4\" width=\"560\" height=\"315\" frameborder=\"0\" allowfullscreen=\"allowfullscreen\"><\/iframe><\/div>\n<\/div>\n<h2>UDT-Pr\u00fcfung und -Zulassungen<\/h2>\n<p>Im Rahmen unserer Ausbildung vertreten wir unsere Auszubildenden gegen\u00fcber dem Technischen \u00dcberwachungsverein und vermitteln bei der Pr\u00fcfung. Dies geschieht in Form eines Tests mit geschlossenen Fragen und einer Pr\u00fcfung der praktischen Kenntnisse in Form eines Gespr\u00e4chs mit einem Pr\u00fcfer an einem Ger\u00e4t. Nach Bestehen beider Teile erteilt die UDT dem Kandidaten eine Lizenz f\u00fcr die Arbeit mit mobilen Plattformen. Diese Qualifikationen sind in Polen g\u00fcltig, k\u00f6nnen aber auch in anderen L\u00e4ndern anerkannt werden, je nach den dortigen Vorschriften.<br \/>\n<div style=\"width: 640px;\" class=\"wp-video\"><video id=\"video-2470-1\" width=\"640\" height=\"360\" poster=\"https:\/\/szkolenia-udt.pl\/wp-content\/uploads\/2023\/03\/okladka-podnosnik-OSO.jpg\" preload=\"metadata\" controls=\"controls\"><source type=\"video\/mp4\" src=\"https:\/\/szkolenia-udt.pl\/wp-content\/uploads\/2023\/03\/podnosnik-SZKOLENIA-UDT.PL-OSO.mp4?_=1\" \/><a href=\"https:\/\/szkolenia-udt.pl\/wp-content\/uploads\/2023\/03\/podnosnik-SZKOLENIA-UDT.PL-OSO.mp4\">https:\/\/szkolenia-udt.pl\/wp-content\/uploads\/2023\/03\/podnosnik-SZKOLENIA-UDT.PL-OSO.mp4<\/a><\/video><\/div>\n<h2>Mobile Plattformen vom Typ \"Spinne\" - Merkmale<\/h2>\n<p>Die Zertifizierung f\u00fcr den Einsatz von \"Spinnen\" kann eine lohnende Investition in Ihre eigene Entwicklung oder die Ihres Unternehmens sein. Aufgrund ihrer geringen Gr\u00f6\u00dfe und hohen Funktionalit\u00e4t haben diese Ger\u00e4te ein breites Anwendungsspektrum. Im Gegensatz zu Hubarbeitsb\u00fchnen und anderen mobilen Arbeitsb\u00fchnen verf\u00fcgen sie nicht \u00fcber einen eigenen Bewegungsmechanismus. Sie verf\u00fcgen \u00fcber Fahrgestelle (Plattformen, die einer Spinne \u00e4hneln - daher der Name), mit denen sie an einen entsprechend vorbereiteten Lkw-Anh\u00e4nger angeh\u00e4ngt werden k\u00f6nnen. Durch ihr relativ geringes Gewicht und ihre Gr\u00f6\u00dfe eignen sie sich f\u00fcr den Einsatz im Freien und in Innenr\u00e4umen, auch auf wenig belastbaren B\u00f6den. Die Hubh\u00f6he des Korbes und der Arbeitsbereich unterscheiden sich nicht wesentlich von anderen, gr\u00f6\u00dferen Liften.<\/p>\n<p><a href=\"https:\/\/szkolenia-udt.pl\/wp-content\/uploads\/2021\/08\/szkolenia-udt.pl-0015-OPUBLIKOWANY-podesty-przewozne-pajaki.jpg\"><img loading=\"lazy\" decoding=\"async\" class=\"alignnone wp-image-2473 size-large\" src=\"https:\/\/szkolenia-udt.pl\/wp-content\/uploads\/2021\/08\/szkolenia-udt.pl-0015-OPUBLIKOWANY-podesty-przewozne-pajaki-1024x853.jpg\" alt=\"Auf LKW-Anh\u00e4ngern transportiert, k\u00f6nnen Spider-Plattformen auf praktisch jedem Gel\u00e4nde eingesetzt werden\" width=\"750\" height=\"625\" srcset=\"https:\/\/szkolenia-udt.pl\/wp-content\/uploads\/2021\/08\/szkolenia-udt.pl-0015-OPUBLIKOWANY-podesty-przewozne-pajaki-1024x853.jpg 1024w, https:\/\/szkolenia-udt.pl\/wp-content\/uploads\/2021\/08\/szkolenia-udt.pl-0015-OPUBLIKOWANY-podesty-przewozne-pajaki-300x250.jpg 300w, https:\/\/szkolenia-udt.pl\/wp-content\/uploads\/2021\/08\/szkolenia-udt.pl-0015-OPUBLIKOWANY-podesty-przewozne-pajaki-768x640.jpg 768w, https:\/\/szkolenia-udt.pl\/wp-content\/uploads\/2021\/08\/szkolenia-udt.pl-0015-OPUBLIKOWANY-podesty-przewozne-pajaki.jpg 1200w\" sizes=\"auto, (max-width: 750px) 100vw, 750px\" \/><\/a><\/p>","protected":false},"excerpt":{"rendered":"<p>Uprawnienia UDT do obs\u0142ugi podest\u00f3w przewo\u017anych, zwanych paj\u0105kami, to dokument, kt\u00f3ry pozwala na wykonywanie prac w firmach z wielu bran\u017c: zajmuj\u0105cych si\u0119 remontami, konserwacj\u0105 zabytk\u00f3w, obs\u0142ug\u0105 magazyn\u00f3w czy piel\u0119gnacj\u0105 zieleni. Uprawnienia s\u0105 wystawiane przez Urz\u0105d Dozoru Technicznego tym osobom, kt\u00f3re zalicz\u0105 egzamin teoretyczny i praktyczny z zakresu obs\u0142ugi danego urz\u0105dzenia. Kursy, kt\u00f3rych zakres jest zgodny [&hellip;]<\/p>\n","protected":false},"author":3,"featured_media":2490,"parent":2266,"menu_order":0,"comment_status":"closed","ping_status":"closed","template":"","meta":{"footnotes":""},"class_list":["post-2470","page","type-page","status-publish","has-post-thumbnail","hentry"],"aioseo_notices":[],"_links":{"self":[{"href":"https:\/\/szkolenia-udt.pl\/de\/wp-json\/wp\/v2\/pages\/2470","targetHints":{"allow":["GET"]}}],"collection":[{"href":"https:\/\/szkolenia-udt.pl\/de\/wp-json\/wp\/v2\/pages"}],"about":[{"href":"https:\/\/szkolenia-udt.pl\/de\/wp-json\/wp\/v2\/types\/page"}],"author":[{"embeddable":true,"href":"https:\/\/szkolenia-udt.pl\/de\/wp-json\/wp\/v2\/users\/3"}],"replies":[{"embeddable":true,"href":"https:\/\/szkolenia-udt.pl\/de\/wp-json\/wp\/v2\/comments?post=2470"}],"version-history":[{"count":4,"href":"https:\/\/szkolenia-udt.pl\/de\/wp-json\/wp\/v2\/pages\/2470\/revisions"}],"predecessor-version":[{"id":4520,"href":"https:\/\/szkolenia-udt.pl\/de\/wp-json\/wp\/v2\/pages\/2470\/revisions\/4520"}],"up":[{"embeddable":true,"href":"https:\/\/szkolenia-udt.pl\/de\/wp-json\/wp\/v2\/pages\/2266"}],"wp:featuredmedia":[{"embeddable":true,"href":"https:\/\/szkolenia-udt.pl\/de\/wp-json\/wp\/v2\/media\/2490"}],"wp:attachment":[{"href":"https:\/\/szkolenia-udt.pl\/de\/wp-json\/wp\/v2\/media?parent=2470"}],"curies":[{"name":"wp","href":"https:\/\/api.w.org\/{rel}","templated":true}]}}