{"id":2479,"date":"2021-08-22T11:24:27","date_gmt":"2021-08-22T11:24:27","guid":{"rendered":"https:\/\/szkolenia-udt.pl\/?page_id=2479"},"modified":"2023-03-13T16:36:33","modified_gmt":"2023-03-13T15:36:33","slug":"bedienungskurs-fur-stationare-mobile-aufzuge","status":"publish","type":"page","link":"https:\/\/szkolenia-udt.pl\/de\/kursy\/uprawnienia-udt-tdt-wdt\/stacjonarne-podesty-ruchome-kurs-obslugi\/","title":{"rendered":"Station\u00e4re mobile Plattformen - Service nat\u00fcrlich"},"content":{"rendered":"<p>Eine station\u00e4re mobile Arbeitsb\u00fchne ist zwar nicht so mobil wie z. B. eine Hubarbeitsb\u00fchne, aber die Einsatzm\u00f6glichkeiten sind dennoch gro\u00df. Menschen, die diese Ger\u00e4te bedienen k\u00f6nnen, sind gefragte Spezialisten auf dem Arbeitsmarkt: Sie k\u00f6nnen Arbeiten auf dem Bau, bei der Renovierung gro\u00dfer Geb\u00e4ude und in Hochregallagern ausf\u00fchren.<\/p>\n<p>Wer sich f\u00fcr diesen Beruf qualifizieren m\u00f6chte, kann an einem Kurs f\u00fcr Bediener von station\u00e4ren mobilen Arbeitsb\u00fchnen mit UDT-Pr\u00fcfung teilnehmen. Die Ausbildung bereitet Sie effektiv auf den Erwerb der erforderlichen UDT-Qualifikationen und die anschlie\u00dfende Aus\u00fcbung des Berufs vor.<\/p>\n<h2>Informationen \u00fcber den Kurs f\u00fcr station\u00e4re mobile Plattformen<\/h2>\n<p>Der Unterricht findet in Gruppen statt, die an die Bed\u00fcrfnisse der Teilnehmer angepasst sind. Willkommen sind sowohl Einsteiger in das Thema Bahnsteigbetrieb als auch solche, die bereits Erfahrungen damit gemacht haben, z.B. als Bedienungsassistent.<\/p>\n<p>Aufgrund des abwechslungsreichen Programms kann die Dauer variieren:<\/p>\n<ul>\n<li>Ab ca. 8 Stunden in Gruppen von Personen, die lediglich ihre Kenntnisse und F\u00e4higkeiten vervollst\u00e4ndigen und auffrischen m\u00fcssen<\/li>\n<li>Bis zu 20-35 Stunden in Gruppen, die aus unerfahrenen Personen bestehen<\/li>\n<\/ul>\n<p>Jeder Schulungskurs umfasst Vortr\u00e4ge (vor Ort oder online - Webinare in Echtzeit) sowie praktischen Unterricht. Wir veranstalten sie in den meisten polnischen Gro\u00dfst\u00e4dten. Wir bieten auch die Organisation von geschlossenen Kursen an, die ausschlie\u00dflich f\u00fcr die Mitarbeiter des Kunden bestimmt sind.<\/p>\n<p>F\u00fcr diejenigen, die station\u00e4re mobile Arbeitsb\u00fchnen bedienen wollen, vermittelt der Kurs Kenntnisse \u00fcber Themen wie die Konstruktion des Ger\u00e4ts, die Sicherheit w\u00e4hrend des Betriebs, die Pflichten des Bedieners bei der Vorbereitung der Arbeitsb\u00fchne f\u00fcr die Arbeit und die technischen Aufsichtsvorschriften.<\/p>\n<p>Aktuelle Termine, Orte und weitere Informationen zu Schulungen f\u00fcr mobile Plattformen (Preise, etc.) finden Sie auf unserer Website. Wenn Sie weitere Fragen haben, z\u00f6gern Sie bitte nicht, uns zu kontaktieren - telefonisch oder per E-Mail. Auf unserer FAQ-Seite finden Sie au\u00dferdem Antworten auf folgende Fragen <a href=\"https:\/\/szkolenia-udt.pl\/de\/faq\/\">h\u00e4ufig gestellte Fragen<\/a>.<\/p>\n<div class=\"filmw\">\n<div class=\"responsive-youtube\"><iframe loading=\"lazy\" title=\"YouTube-Video-Player\" src=\"https:\/\/www.youtube.com\/embed\/OUKdY5V51M4\" width=\"560\" height=\"315\" frameborder=\"0\" allowfullscreen=\"allowfullscreen\"><\/iframe><\/div>\n<\/div>\n<h2>Kurs \"Station\u00e4re mobile Plattformen\" - warum teilnehmen?<\/h2>\n<p>\u00c4hnlich wie bei den H\u00e4ngeaufz\u00fcgen handelt es sich bei den station\u00e4ren Aufz\u00fcgen der Kategorie II P um Maschinen, f\u00fcr deren Betrieb ein Bef\u00e4higungsnachweis (UDT-Zertifikat) erforderlich ist. Diese wird durch eine theoretische und praktische Pr\u00fcfung erworben, die von der UDT-Kommission abgenommen wird. Im Rahmen unseres Kurses haben alle bereitwilligen Teilnehmer die M\u00f6glichkeit, eine solche Pr\u00fcfung abzulegen, was in der Praxis bedeutet, dass sie am Ende der Ausbildung voll und ganz auf die Arbeit in ihrem Beruf vorbereitet sind. Die von UDT ausgestellten Berufslizenzen sind 10 Jahre lang g\u00fcltig und gelten f\u00fcr die Besch\u00e4ftigung in Polen, k\u00f6nnen aber auch in einigen anderen L\u00e4ndern anerkannt werden.<br \/>\n<div style=\"width: 640px;\" class=\"wp-video\"><video id=\"video-2479-1\" width=\"640\" height=\"360\" poster=\"https:\/\/szkolenia-udt.pl\/wp-content\/uploads\/2023\/03\/okladka-podnosnik-OSO.jpg\" preload=\"metadata\" controls=\"controls\"><source type=\"video\/mp4\" src=\"https:\/\/szkolenia-udt.pl\/wp-content\/uploads\/2023\/03\/podnosnik-SZKOLENIA-UDT.PL-OSO.mp4?_=1\" \/><a href=\"https:\/\/szkolenia-udt.pl\/wp-content\/uploads\/2023\/03\/podnosnik-SZKOLENIA-UDT.PL-OSO.mp4\">https:\/\/szkolenia-udt.pl\/wp-content\/uploads\/2023\/03\/podnosnik-SZKOLENIA-UDT.PL-OSO.mp4<\/a><\/video><\/div>\nEine station\u00e4re mobile Arbeitsb\u00fchne ist ein Ger\u00e4t, das zur Bef\u00f6rderung von Personen, Werkzeugen und Materialien bei Arbeiten in der H\u00f6he eingesetzt wird. Er hat keinen eigenen Antrieb und ist f\u00fcr den Einsatz in einem bestimmten Bereich konzipiert. Dies schr\u00e4nkt seine Verwendung jedoch nicht wesentlich ein. Diese Art von Ger\u00e4ten wird f\u00fcr Renovierungs-, Wartungs-, Montage- und Bauarbeiten sowohl im Innen- als auch im Au\u00dfenbereich eingesetzt. Mit <a href=\"https:\/\/szkolenia-udt.pl\/de\/kursy\/uprawnienia-udt-tdt-wdt\/podesty-ruchome\/\">Mobile-Lift-Lizenzierung<\/a> Im station\u00e4ren Bereich ist es m\u00f6glich, in Unternehmen aller oben genannten Sektoren eine Besch\u00e4ftigung zu finden, aber auch selbst Dienstleistungen mit diesen Ger\u00e4ten zu erbringen.<\/p>","protected":false},"excerpt":{"rendered":"<p>Podest ruchomy stacjonarny nie jest tak mobilnym urz\u0105dzeniem, jak na przyk\u0142ad zwy\u017cki, jednak mo\u017cliwo\u015bci jego wykorzystania s\u0105 nadal du\u017ce. Osoby potrafi\u0105ce obs\u0142ugiwa\u0107 te urz\u0105dzenia s\u0105 specjalistami poszukiwanymi na rynku pracy: mog\u0105 wykonywa\u0107 prace podczas budowy, remont\u00f3w du\u017cych budynk\u00f3w, a tak\u017ce w magazynach wysokiego sk\u0142adowania. Wszystkim, kt\u00f3rzy chcieliby zdoby\u0107 kwalifikacje potrzebne do pracy w tym zawodzie, [&hellip;]<\/p>\n","protected":false},"author":3,"featured_media":3422,"parent":2266,"menu_order":0,"comment_status":"closed","ping_status":"closed","template":"","meta":{"footnotes":""},"class_list":["post-2479","page","type-page","status-publish","has-post-thumbnail","hentry"],"aioseo_notices":[],"_links":{"self":[{"href":"https:\/\/szkolenia-udt.pl\/de\/wp-json\/wp\/v2\/pages\/2479","targetHints":{"allow":["GET"]}}],"collection":[{"href":"https:\/\/szkolenia-udt.pl\/de\/wp-json\/wp\/v2\/pages"}],"about":[{"href":"https:\/\/szkolenia-udt.pl\/de\/wp-json\/wp\/v2\/types\/page"}],"author":[{"embeddable":true,"href":"https:\/\/szkolenia-udt.pl\/de\/wp-json\/wp\/v2\/users\/3"}],"replies":[{"embeddable":true,"href":"https:\/\/szkolenia-udt.pl\/de\/wp-json\/wp\/v2\/comments?post=2479"}],"version-history":[{"count":4,"href":"https:\/\/szkolenia-udt.pl\/de\/wp-json\/wp\/v2\/pages\/2479\/revisions"}],"predecessor-version":[{"id":4522,"href":"https:\/\/szkolenia-udt.pl\/de\/wp-json\/wp\/v2\/pages\/2479\/revisions\/4522"}],"up":[{"embeddable":true,"href":"https:\/\/szkolenia-udt.pl\/de\/wp-json\/wp\/v2\/pages\/2266"}],"wp:featuredmedia":[{"embeddable":true,"href":"https:\/\/szkolenia-udt.pl\/de\/wp-json\/wp\/v2\/media\/3422"}],"wp:attachment":[{"href":"https:\/\/szkolenia-udt.pl\/de\/wp-json\/wp\/v2\/media?parent=2479"}],"curies":[{"name":"wp","href":"https:\/\/api.w.org\/{rel}","templated":true}]}}