{"id":2514,"date":"2021-09-21T19:24:19","date_gmt":"2021-09-21T19:24:19","guid":{"rendered":"https:\/\/szkolenia-udt.pl\/?page_id=2514"},"modified":"2021-10-16T00:48:58","modified_gmt":"2021-10-15T22:48:58","slug":"kranfuhrer-fur-die-instandhaltung","status":"publish","type":"page","link":"https:\/\/szkolenia-udt.pl\/de\/operator-konserwator-suwnic\/","title":{"rendered":"Kranlehrgang mit UDT-Pr\u00fcfung in Warschau"},"content":{"rendered":"<p><a href=\"https:\/\/szkolenia-udt.pl\/wp-content\/uploads\/2021\/09\/suwnice.jpg\"><img loading=\"lazy\" decoding=\"async\" class=\"obrazekpadding alignleft wp-image-2553 size-medium\" src=\"https:\/\/szkolenia-udt.pl\/wp-content\/uploads\/2021\/09\/suwnice-300x169.jpg\" alt=\"\" width=\"300\" height=\"169\" srcset=\"https:\/\/szkolenia-udt.pl\/wp-content\/uploads\/2021\/09\/suwnice-300x169.jpg 300w, https:\/\/szkolenia-udt.pl\/wp-content\/uploads\/2021\/09\/suwnice-1024x576.jpg 1024w, https:\/\/szkolenia-udt.pl\/wp-content\/uploads\/2021\/09\/suwnice-768x432.jpg 768w, https:\/\/szkolenia-udt.pl\/wp-content\/uploads\/2021\/09\/suwnice.jpg 1327w\" sizes=\"auto, (max-width: 300px) 100vw, 300px\" \/><\/a><strong>Ausbildung f\u00fcr Krane<\/strong> findet in unserer Schulungshalle in Warschau an unserem Kran oder beim Kunden vor Ort statt. Der von unserem Zentrum organisierte Kurs besteht aus mehreren Teilen:<\/p>\n<ul>\n<li>Theoretisch<\/li>\n<li>Praktisch<\/li>\n<li>UDT-Untersuchung<\/li>\n<\/ul>\n<p>Alle Teile des Kurses finden in unserer Schulungshalle in Warschau oder im Unternehmen des Kunden statt - die Anreise zum Kunden ist kostenlos. Der Kran, an dem die UDT-Pr\u00fcfung durchgef\u00fchrt wird, muss eine g\u00fcltige UDT-Entscheidung haben. Die Ausbildung von Kranf\u00fchrern und Instandhaltern endet immer mit einer staatlichen Pr\u00fcfung. Unsere Trainer bereiten Sie zuverl\u00e4ssig auf die UDT-Pr\u00fcfung vor, sowohl im theoretischen als auch im praktischen Teil.<\/p>\n<h2>Wer braucht einen Kranf\u00fchrerschein?<\/h2>\n<p class=\"big\">Der Kurs richtet sich an Menschen, die sich pers\u00f6nlich weiterentwickeln, besser verdienen und eine interessante T\u00e4tigkeit aus\u00fcben wollen. Wenn Sie ein Spezialist f\u00fcr die Bedienung von UDT-zertifizierten Br\u00fcckenkranen werden m\u00f6chten, laden wir Sie zu unserer Schulung ein.<a href=\"https:\/\/szkolenia-udt.pl\/wp-content\/uploads\/2021\/09\/UDT-ERGON1-e1632345371420.jpg\"><img loading=\"lazy\" decoding=\"async\" class=\"aligncenter wp-image-2555 size-large\" src=\"https:\/\/szkolenia-udt.pl\/wp-content\/uploads\/2021\/09\/UDT-ERGON1-e1632345371420-1024x310.jpg\" alt=\"\" width=\"750\" height=\"227\" srcset=\"https:\/\/szkolenia-udt.pl\/wp-content\/uploads\/2021\/09\/UDT-ERGON1-e1632345371420-1024x310.jpg 1024w, https:\/\/szkolenia-udt.pl\/wp-content\/uploads\/2021\/09\/UDT-ERGON1-e1632345371420-300x91.jpg 300w, https:\/\/szkolenia-udt.pl\/wp-content\/uploads\/2021\/09\/UDT-ERGON1-e1632345371420-768x232.jpg 768w, https:\/\/szkolenia-udt.pl\/wp-content\/uploads\/2021\/09\/UDT-ERGON1-e1632345371420-1536x464.jpg 1536w, https:\/\/szkolenia-udt.pl\/wp-content\/uploads\/2021\/09\/UDT-ERGON1-e1632345371420.jpg 1588w\" sizes=\"auto, (max-width: 750px) 100vw, 750px\" \/><\/a><\/p>\n<h2>Preis der Kranschulung<\/h2>\n<div>Der aktuelle Preis f\u00fcr die Kranschulung wird telefonisch festgelegt.<\/div>\n<div>Sie k\u00f6nnen uns gerne unter dieser Nummer kontaktieren:<\/div>\n<div style=\"text-align: center;\"><a style=\"font-size: 28px; font-weight: bold;\" href=\"Tel: +48504477077\">+48 504 477 077<\/a><\/div>\n<p><a href=\"https:\/\/szkolenia-udt.pl\/wp-content\/uploads\/2021\/09\/suwnica_2.jpg\"><img loading=\"lazy\" decoding=\"async\" class=\"size-medium wp-image-2519 alignright obrazekpadding\" src=\"https:\/\/szkolenia-udt.pl\/wp-content\/uploads\/2021\/09\/suwnica_2-300x185.jpg\" alt=\"\" width=\"300\" height=\"185\" srcset=\"https:\/\/szkolenia-udt.pl\/wp-content\/uploads\/2021\/09\/suwnica_2-300x185.jpg 300w, https:\/\/szkolenia-udt.pl\/wp-content\/uploads\/2021\/09\/suwnica_2-1024x631.jpg 1024w, https:\/\/szkolenia-udt.pl\/wp-content\/uploads\/2021\/09\/suwnica_2-768x474.jpg 768w, https:\/\/szkolenia-udt.pl\/wp-content\/uploads\/2021\/09\/suwnica_2.jpg 1273w\" sizes=\"auto, (max-width: 300px) 100vw, 300px\" \/><\/a><\/p>\n<h2 class=\"boldnagl\">Jeder Krankurs behandelt die folgenden Informationen, die f\u00fcr die Position des Kranf\u00fchrers erforderlich sind:<\/h2>\n<ul>\n<li>\u00dcberwachung der technischen Ausr\u00fcstung<\/li>\n<li>Bau und Betrieb von Anlagen<\/li>\n<li>Aufgaben des Bedieners bei der Arbeit<\/li>\n<li>Gesundheits- und Sicherheitsvorschriften<\/li>\n<li>praktische \u00dcbungen<\/li>\n<\/ul>\n<p>Wenn es um Laufkr\u00e4ne geht, ist unser Kurs nicht nur reich an Theorie, sondern auch an praktischen \u00dcbungen mit den Ger\u00e4ten. Dabei k\u00f6nnen die Teilnehmer die erworbenen Kenntnisse anwenden und lernen, wie sie die Ger\u00e4te am Arbeitsplatz richtig und sicher bedienen. Nach Abschluss des Kurses legen die Teilnehmer eine Pr\u00fcfung ab und erhalten eine Bescheinigung \u00fcber den Abschluss der Kranschulung sowie eine von der UDT ausgestellte Lizenz zum F\u00fchren des Ger\u00e4ts.<\/p>\n<h2 class=\"boldnagl\">Anforderungen<\/h2>\n<p>Der Kranf\u00fchrerlehrgang richtet sich an Personen, die die folgenden Anforderungen erf\u00fcllen:<\/p>\n<ul>\n<li>mindestens 18 Jahre alt sind<\/li>\n<li>mindestens die Primarschule abgeschlossen haben<\/li>\n<li>keine medizinischen Kontraindikationen f\u00fcr die Arbeit als Operator haben<\/li>\n<\/ul>\n<h2 class=\"boldnagl\">Wo sind wir t\u00e4tig?<\/h2>\n<p>Die Kurse f\u00fcr Kr\u00e4ne werden in Polen und an jedem von unseren Kunden angegebenen Ort durchgef\u00fchrt - wir kommen zu den Orten im ganzen Land. Unser Hauptsitz befindet sich in Warschau.<\/p>\n<p><a href=\"https:\/\/szkolenia-udt.pl\/wp-content\/uploads\/2021\/10\/Kopia-0031-oso-suwnice-ogolnego-i-specjalnego-przeznaczenia.jpg\"><img loading=\"lazy\" decoding=\"async\" class=\"alignnone wp-image-2569 size-large\" src=\"https:\/\/szkolenia-udt.pl\/wp-content\/uploads\/2021\/10\/Kopia-0031-oso-suwnice-ogolnego-i-specjalnego-przeznaczenia-1024x853.jpg\" alt=\"\" width=\"750\" height=\"625\" srcset=\"https:\/\/szkolenia-udt.pl\/wp-content\/uploads\/2021\/10\/Kopia-0031-oso-suwnice-ogolnego-i-specjalnego-przeznaczenia-1024x853.jpg 1024w, https:\/\/szkolenia-udt.pl\/wp-content\/uploads\/2021\/10\/Kopia-0031-oso-suwnice-ogolnego-i-specjalnego-przeznaczenia-300x250.jpg 300w, https:\/\/szkolenia-udt.pl\/wp-content\/uploads\/2021\/10\/Kopia-0031-oso-suwnice-ogolnego-i-specjalnego-przeznaczenia-768x640.jpg 768w, https:\/\/szkolenia-udt.pl\/wp-content\/uploads\/2021\/10\/Kopia-0031-oso-suwnice-ogolnego-i-specjalnego-przeznaczenia.jpg 1200w\" sizes=\"auto, (max-width: 750px) 100vw, 750px\" \/><\/a><\/p>","protected":false},"excerpt":{"rendered":"<p>Szkolenie na suwnice odbywa si\u0119 na naszej hali szkoleniowej w Warszawie na naszej suwnicy lub na terenie firmy klienta. Organizowany przez nasz o\u015brodek kurs sk\u0142ada si\u0119 z cz\u0119\u015bci: Teoretycznej Praktycznej Egzaminu UDT Wszystkie cz\u0119\u015bci kursu odbywaj\u0105 si\u0119 na naszej hali szkoleniowej w Warszawie lub w firmie klienta \u2013 dojazd do klienta gratis. Suwnica na kt\u00f3rej [&hellip;]<\/p>\n","protected":false},"author":3,"featured_media":2517,"parent":0,"menu_order":0,"comment_status":"closed","ping_status":"closed","template":"","meta":{"footnotes":""},"class_list":["post-2514","page","type-page","status-publish","has-post-thumbnail","hentry"],"aioseo_notices":[],"_links":{"self":[{"href":"https:\/\/szkolenia-udt.pl\/de\/wp-json\/wp\/v2\/pages\/2514","targetHints":{"allow":["GET"]}}],"collection":[{"href":"https:\/\/szkolenia-udt.pl\/de\/wp-json\/wp\/v2\/pages"}],"about":[{"href":"https:\/\/szkolenia-udt.pl\/de\/wp-json\/wp\/v2\/types\/page"}],"author":[{"embeddable":true,"href":"https:\/\/szkolenia-udt.pl\/de\/wp-json\/wp\/v2\/users\/3"}],"replies":[{"embeddable":true,"href":"https:\/\/szkolenia-udt.pl\/de\/wp-json\/wp\/v2\/comments?post=2514"}],"version-history":[{"count":26,"href":"https:\/\/szkolenia-udt.pl\/de\/wp-json\/wp\/v2\/pages\/2514\/revisions"}],"predecessor-version":[{"id":2572,"href":"https:\/\/szkolenia-udt.pl\/de\/wp-json\/wp\/v2\/pages\/2514\/revisions\/2572"}],"wp:featuredmedia":[{"embeddable":true,"href":"https:\/\/szkolenia-udt.pl\/de\/wp-json\/wp\/v2\/media\/2517"}],"wp:attachment":[{"href":"https:\/\/szkolenia-udt.pl\/de\/wp-json\/wp\/v2\/media?parent=2514"}],"curies":[{"name":"wp","href":"https:\/\/api.w.org\/{rel}","templated":true}]}}