{"id":2534,"date":"2021-09-21T20:22:45","date_gmt":"2021-09-21T20:22:45","guid":{"rendered":"https:\/\/szkolenia-udt.pl\/?page_id=2534"},"modified":"2021-09-21T20:59:19","modified_gmt":"2021-09-21T20:59:19","slug":"deckkrane","status":"publish","type":"page","link":"https:\/\/szkolenia-udt.pl\/de\/kursy\/uprawnienia-udt-tdt-wdt\/zurawie-pokladowe\/","title":{"rendered":"Deckskr\u00e4ne (Wartung)"},"content":{"rendered":"<p><a href=\"https:\/\/szkolenia-udt.pl\/wp-content\/uploads\/2021\/09\/zurawie_pladowe.jpg\"><img loading=\"lazy\" decoding=\"async\" class=\"aligncenter wp-image-2546 size-large\" src=\"https:\/\/szkolenia-udt.pl\/wp-content\/uploads\/2021\/09\/zurawie_pladowe-1024x556.jpg\" alt=\"\" width=\"750\" height=\"407\" srcset=\"https:\/\/szkolenia-udt.pl\/wp-content\/uploads\/2021\/09\/zurawie_pladowe-1024x556.jpg 1024w, https:\/\/szkolenia-udt.pl\/wp-content\/uploads\/2021\/09\/zurawie_pladowe-300x163.jpg 300w, https:\/\/szkolenia-udt.pl\/wp-content\/uploads\/2021\/09\/zurawie_pladowe-768x417.jpg 768w, https:\/\/szkolenia-udt.pl\/wp-content\/uploads\/2021\/09\/zurawie_pladowe-1536x834.jpg 1536w, https:\/\/szkolenia-udt.pl\/wp-content\/uploads\/2021\/09\/zurawie_pladowe.jpg 1562w\" sizes=\"auto, (max-width: 750px) 100vw, 750px\" \/><\/a><\/p>\n<h2>Preis der Ausbildung<\/h2>\n<div>Aktuell\u00a0<a href=\"https:\/\/szkolenia-udt.pl\/de\/oferta\/\">Ausbildungspreis<\/a>\u00a0f\u00fcr Kr\u00e4ne wird per Telefon ermittelt.<\/div>\n<div>Sie k\u00f6nnen uns gerne unter dieser Nummer kontaktieren:<\/div>\n<div style=\"text-align: center;\"><a style=\"font-size: 28px; font-weight: bold;\" href=\"Tel: +48504477077\">+48 504 477 077<\/a><\/div>\n<div>\n<h2 class=\"boldnagl\">Wo sind wir t\u00e4tig?<\/h2>\n<p>Wir bieten Kurse f\u00fcr Bordkr\u00e4ne in Polen und an Orten nach Wahl unserer Kunden an - wir sind landesweit unterwegs. Unser Hauptb\u00fcro <a href=\"https:\/\/szkolenia-udt.pl\/de\/o-firmie\/\">Zentrum<\/a> befindet sich in Warschau.<\/p>\n<p>Wenn Sie weitere Fragen zu unseren Kursen haben, wenden Sie sich bitte an <a href=\"https:\/\/szkolenia-udt.pl\/de\/kontakt\/\">Kontaktaufnahme mit uns<\/a>. Dann k\u00f6nnen wir Ihre Fragen umfassend beantworten und Sie \u00fcber die besten L\u00f6sungen beraten.<\/p>\n<\/div>\n<p><a href=\"https:\/\/szkolenia-udt.pl\/wp-content\/uploads\/2021\/09\/0047-oso-zurawie-pokladowekonserwacja-1.jpg\"><img loading=\"lazy\" decoding=\"async\" class=\"aligncenter wp-image-2538 size-large\" src=\"https:\/\/szkolenia-udt.pl\/wp-content\/uploads\/2021\/09\/0047-oso-zurawie-pokladowekonserwacja-1-1024x853.jpg\" alt=\"Werbedeckenkr\u00e4ne\" width=\"750\" height=\"625\" srcset=\"https:\/\/szkolenia-udt.pl\/wp-content\/uploads\/2021\/09\/0047-oso-zurawie-pokladowekonserwacja-1-1024x853.jpg 1024w, https:\/\/szkolenia-udt.pl\/wp-content\/uploads\/2021\/09\/0047-oso-zurawie-pokladowekonserwacja-1-300x250.jpg 300w, https:\/\/szkolenia-udt.pl\/wp-content\/uploads\/2021\/09\/0047-oso-zurawie-pokladowekonserwacja-1-768x640.jpg 768w, https:\/\/szkolenia-udt.pl\/wp-content\/uploads\/2021\/09\/0047-oso-zurawie-pokladowekonserwacja-1.jpg 1200w\" sizes=\"auto, (max-width: 750px) 100vw, 750px\" \/><\/a><\/p>","protected":false},"excerpt":{"rendered":"<p>Cena szkolenia Aktualna\u00a0cena szkolenia\u00a0na suwnice jest ustalana telefonicznie. Zapraszamy\u00a0do kontaktu pod numerem: +48 504 477 077 Gdzie dzia\u0142amy? Kursy na \u017curawie pok\u0142adowe realizujemy na terenie Polski oraz w miejscach dowolnie wskazanych przez naszych klient\u00f3w \u2013 doje\u017cd\u017camy na miejsce w ca\u0142ym kraju. G\u0142\u00f3wna siedziba naszego O\u015brodka znajduje si\u0119 w Warszawie. W razie dodatkowych pyta\u0144 dotycz\u0105cych naszych [&hellip;]<\/p>\n","protected":false},"author":3,"featured_media":2546,"parent":2266,"menu_order":0,"comment_status":"closed","ping_status":"closed","template":"","meta":{"footnotes":""},"class_list":["post-2534","page","type-page","status-publish","has-post-thumbnail","hentry"],"aioseo_notices":[],"_links":{"self":[{"href":"https:\/\/szkolenia-udt.pl\/de\/wp-json\/wp\/v2\/pages\/2534","targetHints":{"allow":["GET"]}}],"collection":[{"href":"https:\/\/szkolenia-udt.pl\/de\/wp-json\/wp\/v2\/pages"}],"about":[{"href":"https:\/\/szkolenia-udt.pl\/de\/wp-json\/wp\/v2\/types\/page"}],"author":[{"embeddable":true,"href":"https:\/\/szkolenia-udt.pl\/de\/wp-json\/wp\/v2\/users\/3"}],"replies":[{"embeddable":true,"href":"https:\/\/szkolenia-udt.pl\/de\/wp-json\/wp\/v2\/comments?post=2534"}],"version-history":[{"count":7,"href":"https:\/\/szkolenia-udt.pl\/de\/wp-json\/wp\/v2\/pages\/2534\/revisions"}],"predecessor-version":[{"id":2548,"href":"https:\/\/szkolenia-udt.pl\/de\/wp-json\/wp\/v2\/pages\/2534\/revisions\/2548"}],"up":[{"embeddable":true,"href":"https:\/\/szkolenia-udt.pl\/de\/wp-json\/wp\/v2\/pages\/2266"}],"wp:featuredmedia":[{"embeddable":true,"href":"https:\/\/szkolenia-udt.pl\/de\/wp-json\/wp\/v2\/media\/2546"}],"wp:attachment":[{"href":"https:\/\/szkolenia-udt.pl\/de\/wp-json\/wp\/v2\/media?parent=2534"}],"curies":[{"name":"wp","href":"https:\/\/api.w.org\/{rel}","templated":true}]}}