{"id":2583,"date":"2022-01-03T13:02:14","date_gmt":"2022-01-03T12:02:14","guid":{"rendered":"https:\/\/szkolenia-udt.pl\/?page_id=2583"},"modified":"2023-03-27T01:20:11","modified_gmt":"2023-03-26T23:20:11","slug":"schweisen","status":"publish","type":"page","link":"https:\/\/szkolenia-udt.pl\/de\/kursy\/spawanie\/","title":{"rendered":"Kurs Schwei\u00dfen"},"content":{"rendered":"<h2><span data-contrast=\"auto\"><a href=\"https:\/\/szkolenia-udt.pl\/wp-content\/uploads\/2022\/01\/spawanie_szkoleniaudt.jpg\"><img loading=\"lazy\" decoding=\"async\" class=\"size-medium wp-image-2584 alignleft\" src=\"https:\/\/szkolenia-udt.pl\/wp-content\/uploads\/2022\/01\/spawanie_szkoleniaudt-300x200.jpg\" alt=\"Eine Technik zum Verbinden von Metall unter Verwendung von Draht als Bindemittel.\" width=\"300\" height=\"200\" srcset=\"https:\/\/szkolenia-udt.pl\/wp-content\/uploads\/2022\/01\/spawanie_szkoleniaudt-300x200.jpg 300w, https:\/\/szkolenia-udt.pl\/wp-content\/uploads\/2022\/01\/spawanie_szkoleniaudt-1024x683.jpg 1024w, https:\/\/szkolenia-udt.pl\/wp-content\/uploads\/2022\/01\/spawanie_szkoleniaudt-768x512.jpg 768w, https:\/\/szkolenia-udt.pl\/wp-content\/uploads\/2022\/01\/spawanie_szkoleniaudt.jpg 1483w\" sizes=\"auto, (max-width: 300px) 100vw, 300px\" \/><\/a><\/span>WAS IST SCHWEISSEN?<\/h2>\n<p>Schwei\u00dfen ist das Verfahren, bei dem Metalle unter Verwendung von W\u00e4rme zum Schmelzen der Metallkanten mit oder ohne Verwendung eines Zusatzwerkstoffs dauerhaft miteinander verbunden werden, um eine Materialkontinuit\u00e4t an der Verbindungsstelle zu erreichen. Es gibt viele Methoden, um Metalle miteinander zu verschwei\u00dfen. Die h\u00e4ufigsten davon sind:<\/p>\n<ul>\n<li>Gasschwei\u00dfen<\/li>\n<li>Lichtbogenschwei\u00dfen mit umh\u00fcllten Elektroden<\/li>\n<li>Schutzgasschwei\u00dfen<\/li>\n<li>Unterpulverschwei\u00dfen<\/li>\n<\/ul>\n<h2>GASSCHWEISSVERFAHREN<\/h2>\n<p>Gasschwei\u00dfen ist eine Technik zum Verbinden von Metallen mit einem Draht als Schwei\u00dfzusatz, der in einer brennenden Flamme aus einem brennbaren Gas mit Sauerstoff geschmolzen wird. Bei diesem Verfahren wird \u00fcberwiegend Acetylen verwendet, nicht zuletzt wegen seiner Verbrennungstemperatur von bis zu ca. 3100 Grad Celsius, die es dem Schwei\u00dfer erm\u00f6glicht, den Schwei\u00dfvorgang einfach und schnell auszuf\u00fchren.<br \/>\n<div style=\"width: 640px;\" class=\"wp-video\"><video id=\"video-2583-1\" width=\"640\" height=\"360\" poster=\"https:\/\/szkolenia-udt.pl\/wp-content\/uploads\/2023\/03\/okladka-spawacz-OSO.jpg\" preload=\"metadata\" controls=\"controls\"><source type=\"video\/mp4\" src=\"https:\/\/szkolenia-udt.pl\/wp-content\/uploads\/2023\/03\/spawacz-SZKOLENIA-UDT.PL-OSO.mp4?_=1\" \/><a href=\"https:\/\/szkolenia-udt.pl\/wp-content\/uploads\/2023\/03\/spawacz-SZKOLENIA-UDT.PL-OSO.mp4\">https:\/\/szkolenia-udt.pl\/wp-content\/uploads\/2023\/03\/spawacz-SZKOLENIA-UDT.PL-OSO.mp4<\/a><\/video><\/div>\n<h2>LICHTBOGENSCHWEISSEN MIT UMH\u00dcLLTEN ELEKTRODEN<\/h2>\n<p>Beim Schwei\u00dfen mit umh\u00fcllten Elektroden wird ein Lichtbogen zwischen einer abschmelzenden Elektrode und dem zu schwei\u00dfenden Material erzeugt. Es bildet eine Schwei\u00dfnaht aus den aufgeschmolzenen Kanten des geschmolzenen Metalls mit den Metallen in der Ummantelung des geschmolzenen Elektrodenkerns. Die im Schwei\u00dfbad kristallisierende Schwei\u00dfnaht bildet ein Gasschild, das haupts\u00e4chlich aus CO2, CO und H2O besteht, sowie eine Schlackenschicht, die vor Sauerstoff und Stickstoff aus der Atmosph\u00e4re sch\u00fctzt. Das Schwei\u00dfen mit umh\u00fcllten Elektroden ist in der Regel eine manuelle Technik, die dem Schwei\u00dfer ein hohes Ma\u00df an Geschicklichkeit abverlangt, gleichzeitig aber dank der gro\u00dfen Auswahl an Elektroden, des breiten Spektrums an Einstellparametern und der Vielfalt an Schwei\u00dfpositionen f\u00fcr viele Werkstoffe die vielseitigste ist.<\/p>\n<h2>METALL-SCHUTZGASSCHWEISSEN<\/h2>\n<p>Das Gas-Metall-Lichtbogenschwei\u00dfen mit abschmelzenden Elektroden - GMA (Gas Metal Arc) - ist das am h\u00e4ufigsten verwendete Verfahren im Metallbau. Aufgrund der Verwendung von Gasen mit unterschiedlichen Eigenschaften wird dieses Verfahren in MIG (Metal Inert Gas) und MAG (Metal Active Gas) unterteilt. Beim MIG-Schwei\u00dfen werden inerte Gase wie Argon oder Helium verwendet, w\u00e4hrend beim MAG-Schwei\u00dfen chemisch aktive Gase wie Kohlendioxid, Sauerstoff, Wasserstoff, Stickstoff oder Distickstoffoxid eingesetzt werden. Diese werden entweder allein oder in Kombination mit Helium oder Argon verwendet.<\/p>\n<div class=\"filmw\">\n<div class=\"responsive-youtube\"><iframe loading=\"lazy\" title=\"YouTube-Video-Player\" src=\"https:\/\/www.youtube.com\/embed\/2qYimGxwoVU\" width=\"560\" height=\"315\" frameborder=\"0\" allowfullscreen=\"allowfullscreen\"><\/iframe><\/div>\n<\/div>\n<h2>UNTERPULVERSCHWEISSTECHNIK<\/h2>\n<p>Das Unterpulverschwei\u00dfen, allgemein als Flussmittelschwei\u00dfen bekannt, ist aufgrund der hohen Pr\u00e4zision des Verfahrens das am h\u00e4ufigsten eingesetzte mechanisierte Verfahren. Der gl\u00fchende Lichtbogen zwischen einer kontinuierlich zugef\u00fchrten Elektrode und den zu verbindenden Metallen wird von einer Schicht aus k\u00f6rnigem Flussmittel bedeckt. Auf diese Weise stabilisiert das verwendete Flussmittel den Lichtbogen und sch\u00fctzt das Schwei\u00dfbad vor dem Einfluss der atmosph\u00e4rischen Luft auf die chemische Zusammensetzung der Legierung.<\/p>\n<p>In unseren Kursen erwerben Sie unter der Anleitung von qualifizierten Ausbildern - Spezialisten auf ihrem Gebiet - die notwendigen Qualifikationen und F\u00e4higkeiten in Theorie und Praxis und lernen Schwei\u00dftechniken und -prinzipien kennen. Unser Angebot umfasst Ausbildungskurse auf verschiedenen Niveaus, auch f\u00fcr diejenigen, die ihre Qualifikationen erneuern m\u00f6chten. Unsere Kurse entsprechen den geltenden Gesetzen und Vorschriften.<\/p>\n<p><a href=\"https:\/\/szkolenia-udt.pl\/wp-content\/uploads\/2022\/01\/0072-oso.edu_.pl_.jpg\"><img loading=\"lazy\" decoding=\"async\" class=\"wp-image-2591 size-large aligncenter\" src=\"https:\/\/szkolenia-udt.pl\/wp-content\/uploads\/2022\/01\/0072-oso.edu_.pl_-1024x853.jpg\" alt=\"Einteilung der Schutzgasschwei\u00dfverfahren.\" width=\"750\" height=\"625\" srcset=\"https:\/\/szkolenia-udt.pl\/wp-content\/uploads\/2022\/01\/0072-oso.edu_.pl_-1024x853.jpg 1024w, https:\/\/szkolenia-udt.pl\/wp-content\/uploads\/2022\/01\/0072-oso.edu_.pl_-300x250.jpg 300w, https:\/\/szkolenia-udt.pl\/wp-content\/uploads\/2022\/01\/0072-oso.edu_.pl_-768x640.jpg 768w, https:\/\/szkolenia-udt.pl\/wp-content\/uploads\/2022\/01\/0072-oso.edu_.pl_.jpg 1200w\" sizes=\"auto, (max-width: 750px) 100vw, 750px\" \/><\/a><\/p>","protected":false},"excerpt":{"rendered":"<p>CZYM JEST SPAWANIE Spawanie to proces spajania metali z u\u017cyciem ciep\u0142a topi\u0105cego brzegi metalu z u\u017cyciem spoiwa lub bez w spos\u00f3b trwa\u0142y w celu uzyskania ci\u0105g\u0142o\u015bci materia\u0142owej w miejscu po\u0142\u0105czenia. W spawalnictwie istnieje wiele metod spajania metali. Najpopularniejsze z nich to: spawanie gazowe spawanie \u0142ukowe elektrodami otulonymi spawanie w os\u0142onach gazowych spawanie \u0142ukiem krytym METODA [&hellip;]<\/p>\n","protected":false},"author":3,"featured_media":2584,"parent":22,"menu_order":0,"comment_status":"closed","ping_status":"closed","template":"template-podkategorie.php","meta":{"footnotes":""},"class_list":["post-2583","page","type-page","status-publish","has-post-thumbnail","hentry"],"aioseo_notices":[],"_links":{"self":[{"href":"https:\/\/szkolenia-udt.pl\/de\/wp-json\/wp\/v2\/pages\/2583","targetHints":{"allow":["GET"]}}],"collection":[{"href":"https:\/\/szkolenia-udt.pl\/de\/wp-json\/wp\/v2\/pages"}],"about":[{"href":"https:\/\/szkolenia-udt.pl\/de\/wp-json\/wp\/v2\/types\/page"}],"author":[{"embeddable":true,"href":"https:\/\/szkolenia-udt.pl\/de\/wp-json\/wp\/v2\/users\/3"}],"replies":[{"embeddable":true,"href":"https:\/\/szkolenia-udt.pl\/de\/wp-json\/wp\/v2\/comments?post=2583"}],"version-history":[{"count":9,"href":"https:\/\/szkolenia-udt.pl\/de\/wp-json\/wp\/v2\/pages\/2583\/revisions"}],"predecessor-version":[{"id":4504,"href":"https:\/\/szkolenia-udt.pl\/de\/wp-json\/wp\/v2\/pages\/2583\/revisions\/4504"}],"up":[{"embeddable":true,"href":"https:\/\/szkolenia-udt.pl\/de\/wp-json\/wp\/v2\/pages\/22"}],"wp:featuredmedia":[{"embeddable":true,"href":"https:\/\/szkolenia-udt.pl\/de\/wp-json\/wp\/v2\/media\/2584"}],"wp:attachment":[{"href":"https:\/\/szkolenia-udt.pl\/de\/wp-json\/wp\/v2\/media?parent=2583"}],"curies":[{"name":"wp","href":"https:\/\/api.w.org\/{rel}","templated":true}]}}