{"id":2593,"date":"2022-01-03T14:17:24","date_gmt":"2022-01-03T13:17:24","guid":{"rendered":"https:\/\/szkolenia-udt.pl\/?page_id=2593"},"modified":"2022-01-08T02:24:19","modified_gmt":"2022-01-08T01:24:19","slug":"lichtwellenleiter-schweisen","status":"publish","type":"page","link":"https:\/\/szkolenia-udt.pl\/de\/kursy\/spawanie\/spawanie-swiatlowodow\/","title":{"rendered":"LWL-Schwei\u00dfkurs."},"content":{"rendered":"<p><span data-contrast=\"auto\"><a href=\"https:\/\/szkolenia-udt.pl\/wp-content\/uploads\/2022\/01\/spawanie_swiatlowodow.jpg\"><img loading=\"lazy\" decoding=\"async\" class=\"size-medium wp-image-2594 alignleft\" src=\"https:\/\/szkolenia-udt.pl\/wp-content\/uploads\/2022\/01\/spawanie_swiatlowodow-300x200.jpg\" alt=\"Vorbereitende T\u00e4tigkeiten im Schwei\u00dfprozess und ihre Folgen.\" width=\"300\" height=\"200\" srcset=\"https:\/\/szkolenia-udt.pl\/wp-content\/uploads\/2022\/01\/spawanie_swiatlowodow-300x200.jpg 300w, https:\/\/szkolenia-udt.pl\/wp-content\/uploads\/2022\/01\/spawanie_swiatlowodow-1024x683.jpg 1024w, https:\/\/szkolenia-udt.pl\/wp-content\/uploads\/2022\/01\/spawanie_swiatlowodow-768x512.jpg 768w, https:\/\/szkolenia-udt.pl\/wp-content\/uploads\/2022\/01\/spawanie_swiatlowodow-1536x1025.jpg 1536w, https:\/\/szkolenia-udt.pl\/wp-content\/uploads\/2022\/01\/spawanie_swiatlowodow.jpg 1559w\" sizes=\"auto, (max-width: 300px) 100vw, 300px\" \/><\/a>Unter Glasfaserschwei\u00dfen versteht man das Verbinden von Glasfaserkabeln durch einen thermischen Prozess mit Hilfe eines elektrischen Lichtbogens, wodurch eine so genannte dauerhafte Verbindung entsteht. Aufgrund des Aufbaus der Kabel selbst und ihres Verwendungszwecks erfordert die Ausf\u00fchrung einer solchen Verbindung vom Bediener besondere Pr\u00e4zision und Sorgfalt bei der Vorbereitung der Glasfaser f\u00fcr das Schwei\u00dfen. Denn die Qualit\u00e4t, Festigkeit und Dauerhaftigkeit ihrer Verbindung h\u00e4ngt in hohem Ma\u00dfe von diesen Merkmalen ab.<\/span><span data-ccp-props=\"{&quot;201341983&quot;:0,&quot;335559739&quot;:160,&quot;335559740&quot;:256}\">\u00a0<\/span><\/p>\n<p><strong>Vorbereitende T\u00e4tigkeiten f\u00fcr das Schwei\u00dfen:\u00a0<\/strong><\/p>\n<ul>\n<li data-leveltext=\"\uf0b7\" data-font=\"Symbol\" data-listid=\"1\" aria-setsize=\"-1\" data-aria-posinset=\"1\" data-aria-level=\"1\"><span data-contrast=\"auto\">Auswahl und Anbringung eines Schrumpfschlauchs in geeigneter L\u00e4nge und mit geeignetem Durchmesser f\u00fcr die Glasfaser, der nach dem Schwei\u00dfen zum Schutz der Verbindungsstelle verwendet wird.<\/span><span data-ccp-props=\"{&quot;134233279&quot;:true,&quot;201341983&quot;:0,&quot;335559739&quot;:160,&quot;335559740&quot;:256}\">\u00a0<\/span><\/li>\n<li data-leveltext=\"\uf0b7\" data-font=\"Symbol\" data-listid=\"1\" aria-setsize=\"-1\" data-aria-posinset=\"2\" data-aria-level=\"1\"><span data-contrast=\"auto\">Entfernen der Schutzschicht des Lichtwellenleiters mit einer verstellbaren Abisolierzange - Stripper. Mindestens 50 mm Au\u00dfenschicht und 30 mm Innenschicht.<\/span><span data-ccp-props=\"{&quot;134233279&quot;:true,&quot;201341983&quot;:0,&quot;335559739&quot;:160,&quot;335559740&quot;:256}\">\u00a0<\/span><\/li>\n<li data-leveltext=\"\uf0b7\" data-font=\"Symbol\" data-listid=\"1\" aria-setsize=\"-1\" data-aria-posinset=\"2\" data-aria-level=\"1\"><span data-contrast=\"auto\">Gr\u00fcndliche Reinigung des Glasfaserkabels an der Splei\u00dfstelle mit geeigneten, f\u00fcr diesen Zweck vorgesehenen Produkten oder einfach mit einem in Ethanol oder Propanol getr\u00e4nkten Wattest\u00e4bchen, Wattest\u00e4bchen, Wattest\u00e4bchen.<\/span><span data-ccp-props=\"{&quot;134233279&quot;:true,&quot;201341983&quot;:0,&quot;335559739&quot;:160,&quot;335559740&quot;:256}\">\u00a0<\/span><\/li>\n<li data-leveltext=\"\uf0b7\" data-font=\"Symbol\" data-listid=\"1\" aria-setsize=\"-1\" data-aria-posinset=\"2\" data-aria-level=\"1\"><span data-contrast=\"auto\">Exaktes Schneiden des Glasfaserkabels mit einem speziell entwickelten Glasfasermesser mit Diamantklinge so pr\u00e4zise wie m\u00f6glich, da dies der Hauptfaktor f\u00fcr die Korrektheit der Verbindung ist.<\/span><span data-ccp-props=\"{&quot;134233279&quot;:true,&quot;201341983&quot;:0,&quot;335559739&quot;:160,&quot;335559740&quot;:256}\">\u00a0<\/span><\/li>\n<li data-leveltext=\"\uf0b7\" data-font=\"Symbol\" data-listid=\"1\" aria-setsize=\"-1\" data-aria-posinset=\"2\" data-aria-level=\"1\"><span data-contrast=\"auto\">Vorbereitung des Schwei\u00dfkastens f\u00fcr die Schwei\u00dfarbeiten, Auswahl des geeigneten Programms und Einsetzen der Dr\u00e4hte in die ihrem Durchmesser entsprechenden V-Nuten.<\/span><span data-ccp-props=\"{&quot;134233279&quot;:true,&quot;201341983&quot;:0,&quot;335559739&quot;:160,&quot;335559740&quot;:256}\">\u00a0<\/span><\/li>\n<li data-leveltext=\"\uf0b7\" data-font=\"Symbol\" data-listid=\"1\" aria-setsize=\"-1\" data-aria-posinset=\"2\" data-aria-level=\"1\"><span data-contrast=\"auto\">Sichern Sie das Kabel an der Schwei\u00dfnaht mit einem entsprechend dimensionierten Schrumpfschlauch und schwei\u00dfen Sie das Ganze im Ofen.\u00a0<\/span><span data-ccp-props=\"{&quot;134233279&quot;:true,&quot;201341983&quot;:0,&quot;335559739&quot;:160,&quot;335559740&quot;:256}\">\u00a0<\/span><\/li>\n<\/ul>\n<p><span data-contrast=\"auto\">Da jede Splei\u00dfverbindung einer Glasfaser einen Verlust an \u00dcbertragungseigenschaften mit sich bringt, ist die Vorbereitung der Glasfaser einer der wichtigsten Faktoren im Splei\u00dfprozess. Daher sollte die Vorbereitung der Kabel vor dem Splei\u00dfen mit besonderer Sorgfalt erfolgen, um den Verlust der Signalqualit\u00e4t an der Splei\u00dfstelle zu minimieren. Daran m\u00fcssen wir immer und unbedingt denken, denn es wirkt sich unmittelbar auf die Qualit\u00e4t und Effizienz unserer Arbeit aus.<\/span><span data-ccp-props=\"{&quot;201341983&quot;:0,&quot;335559739&quot;:160,&quot;335559740&quot;:256}\">\u00a0<\/span><\/p>\n<p><span data-contrast=\"auto\">Unmittelbar nach der Vorbereitung der Fasern und ihrer Platzierung in den entsprechenden V-Nuten der Schwei\u00dfmaschine besteht der n\u00e4chste Schritt im Prozess des Schwei\u00dfens von Glasfasern darin, die Maschine selbst f\u00fcr den Schwei\u00dfvorgang vorzubereiten. Zu diesem Zweck sollte man das Handbuch der Maschine benutzen und das Schwei\u00dfprogramm ausw\u00e4hlen, das den Parametern der zu splei\u00dfenden optischen Fasern entspricht. Die meisten Glasfaserschwei\u00dfger\u00e4te verf\u00fcgen je nach Modell \u00fcber mehrere bis ein Dutzend Schwei\u00dfprogramme, die im Speicher des Ger\u00e4ts abgelegt sind. Nur einige von ihnen bieten dank eines umfangreichen Systems die M\u00f6glichkeit, eigene Programme zu erstellen und zu speichern, die z. B. beim Verbinden von Glasfasern verschiedener Hersteller n\u00fctzlich sind. Aber, nicht nur. Diese Option kann auch bei unbefriedigenden D\u00e4mpfungsparametern der Schwei\u00dfnaht infolge von Verzerrungen oder des so genannten Schwei\u00dfer\u00fcberlaufs genutzt werden, indem der geeignete Schwei\u00dfstrom eingestellt und ausgew\u00e4hlt wird.<\/span><span data-ccp-props=\"{&quot;201341983&quot;:0,&quot;335559739&quot;:160,&quot;335559740&quot;:256}\">\u00a0<\/span><\/p>\n<p><span data-contrast=\"auto\">Der eigentliche Schwei\u00dfvorgang erfolgt in vier Stufen und wird in einer Schwei\u00dfbox durchgef\u00fchrt, die gemeinhin als Schwei\u00dfmaschine bezeichnet wird. Der erste Schritt, der von der Schwei\u00dfmaschine ausgef\u00fchrt wird, ist die pr\u00e4zise Positionierung der zu verbindenden Kabel, wobei die Fasern genau aufeinander ausgerichtet werden. Der zweite Schritt ist das Vorw\u00e4rmen der Kabelenden, wobei sie \u00fcber eine Strecke von <\/span><span data-contrast=\"auto\">~ <\/span><span data-contrast=\"auto\">\u00b5m mit einer kontrollierten Wahl des Lichtbogenstroms, um die richtige Temperatur zu erreichen, bei der die Dr\u00e4hte erweicht werden, um die notwendige Flexibilit\u00e4t f\u00fcr die gew\u00fcnschte Verbindungsqualit\u00e4t zu erreichen. In der dritten Stufe werden die Kabel mit entsprechendem Druck und zu einem genau definierten Zeitpunkt zusammengef\u00fcgt, wobei die Dr\u00e4hte ordnungsgem\u00e4\u00df miteinander verbunden werden. In der abschlie\u00dfenden vierten Stufe wird W\u00e4rme an die verklebten Dr\u00e4hte abgegeben, was zu einer Verdickung und Kristallisation ihrer Struktur an der Verbindungsstelle f\u00fchrt.<\/span><span data-ccp-props=\"{&quot;201341983&quot;:0,&quot;335559739&quot;:160,&quot;335559740&quot;:256}\">\u00a0<\/span><\/p>\n<p><span data-contrast=\"auto\">Nachdem der Schwei\u00dfvorgang von der Schwei\u00dfbox ausgef\u00fchrt wurde, f\u00fchrt das Ger\u00e4t automatisch eine Diagnose der fertigen Verbindung durch. Nach der Pr\u00fcfung durch eine Sch\u00e4tzungsanalyse mit einem akzeptablen kleinen Fehler erhalten wir Informationen \u00fcber die Qualit\u00e4t der Schwei\u00dfnaht in Bezug auf die erzielte D\u00e4mpfung. Das zu erwartende Ergebnis sollte zwischen 0,01 dB und 0,05 dB liegen, andernfalls muss der gesamte Schwei\u00dfvorgang von vorn begonnen werden.<\/span><span data-ccp-props=\"{&quot;201341983&quot;:0,&quot;335559739&quot;:160,&quot;335559740&quot;:256}\">\u00a0<\/span><\/p>\n<p><a href=\"https:\/\/szkolenia-udt.pl\/wp-content\/uploads\/2022\/01\/0074-edu.oso_.pl_.jpg\"><img loading=\"lazy\" decoding=\"async\" class=\"wp-image-2595 size-large aligncenter\" src=\"https:\/\/szkolenia-udt.pl\/wp-content\/uploads\/2022\/01\/0074-edu.oso_.pl_-1024x853.jpg\" alt=\"Lichtwellenleiter-Schwei\u00dfger\u00e4t, Funktionsprinzip, Schwei\u00dfnahtdiagnose und D\u00e4mpfungsergebnis.\" width=\"750\" height=\"625\" srcset=\"https:\/\/szkolenia-udt.pl\/wp-content\/uploads\/2022\/01\/0074-edu.oso_.pl_-1024x853.jpg 1024w, https:\/\/szkolenia-udt.pl\/wp-content\/uploads\/2022\/01\/0074-edu.oso_.pl_-300x250.jpg 300w, https:\/\/szkolenia-udt.pl\/wp-content\/uploads\/2022\/01\/0074-edu.oso_.pl_-768x640.jpg 768w, https:\/\/szkolenia-udt.pl\/wp-content\/uploads\/2022\/01\/0074-edu.oso_.pl_.jpg 1200w\" sizes=\"auto, (max-width: 750px) 100vw, 750px\" \/><\/a><\/p>","protected":false},"excerpt":{"rendered":"<p>Spawanie \u015bwiat\u0142owod\u00f3w to \u0142\u0105czenie przewod\u00f3w \u015bwiat\u0142owodowych w procesie cieplnym z u\u017cyciem \u0142uku elektrycznego w wyniku, kt\u00f3rego otrzymujemy tak zwane po\u0142\u0105czenie sta\u0142e. Z uwagi na budow\u0119 samych przewod\u00f3w i ich przeznaczenia wykonanie takiego po\u0142\u0105czenia wymaga szczeg\u00f3lnej precyzji i staranno\u015bci od operatora ju\u017c w samej czynno\u015bci przygotowania w\u0142\u00f3kien \u015bwiat\u0142owodu do wykonania spawu. Od tych bowiem cech w [&hellip;]<\/p>\n","protected":false},"author":3,"featured_media":2594,"parent":2583,"menu_order":0,"comment_status":"closed","ping_status":"closed","template":"","meta":{"footnotes":""},"class_list":["post-2593","page","type-page","status-publish","has-post-thumbnail","hentry"],"aioseo_notices":[],"_links":{"self":[{"href":"https:\/\/szkolenia-udt.pl\/de\/wp-json\/wp\/v2\/pages\/2593","targetHints":{"allow":["GET"]}}],"collection":[{"href":"https:\/\/szkolenia-udt.pl\/de\/wp-json\/wp\/v2\/pages"}],"about":[{"href":"https:\/\/szkolenia-udt.pl\/de\/wp-json\/wp\/v2\/types\/page"}],"author":[{"embeddable":true,"href":"https:\/\/szkolenia-udt.pl\/de\/wp-json\/wp\/v2\/users\/3"}],"replies":[{"embeddable":true,"href":"https:\/\/szkolenia-udt.pl\/de\/wp-json\/wp\/v2\/comments?post=2593"}],"version-history":[{"count":2,"href":"https:\/\/szkolenia-udt.pl\/de\/wp-json\/wp\/v2\/pages\/2593\/revisions"}],"predecessor-version":[{"id":2607,"href":"https:\/\/szkolenia-udt.pl\/de\/wp-json\/wp\/v2\/pages\/2593\/revisions\/2607"}],"up":[{"embeddable":true,"href":"https:\/\/szkolenia-udt.pl\/de\/wp-json\/wp\/v2\/pages\/2583"}],"wp:featuredmedia":[{"embeddable":true,"href":"https:\/\/szkolenia-udt.pl\/de\/wp-json\/wp\/v2\/media\/2594"}],"wp:attachment":[{"href":"https:\/\/szkolenia-udt.pl\/de\/wp-json\/wp\/v2\/media?parent=2593"}],"curies":[{"name":"wp","href":"https:\/\/api.w.org\/{rel}","templated":true}]}}