{"id":2599,"date":"2022-01-03T16:14:56","date_gmt":"2022-01-03T15:14:56","guid":{"rendered":"https:\/\/szkolenia-udt.pl\/?page_id=2599"},"modified":"2023-03-13T16:08:23","modified_gmt":"2023-03-13T15:08:23","slug":"kranfuhrer","status":"publish","type":"page","link":"https:\/\/szkolenia-udt.pl\/de\/kursy\/uprawnienia-udt-tdt-wdt\/operator-suwnicy\/","title":{"rendered":"Kranf\u00fchrer"},"content":{"rendered":"<p><a href=\"https:\/\/szkolenia-udt.pl\/wp-content\/uploads\/2022\/01\/suwnce.jpg\"><img loading=\"lazy\" decoding=\"async\" class=\"alignleft\" src=\"https:\/\/szkolenia-udt.pl\/wp-content\/uploads\/2022\/01\/suwnce-300x289.jpg\" alt=\"Handhabungsger\u00e4te\" width=\"300\" height=\"289\" \/><\/a><a href=\"https:\/\/szkolenia-udt.pl\/de\/kursy\/suwnice\/\">Br\u00fcckenkran<\/a> ist ein Krantyp, ein Kran, der f\u00fcr die Handhabung durch intermittierende Bewegung ausgelegt ist. Dieser Krantyp zeichnet sich durch seine einfache Konstruktion aus, bei der ein Quertr\u00e4ger aus Metall als Br\u00fccke dient, der an seinen Enden auf Schienen ruht, auf denen er sich in beide Richtungen bewegen kann. Eine Winde (oder mehrere Winden, je nach Bedarf und konstruktiven Zw\u00e4ngen) ist an der Br\u00fccke befestigt und erm\u00f6glicht das Heben und Senken von Lasten sowie deren Bewegung in zwei Richtungen parallel zur L\u00e4ngsachse zwischen den Auflagerpunkten.<\/p>\n<p>Dank dieses Konstruktionsansatzes ist es m\u00f6glich, Krane sowohl in offenen als auch in geschlossenen R\u00e4umen einzusetzen, um sehr schwere Bauteile auf Baustellen oder in Industrieanlagen zu bewegen oder um Lasten in der Logistik im weitesten Sinne zu bewegen, zu be- oder entladen, zum Beispiel in Lagern, Depots oder H\u00e4fen. Aber auch diese einfachen L\u00f6sungen haben ihre Grenzen, was die Bewegung und den Aktionsradius des Krans betrifft. Diese sind vor allem auf die L\u00e4nge der Schienen zur\u00fcckzuf\u00fchren, die den Fahrweg des Krans begrenzen, auf die L\u00e4nge der Kranbr\u00fccke, die den horizontalen Aktionsradius des Hebezeugs bestimmt, und auf die H\u00f6he der Br\u00fcckenbefestigung, die den vertikalen Aktionsradius des Hebezeugs beeinflusst, was wiederum die Auswahl der Lasten im Verh\u00e4ltnis zu ihrer H\u00f6he einschr\u00e4nkt.<\/p>\n<p>Diese in ihrer Einfachheit genialen technischen L\u00f6sungen, die auf den grundlegenden Gesetzen der Physik beruhen, haben es den Konstrukteuren erm\u00f6glicht, Kr\u00e4ne zu bauen, die je nach ihrem Verwendungszweck strukturell unterschiedlich sind. Die g\u00e4ngigsten und bekanntesten sind Raupen- und Laufkr\u00e4ne, aber es gibt noch viele andere Arten von Kr\u00e4nen, die sich in ihrer Konstruktion unterscheiden, wie z. B. Portalkr\u00e4ne, Halbportalkr\u00e4ne, Auslegerkr\u00e4ne, S\u00e4ulenkr\u00e4ne und Modulkr\u00e4ne. Auch die Art des Kranantriebs (manuell, elektrisch, hydraulisch, pneumatisch oder Kombinationen davon), die Art der verwendeten Tr\u00e4ger (zylindrisch, Fachwerk) und deren Anzahl (Eintr\u00e4ger, Zweitr\u00e4ger, Mehrtr\u00e4ger) spielen bei der Kategorisierung von Kr\u00e4nen eine Rolle.<\/p>\n<p>Auch die Vielseitigkeit der Krane in Bezug auf die Steuerung ist zu erw\u00e4hnen. Je nach Bedarf, Einsatzzweck und externen Faktoren k\u00f6nnen Laufkr\u00e4ne von der Fahrerkabine aus, von der Arbeitsebene aus, per Kabelfernsteuerung, Funkfernsteuerung oder automatisch gesteuert werden.<\/p>\n<p>Aus den obigen Informationen wird deutlich, dass es sich um einen sehr praktischen, leicht zu bedienenden, effizienten und effektiven Krantyp handelt, dessen wichtigste Parameter sind:<\/p>\n<ul>\n<li>die Tragf\u00e4higkeit, d. h. das Gewicht der Last, die der Kran unter bestimmten Bedingungen heben kann<\/li>\n<li>Hubh\u00f6he, d. h. die H\u00f6he, bis zu der der Kran eine Last heben kann, gemessen vom Boden bei Laufkranen bzw. die H\u00f6he vom Boden bis zum Greifer in der oberen Position bei Greiferkranen<\/li>\n<li>die Spannweite, d. h. der Abstand zwischen den Schienen des Gleises, auf dem der Kran f\u00e4hrt<\/li>\n<\/ul>\n<p>Wenn Sie glauben, dass Sie Kranf\u00fchrer werden k\u00f6nnten, dass ein solcher Beruf f\u00fcr Sie interessant sein k\u00f6nnte und dass Sie sich beruflich weiterentwickeln und verwirklichen k\u00f6nnen, m\u00fcssen Sie sich \u00fcber die Anforderungen und Einschr\u00e4nkungen im Klaren sein, die Sie beim Erwerb eines Zertifikats f\u00fcr diesen Beruf zu beachten haben. In Polen ist die zust\u00e4ndige Institution, die Bescheinigungen ausstellt, die zur Arbeit als Kranf\u00fchrer berechtigen, das Amt f\u00fcr technische \u00dcberwachung, auch bekannt als UDT, das die ordnungsgem\u00e4\u00dfe und sichere Verwendung aller Arten von technischen Ger\u00e4ten, einschlie\u00dflich Kr\u00e4nen und Laufkr\u00e4nen, \u00fcberwacht. Die UDT hat auch die Aufgabe, den technischen Zustand dieser Ger\u00e4te zu kontrollieren, indem sie sie regelm\u00e4\u00dfigen technischen Inspektionen unterzieht und auf dieser Grundlage Sicherheitszertifikate ausstellt.<\/p>\n<div class=\"filmw\">\n<div class=\"responsive-youtube\"><iframe loading=\"lazy\" title=\"YouTube-Video-Player\" src=\"https:\/\/www.youtube.com\/embed\/EFy-SGiLltQ\" width=\"560\" height=\"315\" frameborder=\"0\" allowfullscreen=\"allowfullscreen\"><\/iframe><\/div>\n<\/div>\n<p>Bevor Ihnen das Technische \u00dcberwachungsamt das entsprechende Zeugnis ausstellt, m\u00fcssen Sie jedoch eine von dieser Institution organisierte Pr\u00fcfung ablegen. Um eine solche Pr\u00fcfung ablegen zu k\u00f6nnen, sollte ein Kranf\u00fchreranw\u00e4rter einen Kurs besuchen, der ihn sowohl in theoretischer als auch in praktischer Hinsicht auf die oben genannte Pr\u00fcfung vorbereitet. Vorzugsweise in einem von der zust\u00e4ndigen Stelle oder noch besser von T\u00dcV-zertifizierten Anbietern von speziellen Schulungen und Coachings organisierten Programm. Bevor Sie jedoch eine solche Ausbildung beginnen k\u00f6nnen, m\u00fcssen Sie ein \u00e4rztliches Attest vorlegen, aus dem hervorgeht, dass Sie aus gesundheitlichen Gr\u00fcnden nicht als Kranf\u00fchrer arbeiten k\u00f6nnen, sowie eine positive psychotechnische Untersuchung, die best\u00e4tigt, dass Sie die f\u00fcr diesen Beruf erforderlichen besonderen geistigen F\u00e4higkeiten besitzen.<\/p>\n<p>Warum sind \u00e4rztliche Untersuchungen und ein psychotechnischer Test wesentliche Elemente auf dem Weg zum Kranf\u00fchrerschein? Wie bei jeder k\u00f6rperlichen Arbeit, und dazu geh\u00f6rt auch die Arbeit mit einem Br\u00fcckenkran, gibt es viele Risiken und Unannehmlichkeiten. Dazu geh\u00f6ren u. a. \u00fcberm\u00e4\u00dfiger L\u00e4rm, schlechte Beleuchtung, wechselnde Witterungsbedingungen, zu langes Verharren in einer gleichbleibenden Position, gro\u00dfe k\u00f6rperliche Anstrengung, lange Konzentration auf oft sehr komplizierte Vorg\u00e4nge oder der Stress, Aufgaben sicher auszuf\u00fchren, ohne sich oder andere einem Unfallrisiko auszusetzen. All dies und noch viel mehr ergibt sich aus der Besonderheit der Arbeit, die vom Bediener besondere Pr\u00e4zision, Geduld, ungest\u00f6rte Wahrnehmung und vor allem Vorsicht und Sorgfalt bei der Einhaltung der Sicherheitsvorschriften verlangt.<br \/>\n<div style=\"width: 640px;\" class=\"wp-video\"><video id=\"video-2599-1\" width=\"640\" height=\"360\" poster=\"https:\/\/szkolenia-udt.pl\/wp-content\/uploads\/2023\/03\/okladka-suwnice-OSO.jpg\" preload=\"metadata\" controls=\"controls\"><source type=\"video\/mp4\" src=\"https:\/\/szkolenia-udt.pl\/wp-content\/uploads\/2023\/03\/suwnice-SZKOLENIA-UDT.PL-OSO.mp4?_=1\" \/><a href=\"https:\/\/szkolenia-udt.pl\/wp-content\/uploads\/2023\/03\/suwnice-SZKOLENIA-UDT.PL-OSO.mp4\">https:\/\/szkolenia-udt.pl\/wp-content\/uploads\/2023\/03\/suwnice-SZKOLENIA-UDT.PL-OSO.mp4<\/a><\/video><\/div>\nWenn Sie die \u00e4rztliche Untersuchung bestanden haben, k\u00f6nnen Sie sich auf die Suche und Auswahl des richtigen Unternehmens f\u00fcr die Ausbildung k\u00fcnftiger Kranf\u00fchrer konzentrieren. Dabei ist vor allem die Qualit\u00e4t der Ausbildung zu ber\u00fccksichtigen. Dies wird u. a. durch die T\u00dcV-Zertifizierung gew\u00e4hrleistet, \u00fcber die der Schulungsanbieter verf\u00fcgen muss. Der T\u00dcV ist eine internationale Organisation, die unter anderem daf\u00fcr sorgt, dass die h\u00f6chsten Industriestandards im Bereich der Arbeitssicherheit, der technologischen Prozessl\u00f6sungen sowie der Ausbildung und der regelm\u00e4\u00dfigen \u00dcberpr\u00fcfung der Kompetenz der Mitarbeiter w\u00e4hrend ihrer gesamten Laufbahn eingehalten werden. In einem solchen Unternehmen sind wir sicher, Ausbilder zu finden, die \u00fcber einschl\u00e4gige Erfahrungen in dem von uns gew\u00fcnschten Beruf verf\u00fcgen, die ein breites Wissen \u00fcber die damit verbundenen Fragen haben und die didaktisch so vorbereitet sind, dass sie es den Auszubildenden sowohl in theoretischer als auch in praktischer Hinsicht vermitteln k\u00f6nnen. Durch die Teilnahme an einem von einem solchen Unternehmen organisierten Lehrgang sind wir zuversichtlicher, dass wir ausreichende Kenntnisse erwerben und angemessen auf die Pr\u00fcfung vorbereitet werden.<\/p>\n<p>Ein zus\u00e4tzlicher Vorteil des Kurses und des Abschlusses in einer T\u00dcV-zertifizierten Einrichtung ist, dass er nicht nur von polnischen, sondern vor allem von ausl\u00e4ndischen Arbeitgebern respektiert und begr\u00fc\u00dft wird, was uns das Vertrauen gibt, dass unsere Bewerbungen wohlwollender gepr\u00fcft werden.<\/p>\n<p><a href=\"https:\/\/szkolenia-udt.pl\/wp-content\/uploads\/2022\/01\/0031-oso-suwnice-ogolnego-i-specjalnego-przeznaczenia.jpg\"><img loading=\"lazy\" decoding=\"async\" src=\"https:\/\/szkolenia-udt.pl\/wp-content\/uploads\/2022\/01\/0031-oso-suwnice-ogolnego-i-specjalnego-przeznaczenia-1024x853.jpg\" alt=\"\" width=\"750\" height=\"625\" \/><\/a><\/p>","protected":false},"excerpt":{"rendered":"<p>Suwnica jest rodzajem d\u017awigu, d\u017awignicy przeznaczonej do transportu bliskiego pracuj\u0105cej w trybie ruchu przerywanego. Ten rodzaj d\u017awigu charakteryzuje si\u0119 prostot\u0105 rozwi\u0105za\u0144 konstrukcyjnych polegaj\u0105cym na wykorzystaniu poprzecznej belki metalowej jako mostu opartego w jego skrajnych punktach na szynach dzi\u0119ki kt\u00f3rym mo\u017cliwe jest jego przemieszczanie wzd\u0142u\u017c nich w obu kierunkach. Do mostu natomiast przymocowana jest wci\u0105garka (b\u0105d\u017a [&hellip;]<\/p>\n","protected":false},"author":3,"featured_media":2600,"parent":2266,"menu_order":0,"comment_status":"closed","ping_status":"closed","template":"","meta":{"footnotes":""},"class_list":["post-2599","page","type-page","status-publish","has-post-thumbnail","hentry"],"aioseo_notices":[],"_links":{"self":[{"href":"https:\/\/szkolenia-udt.pl\/de\/wp-json\/wp\/v2\/pages\/2599","targetHints":{"allow":["GET"]}}],"collection":[{"href":"https:\/\/szkolenia-udt.pl\/de\/wp-json\/wp\/v2\/pages"}],"about":[{"href":"https:\/\/szkolenia-udt.pl\/de\/wp-json\/wp\/v2\/types\/page"}],"author":[{"embeddable":true,"href":"https:\/\/szkolenia-udt.pl\/de\/wp-json\/wp\/v2\/users\/3"}],"replies":[{"embeddable":true,"href":"https:\/\/szkolenia-udt.pl\/de\/wp-json\/wp\/v2\/comments?post=2599"}],"version-history":[{"count":7,"href":"https:\/\/szkolenia-udt.pl\/de\/wp-json\/wp\/v2\/pages\/2599\/revisions"}],"predecessor-version":[{"id":4505,"href":"https:\/\/szkolenia-udt.pl\/de\/wp-json\/wp\/v2\/pages\/2599\/revisions\/4505"}],"up":[{"embeddable":true,"href":"https:\/\/szkolenia-udt.pl\/de\/wp-json\/wp\/v2\/pages\/2266"}],"wp:featuredmedia":[{"embeddable":true,"href":"https:\/\/szkolenia-udt.pl\/de\/wp-json\/wp\/v2\/media\/2600"}],"wp:attachment":[{"href":"https:\/\/szkolenia-udt.pl\/de\/wp-json\/wp\/v2\/media?parent=2599"}],"curies":[{"name":"wp","href":"https:\/\/api.w.org\/{rel}","templated":true}]}}