{"id":2609,"date":"2022-01-12T16:33:31","date_gmt":"2022-01-12T15:33:31","guid":{"rendered":"https:\/\/szkolenia-udt.pl\/?page_id=2609"},"modified":"2023-05-05T23:11:46","modified_gmt":"2023-05-05T21:11:46","slug":"schweistechniken","status":"publish","type":"page","link":"https:\/\/szkolenia-udt.pl\/de\/kursy\/spawanie\/spawanie-metody-techniki\/","title":{"rendered":"Schwei\u00dfen. Methoden und Techniken."},"content":{"rendered":"<h2>Schwei\u00dfen. Techniken zum Verbinden von Materialien.<\/h2>\n<h2>Was ist Schwei\u00dfen?<\/h2>\n<p><a href=\"https:\/\/szkolenia-udt.pl\/wp-content\/uploads\/2022\/01\/canva-bez-tytulu-MAEPrJLAfoI.jpg\"><img loading=\"lazy\" decoding=\"async\" class=\"size-medium wp-image-2610 alignright\" src=\"https:\/\/szkolenia-udt.pl\/wp-content\/uploads\/2022\/01\/canva-bez-tytulu-MAEPrJLAfoI-300x200.jpg\" alt=\"Schweissverfahren. Definition. Beschreibung der Methoden.\" width=\"300\" height=\"200\" srcset=\"https:\/\/szkolenia-udt.pl\/wp-content\/uploads\/2022\/01\/canva-bez-tytulu-MAEPrJLAfoI-300x200.jpg 300w, https:\/\/szkolenia-udt.pl\/wp-content\/uploads\/2022\/01\/canva-bez-tytulu-MAEPrJLAfoI-1024x684.jpg 1024w, https:\/\/szkolenia-udt.pl\/wp-content\/uploads\/2022\/01\/canva-bez-tytulu-MAEPrJLAfoI-768x513.jpg 768w, https:\/\/szkolenia-udt.pl\/wp-content\/uploads\/2022\/01\/canva-bez-tytulu-MAEPrJLAfoI-1536x1025.jpg 1536w, https:\/\/szkolenia-udt.pl\/wp-content\/uploads\/2022\/01\/canva-bez-tytulu-MAEPrJLAfoI.jpg 1600w\" sizes=\"auto, (max-width: 300px) 100vw, 300px\" \/><\/a>Es handelt sich um ein Verfahren zum Verbinden von Metallen durch Erhitzen und Schmelzen mit oder ohne Verwendung eines Zusatzmetalls. Die W\u00e4rmequelle ist in der Regel der Schwei\u00dflichtbogen. Sie entsteht durch den Strom, der von der Schwei\u00dfmaschine erzeugt wird.<\/p>\n<p>Als g\u00e4ngigste Methode zum Verbinden von Metallen lassen sich die folgenden Schwei\u00dfarten unterscheiden:<\/p>\n<ul>\n<li>Gas<\/li>\n<li>Lichtbogenschwei\u00dfen mit umh\u00fcllten Elektroden<\/li>\n<li>gedeckter Bogen<\/li>\n<li>Speedway<\/li>\n<\/ul>\n<p>Bei der Gasabschirmung hingegen sind dies:<\/p>\n<ul>\n<li>MIG<\/li>\n<li>WIG<\/li>\n<li>MAG<\/li>\n<li>plasma<\/li>\n<li>Elektron<\/li>\n<\/ul>\n<h2>Beschreibung der Schwei\u00dfverfahren und ihrer Anwendungen<\/h2>\n<ul>\n<li>Gas (Methode 311)<\/li>\n<li>Lichtbogenschwei\u00dfen mit verdeckter Elektrode (Verfahren 111)<\/li>\n<li>gedeckter Bogen<\/li>\n<li>In Schlackenstein<\/li>\n<\/ul>\n<h2>Schwei\u00dfverfahren, Beschreibung der Funktionsweise und ihrer Anwendung:<\/h2>\n<h3>311 - Gasschwei\u00dfen<\/h3>\n<ul>\n<li>Verschmelzen der R\u00e4nder verbundener Metalle durch Erhitzen mit einer Flamme aus brennbarem Gas<\/li>\n<li>findet in einer Atmosph\u00e4re von zugef\u00fchrtem Sauerstoff statt.<\/li>\n<li>Acetylen wird haupts\u00e4chlich als Brenngas verwendet.<\/li>\n<\/ul>\n<p><strong>Anwendung der Methode<\/strong><\/p>\n<p>Die Methode wird bei allen Arten von Stahl und Nichteisenmetallen angewendet.<\/p>\n<h3>111 - Lichtbogenschwei\u00dfen mit verdeckten Elektronen<\/h3>\n<ul>\n<li>Das Verfahren besteht darin, Metalle an der Verbindungsstelle mit Hilfe eines Lichtbogens zu schmelzen, der zwischen dem Werkst\u00fcck und einer umh\u00fcllten Elektrode erzeugt wird.<\/li>\n<li>Gleichstrom oder Wechselstrom wird zum Schwei\u00dfen verwendet<\/li>\n<li>Bei dieser Methode werden ummantelte Elektroden verwendet:<\/li>\n<li>sauer (A)<\/li>\n<li>Rutil (R)<\/li>\n<li>alkalisch (B)<\/li>\n<li>Rutil-S\u00e4ure (RA)<\/li>\n<li>Zellulose (C)<\/li>\n<li>Rutil-Zellulose (RC)<\/li>\n<li>andere<\/li>\n<\/ul>\n<p><strong>Anwendung der Methode<\/strong><\/p>\n<p>Dieses Schwei\u00dfverfahren wird zum Verbinden mit allen unlegierten, niedrig- und hochlegierten St\u00e4hlen, Stahlguss, Gusseisen und Nichteisenmetallen eingesetzt.<\/p>\n<h3>135 - MAG (Metall-Aktiv-Gas)-Verfahren - Schmelzschwei\u00dfen mit aktiver Gasabschirmung<\/h3>\n<ul>\n<li>das Verfahren des Lichtbogenschwei\u00dfens mit einer abschmelzenden Elektrode in einem Schutzschild aus chemisch aktiven Gasen oder Gasgemischen.<\/li>\n<li>Massiv- oder Pulverdraht (F\u00fcllstoff) wird als schmelzbare Elektrode betrachtet<\/li>\n<li>Kohlendioxid oder Gasgemische, bestehend aus:\n<ul>\n<li>Argon,<\/li>\n<li>Sauerstoff,<\/li>\n<li>Kohlendioxid<\/li>\n<\/ul>\n<\/li>\n<\/ul>\n<p><strong>Anwendung der Methode<\/strong><\/p>\n<p>Das MAG-Verfahren wird zum Schwei\u00dfen von unlegierten, niedrig- und hochlegierten St\u00e4hlen eingesetzt.<\/p>\n<h3>131 - MIG (Metal Insert Gas)-Verfahren - F\u00fclldrahtschwei\u00dfen mit Schutzgas<\/h3>\n<ul>\n<li>das Verfahren des Lichtbogenschwei\u00dfens mit Massivdraht-Abbrandelektroden in einem Schutzgas.<\/li>\n<li>Wie bei der MAG-Methode dient der Draht auch hier als Bindemittel. Es ist ein Elektrodendraht<\/li>\n<li>Beim MIG-Schwei\u00dfen werden edle Schutzgase wie Argon und Helium sowie Mischungen dieser Gase verwendet.<\/li>\n<\/ul>\n<p><strong>Anwendung der Methode<\/strong><\/p>\n<p>Wir verwenden es beim Schwei\u00dfen von unabh\u00e4ngigen Metallen.<\/p>\n<h3>141 - WIG-Verfahren - Schwei\u00dfen mit nicht abschmelzender Elektrode unter Schutzgasabdeckung<\/h3>\n<ul>\n<li>der Prozess des Lichtbogenschwei\u00dfens mit einer nicht schmelzenden Elektrode in einem inerten Gasschutz.<\/li>\n<li>Beim WIG-Schwei\u00dfen werden Argon, Helium oder eine Mischung dieser Gase (wie beim MIG-Schwei\u00dfen) zur Abdeckung des Schwei\u00dfbereichs verwendet.<\/li>\n<\/ul>\n<p><strong>Anwendung der Methode<\/strong><\/p>\n<p>Das WIG-Schwei\u00dfen wird zum Verbinden von niedrig- und hochlegierten St\u00e4hlen und Nichteisenmetallen (Kupfer, Aluminium, Magnesium und deren Legierungen sowie Nickel) eingesetzt. Das WIG-Verfahren geh\u00f6rt zu den leistungsschw\u00e4cheren Methoden, bietet aber eine hohe Qualit\u00e4t und pr\u00e4zise Verarbeitung.<\/p>\n<h2>Wie viel verdient ein Schwei\u00dfer in Polen und im Ausland?<\/h2>\n<p>Zahlen f\u00fcr 2021:<\/p>\n<p><strong>Polen<\/strong><\/p>\n<table width=\"642\">\n<tbody>\n<tr>\n<td width=\"321\">Anf\u00e4nger<\/td>\n<td width=\"321\">3.000 PLN pro Monat<\/td>\n<\/tr>\n<tr>\n<td width=\"321\">Erfahrene<\/td>\n<td width=\"321\">5000 PLN pro Monat<\/td>\n<\/tr>\n<\/tbody>\n<\/table>\n<p><strong>Im Ausland<\/strong><\/p>\n<table>\n<tbody>\n<tr>\n<td width=\"321\">Deutschland<\/td>\n<td width=\"321\">5.000 EUR pro Monat<\/td>\n<\/tr>\n<tr>\n<td width=\"321\">USA<\/td>\n<td width=\"321\">25.000 USD pro Monat<\/td>\n<\/tr>\n<tr>\n<td width=\"321\">Niederlande<\/td>\n<td width=\"321\">3.000 - 4.000 EUR pro Monat<\/td>\n<\/tr>\n<tr>\n<td width=\"321\">Schweiz<\/td>\n<td width=\"321\">6.000 EUR pro Monat<\/td>\n<\/tr>\n<\/tbody>\n<\/table>\n<p>&nbsp;<\/p>\n<p>OSO organisiert Schwei\u00dfkurse in den Verfahren WIG, MAG und MIG.<\/p>\n<p><a href=\"https:\/\/szkolenia-udt.pl\/wp-content\/uploads\/2022\/01\/0072-oso.edu_.pl-1.jpg\"><img loading=\"lazy\" decoding=\"async\" class=\"alignnone wp-image-2611 size-large\" src=\"https:\/\/szkolenia-udt.pl\/wp-content\/uploads\/2022\/01\/0072-oso.edu_.pl-1-1024x853.jpg\" alt=\"Verdienst eines Schwei\u00dfers in Polen und im Ausland.\" width=\"750\" height=\"625\" srcset=\"https:\/\/szkolenia-udt.pl\/wp-content\/uploads\/2022\/01\/0072-oso.edu_.pl-1-1024x853.jpg 1024w, https:\/\/szkolenia-udt.pl\/wp-content\/uploads\/2022\/01\/0072-oso.edu_.pl-1-300x250.jpg 300w, https:\/\/szkolenia-udt.pl\/wp-content\/uploads\/2022\/01\/0072-oso.edu_.pl-1-768x640.jpg 768w, https:\/\/szkolenia-udt.pl\/wp-content\/uploads\/2022\/01\/0072-oso.edu_.pl-1.jpg 1200w\" sizes=\"auto, (max-width: 750px) 100vw, 750px\" \/><\/a><\/p>","protected":false},"excerpt":{"rendered":"<p>Spawanie. Techniki \u0142\u0105czenia materia\u0142\u00f3w. Czym jest spawanie? To spos\u00f3b \u0142\u0105czenia metali przez nagrzanie ich oraz stopienie za pomoc\u0105 spoiwa lub bez jego zastosowania. \u0179r\u00f3d\u0142em ciep\u0142a jest zazwyczaj \u0142uk spawalniczy. Powstaje on dzi\u0119ki pr\u0105dowi, kt\u00f3ry jest generowany przez urz\u0105dzenie spawalnicze. Rozr\u00f3\u017cni\u0107 mo\u017cemy nast\u0119puj\u0105ce rodzaje spawania jako najbardziej powszechnej metody \u0142\u0105czenia metali: gazowe \u0142ukowe elektrodami otulonymi \u0142ukiem [&hellip;]<\/p>\n","protected":false},"author":3,"featured_media":2610,"parent":2583,"menu_order":0,"comment_status":"closed","ping_status":"closed","template":"","meta":{"footnotes":""},"class_list":["post-2609","page","type-page","status-publish","has-post-thumbnail","hentry"],"aioseo_notices":[],"_links":{"self":[{"href":"https:\/\/szkolenia-udt.pl\/de\/wp-json\/wp\/v2\/pages\/2609","targetHints":{"allow":["GET"]}}],"collection":[{"href":"https:\/\/szkolenia-udt.pl\/de\/wp-json\/wp\/v2\/pages"}],"about":[{"href":"https:\/\/szkolenia-udt.pl\/de\/wp-json\/wp\/v2\/types\/page"}],"author":[{"embeddable":true,"href":"https:\/\/szkolenia-udt.pl\/de\/wp-json\/wp\/v2\/users\/3"}],"replies":[{"embeddable":true,"href":"https:\/\/szkolenia-udt.pl\/de\/wp-json\/wp\/v2\/comments?post=2609"}],"version-history":[{"count":4,"href":"https:\/\/szkolenia-udt.pl\/de\/wp-json\/wp\/v2\/pages\/2609\/revisions"}],"predecessor-version":[{"id":4849,"href":"https:\/\/szkolenia-udt.pl\/de\/wp-json\/wp\/v2\/pages\/2609\/revisions\/4849"}],"up":[{"embeddable":true,"href":"https:\/\/szkolenia-udt.pl\/de\/wp-json\/wp\/v2\/pages\/2583"}],"wp:featuredmedia":[{"embeddable":true,"href":"https:\/\/szkolenia-udt.pl\/de\/wp-json\/wp\/v2\/media\/2610"}],"wp:attachment":[{"href":"https:\/\/szkolenia-udt.pl\/de\/wp-json\/wp\/v2\/media?parent=2609"}],"curies":[{"name":"wp","href":"https:\/\/api.w.org\/{rel}","templated":true}]}}