{"id":2615,"date":"2022-01-14T01:07:11","date_gmt":"2022-01-14T00:07:11","guid":{"rendered":"https:\/\/szkolenia-udt.pl\/?page_id=2615"},"modified":"2022-10-21T16:13:47","modified_gmt":"2022-10-21T14:13:47","slug":"schweisverfahren","status":"publish","type":"page","link":"https:\/\/szkolenia-udt.pl\/de\/kursy\/spawanie\/spawanie-metody\/","title":{"rendered":"Schwei\u00dfen - Methoden"},"content":{"rendered":"<p><span data-contrast=\"auto\"><a href=\"https:\/\/szkolenia-udt.pl\/wp-content\/uploads\/2022\/01\/screen_2x-6.jpg\"><img loading=\"lazy\" decoding=\"async\" class=\"size-medium wp-image-2618 alignright\" src=\"https:\/\/szkolenia-udt.pl\/wp-content\/uploads\/2022\/01\/screen_2x-6-300x200.jpg\" alt=\"\" width=\"300\" height=\"200\" srcset=\"https:\/\/szkolenia-udt.pl\/wp-content\/uploads\/2022\/01\/screen_2x-6-300x200.jpg 300w, https:\/\/szkolenia-udt.pl\/wp-content\/uploads\/2022\/01\/screen_2x-6-1024x684.jpg 1024w, https:\/\/szkolenia-udt.pl\/wp-content\/uploads\/2022\/01\/screen_2x-6-768x513.jpg 768w, https:\/\/szkolenia-udt.pl\/wp-content\/uploads\/2022\/01\/screen_2x-6-1536x1025.jpg 1536w, https:\/\/szkolenia-udt.pl\/wp-content\/uploads\/2022\/01\/screen_2x-6.jpg 1600w\" sizes=\"auto, (max-width: 300px) 100vw, 300px\" \/><\/a>Mit Schwei\u00dfen assoziieren wir in erster Linie Verfahren zum Verbinden von Werkstoffen bei hohen Temperaturen unter Verwendung von Gasen oder Elektrizit\u00e4t, wie das Gasschwei\u00dfen oder das Lichtbogenschwei\u00dfen. Es gibt aber auch andere Schwei\u00dfverfahren, die zum Thema Schwei\u00dfen geh\u00f6ren. Dazu geh\u00f6ren Techniken:<\/span><span data-ccp-props=\"{&quot;201341983&quot;:0,&quot;335559739&quot;:160,&quot;335559740&quot;:259}\">\u00a0<\/span><\/p>\n<ul>\n<li data-leveltext=\"\uf0b7\" data-font=\"Symbol\" data-listid=\"1\" aria-setsize=\"-1\" data-aria-posinset=\"1\" data-aria-level=\"1\"><span data-contrast=\"auto\">elektrisches Widerstandsschwei\u00dfen<\/span><span data-ccp-props=\"{&quot;134233279&quot;:true,&quot;201341983&quot;:0,&quot;335559739&quot;:160,&quot;335559740&quot;:259}\">\u00a0<\/span><\/li>\n<li data-leveltext=\"\uf0b7\" data-font=\"Symbol\" data-listid=\"1\" aria-setsize=\"-1\" data-aria-posinset=\"2\" data-aria-level=\"1\"><span data-contrast=\"auto\">Reibschwei\u00dfen<\/span><span data-ccp-props=\"{&quot;134233279&quot;:true,&quot;201341983&quot;:0,&quot;335559739&quot;:160,&quot;335559740&quot;:259}\">\u00a0<\/span><\/li>\n<li data-leveltext=\"\uf0b7\" data-font=\"Symbol\" data-listid=\"1\" aria-setsize=\"-1\" data-aria-posinset=\"3\" data-aria-level=\"1\"><span data-contrast=\"auto\">L\u00f6ten<\/span><span data-ccp-props=\"{&quot;134233279&quot;:true,&quot;201341983&quot;:0,&quot;335559739&quot;:160,&quot;335559740&quot;:259}\">\u00a0<\/span><\/li>\n<li data-leveltext=\"\uf0b7\" data-font=\"Symbol\" data-listid=\"1\" aria-setsize=\"-1\" data-aria-posinset=\"4\" data-aria-level=\"1\"><span data-contrast=\"auto\">Verklebung<\/span><span data-ccp-props=\"{&quot;134233279&quot;:true,&quot;201341983&quot;:0,&quot;335559739&quot;:160,&quot;335559740&quot;:259}\">\u00a0<\/span><\/li>\n<\/ul>\n<h2><span data-contrast=\"auto\">ELEKTRISCHES SCHWEISSEN<\/span><span data-ccp-props=\"{&quot;201341983&quot;:0,&quot;335559739&quot;:160,&quot;335559740&quot;:259}\">\u00a0<\/span><\/h2>\n<p><span data-contrast=\"auto\">Bei dieser Methode werden die Materialien durch Druck lokal verbunden, begleitet von einer Erw\u00e4rmung oder einem Schmelzen der Materialien durch die W\u00e4rme eines elektrischen Widerstandsstroms, der durch sie flie\u00dft, unter Anwendung der Joule-Lenz-Beziehung. Es werden keine Fremdmaterialien als Bindemittel ben\u00f6tigt. Diese Methode wird am h\u00e4ufigsten beim Verbinden von Blechen, Profilen oder Teilen in Konstruktionen mit einer bestimmten Konstruktion verwendet. Die Qualit\u00e4t der Schwei\u00dfverbindung wird ma\u00dfgeblich von der W\u00e4rmemenge und dem Anpressdruck beeinflusst, wobei der Widerstand der zu schwei\u00dfenden Teile, der \u00dcbergangswiderstand zwischen den Teilen und dem Material sowie die Schwei\u00dfelektrode ber\u00fccksichtigt werden. Diese bestimmen die erforderliche W\u00e4rmemenge, den Stromst\u00e4rkebereich und die Dauer des Schwei\u00dfvorgangs in einem bestimmten Verfahren. Beim Elektroschwei\u00dfen sind die am h\u00e4ufigsten verwendeten Verfahren:<\/span><span data-ccp-props=\"{&quot;201341983&quot;:0,&quot;335559739&quot;:160,&quot;335559740&quot;:259}\">\u00a0<\/span><\/p>\n<ul>\n<li data-leveltext=\"\uf0b7\" data-font=\"Symbol\" data-listid=\"2\" aria-setsize=\"-1\" data-aria-posinset=\"1\" data-aria-level=\"1\"><span data-contrast=\"auto\">Punkt<\/span><span data-ccp-props=\"{&quot;134233279&quot;:true,&quot;201341983&quot;:0,&quot;335559739&quot;:160,&quot;335559740&quot;:259}\">\u00a0<\/span><\/li>\n<li data-leveltext=\"\uf0b7\" data-font=\"Symbol\" data-listid=\"2\" aria-setsize=\"-1\" data-aria-posinset=\"2\" data-aria-level=\"1\"><span data-contrast=\"auto\">linear<\/span><span data-ccp-props=\"{&quot;134233279&quot;:true,&quot;201341983&quot;:0,&quot;335559739&quot;:160,&quot;335559740&quot;:259}\">\u00a0<\/span><\/li>\n<li data-leveltext=\"\uf0b7\" data-font=\"Symbol\" data-listid=\"2\" aria-setsize=\"-1\" data-aria-posinset=\"3\" data-aria-level=\"1\"><span data-contrast=\"auto\">Bottom-up<\/span><span data-ccp-props=\"{&quot;134233279&quot;:true,&quot;201341983&quot;:0,&quot;335559739&quot;:160,&quot;335559740&quot;:259}\">\u00a0<\/span><\/li>\n<li data-leveltext=\"\uf0b7\" data-font=\"Symbol\" data-listid=\"2\" aria-setsize=\"-1\" data-aria-posinset=\"3\" data-aria-level=\"1\"><span data-contrast=\"auto\">Buckel<\/span><span data-ccp-props=\"{&quot;134233279&quot;:true,&quot;201341983&quot;:0,&quot;335559739&quot;:160,&quot;335559740&quot;:259}\">\u00a0<\/span><\/li>\n<\/ul>\n<p><span data-contrast=\"auto\">Die Wahl der geeigneten Methode h\u00e4ngt von den verwendeten Konstruktionsl\u00f6sungen ab. Das Widerstandsschwei\u00dfen ist in der Industrie weit verbreitet, da eine Vielzahl von Materialien mit diesem Verfahren verbunden werden kann. Dazu geh\u00f6ren Eisen- und Nichteisenmetalle, Kohlenstoffst\u00e4hle, legierte St\u00e4hle und hochlegierte St\u00e4hle, Aluminium, Nickel, Kupfer, Titan und deren Legierungen. Es k\u00f6nnen auch Stahlbleche mit Zink-, Aluminium- oder Kadmiumbeschichtung verbunden werden.<\/span><span data-ccp-props=\"{&quot;201341983&quot;:0,&quot;335559739&quot;:160,&quot;335559740&quot;:259}\">\u00a0<\/span><\/p>\n<h2><span data-contrast=\"auto\">REIBSCHWEISSEN<\/span><span data-ccp-props=\"{&quot;201341983&quot;:0,&quot;335559739&quot;:160,&quot;335559740&quot;:259}\">\u00a0<\/span><\/h2>\n<p><span data-contrast=\"auto\">Bei diesem Verfahren werden die Bauteile durch die Temperatur, die durch die Reibung ihrer Oberfl\u00e4chen aneinander entsteht, miteinander verbunden. Dabei wird eines der Bauteile fixiert und das andere unter Druck in eine Drehbewegung relativ zu ihrer gemeinsamen Achse versetzt.  Die Technik nutzt das Ph\u00e4nomen des Kriechens und der Diffusion von Partikeln, wenn feste Materialien miteinander verbunden werden. Bei diesem Vorgang wird Energie gewonnen, die in W\u00e4rme umgewandelt wird, die ben\u00f6tigt wird, um die Oberfl\u00e4chen der zu verbindenden Metalle auf eine Temperatur nahe dem Schmelzpunkt des betreffenden Materials zu erhitzen. Die Temperatur wird durch die aus der Klemmkraft gewonnene Energie gesteuert, und zwar nach der folgenden Formel: h\u00f6here Klemmkraft = h\u00f6herer Energiegewinn = h\u00f6here Temperatur. Sobald durch Reibung eine ausreichende Duktilit\u00e4t erreicht ist, werden die zu verbindenden Objekte fixiert und dann einer Kontaktkraft ausgesetzt, die in den meisten F\u00e4llen gr\u00f6\u00dfer ist als die Kontaktkraft, die bei der Erw\u00e4rmung der Kontaktfl\u00e4chen angewendet wird. Das Reibschwei\u00dfen ist eine relativ junge Entwicklung, die in der zweiten H\u00e4lfte des letzten Jahrhunderts aufkam, aber heute in der Metallindustrie in gro\u00dfem Umfang eingesetzt wird, insbesondere bei der Herstellung von Gro\u00dfserien wie Werkzeugen, Autoteilen und Aluminiumfelgen. Die Technologie wird st\u00e4ndig weiter erforscht und verbessert, und es gibt neue und immer breitere Anwendungen.<\/span><span data-ccp-props=\"{&quot;201341983&quot;:0,&quot;335559739&quot;:160,&quot;335559740&quot;:259}\">\u00a0<\/span><\/p>\n<h2><span data-contrast=\"auto\">BUTTING<\/span><span data-ccp-props=\"{&quot;201341983&quot;:0,&quot;335559739&quot;:160,&quot;335559740&quot;:259}\">\u00a0<\/span><\/h2>\n<p><span data-contrast=\"auto\">Es handelt sich um ein anderes Verfahren als das Schwei\u00dfen, bei dem die Bauteile verbunden werden, ohne sie zu schmelzen. Nur das F\u00fcllmaterial wird geschmolzen. Das zum Kleben verwendete Material muss einen niedrigeren Schmelzpunkt haben als die zu l\u00f6tenden Teile. Das am h\u00e4ufigsten verwendete Verbindungsmaterial im L\u00f6tprozess ist Flussmittel und Lot. Ein wichtiges und charakteristisches Merkmal dieser Technik ist der Spalt zwischen den zu l\u00f6tenden Bauteilen, der so genannte L\u00f6tspalt, und seine Kapillareigenschaften. Das hei\u00dft, die F\u00e4higkeit des fl\u00fcssigen Lots, den Spalt zu f\u00fcllen, h\u00e4ngt eng mit dem Innendruck des Spalts und dem Umgebungsdruck zusammen. Die Breite des Schwei\u00dfspaltes hat neben der Dichte und Viskosit\u00e4t des Lotes und der Oberfl\u00e4chenspannung den gr\u00f6\u00dften Einfluss auf die Kapillarit\u00e4t. Wenn das F\u00fcgeverfahren einen nicht-kapillaren Spalt oder eine Abschr\u00e4gung der zu schwei\u00dfenden Teile beinhaltet, wird der Vorgang als Hartl\u00f6ten bezeichnet. Das Hartl\u00f6ten kann je nach den dabei verwendeten Temperaturen in zwei Verfahren unterteilt werden. Weichl\u00f6ten, bei dem die Verbindung bei Temperaturen bis 450 \u00b0C erfolgt, und Hartl\u00f6ten, bei dem der Prozess bei Temperaturen \u00fcber 450 \u00b0C abl\u00e4uft. Hartl\u00f6ten ist eine der beliebtesten und \u00e4ltesten Techniken zum Verbinden von Materialien, die bereits 5.000 v. Chr. bekannt war. In der Arch\u00e4ologie gibt es zahlreiche Beispiele f\u00fcr Artefakte in Form von Ornamenten oder Schmuck, die mit dieser Technologie aus Edelmetallen hergestellt wurden. Heute ist das L\u00f6ten neben dem Schwei\u00dfen das am h\u00e4ufigsten verwendete Verbindungsverfahren. Wir verwenden es sowohl f\u00fcr Metalle als auch f\u00fcr Nichtmetalle, wie Keramik, Glas, Graphit und viele andere, und zwar nicht nur f\u00fcr homogene Verbindungen, sondern auch f\u00fcr das Verbinden strukturell unterschiedlicher Materialien.<\/span><span data-ccp-props=\"{&quot;201341983&quot;:0,&quot;335559739&quot;:160,&quot;335559740&quot;:259}\">\u00a0<\/span><\/p>\n<h2><span data-contrast=\"auto\">GLUING<\/span><span data-ccp-props=\"{&quot;201341983&quot;:0,&quot;335559739&quot;:160,&quot;335559740&quot;:259}\">\u00a0<\/span><\/h2>\n<p><span data-contrast=\"auto\">Es handelt sich um ein Verfahren zum Verbinden von uniformen und un\u00e4hnlichen Materialien unter Verwendung einer nichtmetallischen Substanz als Bindemittel in Form eines Klebstoffs. Die Wahl des richtigen Klebstoffs ist ein besonders wichtiger technologischer Faktor, da er die Funktionalit\u00e4t der Verbindung bestimmt, da er einen erheblichen Einfluss auf die mechanische Festigkeit der Verbindung, die Best\u00e4ndigkeit gegen hohe Temperaturen, die Elastizit\u00e4t der Verbindung und ihre Haltbarkeit unter ung\u00fcnstigen Umweltbedingungen hat. Um die richtige Verbindung zu finden, m\u00fcssen wir die Art der zu verbindenden Materialien in einem bestimmten technologischen Prozess ber\u00fccksichtigen, wobei die Art der Konstruktion und ihr Zweck sowie der Einfluss der Betriebsbedingungen auf die Funktion der Verbindung zu ber\u00fccksichtigen sind. Der erste Schritt bei der Verklebung ist die richtige Vorbereitung der zu verbindenden Elemente, die sich auf die Qualit\u00e4t und die Eigenschaften der Verbindung auswirkt. Ein wichtiges Element des Klebeprozesses ist die Art des Auftragens des Klebstoffs, sei es manuell oder maschinell. Wichtig ist die richtige Dicke der aufgetragenen Klebeschicht und ihre gleichm\u00e4\u00dfige Verteilung auf den zu verbindenden Fl\u00e4chen. Die Methode zum Auftragen des Klebstoffs wird anhand seiner Eigenschaften wie Viskosit\u00e4t, Konsistenz und Verwendungsdauer ausgew\u00e4hlt. Je nach Art des Klebstoffs und seiner Anwendung wird er auf eine oder beide zu verbindenden Fl\u00e4chen durch Punkt, Linie, Stich oder Fl\u00e4che aufgetragen. Das letzte Element des Klebeprozesses ist die Aush\u00e4rtung. Sie h\u00e4ngt von der Art des verwendeten Klebstoffs ab und kann durch einen physikalischen Prozess oder eine chemische Reaktion unter Verwendung von W\u00e4rme oder ultravioletter Strahlung erfolgen. Zeit, Temperatur, Druck und Fixierung der zu verklebenden Teile sind wichtig f\u00fcr die Aush\u00e4rtung.<\/span><span data-ccp-props=\"{&quot;201341983&quot;:0,&quot;335559739&quot;:160,&quot;335559740&quot;:259}\">\u00a0<\/span><\/p>\n<p><a href=\"https:\/\/szkolenia-udt.pl\/wp-content\/uploads\/2022\/01\/0072-oso.edu_.pl-1.jpg\"><img loading=\"lazy\" decoding=\"async\" class=\"aligncenter wp-image-2611 size-large\" src=\"https:\/\/szkolenia-udt.pl\/wp-content\/uploads\/2022\/01\/0072-oso.edu_.pl-1-1024x853.jpg\" alt=\"Verdienst eines Schwei\u00dfers in Polen und im Ausland.\" width=\"750\" height=\"625\" srcset=\"https:\/\/szkolenia-udt.pl\/wp-content\/uploads\/2022\/01\/0072-oso.edu_.pl-1-1024x853.jpg 1024w, https:\/\/szkolenia-udt.pl\/wp-content\/uploads\/2022\/01\/0072-oso.edu_.pl-1-300x250.jpg 300w, https:\/\/szkolenia-udt.pl\/wp-content\/uploads\/2022\/01\/0072-oso.edu_.pl-1-768x640.jpg 768w, https:\/\/szkolenia-udt.pl\/wp-content\/uploads\/2022\/01\/0072-oso.edu_.pl-1.jpg 1200w\" sizes=\"auto, (max-width: 750px) 100vw, 750px\" \/><\/a><\/p>","protected":false},"excerpt":{"rendered":"<p>Spawanie kojarzy si\u0119 nam g\u0142\u00f3wnie z metodami \u0142\u0105czenia materia\u0142\u00f3w w wysokich temperaturach z u\u017cyciem gaz\u00f3w czy pr\u0105du, takimi jak spawanie gazowe czy spawanie z u\u017cyciem \u0142uku elektrycznego. Istniej\u0105 jednak inne metody spajania, kt\u00f3re wchodz\u0105 w sk\u0142ad zagadnienia jakim jest spawalnictwo. Nale\u017c\u0105 do nich techniki:\u00a0 zgrzewanie elektryczne oporowe\u00a0 zgrzewanie tarciowe\u00a0 lutowanie\u00a0 klejenie\u00a0 ZGRZEWANIE ELEKTRYCZNE\u00a0 W metodzie [&hellip;]<\/p>\n","protected":false},"author":3,"featured_media":2618,"parent":2583,"menu_order":0,"comment_status":"closed","ping_status":"closed","template":"","meta":{"footnotes":""},"class_list":["post-2615","page","type-page","status-publish","has-post-thumbnail","hentry"],"aioseo_notices":[],"_links":{"self":[{"href":"https:\/\/szkolenia-udt.pl\/de\/wp-json\/wp\/v2\/pages\/2615","targetHints":{"allow":["GET"]}}],"collection":[{"href":"https:\/\/szkolenia-udt.pl\/de\/wp-json\/wp\/v2\/pages"}],"about":[{"href":"https:\/\/szkolenia-udt.pl\/de\/wp-json\/wp\/v2\/types\/page"}],"author":[{"embeddable":true,"href":"https:\/\/szkolenia-udt.pl\/de\/wp-json\/wp\/v2\/users\/3"}],"replies":[{"embeddable":true,"href":"https:\/\/szkolenia-udt.pl\/de\/wp-json\/wp\/v2\/comments?post=2615"}],"version-history":[{"count":5,"href":"https:\/\/szkolenia-udt.pl\/de\/wp-json\/wp\/v2\/pages\/2615\/revisions"}],"predecessor-version":[{"id":3426,"href":"https:\/\/szkolenia-udt.pl\/de\/wp-json\/wp\/v2\/pages\/2615\/revisions\/3426"}],"up":[{"embeddable":true,"href":"https:\/\/szkolenia-udt.pl\/de\/wp-json\/wp\/v2\/pages\/2583"}],"wp:featuredmedia":[{"embeddable":true,"href":"https:\/\/szkolenia-udt.pl\/de\/wp-json\/wp\/v2\/media\/2618"}],"wp:attachment":[{"href":"https:\/\/szkolenia-udt.pl\/de\/wp-json\/wp\/v2\/media?parent=2615"}],"curies":[{"name":"wp","href":"https:\/\/api.w.org\/{rel}","templated":true}]}}