{"id":2620,"date":"2022-01-14T01:13:50","date_gmt":"2022-01-14T00:13:50","guid":{"rendered":"https:\/\/szkolenia-udt.pl\/?page_id=2620"},"modified":"2022-01-14T01:15:42","modified_gmt":"2022-01-14T00:15:42","slug":"gasschweistechniken","status":"publish","type":"page","link":"https:\/\/szkolenia-udt.pl\/de\/kursy\/spawanie\/techniki-spawania-gazowego\/","title":{"rendered":"Gasschwei\u00dfverfahren und -techniken"},"content":{"rendered":"<p><span data-contrast=\"auto\"><a href=\"https:\/\/szkolenia-udt.pl\/wp-content\/uploads\/2022\/01\/screen_2x-7.jpg\"><img loading=\"lazy\" decoding=\"async\" class=\"size-medium wp-image-2622 alignright\" src=\"https:\/\/szkolenia-udt.pl\/wp-content\/uploads\/2022\/01\/screen_2x-7-300x200.jpg\" alt=\"\" width=\"300\" height=\"200\" srcset=\"https:\/\/szkolenia-udt.pl\/wp-content\/uploads\/2022\/01\/screen_2x-7-300x200.jpg 300w, https:\/\/szkolenia-udt.pl\/wp-content\/uploads\/2022\/01\/screen_2x-7-1024x682.jpg 1024w, https:\/\/szkolenia-udt.pl\/wp-content\/uploads\/2022\/01\/screen_2x-7-768x511.jpg 768w, https:\/\/szkolenia-udt.pl\/wp-content\/uploads\/2022\/01\/screen_2x-7-1536x1022.jpg 1536w, https:\/\/szkolenia-udt.pl\/wp-content\/uploads\/2022\/01\/screen_2x-7.jpg 1600w\" sizes=\"auto, (max-width: 300px) 100vw, 300px\" \/><\/a>Beim Autogenschwei\u00dfen (311) gibt es drei grundlegende Methoden in Bezug auf die Brennerf\u00fchrung, die Zuf\u00fchrtechnik des Zusatzwerkstoffs und die Positionierung der Schwei\u00dfnaht, wobei die Dicke der zu verbindenden Werkst\u00fccke ber\u00fccksichtigt wird:<\/span><span data-ccp-props=\"{&quot;201341983&quot;:0,&quot;335559739&quot;:160,&quot;335559740&quot;:259}\">\u00a0<\/span><\/p>\n<ul>\n<li data-leveltext=\"\uf0b7\" data-font=\"Symbol\" data-listid=\"1\" aria-setsize=\"-1\" data-aria-posinset=\"1\" data-aria-level=\"1\"><span data-contrast=\"auto\">links<\/span><span data-ccp-props=\"{&quot;134233279&quot;:true,&quot;201341983&quot;:0,&quot;335559739&quot;:160,&quot;335559740&quot;:259}\">\u00a0<\/span><\/li>\n<li data-leveltext=\"\uf0b7\" data-font=\"Symbol\" data-listid=\"1\" aria-setsize=\"-1\" data-aria-posinset=\"2\" data-aria-level=\"1\"><span data-contrast=\"auto\">rechts<\/span><span data-ccp-props=\"{&quot;134233279&quot;:true,&quot;201341983&quot;:0,&quot;335559739&quot;:160,&quot;335559740&quot;:259}\">\u00a0<\/span><\/li>\n<li data-leveltext=\"\uf0b7\" data-font=\"Symbol\" data-listid=\"1\" aria-setsize=\"-1\" data-aria-posinset=\"3\" data-aria-level=\"1\"><span data-contrast=\"auto\">auf<\/span><span data-ccp-props=\"{&quot;134233279&quot;:true,&quot;201341983&quot;:0,&quot;335559739&quot;:160,&quot;335559740&quot;:259}\">\u00a0<\/span><\/li>\n<\/ul>\n<h2><span data-contrast=\"auto\">LINKS<\/span><span data-ccp-props=\"{&quot;201341983&quot;:0,&quot;335559739&quot;:160,&quot;335559740&quot;:259}\">\u00a0<\/span><\/h2>\n<p><span data-contrast=\"auto\">Wie der Name schon sagt, wird von rechts nach links geschwei\u00dft, wobei die Brennerflamme auf die noch nicht geschmolzenen Kanten gerichtet wird und die Kanten der zu verbindenden Teile schmilzt. Gleichzeitig wird das Ende des geschmolzenen Drahtes, aus dem der Zusatzwerkstoff geformt wird, in den Bereich der so genannten \"Kita-Flamme\" gef\u00fchrt, wodurch die Verbindungsstelle vor Sauerstoff und Stickstoff aus der Atmosph\u00e4re gesch\u00fctzt wird. Der Draht wird mit leichten, gleichm\u00e4\u00dfigen, intermittierenden vertikalen Bewegungen durch das Metallbad gef\u00fchrt, wodurch die Menge des zugef\u00fchrten F\u00fcllmaterials gesteuert wird. Diese Methode ist relativ leicht zu erlernen, und ihr Hauptvorteil besteht darin, dass sie das Erreichen einer glatten und \u00e4sthetisch ansprechenden Schwei\u00dffl\u00e4che erleichtert. Diese Technik wird haupts\u00e4chlich zum Schwei\u00dfen von d\u00fcnnen Blechen bis zu einer Dicke von 4 mm verwendet.<\/span><span data-ccp-props=\"{&quot;201341983&quot;:0,&quot;335559739&quot;:160,&quot;335559740&quot;:259}\">\u00a0<\/span><\/p>\n<p><strong>Das Schwei\u00dfen auf der linken Seite hat auch seine Nachteile, zu denen vor allem geh\u00f6ren:\u00a0<\/strong><\/p>\n<ul>\n<li data-leveltext=\"\uf0b7\" data-font=\"Symbol\" data-listid=\"2\" aria-setsize=\"-1\" data-aria-posinset=\"1\" data-aria-level=\"1\"><span data-contrast=\"auto\">geringer Wirkungsgrad aufgrund der Schwierigkeit, die Kanten der zu verbindenden Teile gleichm\u00e4\u00dfig zu schmelzen,<\/span><span data-ccp-props=\"{&quot;134233279&quot;:true,&quot;201341983&quot;:0,&quot;335559739&quot;:160,&quot;335559740&quot;:259}\">\u00a0<\/span><\/li>\n<li data-leveltext=\"\uf0b7\" data-font=\"Symbol\" data-listid=\"2\" aria-setsize=\"-1\" data-aria-posinset=\"2\" data-aria-level=\"1\"><span data-contrast=\"auto\">fehlendes Umschmelzen durch ungleichm\u00e4\u00dfiges Schmelzen der Metalle,<\/span><span data-ccp-props=\"{&quot;134233279&quot;:true,&quot;201341983&quot;:0,&quot;335559739&quot;:160,&quot;335559740&quot;:259}\">\u00a0<\/span><\/li>\n<li data-leveltext=\"\uf0b7\" data-font=\"Symbol\" data-listid=\"2\" aria-setsize=\"-1\" data-aria-posinset=\"2\" data-aria-level=\"1\"><span data-contrast=\"auto\">geringe Haltbarkeit aufgrund der Festigkeitseigenschaften der Schwei\u00dfnaht,<\/span><span data-ccp-props=\"{&quot;134233279&quot;:true,&quot;201341983&quot;:0,&quot;335559739&quot;:160,&quot;335559740&quot;:259}\">\u00a0<\/span><\/li>\n<li data-leveltext=\"\uf0b7\" data-font=\"Symbol\" data-listid=\"2\" aria-setsize=\"-1\" data-aria-posinset=\"2\" data-aria-level=\"1\"><span data-contrast=\"auto\">schnelle Abk\u00fchlung, die die Bildung von Blasen und Poren in der Schwei\u00dfnaht f\u00f6rdert.<\/span><span data-ccp-props=\"{&quot;134233279&quot;:true,&quot;201341983&quot;:0,&quot;335559739&quot;:160,&quot;335559740&quot;:259}\">\u00a0<\/span><\/li>\n<\/ul>\n<p><span data-contrast=\"auto\">Daher wird diese Technik nicht f\u00fcr verantwortungsvolle Verbindungen, langlebige Konstruktionen, anspruchsvolle und komplexe Konstruktionen, die h\u00f6heren Kr\u00e4ften ausgesetzt sind, verwendet.<\/span><span data-ccp-props=\"{&quot;201341983&quot;:0,&quot;335559739&quot;:160,&quot;335559740&quot;:259}\">\u00a0<\/span><\/p>\n<h2><span data-contrast=\"auto\">RECHTS<\/span><span data-ccp-props=\"{&quot;201341983&quot;:0,&quot;335559739&quot;:160,&quot;335559740&quot;:259}\">\u00a0<\/span><\/h2>\n<p><span data-contrast=\"auto\">Beim Rechtsschwei\u00dfverfahren wird der F\u00fcgevorgang in einer gleichm\u00e4\u00dfigen geradlinigen Bewegung von links nach rechts ausgef\u00fchrt. Die Brennerflamme wird auf die zu schwei\u00dfende Stelle gerichtet, wobei die R\u00e4nder der zu verbindenden Metalle geschmolzen werden, so dass eine Lache aus fl\u00fcssigem Metall mit einem so genannten \"Auge\" entsteht, das f\u00fcr diese Methode charakteristisch ist. Wir f\u00fchren die Flamme innerhalb der Schwei\u00dfnaht, w\u00e4hrend wir den Draht entlang der Oberfl\u00e4che des Schwei\u00dfbades f\u00fchren und dabei leichte, transversale oder elliptische Bewegungen ausf\u00fchren, um eine ununterbrochene Zufuhr von geschmolzenen Schwei\u00dftropfen zu gew\u00e4hrleisten. Ein zus\u00e4tzlicher Vorteil dieser Arbeitsweise ist, dass die Temperatur der Flamme l\u00e4nger hei\u00df bleibt, so dass die Schwei\u00dfnaht langsamer abk\u00fchlt und die Gase besser entweichen k\u00f6nnen. <\/span><span data-ccp-props=\"{&quot;201341983&quot;:0,&quot;335559739&quot;:160,&quot;335559740&quot;:259}\">\u00a0<\/span><\/p>\n<p><strong>Diese Methode hat mehrere Vorteile:\u00a0<\/strong><\/p>\n<ul>\n<li data-leveltext=\"\uf0b7\" data-font=\"Symbol\" data-listid=\"3\" aria-setsize=\"-1\" data-aria-posinset=\"1\" data-aria-level=\"1\"><span data-contrast=\"auto\">hohe Verbindungsfestigkeit<\/span><span data-ccp-props=\"{&quot;134233279&quot;:true,&quot;201341983&quot;:0,&quot;335559739&quot;:160,&quot;335559740&quot;:259}\">\u00a0<\/span><\/li>\n<li data-leveltext=\"\uf0b7\" data-font=\"Symbol\" data-listid=\"3\" aria-setsize=\"-1\" data-aria-posinset=\"2\" data-aria-level=\"1\"><span data-contrast=\"auto\">langsames Abk\u00fchlen der Schwei\u00dfn\u00e4hte<\/span><span data-ccp-props=\"{&quot;134233279&quot;:true,&quot;201341983&quot;:0,&quot;335559739&quot;:160,&quot;335559740&quot;:259}\">\u00a0<\/span><\/li>\n<li data-leveltext=\"\uf0b7\" data-font=\"Symbol\" data-listid=\"3\" aria-setsize=\"-1\" data-aria-posinset=\"3\" data-aria-level=\"1\"><span data-contrast=\"auto\">bessere Kontrolle des F\u00fcgevorgangs dank des Vorhandenseins der \"\u00d6se\"<\/span><span data-ccp-props=\"{&quot;134233279&quot;:true,&quot;201341983&quot;:0,&quot;335559739&quot;:160,&quot;335559740&quot;:259}\">\u00a0<\/span><\/li>\n<li data-leveltext=\"\uf0b7\" data-font=\"Symbol\" data-listid=\"3\" aria-setsize=\"-1\" data-aria-posinset=\"4\" data-aria-level=\"1\"><span data-contrast=\"auto\">breiter Flammentemperaturbereich<\/span><span data-ccp-props=\"{&quot;134233279&quot;:true,&quot;201341983&quot;:0,&quot;335559739&quot;:160,&quot;335559740&quot;:259}\">\u00a0<\/span><\/li>\n<li data-leveltext=\"\uf0b7\" data-font=\"Symbol\" data-listid=\"3\" aria-setsize=\"-1\" data-aria-posinset=\"4\" data-aria-level=\"1\"><span data-contrast=\"auto\">Schwei\u00dfen mit beliebiger Position der Schwei\u00dfnaht im Raum<\/span><span data-ccp-props=\"{&quot;134233279&quot;:true,&quot;201341983&quot;:0,&quot;335559739&quot;:160,&quot;335559740&quot;:259}\">\u00a0<\/span><\/li>\n<\/ul>\n<p><span data-contrast=\"auto\">Das Rechtsschwei\u00dfen wird u. a. f\u00fcr verantwortliche Verbindungen, das Verbinden von Blechen \u00fcber 4 mm und das Verbinden von Rohren unterschiedlicher Dicke verwendet.<\/span><span data-ccp-props=\"{&quot;201341983&quot;:0,&quot;335559739&quot;:160,&quot;335559740&quot;:259}\">\u00a0<\/span><\/p>\n<h2><span data-contrast=\"auto\">UP<\/span><span data-ccp-props=\"{&quot;201341983&quot;:0,&quot;335559739&quot;:160,&quot;335559740&quot;:259}\">\u00a0<\/span><\/h2>\n<p><span data-contrast=\"auto\">Bei dieser Methode wird die Schwei\u00dfnaht vertikal von unten nach oben gesetzt, indem die Brennerflamme in einer geraden Linie bewegt wird, w\u00e4hrend der Schwei\u00dfdraht in kleinen kreisf\u00f6rmigen Bewegungen zugef\u00fchrt wird. Bei dieser Methode wird zwischen zwei Schwei\u00dfverfahren unterschieden, die sich nach der Art der Abschr\u00e4gung und der Dicke der zu verbindenden Bleche richten:<\/span><span data-ccp-props=\"{&quot;201341983&quot;:0,&quot;335559739&quot;:160,&quot;335559740&quot;:259}\">\u00a0<\/span><\/p>\n<ul>\n<li><span data-contrast=\"auto\">einseitig nach oben<\/span><span data-ccp-props=\"{&quot;201341983&quot;:0,&quot;335559739&quot;:160,&quot;335559740&quot;:259}\">\u00a0<\/span><\/li>\n<li><span data-contrast=\"auto\">oben zweiseitig<\/span><span data-ccp-props=\"{&quot;201341983&quot;:0,&quot;335559739&quot;:160,&quot;335559740&quot;:259}\">\u00a0<\/span><\/li>\n<\/ul>\n<p><span data-contrast=\"auto\">Einseitiges Schwei\u00dfen wird f\u00fcr abgeschr\u00e4gte Bleche mit einer Dicke zwischen 2 und 6 mm oder f\u00fcr abgeschr\u00e4gte Bleche mit einer Dicke zwischen 7 und 10 mm verwendet. Das zweiseitige Schwei\u00dfen hingegen wird von zwei Schwei\u00dfern gleichzeitig ausgef\u00fchrt und dient zum Verbinden von nicht abgeschr\u00e4gten Blechen mit einer Dicke von 3 bis 10 mm und abgeschr\u00e4gten Blechen mit einer Dicke von 12 bis 20 mm.<\/span><span data-ccp-props=\"{&quot;201341983&quot;:0,&quot;335559739&quot;:160,&quot;335559740&quot;:259}\">\u00a0<\/span><\/p>\n<table data-tablestyle=\"MsoTableGrid\" data-tablelook=\"1184\" aria-rowcount=\"3\">\n<tbody>\n<tr aria-rowindex=\"1\">\n<td data-celllook=\"0\"><span data-ccp-props=\"{&quot;201341983&quot;:0,&quot;335551550&quot;:2,&quot;335551620&quot;:2,&quot;335559740&quot;:259}\">\u00a0M<\/span><span data-contrast=\"auto\">ETODA<\/span><span data-ccp-props=\"{&quot;201341983&quot;:0,&quot;335551550&quot;:2,&quot;335551620&quot;:2,&quot;335559740&quot;:259}\">\u00a0<\/span><\/td>\n<td data-celllook=\"0\"><span data-ccp-props=\"{&quot;201341983&quot;:0,&quot;335551550&quot;:2,&quot;335551620&quot;:2,&quot;335559740&quot;:259}\">\u00a0<\/span><span data-contrast=\"auto\">NICHT ABGESCHR\u00c4GTE BLECHE<\/span><span data-ccp-props=\"{&quot;201341983&quot;:0,&quot;335551550&quot;:2,&quot;335551620&quot;:2,&quot;335559740&quot;:259}\">\u00a0<\/span><\/td>\n<td data-celllook=\"0\"><span data-ccp-props=\"{&quot;201341983&quot;:0,&quot;335551550&quot;:2,&quot;335551620&quot;:2,&quot;335559740&quot;:259}\">\u00a0<\/span><span data-contrast=\"auto\">ABGESCHR\u00c4GTE PLATTEN<\/span><span data-ccp-props=\"{&quot;201341983&quot;:0,&quot;335551550&quot;:2,&quot;335551620&quot;:2,&quot;335559740&quot;:259}\">\u00a0<\/span><\/td>\n<\/tr>\n<tr aria-rowindex=\"2\">\n<td data-celllook=\"0\"><span data-ccp-props=\"{&quot;201341983&quot;:0,&quot;335551550&quot;:2,&quot;335551620&quot;:2,&quot;335559740&quot;:259}\">\u00a0<\/span><span data-contrast=\"auto\">EINSEITIG NACH OBEN<\/span><span data-ccp-props=\"{&quot;201341983&quot;:0,&quot;335551550&quot;:2,&quot;335551620&quot;:2,&quot;335559740&quot;:259}\">\u00a0<\/span><\/td>\n<td data-celllook=\"0\"><span data-ccp-props=\"{&quot;201341983&quot;:0,&quot;335551550&quot;:2,&quot;335551620&quot;:2,&quot;335559740&quot;:259}\">\u00a0<\/span><span data-contrast=\"auto\">2 - 6 mm<\/span><span data-ccp-props=\"{&quot;201341983&quot;:0,&quot;335551550&quot;:2,&quot;335551620&quot;:2,&quot;335559740&quot;:259}\">\u00a0<\/span><\/td>\n<td data-celllook=\"0\"><span data-ccp-props=\"{&quot;201341983&quot;:0,&quot;335551550&quot;:2,&quot;335551620&quot;:2,&quot;335559740&quot;:259}\">\u00a0<\/span><span data-contrast=\"auto\">7 - 10 mm<\/span><span data-ccp-props=\"{&quot;201341983&quot;:0,&quot;335551550&quot;:2,&quot;335551620&quot;:2,&quot;335559740&quot;:259}\">\u00a0<\/span><\/td>\n<\/tr>\n<tr aria-rowindex=\"3\">\n<td data-celllook=\"0\"><span data-ccp-props=\"{&quot;201341983&quot;:0,&quot;335551550&quot;:2,&quot;335551620&quot;:2,&quot;335559740&quot;:259}\">\u00a0<\/span><span data-contrast=\"auto\">UP ZWEI-SEITIG<\/span><span data-ccp-props=\"{&quot;201341983&quot;:0,&quot;335551550&quot;:2,&quot;335551620&quot;:2,&quot;335559740&quot;:259}\">\u00a0<\/span><\/td>\n<td data-celllook=\"0\"><span data-ccp-props=\"{&quot;201341983&quot;:0,&quot;335551550&quot;:2,&quot;335551620&quot;:2,&quot;335559740&quot;:259}\">\u00a0<\/span><span data-contrast=\"auto\">3 - 10 mm<\/span><span data-ccp-props=\"{&quot;201341983&quot;:0,&quot;335551550&quot;:2,&quot;335551620&quot;:2,&quot;335559740&quot;:259}\">\u00a0<\/span><\/td>\n<td data-celllook=\"0\"><span data-ccp-props=\"{&quot;201341983&quot;:0,&quot;335551550&quot;:2,&quot;335551620&quot;:2,&quot;335559740&quot;:259}\">\u00a0<\/span><span data-contrast=\"auto\">12 - 20 mm<\/span><span data-ccp-props=\"{&quot;201341983&quot;:0,&quot;335551550&quot;:2,&quot;335551620&quot;:2,&quot;335559740&quot;:259}\">\u00a0<\/span><\/td>\n<\/tr>\n<\/tbody>\n<\/table>\n<p><span data-ccp-props=\"{&quot;201341983&quot;:0,&quot;335559739&quot;:160,&quot;335559740&quot;:259}\">\u00a0<\/span><span data-ccp-props=\"{&quot;201341983&quot;:0,&quot;335559739&quot;:160,&quot;335559740&quot;:259}\">\u00a0<\/span><strong>Vorteile des Aufw\u00e4rtsschwei\u00dfverfahrens:\u00a0<\/strong><\/p>\n<ul>\n<li data-leveltext=\"\uf0b7\" data-font=\"Symbol\" data-listid=\"4\" aria-setsize=\"-1\" data-aria-posinset=\"1\" data-aria-level=\"1\"><span data-contrast=\"auto\">h\u00f6chste Schwei\u00dfproduktivit\u00e4t von allen Gasverfahren<\/span><span data-ccp-props=\"{&quot;134233279&quot;:true,&quot;201341983&quot;:0,&quot;335559739&quot;:160,&quot;335559740&quot;:259}\">\u00a0<\/span><\/li>\n<li data-leveltext=\"\uf0b7\" data-font=\"Symbol\" data-listid=\"4\" aria-setsize=\"-1\" data-aria-posinset=\"2\" data-aria-level=\"1\"><span data-contrast=\"auto\">deutlich geringerer Gasverbrauch, der fast 50% des Verbrauchs anderer Gasmethoden erreicht<\/span><span data-ccp-props=\"{&quot;134233279&quot;:true,&quot;201341983&quot;:0,&quot;335559739&quot;:160,&quot;335559740&quot;:259}\">\u00a0<\/span><\/li>\n<li data-leveltext=\"\uf0b7\" data-font=\"Symbol\" data-listid=\"4\" aria-setsize=\"-1\" data-aria-posinset=\"2\" data-aria-level=\"1\"><span data-contrast=\"auto\">hervorragendes Eindringen durch die gesamte Dicke der geschwei\u00dften Teile<\/span><span data-ccp-props=\"{&quot;134233279&quot;:true,&quot;201341983&quot;:0,&quot;335559739&quot;:160,&quot;335559740&quot;:259}\">\u00a0<\/span><\/li>\n<li data-leveltext=\"\uf0b7\" data-font=\"Symbol\" data-listid=\"4\" aria-setsize=\"-1\" data-aria-posinset=\"2\" data-aria-level=\"1\"><span data-contrast=\"auto\">Unabh\u00e4ngig von der Dicke der zu verbindenden Werkst\u00fccke, gro\u00dfe Leichtigkeit der Schwei\u00dfung in einem einzigen Durchgang<\/span><span data-ccp-props=\"{&quot;134233279&quot;:true,&quot;201341983&quot;:0,&quot;335559739&quot;:160,&quot;335559740&quot;:259}\">\u00a0<\/span><\/li>\n<\/ul>\n<p><span data-ccp-props=\"{&quot;201341983&quot;:0,&quot;335559739&quot;:160,&quot;335559740&quot;:259}\"> <a href=\"https:\/\/szkolenia-udt.pl\/wp-content\/uploads\/2022\/01\/0072-oso.edu_.pl-1.jpg\"><img loading=\"lazy\" decoding=\"async\" class=\"aligncenter wp-image-2611 size-large\" src=\"https:\/\/szkolenia-udt.pl\/wp-content\/uploads\/2022\/01\/0072-oso.edu_.pl-1-1024x853.jpg\" alt=\"Verdienst eines Schwei\u00dfers in Polen und im Ausland.\" width=\"750\" height=\"625\" srcset=\"https:\/\/szkolenia-udt.pl\/wp-content\/uploads\/2022\/01\/0072-oso.edu_.pl-1-1024x853.jpg 1024w, https:\/\/szkolenia-udt.pl\/wp-content\/uploads\/2022\/01\/0072-oso.edu_.pl-1-300x250.jpg 300w, https:\/\/szkolenia-udt.pl\/wp-content\/uploads\/2022\/01\/0072-oso.edu_.pl-1-768x640.jpg 768w, https:\/\/szkolenia-udt.pl\/wp-content\/uploads\/2022\/01\/0072-oso.edu_.pl-1.jpg 1200w\" sizes=\"auto, (max-width: 750px) 100vw, 750px\" \/><\/a><\/span><\/p>","protected":false},"excerpt":{"rendered":"<p>W spawaniu acetylenowo-tlenowym (311) wyr\u00f3\u017cniamy trzy podstawowe metody wzgl\u0119dem sposobu prowadzenia palnika, technik\u0105 podawania spoiwa, umiejscowieniem spoiny z uwzgl\u0119dnieniem grubo\u015bci \u0142\u0105czonych element\u00f3w:\u00a0 w lewo\u00a0 w prawo\u00a0 w g\u00f3r\u0119\u00a0 W LEWO\u00a0 Jak sama nazwa wskazuje, czynno\u015b\u0107 spawania wykonujemy od strony prawej do lewej, kieruj\u0105c p\u0142omie\u0144 palnika na nie przetopione jeszcze kraw\u0119dzie, stapiaj\u0105c brzegi \u0142\u0105czonych element\u00f3w. Jednocze\u015bnie [&hellip;]<\/p>\n","protected":false},"author":3,"featured_media":0,"parent":2583,"menu_order":0,"comment_status":"closed","ping_status":"closed","template":"","meta":{"footnotes":""},"class_list":["post-2620","page","type-page","status-publish","hentry"],"aioseo_notices":[],"_links":{"self":[{"href":"https:\/\/szkolenia-udt.pl\/de\/wp-json\/wp\/v2\/pages\/2620","targetHints":{"allow":["GET"]}}],"collection":[{"href":"https:\/\/szkolenia-udt.pl\/de\/wp-json\/wp\/v2\/pages"}],"about":[{"href":"https:\/\/szkolenia-udt.pl\/de\/wp-json\/wp\/v2\/types\/page"}],"author":[{"embeddable":true,"href":"https:\/\/szkolenia-udt.pl\/de\/wp-json\/wp\/v2\/users\/3"}],"replies":[{"embeddable":true,"href":"https:\/\/szkolenia-udt.pl\/de\/wp-json\/wp\/v2\/comments?post=2620"}],"version-history":[{"count":4,"href":"https:\/\/szkolenia-udt.pl\/de\/wp-json\/wp\/v2\/pages\/2620\/revisions"}],"predecessor-version":[{"id":2625,"href":"https:\/\/szkolenia-udt.pl\/de\/wp-json\/wp\/v2\/pages\/2620\/revisions\/2625"}],"up":[{"embeddable":true,"href":"https:\/\/szkolenia-udt.pl\/de\/wp-json\/wp\/v2\/pages\/2583"}],"wp:attachment":[{"href":"https:\/\/szkolenia-udt.pl\/de\/wp-json\/wp\/v2\/media?parent=2620"}],"curies":[{"name":"wp","href":"https:\/\/api.w.org\/{rel}","templated":true}]}}